{"id":1090,"date":"2020-05-18T13:06:19","date_gmt":"2020-05-18T13:06:19","guid":{"rendered":"https:\/\/family.fit\/?page_id=1090"},"modified":"2021-04-23T15:25:22","modified_gmt":"2021-04-23T15:25:22","slug":"kannada","status":"publish","type":"page","link":"https:\/\/family.fit\/de\/translations\/kannada\/","title":{"rendered":"Kannada"},"content":{"rendered":"\n\n\t\t\t\t<img loading=\"lazy\" decoding=\"async\" src=\"https:\/\/family.fit\/wp-content\/uploads\/2020\/04\/india-150x150.png\" alt=\"india\" itemprop=\"image\" height=\"150\" width=\"150\" title=\"india\" onerror=\"this.style.display='none'\"  \/>\n<h1>\n\t<\/h1>\n\t\t\t\t\t\t\t\t\t\t\t\t\t\t\t\t\tGrowing Closer\n\t\t\t\t\t\t\tGrowing Closer\n\t\t\t\t<h3>Growing Closer<\/h3>\n<table id=\"dlp_6b690369e5f98fac_1\" class=\"posts-data-table\" width=\"100%\" data-config=\"{&quot;pageLength&quot;:25,&quot;pagingType&quot;:&quot;numbers&quot;,&quot;serverSide&quot;:false,&quot;autoWidth&quot;:true,&quot;clickFilter&quot;:&quot;&quot;,&quot;stickyHeader&quot;:false,&quot;scrollOffset&quot;:15,&quot;resetButton&quot;:false,&quot;numOrder&quot;:false,&quot;lengthMenu&quot;:[[10,25,50,100,-1],[10,25,50,100,&quot;Alle&quot;]],&quot;columnDefs&quot;:[{&quot;className&quot;:&quot;col-session_title&quot;,&quot;targets&quot;:0,&quot;type&quot;:&quot;html&quot;},{&quot;className&quot;:&quot;col-session&quot;,&quot;targets&quot;:1,&quot;type&quot;:&quot;html&quot;},{&quot;className&quot;:&quot;col-link&quot;,&quot;targets&quot;:2,&quot;type&quot;:&quot;html&quot;}],&quot;responsive&quot;:{&quot;details&quot;:{&quot;display&quot;:&quot;child_row&quot;}},&quot;language&quot;:{&quot;info&quot;:&quot;_TOTAL_ dokumente&quot;,&quot;infoEmpty&quot;:&quot;0 _BEITR\\u00c4GE_&quot;,&quot;emptyTable&quot;:&quot;Keine passenden dokumente.&quot;,&quot;zeroRecords&quot;:&quot;Keine passenden dokumente.&quot;,&quot;totalsSingle&quot;:&quot;dokument&quot;,&quot;totalsPlural&quot;:&quot;dokumente&quot;},&quot;dom&quot;:&quot;&lt;\\&quot;posts-table-wrapper bb-theme\\&quot;&lt;\\&quot;posts-table-above posts-table-controls\\&quot;&gt;t&lt;\\&quot;posts-table-below posts-table-controls\\&quot;p&gt;&gt;&quot;,&quot;multiDownloadButton&quot;:false,&quot;multiDownloadPosition&quot;:&quot;above&quot;,&quot;multiDownloadText&quot;:&quot;Download Selected Documents&quot;}\" data-filters=\"false\" data-order=\"[]\"><thead><tr><th class=\"all\" data-name=\"cf_session_title\" data-orderable=\"true\" data-searchable=\"true\" data-priority=\"1\">Session Title<\/th><th data-name=\"cf_session\" data-orderable=\"true\" data-searchable=\"true\" data-priority=\"2\">Session<\/th><th data-name=\"link\" data-orderable=\"false\" data-searchable=\"false\" data-priority=\"3\">Link<\/th><\/tr><\/thead><tbody><tr id=\"post-row-5342\" class=\"post-row post-type-dlp_document dlp_document-5342 publish\"><td><p>How can I serve others?<\/p>\n<\/td><td>1<\/td><td><div class=\"dlp-table-document-link-wrap\"><a href=\"https:\/\/family.fit\/wp-content\/uploads\/2020\/05\/familyfit-WEEK-1-KN.pdf\" class=\"dlp-download-link dlp-download-button document-library-pro-button button btn\" data-download-id=\"5342\"  >Download<\/a><\/div><\/td><\/tr><tr id=\"post-row-5392\" class=\"post-row post-type-dlp_document dlp_document-5392 publish\"><td><p>How can I develop courage?<\/p>\n<\/td><td>2<\/td><td><div class=\"dlp-table-document-link-wrap\"><a href=\"https:\/\/family.fit\/wp-content\/uploads\/2020\/07\/ff-week-2-KNv2.pdf\" class=\"dlp-download-link dlp-download-button document-library-pro-button button btn\" data-download-id=\"5392\"  >Download<\/a><\/div><\/td><\/tr><tr id=\"post-row-5433\" class=\"post-row post-type-dlp_document dlp_document-5433 publish\"><td><p>What does hope look like?<\/p>\n<\/td><td>3<\/td><td><div class=\"dlp-table-document-link-wrap\"><a href=\"https:\/\/family.fit\/wp-content\/uploads\/2020\/07\/ff-week-3-KNv2.pdf\" class=\"dlp-download-link dlp-download-button document-library-pro-button button btn\" data-download-id=\"5433\"  >Download<\/a><\/div><\/td><\/tr><tr id=\"post-row-5502\" class=\"post-row post-type-dlp_document dlp_document-5502 publish\"><td><p>How do we find peace?<\/p>\n<\/td><td>4<\/td><td><div class=\"dlp-table-document-link-wrap\"><a href=\"https:\/\/family.fit\/wp-content\/uploads\/2020\/07\/ff-week-4-KN-revisedv2.pdf\" class=\"dlp-download-link dlp-download-button document-library-pro-button button btn\" data-download-id=\"5502\"  >Download<\/a><\/div><\/td><\/tr><tr id=\"post-row-5540\" class=\"post-row post-type-dlp_document dlp_document-5540 publish\"><td><p>Am I thankful?<\/p>\n<\/td><td>5<\/td><td><div class=\"dlp-table-document-link-wrap\"><a href=\"https:\/\/family.fit\/wp-content\/uploads\/2020\/07\/ff-week-5-KNv2.pdf\" class=\"dlp-download-link dlp-download-button document-library-pro-button button btn\" data-download-id=\"5540\"  >Download<\/a><\/div><\/td><\/tr><tr id=\"post-row-5574\" class=\"post-row post-type-dlp_document dlp_document-5574 publish\"><td><p>How can I encourage others?<\/p>\n<\/td><td>6<\/td><td><div class=\"dlp-table-document-link-wrap\"><a href=\"https:\/\/family.fit\/wp-content\/uploads\/2020\/07\/ff-week-6-KNv2.pdf\" class=\"dlp-download-link dlp-download-button document-library-pro-button button btn\" data-download-id=\"5574\"  >Download<\/a><\/div><\/td><\/tr><tr id=\"post-row-5636\" class=\"post-row post-type-dlp_document dlp_document-5636 publish\"><td><p>How can I be generous?<\/p>\n<\/td><td>7<\/td><td><div class=\"dlp-table-document-link-wrap\"><a href=\"https:\/\/family.fit\/wp-content\/uploads\/2020\/07\/ff-week-7-KNv2.pdf\" class=\"dlp-download-link dlp-download-button document-library-pro-button button btn\" data-download-id=\"5636\"  >Download<\/a><\/div><\/td><\/tr><tr id=\"post-row-5683\" class=\"post-row post-type-dlp_document dlp_document-5683 publish\"><td><p>How can I be a good friend?<\/p>\n<\/td><td>8<\/td><td><div class=\"dlp-table-document-link-wrap\"><a href=\"https:\/\/family.fit\/wp-content\/uploads\/2020\/07\/ff-week-8-KNv2.pdf\" class=\"dlp-download-link dlp-download-button document-library-pro-button button btn\" data-download-id=\"5683\"  >Download<\/a><\/div><\/td><\/tr><tr id=\"post-row-5707\" class=\"post-row post-type-dlp_document dlp_document-5707 publish\"><td><p>Do I wonder about life?<\/p>\n<\/td><td>9<\/td><td><div class=\"dlp-table-document-link-wrap\"><a href=\"https:\/\/family.fit\/wp-content\/uploads\/2020\/07\/ff-week-9-KNv2.pdf\" class=\"dlp-download-link dlp-download-button document-library-pro-button button btn\" data-download-id=\"5707\"  >Download<\/a><\/div><\/td><\/tr><tr id=\"post-row-5733\" class=\"post-row post-type-dlp_document dlp_document-5733 publish\"><td><p>How can I show compassion?<\/p>\n<\/td><td>10<\/td><td><div class=\"dlp-table-document-link-wrap\"><a href=\"https:\/\/family.fit\/wp-content\/uploads\/2020\/07\/ff-week-10-KNv2.pdf\" class=\"dlp-download-link dlp-download-button document-library-pro-button button btn\" data-download-id=\"5733\"  >Download<\/a><\/div><\/td><\/tr><tr id=\"post-row-5757\" class=\"post-row post-type-dlp_document dlp_document-5757 publish\"><td><p>Who do I trust?<\/p>\n<\/td><td>11<\/td><td><div class=\"dlp-table-document-link-wrap\"><a href=\"https:\/\/family.fit\/wp-content\/uploads\/2020\/07\/ff-week-11-KNv2.pdf\" class=\"dlp-download-link dlp-download-button document-library-pro-button button btn\" data-download-id=\"5757\"  >Download<\/a><\/div><\/td><\/tr><tr id=\"post-row-5781\" class=\"post-row post-type-dlp_document dlp_document-5781 publish\"><td><p>Does my life reflect discipline?<\/p>\n<\/td><td>12<\/td><td><div class=\"dlp-table-document-link-wrap\"><a href=\"https:\/\/family.fit\/wp-content\/uploads\/2020\/07\/ff-week-12-KNv2.pdf\" class=\"dlp-download-link dlp-download-button document-library-pro-button button btn\" data-download-id=\"5781\"  >Download<\/a><\/div><\/td><\/tr><tr id=\"post-row-5805\" class=\"post-row post-type-dlp_document dlp_document-5805 publish\"><td><p>Celebration Week<\/p>\n<\/td><td>13<\/td><td><div class=\"dlp-table-document-link-wrap\"><a href=\"https:\/\/family.fit\/wp-content\/uploads\/2020\/07\/ff-week-13-KNv2.pdf\" class=\"dlp-download-link dlp-download-button document-library-pro-button button btn\" data-download-id=\"5805\"  >Download<\/a><\/div><\/td><\/tr><\/tbody><\/table>\n\t<p>All the sessions are available to download as PDF documents. You will need a PDF reader in order to view them. If you do not already have one then you can download the Acrobat Reader via the button below, or simply search the web for &#8220;download pdf reader&#8221; for an alternative.<\/p>\n\t\t\t<a href=\"https:\/\/get.adobe.com\/uk\/reader\/\" target=\"_blank\" role=\"button\" rel=\"noopener\">\n\t\t\t\t\t\tDownload Acrobat Reader\n\t\t\t\t\t<\/a>\n\n","protected":false},"excerpt":{"rendered":"<p>N\u00e4her wachsen N\u00e4her wachsen N\u00e4her wachsen Alle Sessions stehen als PDF-Dokumente zum Download bereit. Zum Betrachten ben\u00f6tigen Sie einen PDF-Reader. Wenn Sie noch keinen haben, k\u00f6nnen Sie den Acrobat Reader \u00fcber die Schaltfl\u00e4che unten herunterladen oder einfach im Internet nach \u201edownload pdf reader\u201c suchen, um \u2026<\/p>","protected":false},"author":1,"featured_media":0,"parent":473,"menu_order":0,"comment_status":"closed","ping_status":"closed","template":"","meta":{"_acf_changed":false,"_seopress_robots_primary_cat":"","_seopress_titles_title":"","_seopress_titles_desc":"","_seopress_robots_index":"","footnotes":""},"ff_language":[],"class_list":["post-1090","page","type-page","status-publish","hentry"],"acf":[],"_links":{"self":[{"href":"https:\/\/family.fit\/de\/wp-json\/wp\/v2\/pages\/1090","targetHints":{"allow":["GET"]}}],"collection":[{"href":"https:\/\/family.fit\/de\/wp-json\/wp\/v2\/pages"}],"about":[{"href":"https:\/\/family.fit\/de\/wp-json\/wp\/v2\/types\/page"}],"author":[{"embeddable":true,"href":"https:\/\/family.fit\/de\/wp-json\/wp\/v2\/users\/1"}],"replies":[{"embeddable":true,"href":"https:\/\/family.fit\/de\/wp-json\/wp\/v2\/comments?post=1090"}],"version-history":[{"count":0,"href":"https:\/\/family.fit\/de\/wp-json\/wp\/v2\/pages\/1090\/revisions"}],"up":[{"embeddable":true,"href":"https:\/\/family.fit\/de\/wp-json\/wp\/v2\/pages\/473"}],"wp:attachment":[{"href":"https:\/\/family.fit\/de\/wp-json\/wp\/v2\/media?parent=1090"}],"wp:term":[{"taxonomy":"ff_language","embeddable":true,"href":"https:\/\/family.fit\/de\/wp-json\/wp\/v2\/ff_language?post=1090"}],"curies":[{"name":"wp","href":"https:\/\/api.w.org\/{rel}","templated":true}]}}