{"id":3,"date":"2020-02-19T17:12:44","date_gmt":"2020-02-19T17:12:44","guid":{"rendered":"http:\/\/pd-toronto-1.com\/?page_id=3"},"modified":"2020-05-19T10:34:46","modified_gmt":"2020-05-19T10:34:46","slug":"privacy","status":"publish","type":"page","link":"https:\/\/family.fit\/de\/privacy\/","title":{"rendered":"Privatsph\u00e4re"},"content":{"rendered":"<h1>\n\t<\/h1>\n\t<h3>Datenschutz ist wichtig, aber er kann verwirrend sein. Auf dieser Seite wird unser Ansatz zum Datenschutz und seine Auswirkungen auf Sie erl\u00e4utert.<\/h3>\n<h4>Kurzfassung<\/h4>\n<p>Wir sammeln anonyme Statistiken \u00fcber Ihren Besuch, z. B. welche unserer Seiten Sie angesehen haben.<\/p>\n<p>Einige Drittanbieter wie Facebook wissen m\u00f6glicherweise, dass Sie diese Website besucht haben, wenn Sie ihre Dienste nutzen. Wir k\u00f6nnen sie nicht kontrollieren, aber wir glauben nicht, dass dieses Wissen eine Bedrohung f\u00fcr Sie darstellt.<\/p>\n<p>Wenn Sie sich bei uns anmelden, achten wir sehr darauf, Ihre Daten sicher zu verwahren, und wir werden sie niemals ohne Ihre ausdr\u00fcckliche Zustimmung an andere weitergeben.<\/p>\n<p>Wir geben Ihre Daten niemals an Dritte weiter, au\u00dfer um uns bei der Bereitstellung unserer eigenen Dienste zu unterst\u00fctzen.<\/p>\n<p>Dies sind nur die wichtigsten Punkte. Wenn Sie weitere Details ben\u00f6tigen, lesen Sie weiter.<\/p>\n<h4>Messung unserer Besucher<\/h4>\n<p>Wir messen die Besucher unserer Website mit Google Analytics. Dabei wird aufgezeichnet, welche Seiten Sie auf unserer Website ansehen, wie Sie auf unsere Website gelangt sind und einige grundlegende Informationen \u00fcber Ihren Computer. All diese Informationen sind anonym \u2013 wir wissen also nicht, wer Sie sind; nur dass jemand unsere Seite besucht hat.<\/p>\n<p>Die Informationen, die wir aus Analysen sammeln, helfen uns zu verstehen, welche Teile unserer Websites gut laufen, wie Besucher auf unsere Website gelangen und so weiter. Wie die meisten Websites verwenden wir diese Informationen, um unsere Website zu verbessern.<\/p>\n<p>Sie k\u00f6nnen mehr dar\u00fcber erfahren\u00a0<a href=\"https:\/\/support.google.com\/analytics\/answer\/6004245\" target=\"_blank\" rel=\"noopener noreferrer\">Google-Analytics hier<\/a>.<\/p>\n<h4>Eingebettete Inhalte von anderen Websites<\/h4>\n<p>Inhalte auf dieser Website k\u00f6nnen eingebettete Inhalte beinhalten (z. B. Videos, Bilder, Artikel usw.). Eingebettete Inhalte von anderen Websites verhalten sich genau so, als ob der Besucher die urspr\u00fcngliche Website besucht h\u00e4tte.<\/p>\n<p>Diese Websites k\u00f6nnen Daten \u00fcber Sie sammeln, Cookies verwenden, zus\u00e4tzliches Tracking von Drittanbietern einbetten und Ihre Interaktion mit diesem eingebetteten Inhalt \u00fcberwachen, einschlie\u00dflich der Verfolgung Ihrer Interaktion mit dem eingebetteten Inhalt, wenn Sie ein Konto haben und auf dieser Website angemeldet sind.<\/p>\n<h4>Anzeigen und gesponserte Links<\/h4>\n<p>Diese Website enth\u00e4lt keine gesponserten Links oder Werbung.<\/p>\n<h4>Downloads und Mediendateien<\/h4>\n<p>Alle herunterladbaren Dokumente, Dateien oder Medien, die auf dieser Website zur Verf\u00fcgung gestellt werden, werden Ihnen auf Ihr eigenes Risiko zur Verf\u00fcgung gestellt. Obwohl alle Vorkehrungen getroffen wurden, um sicherzustellen, dass nur echte Downloads verf\u00fcgbar sind, wird Ihnen empfohlen, ihre Authentizit\u00e4t mit Antivirensoftware von Drittanbietern oder \u00e4hnlichen Anwendungen zu \u00fcberpr\u00fcfen.<\/p>\n<p>Wir \u00fcbernehmen keine Verantwortung f\u00fcr Downloads von Drittanbietern und Downloads, die von externen Websites Dritter bereitgestellt werden. Wir empfehlen Ihnen, ihre Authentizit\u00e4t mit Antivirensoftware von Drittanbietern oder \u00e4hnlichen Anwendungen zu \u00fcberpr\u00fcfen.<\/p>\n<h4>Facebook, Twitter und andere soziale Netzwerke<\/h4>\n<p>Diese Dienste bieten Schaltfl\u00e4chen f\u00fcr soziale Netzwerke und \u00e4hnliche Funktionen, die wir auf unserer Website verwenden \u2013 wie die Schaltfl\u00e4chen \u201eGef\u00e4llt mir\u201c und \u201eTwittern\u201c.<\/p>\n<p>Dazu betten wir von ihnen bereitgestellten Code ein und kontrollieren uns nicht selbst. Um zu funktionieren, wissen ihre Schaltfl\u00e4chen im Allgemeinen, ob Sie eingeloggt sind; Zum Beispiel verwendet Facebook dies, um zu sagen: \u201eX Ihrer Freunde gef\u00e4llt das\u201c. Wir haben weder Zugriff auf diese Informationen, noch k\u00f6nnen wir kontrollieren, wie diese Netzwerke sie verwenden.<\/p>\n<p>Soziale Netzwerke k\u00f6nnten daher wissen, dass Sie diese Website besuchen, wenn Sie ihre Dienste nutzen. (Das hei\u00dft nicht, dass sie das tun, aber ihre Richtlinien k\u00f6nnen sich \u00e4ndern).<\/p>\n<h4>Wenn Sie sich f\u00fcr einen Dienst anmelden<\/h4>\n<p>Wenn Sie sich f\u00fcr einen unserer Dienste anmelden (z. B. bei der Mailingliste), erfassen wir bestimmte personenbezogene Daten \u00fcber Sie, wie z. B. Ihren Namen und Ihre E-Mail-Adresse.<\/p>\n<h4>E-Mails<\/h4>\n<p>Wir k\u00f6nnen Ihnen E-Mail-Benachrichtigungen senden, die Sie ausdr\u00fccklich angefordert haben (z. B. Newsletter oder Benachrichtigungen). Sie haben jederzeit die M\u00f6glichkeit, sich von dieser Kommunikation abzumelden.<\/p>\n<p>Wir werden Ihre personenbezogenen Daten oder Ihre E-Mail-Adresse niemals an Dritte weitergeben, es sei denn, sie werden speziell eingesetzt, um unsere eigenen Dienstleistungen zu erbringen, wie oben beschrieben.<\/p>\n<h4>Sicherheit<\/h4>\n<p>Wir treffen viele Vorkehrungen, um den Verlust, Missbrauch oder die \u00c4nderung Ihrer pers\u00f6nlichen Daten zu verhindern. Zu diesen Vorsichtsma\u00dfnahmen geh\u00f6ren:<\/p>\n<ul>\n<li>Verwendung von SSL-Verschl\u00fcsselung f\u00fcr alle Seiteninhalte und alle gesammelten Daten<\/li>\n<li>Hardware, die in gesicherten Rechenzentren hinter Firewalls gespeichert ist<\/li>\n<li>Jeglicher Zugriff auf Informationen ist durch ein Passwort und\/oder einen sicheren Schl\u00fcssel beschr\u00e4nkt<\/li>\n<li>Einschr\u00e4nkungen hinsichtlich der Informationen, auf die \u00fcber einen beliebigen Standort zugegriffen werden kann<\/li>\n<\/ul>\n<p>Obwohl wir gro\u00dfe Sorgfalt darauf verwenden, sicherzustellen, dass alle vertraulichen Informationen gesch\u00fctzt bleiben, k\u00f6nnen wir die Sicherheit von Daten, die \u00fcber das Internet gesendet werden, nicht garantieren.<\/p>\n<p>Wenn Sie im Laufe Ihrer Nutzung dieser Website aufgefordert werden, ein Benutzerkonto zu erstellen, beachten Sie bitte, dass Sie daf\u00fcr verantwortlich sind, Ihr Passwort und Ihre Benutzerdaten vertraulich zu behandeln. Wir werden Sie niemals nach Ihrem Passwort fragen, also vertrauen Sie bitte niemandem, der Sie danach fragt.<\/p>\n<h4>Daten finden<\/h4>\n<p>Wir nutzen verschiedene Drittanbieter <a href=\"https:\/\/en.wikipedia.org\/wiki\/Application_programming_interface\" target=\"_blank\" rel=\"noopener noreferrer\">APIs<\/a> auf dieser Website, um bestimmte Aufgaben zu erf\u00fcllen. Beispielsweise verwenden wir die MailChimp-API, um Abonnements von Mailinglisten zu verarbeiten.<\/p>\n<h4>Aktualisierungen dieser Richtlinie<\/h4>\n<p>Wir k\u00f6nnen diese Datenschutzrichtlinie von Zeit zu Zeit aktualisieren, insbesondere wenn sich die Technologie \u00e4ndert. Sie k\u00f6nnen diese Seite jederzeit auf die neueste Version \u00fcberpr\u00fcfen. Wir k\u00f6nnen Sie auch per E-Mail \u00fcber \u00c4nderungen unserer Datenschutzrichtlinie informieren.<\/p>\n<h4>Uns kontaktieren<\/h4>\n<p>Wenn Sie Fragen zu dieser Datenschutzerkl\u00e4rung haben, wenden Sie sich bitte an <a href=\"https:\/\/family.fit\/de\/contact\/\">kontaktiere uns<\/a>.<\/p>","protected":false},"excerpt":{"rendered":"<p>Datenschutz ist wichtig, kann aber verwirrend sein. Auf dieser Seite erl\u00e4utern wir unseren Ansatz zum Datenschutz und wie er sich auf Sie auswirkt. Kurzfassung: Wir erfassen anonyme Statistiken \u00fcber Ihren Besuch, z. B. welche unserer Seiten Sie angesehen haben. Einige Dritte wie Facebook wissen m\u00f6glicherweise, dass Sie diese Website besucht haben, wenn Sie deren Dienste nutzen. Wir k\u00f6nnen sie nicht kontrollieren ...<\/p>","protected":false},"author":1,"featured_media":0,"parent":0,"menu_order":0,"comment_status":"closed","ping_status":"open","template":"","meta":{"_acf_changed":false,"_seopress_robots_primary_cat":"","_seopress_titles_title":"","_seopress_titles_desc":"","_seopress_robots_index":"","footnotes":""},"ff_language":[],"class_list":["post-3","page","type-page","status-publish","hentry"],"acf":[],"_links":{"self":[{"href":"https:\/\/family.fit\/de\/wp-json\/wp\/v2\/pages\/3","targetHints":{"allow":["GET"]}}],"collection":[{"href":"https:\/\/family.fit\/de\/wp-json\/wp\/v2\/pages"}],"about":[{"href":"https:\/\/family.fit\/de\/wp-json\/wp\/v2\/types\/page"}],"author":[{"embeddable":true,"href":"https:\/\/family.fit\/de\/wp-json\/wp\/v2\/users\/1"}],"replies":[{"embeddable":true,"href":"https:\/\/family.fit\/de\/wp-json\/wp\/v2\/comments?post=3"}],"version-history":[{"count":0,"href":"https:\/\/family.fit\/de\/wp-json\/wp\/v2\/pages\/3\/revisions"}],"wp:attachment":[{"href":"https:\/\/family.fit\/de\/wp-json\/wp\/v2\/media?parent=3"}],"wp:term":[{"taxonomy":"ff_language","embeddable":true,"href":"https:\/\/family.fit\/de\/wp-json\/wp\/v2\/ff_language?post=3"}],"curies":[{"name":"wp","href":"https:\/\/api.w.org\/{rel}","templated":true}]}}