{"id":3322,"date":"2021-03-16T17:26:39","date_gmt":"2021-03-16T17:26:39","guid":{"rendered":"https:\/\/family.fit\/?page_id=3322"},"modified":"2023-04-04T21:12:36","modified_gmt":"2023-04-04T21:12:36","slug":"home","status":"publish","type":"page","link":"https:\/\/family.fit\/de\/","title":{"rendered":"Zuhause"},"content":{"rendered":"<p>Helfen Sie Ihrer Familie, fit und gesund zu sein, in Verbindung zu bleiben und an Charakter zu gewinnen.<\/p>\n\t<p>Family.fit ist ein Programm f\u00fcr alle Altersgruppen, das sich ideal dazu eignet, Ihrer Familie zu helfen, im Glauben und in der Fitness zusammenzuwachsen. Jede Sitzung ist sowohl auf der Website als auch als PDF zum Herunterladen verf\u00fcgbar. Wir haben vorbei <a href=\"https:\/\/family.fit\/en\/document-library\/\">1.500 Sitzungen<\/a> verf\u00fcgbar \u00fcber <a href=\"https:\/\/family.fit\/en\/translations\/\">21 Sprachen<\/a>.<\/p>\n<p>Sie und Ihre Familie k\u00f6nnen diese Sitzungen nutzen, um auf unterhaltsame Weise Kontakte zu kn\u00fcpfen und regelm\u00e4\u00dfig in Ihrem Haus, Ihrer Wohnung oder Ihrem \u00f6rtlichen Park zu trainieren. Mit ein wenig Kreativit\u00e4t kann jeder fit und gesund sein, in Verbindung bleiben und an Charakter und Glauben wachsen.<\/p>\n<h2>\n\t\tWas hat es mit family.fit auf sich? Schau dir das an!\n\t<\/h2>\n\t<iframe allowfullscreen allow=\"autoplay\" data-src=\"https:\/\/www.youtube.com\/embed\/jujW3P-yEAM?feature=oembed&amp;start&amp;end&amp;wmode=opaque&amp;loop=0&amp;controls=1&amp;mute=0&amp;rel=0&amp;modestbranding=1\"><\/iframe>\t\t\n\t\t\t\t\tVideo abspielen\n\t\t\t\t\t\t<a href=\"https:\/\/family.fit\/en\/full\/\" target=\"_self\" rel=\"noopener\">\n\t\t\t\t\t\t\t\t<h2>FamilyFit voll<\/h2>\n\t\t\t\t\t\t\t\t\t<p>Willst du die volle Erfahrung?<\/p>\n\t\t\t\t\t\t\t\t\t\t<\/a>\n\t\t\t\t\t\t<a href=\"https:\/\/family.fit\/en\/fast\/\" target=\"_self\" rel=\"noopener\">\n\t\t\t\t\t\t\t\t<h2>FamilyFit Schnell<\/h2>\n\t\t\t\t\t\t\t\t\t<p>Kurze Zeit?<\/p>\n\t\t\t\t\t\t\t\t\t\t<\/a>\n\t\t\t\t\t\t<a href=\"https:\/\/family.fit\/en\/prayerfit\/\" target=\"_self\" rel=\"noopener\">\n\t\t\t\t\t\t\t\t<h2>GebetFit<\/h2>\n\t\t\t\t\t\t\t\t\t<p>Verbinden Sie das Gebet mit Ihrem Fitnessprogramm!<\/p>\n\t\t\t\t\t\t\t\t\t\t<\/a>\n\t\t\t\t\t\t<a href=\"https:\/\/family.fit\/en\/build-your-own\/\" target=\"_self\" rel=\"noopener\">\n\t\t\t\t\t\t\t\t<h2>Bau dein eigenes<\/h2>\n\t\t\t\t\t\t\t\t\t<p>F\u00fchlen Sie sich kreativ?<\/p>\n\t\t\t\t\t\t\t\t\t\t<\/a>\n\t\t\t\t\t\t<a href=\"https:\/\/family.fit\/en\/youversion\/\" target=\"_self\" rel=\"noopener\">\n\t\t\t\t\t\t\t\t<h2>YouVersion<\/h2>\n\t\t\t\t\t\t\t\t\t<p>Nutzt du bereits die Bibel-App?<\/p>\n\t\t\t\t\t\t\t\t\t\t<\/a>\n\t\t\t\t\t\t<a href=\"https:\/\/family.fit\/en\/training\/\" target=\"_self\" rel=\"noopener\">\n\t\t\t\t\t\t\t\t<h2>FamilyFit-Training<\/h2>\n\t\t\t\t\t\t\t\t\t<p>Trainingsressourcen f\u00fcr FamilyFit<\/p>\n\t\t\t\t\t\t\t\t\t\t<\/a>","protected":false},"excerpt":{"rendered":"<p>Helfen Sie Ihrer Familie, fit und gesund zu bleiben, in Verbindung zu bleiben und an Charakter zu wachsen. Family.fit ist ein Programm f\u00fcr alle Altersgruppen, das ideal geeignet ist, um Ihre Familie im Glauben und in der Fitness zusammenwachsen zu lassen. Jede Sitzung ist sowohl auf der Website als auch als herunterladbares PDF verf\u00fcgbar. Wir bieten \u00fcber 1.500 Sitzungen in 21 Sprachen an.\u2026<\/p>","protected":false},"author":1,"featured_media":0,"parent":0,"menu_order":0,"comment_status":"closed","ping_status":"closed","template":"","meta":{"_acf_changed":false,"_seopress_robots_primary_cat":"","_seopress_titles_title":"","_seopress_titles_desc":"","_seopress_robots_index":"","footnotes":""},"ff_language":[],"class_list":["post-3322","page","type-page","status-publish","hentry"],"acf":[],"_links":{"self":[{"href":"https:\/\/family.fit\/de\/wp-json\/wp\/v2\/pages\/3322","targetHints":{"allow":["GET"]}}],"collection":[{"href":"https:\/\/family.fit\/de\/wp-json\/wp\/v2\/pages"}],"about":[{"href":"https:\/\/family.fit\/de\/wp-json\/wp\/v2\/types\/page"}],"author":[{"embeddable":true,"href":"https:\/\/family.fit\/de\/wp-json\/wp\/v2\/users\/1"}],"replies":[{"embeddable":true,"href":"https:\/\/family.fit\/de\/wp-json\/wp\/v2\/comments?post=3322"}],"version-history":[{"count":29,"href":"https:\/\/family.fit\/de\/wp-json\/wp\/v2\/pages\/3322\/revisions"}],"predecessor-version":[{"id":8465,"href":"https:\/\/family.fit\/de\/wp-json\/wp\/v2\/pages\/3322\/revisions\/8465"}],"wp:attachment":[{"href":"https:\/\/family.fit\/de\/wp-json\/wp\/v2\/media?parent=3322"}],"wp:term":[{"taxonomy":"ff_language","embeddable":true,"href":"https:\/\/family.fit\/de\/wp-json\/wp\/v2\/ff_language?post=3322"}],"curies":[{"name":"wp","href":"https:\/\/api.w.org\/{rel}","templated":true}]}}