{"id":377,"date":"2020-03-30T14:52:33","date_gmt":"2020-03-30T14:52:33","guid":{"rendered":"https:\/\/family.fit\/?page_id=377"},"modified":"2020-05-19T10:29:10","modified_gmt":"2020-05-19T10:29:10","slug":"terms-and-conditions","status":"publish","type":"page","link":"https:\/\/family.fit\/de\/terms-and-conditions\/","title":{"rendered":"Gesch\u00e4ftsbedingungen"},"content":{"rendered":"<h1>\n\t<\/h1>\n\t<p>Diese Allgemeinen Gesch\u00e4ftsbedingungen regeln Ihre Nutzung dieser Website durch Sie und alle Personen, die mit Ihnen trainieren. Bitte stellen Sie sicher, dass Sie und alle Personen, die mit Ihnen trainieren, diese Bedingungen vollst\u00e4ndig akzeptieren. Wenn Sie mit diesen Allgemeinen Gesch\u00e4ftsbedingungen oder einem Teil dieser Allgemeinen Gesch\u00e4ftsbedingungen nicht einverstanden sind, d\u00fcrfen Sie diese Website nicht nutzen.<\/p>\n<p>Durch die Nutzung dieser Website oder einer der \u00dcbungen, Programme, Dienste oder Produkte, auf die \u00fcber sie zugegriffen wird, erkl\u00e4ren Sie sich implizit mit allen Teilen des folgenden Haftungsausschlusses einverstanden.<\/p>\n<p>Family.Fit bedeutet die Family.Fit-Website unter <a href=\"https:\/\/family.fit\/de\/\">Familie.Fit<\/a>, zusammen mit allen \u00dcbungen, Programmen, Diensten und\/oder Produkten, die dadurch zug\u00e4nglich sind, einschlie\u00dflich, aber nicht beschr\u00e4nkt auf Downloads und zugeh\u00f6rige YouTube-Videos auf unserer Family.Fit <a href=\"https:\/\/www.youtube.com\/channel\/UCv4dN6VavUWSVqb_WdoMzpw\" target=\"_blank\" rel=\"noopener noreferrer\">Youtube Kanal<\/a>.<\/p>\n<p>\u201c<strong>Wir<\/strong>&quot; oder &quot;<strong>Uns<\/strong>\u201c bezieht sich auf die Entwickler und Mitwirkenden von Family.Fit sowie die Eigent\u00fcmer, Betreiber und den Registranten der Family.Fit-Website.<\/p>\n<p>Alle \u00dcbungen sind mit Risiken verbunden. Durch die Nutzung oder Teilnahme an Family.Fit erkennen Sie an, dass Family.Fit ohne Kenntnis Ihrer pers\u00f6nlichen Gesundheitssituation entwickelt wurde und erkl\u00e4ren sich damit einverstanden, die Entwickler und Mitwirkenden von Family.Fit im gr\u00f6\u00dftm\u00f6glichen gesetzlich zul\u00e4ssigen Umfang freizustellen und die Eigent\u00fcmer und Betreiber dieser Website von jeglicher Haftung, die sich aus der Nutzung von Family.Fit ergeben k\u00f6nnte.<\/p>\n<p><strong>Wir<\/strong> Wir empfehlen dringend, dass Sie Ihren Arzt konsultieren, bevor Sie mit einem Trainingsprogramm beginnen. Sie sollten in guter k\u00f6rperlicher Verfassung sein und an der \u00dcbung teilnehmen k\u00f6nnen. <strong>Wir<\/strong> sind keine lizenzierten medizinischen Leistungserbringer und haben keine Erfahrung in der Diagnose, Untersuchung oder Behandlung von Erkrankungen jeglicher Art oder bei der Bestimmung der Auswirkungen einer bestimmten \u00dcbung auf eine Erkrankung.<\/p>\n<p>Der Gesundheits-, Fitness- und Ern\u00e4hrungserfolg jedes Einzelnen h\u00e4ngt von seinem Hintergrund, seinem Engagement, seinem Wunsch und seiner Motivation ab. Ihre Ergebnisse k\u00f6nnen variieren und basieren auf vielen Variablen, einschlie\u00dflich, aber nicht beschr\u00e4nkt auf Ihren aktuellen Fitnesszustand, individuelle F\u00e4higkeiten, Lebenserfahrung, einzigartiges Gesundheits- und genetisches Profil, Ausgangspunkt, Fachwissen und Engagement.<\/p>\n<p>Sie sollten verstehen, dass bei der Teilnahme an einem Training oder Trainingsprogramm die M\u00f6glichkeit einer k\u00f6rperlichen Verletzung besteht. Wenn Sie an dieser \u00dcbung oder diesem \u00dcbungsprogramm teilnehmen, erkl\u00e4ren Sie sich damit einverstanden, dass Sie dies auf eigenes Risiko tun, freiwillig an diesen Aktivit\u00e4ten teilnehmen, das gesamte Verletzungsrisiko f\u00fcr sich selbst tragen und der Freigabe und Entlassung zustimmen <strong>Uns<\/strong> von allen Anspr\u00fcchen oder Klagegr\u00fcnden, einschlie\u00dflich bekannter oder unbekannter Fahrl\u00e4ssigkeit, die sich aus der Nutzung von Family.Fit ergeben.<\/p>\n<p>Die bereitgestellten Informationen sind kein Ersatz f\u00fcr eine professionelle medizinische Beratung, Diagnose oder Behandlung.<\/p>\n<p>Soweit gesetzlich zul\u00e4ssig <strong>Wir<\/strong> \u00fcbernimmt keinerlei Verantwortung f\u00fcr Ihre Nutzung der Informationen, die Sie \u00fcber Family.Fit erhalten. Auf keinen Fall wird <strong>Wir<\/strong> haftet gegen\u00fcber jeder Partei f\u00fcr alle direkten, indirekten, besonderen, zuf\u00e4lligen, gerechten oder Folgesch\u00e4den aus der Nutzung oder dem Vertrauen auf Family.Fit, einschlie\u00dflich, aber nicht beschr\u00e4nkt auf entgangenen Gewinn, pers\u00f6nliche oder gesch\u00e4ftliche Unterbrechungen, Personensch\u00e4den, Unf\u00e4lle, Fehlanwendungen von Informationen oder anderen Verlusten, Leiden, Krankheiten oder Schwierigkeiten oder anderweitig, selbst wenn <strong>Wir<\/strong> werden ausdr\u00fccklich auf die M\u00f6glichkeit solcher Sch\u00e4den oder Schwierigkeiten hingewiesen.<\/p>\n<p>Family.Fit wird unter der Bedingung zur Verf\u00fcgung gestellt, dass Sie es nur f\u00fcr den pers\u00f6nlichen, h\u00e4uslichen oder Haushaltsgebrauch verwenden. <strong>Wir<\/strong> haften nicht f\u00fcr Verluste, die sich aus oder im Zusammenhang mit der Nutzung von Family.Fit f\u00fcr gesch\u00e4ftliche Zwecke ergeben, es sei denn, wir k\u00f6nnen eine solche Haftung gesetzlich nicht ausschlie\u00dfen. In diesem Fall beschr\u00e4nkt sich unsere Haftung auf den Ersatz oder die erneute Lieferung der entsprechenden Waren oder Dienstleistungen, wenn Es ist fair und angemessen, dass wir uns auf diese Beschr\u00e4nkung verlassen, und wir d\u00fcrfen unsere Haftung auf diese Weise gem\u00e4\u00df den gesetzlichen Bestimmungen begrenzen.<\/p>","protected":false},"excerpt":{"rendered":"<p>Diese Allgemeinen Gesch\u00e4ftsbedingungen regeln Ihre Nutzung dieser Website durch Sie und alle Personen, die mit Ihnen trainieren. Bitte stellen Sie sicher, dass Sie und alle, die mit Ihnen trainieren, diese Allgemeinen Gesch\u00e4ftsbedingungen vollst\u00e4ndig akzeptieren. Wenn Sie mit diesen Gesch\u00e4ftsbedingungen oder einem Teil dieser Gesch\u00e4ftsbedingungen nicht einverstanden sind, d\u00fcrfen Sie\u2026<\/p>","protected":false},"author":1,"featured_media":0,"parent":0,"menu_order":0,"comment_status":"closed","ping_status":"closed","template":"","meta":{"_acf_changed":false,"_seopress_robots_primary_cat":"","_seopress_titles_title":"","_seopress_titles_desc":"","_seopress_robots_index":"","footnotes":""},"ff_language":[],"class_list":["post-377","page","type-page","status-publish","hentry"],"acf":[],"_links":{"self":[{"href":"https:\/\/family.fit\/de\/wp-json\/wp\/v2\/pages\/377","targetHints":{"allow":["GET"]}}],"collection":[{"href":"https:\/\/family.fit\/de\/wp-json\/wp\/v2\/pages"}],"about":[{"href":"https:\/\/family.fit\/de\/wp-json\/wp\/v2\/types\/page"}],"author":[{"embeddable":true,"href":"https:\/\/family.fit\/de\/wp-json\/wp\/v2\/users\/1"}],"replies":[{"embeddable":true,"href":"https:\/\/family.fit\/de\/wp-json\/wp\/v2\/comments?post=377"}],"version-history":[{"count":0,"href":"https:\/\/family.fit\/de\/wp-json\/wp\/v2\/pages\/377\/revisions"}],"wp:attachment":[{"href":"https:\/\/family.fit\/de\/wp-json\/wp\/v2\/media?parent=377"}],"wp:term":[{"taxonomy":"ff_language","embeddable":true,"href":"https:\/\/family.fit\/de\/wp-json\/wp\/v2\/ff_language?post=377"}],"curies":[{"name":"wp","href":"https:\/\/api.w.org\/{rel}","templated":true}]}}