{"id":473,"date":"2020-04-01T16:27:04","date_gmt":"2020-04-01T16:27:04","guid":{"rendered":"https:\/\/family.fit\/?page_id=473"},"modified":"2025-11-17T16:53:45","modified_gmt":"2025-11-17T16:53:45","slug":"translations","status":"publish","type":"page","link":"https:\/\/family.fit\/de\/translations\/","title":{"rendered":"\u00dcbersetzungen"},"content":{"rendered":"<p>Klicken Sie auf eine der folgenden Flaggen, um auf die \u00dcbersetzungen (PDF-Format) f\u00fcr die verf\u00fcgbaren Wochen zuzugreifen.<\/p>\n\t<h4>Afrikaans<\/h4>\n<h5>AF<\/h5>\n\t<ul data-height=\"175\" data-width=\"175\" data-shape=\"circle\">\n\t\t\t\t\t\t\t\t\t\t<li>\n\t\t\t\t\t\t\t\t\t\t\t\t\t\t<a target=\"\"  href=\"https:\/\/family.fit\/de\/translations\/afrikaans\/\">\n\t\t\t\t\t\t\t\t\t\t\t<img decoding=\"async\" src=\"https:\/\/family.fit\/wp-content\/uploads\/2020\/06\/south-africa-150x150.png\" alt=\"\"\/>\t\t\t\t\n\t\t\t\t\t\t\t\t\t\t\t\t\t\t\t\t\t\t\t<h3>Afrikaans<\/h3>\n\t\t\t\t\t\t\t\t\t\t\t<p>AF<\/p>\n\t\t\t\t\t\t\t\t\t\t\t\t\t\t<\/a>\n\t\t\t\t\t\t\t\t\t\t\t\t\t\t<\/li>\n\t\t\t\t\t\t\t\t\t\t\t\t\t<\/ul>\n\t<h4>albanisch<\/h4>\n<h5>SQ<\/h5>\n\t<ul data-height=\"175\" data-width=\"175\" data-shape=\"circle\">\n\t\t\t\t\t\t\t\t\t\t<li>\n\t\t\t\t\t\t\t\t\t\t\t\t\t\t<a target=\"\"  href=\"https:\/\/family.fit\/de\/translations\/albanian\/\">\n\t\t\t\t\t\t\t\t\t\t\t<img decoding=\"async\" src=\"https:\/\/family.fit\/wp-content\/uploads\/2020\/04\/albania-300x300.png\" alt=\"\"\/>\t\t\t\t\n\t\t\t\t\t\t\t\t\t\t\t\t\t\t\t\t\t\t\t<h3>albanisch<\/h3>\n\t\t\t\t\t\t\t\t\t\t\t<p>SQ<\/p>\n\t\t\t\t\t\t\t\t\t\t\t\t\t\t<\/a>\n\t\t\t\t\t\t\t\t\t\t\t\t\t\t<\/li>\n\t\t\t\t\t\t\t\t\t\t\t\t\t<\/ul>\n\t<h4>Arabisch<\/h4>\n<h5>AR<\/h5>\n\t<ul data-height=\"175\" data-width=\"175\" data-shape=\"circle\">\n\t\t\t\t\t\t\t\t\t\t<li>\n\t\t\t\t\t\t\t\t\t\t\t\t\t\t<a target=\"\"  href=\"https:\/\/family.fit\/de\/translations\/arabic\/\">\n\t\t\t\t\t\t\t\t\t\t\t<img decoding=\"async\" src=\"https:\/\/family.fit\/wp-content\/uploads\/2020\/08\/arabic.png\" alt=\"\"\/>\t\t\t\t\n\t\t\t\t\t\t\t\t\t\t\t\t\t\t\t\t\t\t\t<h3>Arabisch<\/h3>\n\t\t\t\t\t\t\t\t\t\t\t<p>AR<\/p>\n\t\t\t\t\t\t\t\t\t\t\t\t\t\t<\/a>\n\t\t\t\t\t\t\t\t\t\t\t\t\t\t<\/li>\n\t\t\t\t\t\t\t\t\t\t\t\t\t<\/ul>\n\t<h4>Vereinfachtes Chinesisch<\/h4>\n<h5>ZH<\/h5>\n\t<ul data-height=\"175\" data-width=\"175\" data-shape=\"circle\">\n\t\t\t\t\t\t\t\t\t\t<li>\n\t\t\t\t\t\t\t\t\t\t\t\t\t\t<a target=\"\"  href=\"https:\/\/family.fit\/de\/translations\/chinese\/\">\n\t\t\t\t\t\t\t\t\t\t\t<img decoding=\"async\" src=\"https:\/\/family.fit\/wp-content\/uploads\/2020\/11\/china.png\" alt=\"\"\/>\t\t\t\t\n\t\t\t\t\t\t\t\t\t\t\t\t\t\t\t\t\t\t\t<h3>Vereinfachtes Chinesisch<\/h3>\n\t\t\t\t\t\t\t\t\t\t\t<p>ZH<\/p>\n\t\t\t\t\t\t\t\t\t\t\t\t\t\t<\/a>\n\t\t\t\t\t\t\t\t\t\t\t\t\t\t<\/li>\n\t\t\t\t\t\t\t\t\t\t\t\t\t<\/ul>\n\t<h4>Franz\u00f6sisch<\/h4>\n<h5>NS<\/h5>\n\t<ul data-height=\"175\" data-width=\"175\" data-shape=\"circle\">\n\t\t\t\t\t\t\t\t\t\t<li>\n\t\t\t\t\t\t\t\t\t\t\t\t\t\t<a target=\"\"  href=\"https:\/\/family.fit\/de\/translations\/french\/\">\n\t\t\t\t\t\t\t\t\t\t\t<img decoding=\"async\" src=\"https:\/\/family.fit\/wp-content\/uploads\/2020\/04\/france-300x300.png\" alt=\"\"\/>\t\t\t\t\n\t\t\t\t\t\t\t\t\t\t\t\t\t\t\t\t\t\t\t<h3>Franz\u00f6sisch<\/h3>\n\t\t\t\t\t\t\t\t\t\t\t<p>NS<\/p>\n\t\t\t\t\t\t\t\t\t\t\t\t\t\t<\/a>\n\t\t\t\t\t\t\t\t\t\t\t\t\t\t<\/li>\n\t\t\t\t\t\t\t\t\t\t\t\t\t<\/ul>\n\t<h4>Fula<\/h4>\n<h5>FF<\/h5>\n\t<ul data-height=\"175\" data-width=\"175\" data-shape=\"circle\">\n\t\t\t\t\t\t\t\t\t\t<li>\n\t\t\t\t\t\t\t\t\t\t\t\t\t\t<a target=\"\"  href=\"https:\/\/family.fit\/de\/translations\/fula\/\">\n\t\t\t\t\t\t\t\t\t\t\t<img decoding=\"async\" src=\"https:\/\/family.fit\/wp-content\/uploads\/2020\/07\/fula.png\" alt=\"\"\/>\t\t\t\t\n\t\t\t\t\t\t\t\t\t\t\t\t\t\t\t\t\t\t\t<h3>Fula<\/h3>\n\t\t\t\t\t\t\t\t\t\t\t<p>FF<\/p>\n\t\t\t\t\t\t\t\t\t\t\t\t\t\t<\/a>\n\t\t\t\t\t\t\t\t\t\t\t\t\t\t<\/li>\n\t\t\t\t\t\t\t\t\t\t\t\t\t<\/ul>\n\t<h4>Deutsche<\/h4>\n<h5>DE<\/h5>\n\t<ul data-height=\"175\" data-width=\"175\" data-shape=\"circle\">\n\t\t\t\t\t\t\t\t\t\t<li>\n\t\t\t\t\t\t\t\t\t\t\t\t\t\t<a target=\"\"  href=\"https:\/\/family.fit\/de\/translations\/german\/\">\n\t\t\t\t\t\t\t\t\t\t\t<img decoding=\"async\" src=\"https:\/\/family.fit\/wp-content\/uploads\/2020\/04\/germany-300x300.png\" alt=\"\"\/>\t\t\t\t\n\t\t\t\t\t\t\t\t\t\t\t\t\t\t\t\t\t\t\t<h3>Deutsche<\/h3>\n\t\t\t\t\t\t\t\t\t\t\t<p>DE<\/p>\n\t\t\t\t\t\t\t\t\t\t\t\t\t\t<\/a>\n\t\t\t\t\t\t\t\t\t\t\t\t\t\t<\/li>\n\t\t\t\t\t\t\t\t\t\t\t\t\t<\/ul>\n\t<h4>Hindi<\/h4>\n<h5>HI<\/h5>\n\t<ul data-height=\"175\" data-width=\"175\" data-shape=\"circle\">\n\t\t\t\t\t\t\t\t\t\t<li>\n\t\t\t\t\t\t\t\t\t\t\t\t\t\t<a target=\"\"  href=\"https:\/\/family.fit\/de\/translations\/hindi\/\">\n\t\t\t\t\t\t\t\t\t\t\t<img decoding=\"async\" src=\"https:\/\/family.fit\/wp-content\/uploads\/2020\/04\/india-300x300.png\" alt=\"\"\/>\t\t\t\t\n\t\t\t\t\t\t\t\t\t\t\t\t\t\t\t\t\t\t\t<h3>Hindi<\/h3>\n\t\t\t\t\t\t\t\t\t\t\t<p>HI<\/p>\n\t\t\t\t\t\t\t\t\t\t\t\t\t\t<\/a>\n\t\t\t\t\t\t\t\t\t\t\t\t\t\t<\/li>\n\t\t\t\t\t\t\t\t\t\t\t\t\t<\/ul>\n\t<h4>Italienisch<\/h4>\n<h5>ES<\/h5>\n\t<ul data-height=\"175\" data-width=\"175\" data-shape=\"circle\">\n\t\t\t\t\t\t\t\t\t\t<li>\n\t\t\t\t\t\t\t\t\t\t\t\t\t\t<a target=\"\"  href=\"https:\/\/family.fit\/de\/translations\/italian\/\">\n\t\t\t\t\t\t\t\t\t\t\t<img decoding=\"async\" src=\"https:\/\/family.fit\/wp-content\/uploads\/2020\/04\/italy-300x300.png\" alt=\"\"\/>\t\t\t\t\n\t\t\t\t\t\t\t\t\t\t\t\t\t\t\t\t\t\t\t<h3>Italienisch<\/h3>\n\t\t\t\t\t\t\t\t\t\t\t<p>ES<\/p>\n\t\t\t\t\t\t\t\t\t\t\t\t\t\t<\/a>\n\t\t\t\t\t\t\t\t\t\t\t\t\t\t<\/li>\n\t\t\t\t\t\t\t\t\t\t\t\t\t<\/ul>\n\t<h4>japanisch<\/h4>\n<h5>JA<\/h5>\n\t<ul data-height=\"175\" data-width=\"175\" data-shape=\"circle\">\n\t\t\t\t\t\t\t\t\t\t<li>\n\t\t\t\t\t\t\t\t\t\t\t\t\t\t<a target=\"\"  href=\"https:\/\/family.fit\/de\/translations\/japanese\/\">\n\t\t\t\t\t\t\t\t\t\t\t<img decoding=\"async\" src=\"https:\/\/family.fit\/wp-content\/uploads\/2020\/05\/japan.png\" alt=\"\"\/>\t\t\t\t\n\t\t\t\t\t\t\t\t\t\t\t\t\t\t\t\t\t\t\t<h3>japanisch<\/h3>\n\t\t\t\t\t\t\t\t\t\t\t<p>JA<\/p>\n\t\t\t\t\t\t\t\t\t\t\t\t\t\t<\/a>\n\t\t\t\t\t\t\t\t\t\t\t\t\t\t<\/li>\n\t\t\t\t\t\t\t\t\t\t\t\t\t<\/ul>\n\t<h4>Kannada<\/h4>\n<h5>KN<\/h5>\n\t<ul data-height=\"175\" data-width=\"175\" data-shape=\"circle\">\n\t\t\t\t\t\t\t\t\t\t<li>\n\t\t\t\t\t\t\t\t\t\t\t\t\t\t<a target=\"\"  href=\"https:\/\/family.fit\/de\/translations\/kannada\/\">\n\t\t\t\t\t\t\t\t\t\t\t<img decoding=\"async\" src=\"https:\/\/family.fit\/wp-content\/uploads\/2020\/04\/india-300x300.png\" alt=\"\"\/>\t\t\t\t\n\t\t\t\t\t\t\t\t\t\t\t\t\t\t\t\t\t\t\t<h3>Kannada<\/h3>\n\t\t\t\t\t\t\t\t\t\t\t<p>KN<\/p>\n\t\t\t\t\t\t\t\t\t\t\t\t\t\t<\/a>\n\t\t\t\t\t\t\t\t\t\t\t\t\t\t<\/li>\n\t\t\t\t\t\t\t\t\t\t\t\t\t<\/ul>\n\t<h4>Malayalam<\/h4>\n<h5>ML<\/h5>\n\t<ul data-height=\"175\" data-width=\"175\" data-shape=\"circle\">\n\t\t\t\t\t\t\t\t\t\t<li>\n\t\t\t\t\t\t\t\t\t\t\t\t\t\t<a target=\"\"  href=\"https:\/\/family.fit\/de\/translations\/malayalam\/\">\n\t\t\t\t\t\t\t\t\t\t\t<img decoding=\"async\" src=\"https:\/\/family.fit\/wp-content\/uploads\/2020\/04\/india-300x300.png\" alt=\"\"\/>\t\t\t\t\n\t\t\t\t\t\t\t\t\t\t\t\t\t\t\t\t\t\t\t<h3>Malayalam<\/h3>\n\t\t\t\t\t\t\t\t\t\t\t<p>ML<\/p>\n\t\t\t\t\t\t\t\t\t\t\t\t\t\t<\/a>\n\t\t\t\t\t\t\t\t\t\t\t\t\t\t<\/li>\n\t\t\t\t\t\t\t\t\t\t\t\t\t<\/ul>\n\t<h4>Marathi<\/h4>\n<h5>HERR<\/h5>\n\t<ul data-height=\"175\" data-width=\"175\" data-shape=\"circle\">\n\t\t\t\t\t\t\t\t\t\t<li>\n\t\t\t\t\t\t\t\t\t\t\t\t\t\t<a target=\"\"  href=\"https:\/\/family.fit\/de\/translations\/marathi\/\">\n\t\t\t\t\t\t\t\t\t\t\t<img decoding=\"async\" src=\"https:\/\/family.fit\/wp-content\/uploads\/2020\/04\/india-300x300.png\" alt=\"\"\/>\t\t\t\t\n\t\t\t\t\t\t\t\t\t\t\t\t\t\t\t\t\t\t\t<h3>Marathi<\/h3>\n\t\t\t\t\t\t\t\t\t\t\t<p>HERR<\/p>\n\t\t\t\t\t\t\t\t\t\t\t\t\t\t<\/a>\n\t\t\t\t\t\t\t\t\t\t\t\t\t\t<\/li>\n\t\t\t\t\t\t\t\t\t\t\t\t\t<\/ul>\n\t<h4>Oriya<\/h4>\n<h5>ODER<\/h5>\n\t<ul data-height=\"175\" data-width=\"175\" data-shape=\"circle\">\n\t\t\t\t\t\t\t\t\t\t<li>\n\t\t\t\t\t\t\t\t\t\t\t\t\t\t<a target=\"\"  href=\"https:\/\/family.fit\/de\/translations\/oriya\/\">\n\t\t\t\t\t\t\t\t\t\t\t<img decoding=\"async\" src=\"https:\/\/family.fit\/wp-content\/uploads\/2020\/04\/india-300x300.png\" alt=\"\"\/>\t\t\t\t\n\t\t\t\t\t\t\t\t\t\t\t\t\t\t\t\t\t\t\t<h3>Oriya<\/h3>\n\t\t\t\t\t\t\t\t\t\t\t<p>ODER<\/p>\n\t\t\t\t\t\t\t\t\t\t\t\t\t\t<\/a>\n\t\t\t\t\t\t\t\t\t\t\t\t\t\t<\/li>\n\t\t\t\t\t\t\t\t\t\t\t\t\t<\/ul>\n\t<h4>Portugiesisch (Brasilien)<\/h4>\n<h5>PT-BR<\/h5>\n\t<ul data-height=\"175\" data-width=\"175\" data-shape=\"circle\">\n\t\t\t\t\t\t\t\t\t\t<li>\n\t\t\t\t\t\t\t\t\t\t\t\t\t\t<a target=\"\"  href=\"https:\/\/family.fit\/de\/translations\/portuguese-brazilian\/\">\n\t\t\t\t\t\t\t\t\t\t\t<img decoding=\"async\" src=\"https:\/\/family.fit\/wp-content\/uploads\/2020\/04\/brazil-300x300.png\" alt=\"\"\/>\t\t\t\t\n\t\t\t\t\t\t\t\t\t\t\t\t\t\t\t\t\t\t\t<h4>Portugiesisch (Brasilien)<\/h4>\n\t\t\t\t\t\t\t\t\t\t\t<p>PT-BR<\/p>\n\t\t\t\t\t\t\t\t\t\t\t\t\t\t<\/a>\n\t\t\t\t\t\t\t\t\t\t\t\t\t\t<\/li>\n\t\t\t\t\t\t\t\t\t\t\t\t\t<\/ul>\n\t<h4>Portugiesisch (Portugal)<\/h4>\n<h5>PT-PT<\/h5>\n\t<ul data-height=\"175\" data-width=\"175\" data-shape=\"circle\">\n\t\t\t\t\t\t\t\t\t\t<li>\n\t\t\t\t\t\t\t\t\t\t\t\t\t\t<a target=\"\"  href=\"https:\/\/family.fit\/de\/translations\/portuguese-portugal\/\">\n\t\t\t\t\t\t\t\t\t\t\t<img decoding=\"async\" src=\"https:\/\/family.fit\/wp-content\/uploads\/2020\/04\/portugal.png\" alt=\"\"\/>\t\t\t\t\n\t\t\t\t\t\t\t\t\t\t\t\t\t\t\t\t\t\t\t<h3>Portugiesisch (Portugal)<\/h3>\n\t\t\t\t\t\t\t\t\t\t\t<p>PT-PT<\/p>\n\t\t\t\t\t\t\t\t\t\t\t\t\t\t<\/a>\n\t\t\t\t\t\t\t\t\t\t\t\t\t\t<\/li>\n\t\t\t\t\t\t\t\t\t\t\t\t\t<\/ul>\n\t<h4>Russisch<\/h4>\n<h5>RU<\/h5>\n\t<ul data-height=\"175\" data-width=\"175\" data-shape=\"circle\">\n\t\t\t\t\t\t\t\t\t\t<li>\n\t\t\t\t\t\t\t\t\t\t\t\t\t\t<a target=\"\"  href=\"https:\/\/family.fit\/de\/translations\/russian\/\">\n\t\t\t\t\t\t\t\t\t\t\t<img decoding=\"async\" src=\"https:\/\/family.fit\/wp-content\/uploads\/2020\/05\/russia.png\" alt=\"\"\/>\t\t\t\t\n\t\t\t\t\t\t\t\t\t\t\t\t\t\t\t\t\t\t\t<h3>Russisch<\/h3>\n\t\t\t\t\t\t\t\t\t\t\t<p>RU<\/p>\n\t\t\t\t\t\t\t\t\t\t\t\t\t\t<\/a>\n\t\t\t\t\t\t\t\t\t\t\t\t\t\t<\/li>\n\t\t\t\t\t\t\t\t\t\t\t\t\t<\/ul>\n\t<h4>serbisch<\/h4>\n<h5>SR<\/h5>\n\t<ul data-height=\"175\" data-width=\"175\" data-shape=\"circle\">\n\t\t\t\t\t\t\t\t\t\t<li>\n\t\t\t\t\t\t\t\t\t\t\t\t\t\t<a target=\"\"  href=\"https:\/\/family.fit\/de\/translations\/serbian\/\">\n\t\t\t\t\t\t\t\t\t\t\t<img decoding=\"async\" src=\"https:\/\/family.fit\/wp-content\/uploads\/2020\/05\/serbia.png\" alt=\"\"\/>\t\t\t\t\n\t\t\t\t\t\t\t\t\t\t\t\t\t\t\t\t\t\t\t<h3>serbisch<\/h3>\n\t\t\t\t\t\t\t\t\t\t\t<p>SR<\/p>\n\t\t\t\t\t\t\t\t\t\t\t\t\t\t<\/a>\n\t\t\t\t\t\t\t\t\t\t\t\t\t\t<\/li>\n\t\t\t\t\t\t\t\t\t\t\t\t\t<\/ul>\n\t<h4>Spanisch<\/h4>\n<h5>ES<\/h5>\n\t<ul data-height=\"175\" data-width=\"175\" data-shape=\"circle\">\n\t\t\t\t\t\t\t\t\t\t<li>\n\t\t\t\t\t\t\t\t\t\t\t\t\t\t<a target=\"\"  href=\"https:\/\/family.fit\/de\/translations\/spanish\/\">\n\t\t\t\t\t\t\t\t\t\t\t<img decoding=\"async\" src=\"https:\/\/family.fit\/wp-content\/uploads\/2020\/04\/spain-300x300.png\" alt=\"\"\/>\t\t\t\t\n\t\t\t\t\t\t\t\t\t\t\t\t\t\t\t\t\t\t\t<h3>Spanisch<\/h3>\n\t\t\t\t\t\t\t\t\t\t\t<p>ES<\/p>\n\t\t\t\t\t\t\t\t\t\t\t\t\t\t<\/a>\n\t\t\t\t\t\t\t\t\t\t\t\t\t\t<\/li>\n\t\t\t\t\t\t\t\t\t\t\t\t\t<\/ul>\n\t<h4>Schwedisch<\/h4>\n<h5>SV<\/h5>\n\t<ul data-height=\"175\" data-width=\"175\" data-shape=\"circle\">\n\t\t\t\t\t\t\t\t\t\t<li>\n\t\t\t\t\t\t\t\t\t\t\t\t\t\t<a target=\"\"  href=\"https:\/\/family.fit\/de\/translations\/swedish\/\">\n\t\t\t\t\t\t\t\t\t\t\t<img decoding=\"async\" src=\"https:\/\/family.fit\/wp-content\/uploads\/2020\/04\/sweden.png\" alt=\"\"\/>\t\t\t\t\n\t\t\t\t\t\t\t\t\t\t\t\t\t\t\t\t\t\t\t<h3>Schwedisch<\/h3>\n\t\t\t\t\t\t\t\t\t\t\t<p>SV<\/p>\n\t\t\t\t\t\t\t\t\t\t\t\t\t\t<\/a>\n\t\t\t\t\t\t\t\t\t\t\t\t\t\t<\/li>\n\t\t\t\t\t\t\t\t\t\t\t\t\t<\/ul>\n\t<h4>Tagalog \/ Filipino<\/h4>\n<h5>TL<\/h5>\n\t<ul data-height=\"175\" data-width=\"175\" data-shape=\"circle\">\n\t\t\t\t\t\t\t\t\t\t<li>\n\t\t\t\t\t\t\t\t\t\t\t\t\t\t<a target=\"\"  href=\"https:\/\/family.fit\/de\/translations\/tagalog\/\">\n\t\t\t\t\t\t\t\t\t\t\t<img decoding=\"async\" src=\"https:\/\/family.fit\/wp-content\/uploads\/2020\/04\/philippines-300x300.png\" alt=\"\"\/>\t\t\t\t\n\t\t\t\t\t\t\t\t\t\t\t\t\t\t\t\t\t\t\t<h3>Tagalog<\/h3>\n\t\t\t\t\t\t\t\t\t\t\t<p>TL<\/p>\n\t\t\t\t\t\t\t\t\t\t\t\t\t\t<\/a>\n\t\t\t\t\t\t\t\t\t\t\t\t\t\t<\/li>\n\t\t\t\t\t\t\t\t\t\t\t\t\t<\/ul>\n\t<h4>Tamil<\/h4>\n<h5>TA<\/h5>\n\t<ul data-height=\"175\" data-width=\"175\" data-shape=\"circle\">\n\t\t\t\t\t\t\t\t\t\t<li>\n\t\t\t\t\t\t\t\t\t\t\t\t\t\t<a target=\"\"  href=\"https:\/\/family.fit\/de\/translations\/tamil\/\">\n\t\t\t\t\t\t\t\t\t\t\t<img decoding=\"async\" src=\"https:\/\/family.fit\/wp-content\/uploads\/2020\/04\/india-300x300.png\" alt=\"\"\/>\t\t\t\t\n\t\t\t\t\t\t\t\t\t\t\t\t\t\t\t\t\t\t\t<h3>Tamil<\/h3>\n\t\t\t\t\t\t\t\t\t\t\t<p>TA<\/p>\n\t\t\t\t\t\t\t\t\t\t\t\t\t\t<\/a>\n\t\t\t\t\t\t\t\t\t\t\t\t\t\t<\/li>\n\t\t\t\t\t\t\t\t\t\t\t\t\t<\/ul>\n\t<h4>Telugu<\/h4>\n<h5>TE<\/h5>\n\t<ul data-height=\"175\" data-width=\"175\" data-shape=\"circle\">\n\t\t\t\t\t\t\t\t\t\t<li>\n\t\t\t\t\t\t\t\t\t\t\t\t\t\t<a target=\"\"  href=\"https:\/\/family.fit\/de\/translations\/telugu\/\">\n\t\t\t\t\t\t\t\t\t\t\t<img decoding=\"async\" src=\"https:\/\/family.fit\/wp-content\/uploads\/2020\/04\/india-300x300.png\" alt=\"\"\/>\t\t\t\t\n\t\t\t\t\t\t\t\t\t\t\t\t\t\t\t\t\t\t\t<h3>Telugu<\/h3>\n\t\t\t\t\t\t\t\t\t\t\t<p>TE<\/p>\n\t\t\t\t\t\t\t\t\t\t\t\t\t\t<\/a>\n\t\t\t\t\t\t\t\t\t\t\t\t\t\t<\/li>\n\t\t\t\t\t\t\t\t\t\t\t\t\t<\/ul>\n\t<h4>ukrainisch<\/h4>\n<h5>Vereinigtes K\u00f6nigreich<\/h5>\n\t<ul data-height=\"175\" data-width=\"175\" data-shape=\"circle\">\n\t\t\t\t\t\t\t\t\t\t<li>\n\t\t\t\t\t\t\t\t\t\t\t\t\t\t<a target=\"\"  href=\"https:\/\/family.fit\/de\/translations\/ukrainian\/\">\n\t\t\t\t\t\t\t\t\t\t\t<img decoding=\"async\" src=\"https:\/\/family.fit\/wp-content\/uploads\/2022\/03\/ukraine-150x150.png\" alt=\"\"\/>\t\t\t\t\n\t\t\t\t\t\t\t\t\t\t\t\t\t\t\t\t\t\t\t<h3>ukrainisch<\/h3>\n\t\t\t\t\t\t\t\t\t\t\t<p>Vereinigtes K\u00f6nigreich<\/p>\n\t\t\t\t\t\t\t\t\t\t\t\t\t\t<\/a>\n\t\t\t\t\t\t\t\t\t\t\t\t\t\t<\/li>\n\t\t\t\t\t\t\t\t\t\t\t\t\t<\/ul>\n\t<h4>Urdu<\/h4>\n<h5>UR<\/h5>\n\t<ul data-height=\"175\" data-width=\"175\" data-shape=\"circle\">\n\t\t\t\t\t\t\t\t\t\t<li>\n\t\t\t\t\t\t\t\t\t\t\t\t\t\t<a target=\"\"  href=\"https:\/\/family.fit\/de\/translations\/urdu\/\">\n\t\t\t\t\t\t\t\t\t\t\t<img decoding=\"async\" src=\"https:\/\/family.fit\/wp-content\/uploads\/2020\/04\/pakistan-300x300.png\" alt=\"\"\/>\t\t\t\t\n\t\t\t\t\t\t\t\t\t\t\t\t\t\t\t\t\t\t\t<h3>Urdu<\/h3>\n\t\t\t\t\t\t\t\t\t\t\t<p>UR<\/p>\n\t\t\t\t\t\t\t\t\t\t\t\t\t\t<\/a>\n\t\t\t\t\t\t\t\t\t\t\t\t\t\t<\/li>\n\t\t\t\t\t\t\t\t\t\t\t\t\t<\/ul>","protected":false},"excerpt":{"rendered":"<p>Klicken Sie auf eine der Flaggen unten, um auf \u00dcbersetzungen (PDF-Format) f\u00fcr verf\u00fcgbare Wochen zuzugreifen. Afrikaans AF Afrikaans AF Albanisch SQ Albanisch SQ Arabisch AR Arabisch AR Vereinfachtes Chinesisch ZH Vereinfachtes Chinesisch ZH Franz\u00f6sisch FR Franz\u00f6sisch FR Fula FF Fula FF Deutsch DE Deutsch DE Hindi HI Hindi HI Italienisch IT Italienisch IT Japanisch JA\u2026<\/p>","protected":false},"author":1,"featured_media":0,"parent":0,"menu_order":0,"comment_status":"closed","ping_status":"closed","template":"","meta":{"_acf_changed":false,"_seopress_robots_primary_cat":"","_seopress_titles_title":"","_seopress_titles_desc":"","_seopress_robots_index":"","footnotes":""},"ff_language":[],"class_list":["post-473","page","type-page","status-publish","hentry"],"acf":[],"_links":{"self":[{"href":"https:\/\/family.fit\/de\/wp-json\/wp\/v2\/pages\/473","targetHints":{"allow":["GET"]}}],"collection":[{"href":"https:\/\/family.fit\/de\/wp-json\/wp\/v2\/pages"}],"about":[{"href":"https:\/\/family.fit\/de\/wp-json\/wp\/v2\/types\/page"}],"author":[{"embeddable":true,"href":"https:\/\/family.fit\/de\/wp-json\/wp\/v2\/users\/1"}],"replies":[{"embeddable":true,"href":"https:\/\/family.fit\/de\/wp-json\/wp\/v2\/comments?post=473"}],"version-history":[{"count":4,"href":"https:\/\/family.fit\/de\/wp-json\/wp\/v2\/pages\/473\/revisions"}],"predecessor-version":[{"id":8482,"href":"https:\/\/family.fit\/de\/wp-json\/wp\/v2\/pages\/473\/revisions\/8482"}],"wp:attachment":[{"href":"https:\/\/family.fit\/de\/wp-json\/wp\/v2\/media?parent=473"}],"wp:term":[{"taxonomy":"ff_language","embeddable":true,"href":"https:\/\/family.fit\/de\/wp-json\/wp\/v2\/ff_language?post=473"}],"curies":[{"name":"wp","href":"https:\/\/api.w.org\/{rel}","templated":true}]}}