{"id":6438,"date":"2021-05-26T10:37:05","date_gmt":"2021-05-26T10:37:05","guid":{"rendered":"https:\/\/family.fit\/?page_id=6438"},"modified":"2021-07-05T11:15:10","modified_gmt":"2021-07-05T11:15:10","slug":"leaderboard-mountain-climbers","status":"publish","type":"page","link":"https:\/\/family.fit\/de\/leaderboard-mountain-climbers\/","title":{"rendered":"Bestenliste (Bergsteiger)"},"content":{"rendered":"<img loading=\"lazy\" decoding=\"async\" src=\"https:\/\/family.fit\/wp-content\/uploads\/2021\/06\/race-image.png\" alt=\"race image\" itemprop=\"image\" height=\"247\" width=\"265\" title=\"Rennbild\" onerror=\"this.style.display='none'\"  \/>\n<h1>\n\t\tDie ultimativen Renn-Bestenlisten\n\t<\/h1>\n<h2>\n\t\tBestenliste (Bergsteiger)\n\t<\/h2>\n\t<p>Die nachfolgende Rangliste zeigt sowohl die Gesamtpunktzahl f\u00fcr jedes Land f\u00fcr diese Aktivit\u00e4t als auch den Durchschnitt (die Gesamtpunktzahl geteilt durch die Anzahl der Einsendungen).<\/p>\n\t<div id=\"footable_parent_6340\"\n         class=\"footable_parent ninja_table_wrapper loading_ninja_table wp_table_data_press_parent semantic_ui colored_table\">\n                <table data-ninja_table_instance=\"ninja_table_instance_0\" data-footable_id=\"6340\" data-filter-delay=\"1000\" aria-label=\"Bestenliste (Bergsteiger)\"            id=\"footable_6340\"\n           data-unique_identifier=\"ninja_table_unique_id_3916324041_6340\"\n           class=\"foo-table ninja_footable foo_table_6340 ninja_table_unique_id_3916324041_6340 ui table  white nt_type_legacy_table selectable striped vertical_centered inverted footable-paging-right ninja_table_search_disabled ninja_table_pro\">\n                <colgroup>\n                            <col class=\"ninja_column_0\">\n                            <col class=\"ninja_column_1\">\n                            <col class=\"ninja_column_2\">\n                    <\/colgroup>\n        <thead>\n<tr class=\"footable-header\">\n                                                        <th scope=\"col\"  class=\"ninja_column_0 ninja_clmn_nm_country\">Land<\/th><th scope=\"col\"  class=\"ninja_column_1 ninja_clmn_nm_total ff-separator\">Gesamt<\/th><th scope=\"col\"  class=\"ninja_column_2 ninja_clmn_nm_average ff-separator\">Durchschnitt<\/th><\/tr>\n<\/thead>\n<tbody>\n\n        <tr data-row_id=\"0\" class=\"ninja_table_row_0 nt_row_id_0\">\n            <td>Australien<\/td><td>14<\/td><td>14<\/td>        <\/tr>\n            <tr data-row_id=\"1\" class=\"ninja_table_row_1 nt_row_id_1\">\n            <td>Vereinigtes K\u00f6nigreich<\/td><td>16<\/td><td>16<\/td>        <\/tr>\n            <tr data-row_id=\"2\" class=\"ninja_table_row_2 nt_row_id_2\">\n            <td>Brasilien<\/td><td>32<\/td><td>32<\/td>        <\/tr>\n    <\/tbody><!--ninja_tobody_rendering_done-->\n    <\/table>\n    \n    \n    \n<\/div>\n\n\t<p>Klicken Sie auf die Schaltfl\u00e4che unten, um die vollst\u00e4ndige Rangliste f\u00fcr alle Aktivit\u00e4ten und L\u00e4nder anzuzeigen.<\/p>\n\t\t\t<a href=\"https:\/\/family.fit\/en\/leaderboard-all\/\" target=\"_self\" role=\"button\" rel=\"noopener\">\n\t\t\t\t\t\t\tVollst\u00e4ndige Bestenliste\n\t\t\t\t\t<\/a>","protected":false},"excerpt":{"rendered":"<p>The Ultimate Race Leaderboards Leaderboard (Bergsteiger) Das Leaderboard unten zeigt sowohl die Gesamtpunktzahl f\u00fcr jedes Land f\u00fcr diese Aktivit\u00e4t als auch den Durchschnitt (die Gesamtpunktzahl dividiert durch die Anzahl der Einsendungen). Klicken Sie auf die Schaltfl\u00e4che unten, um die vollst\u00e4ndige Bestenliste f\u00fcr alle Aktivit\u00e4ten und L\u00e4nder anzuzeigen. Vollst\u00e4ndige Bestenliste<\/p>","protected":false},"author":1,"featured_media":0,"parent":0,"menu_order":0,"comment_status":"closed","ping_status":"closed","template":"","meta":{"_acf_changed":false,"_seopress_robots_primary_cat":"","_seopress_titles_title":"","_seopress_titles_desc":"","_seopress_robots_index":"","footnotes":""},"ff_language":[],"class_list":["post-6438","page","type-page","status-publish","hentry"],"acf":[],"_links":{"self":[{"href":"https:\/\/family.fit\/de\/wp-json\/wp\/v2\/pages\/6438","targetHints":{"allow":["GET"]}}],"collection":[{"href":"https:\/\/family.fit\/de\/wp-json\/wp\/v2\/pages"}],"about":[{"href":"https:\/\/family.fit\/de\/wp-json\/wp\/v2\/types\/page"}],"author":[{"embeddable":true,"href":"https:\/\/family.fit\/de\/wp-json\/wp\/v2\/users\/1"}],"replies":[{"embeddable":true,"href":"https:\/\/family.fit\/de\/wp-json\/wp\/v2\/comments?post=6438"}],"version-history":[{"count":0,"href":"https:\/\/family.fit\/de\/wp-json\/wp\/v2\/pages\/6438\/revisions"}],"wp:attachment":[{"href":"https:\/\/family.fit\/de\/wp-json\/wp\/v2\/media?parent=6438"}],"wp:term":[{"taxonomy":"ff_language","embeddable":true,"href":"https:\/\/family.fit\/de\/wp-json\/wp\/v2\/ff_language?post=6438"}],"curies":[{"name":"wp","href":"https:\/\/api.w.org\/{rel}","templated":true}]}}