{"id":8319,"date":"2022-03-14T10:57:36","date_gmt":"2022-03-14T10:57:36","guid":{"rendered":"https:\/\/family.fit\/?page_id=8319"},"modified":"2022-04-13T16:31:06","modified_gmt":"2022-04-13T16:31:06","slug":"spring-harvest","status":"publish","type":"page","link":"https:\/\/family.fit\/de\/spring-harvest\/","title":{"rendered":"Fr\u00fchlingsernte"},"content":{"rendered":"<h1>\n\t\tWillkommen bei family.fit!\n\t<\/h1>\n\t\t\t\t<img loading=\"lazy\" decoding=\"async\" src=\"https:\/\/family.fit\/wp-content\/uploads\/2022\/03\/sh-logo-1024x99.png\" alt=\"sh-logo\" itemprop=\"image\" height=\"99\" width=\"1024\" title=\"sh-Logo\" onerror=\"this.style.display='none'\"  \/>\n\t<iframe allowfullscreen allow=\"autoplay\" src=\"https:\/\/www.youtube.com\/embed\/ArAXPggPkAE?feature=oembed&amp;start&amp;end&amp;wmode=opaque&amp;loop=0&amp;controls=1&amp;mute=0&amp;rel=0&amp;modestbranding=1\"><\/iframe>\t\n\t<p>Es stehen sechs Sitzungen zur Verf\u00fcgung, die Sie als Familie durchf\u00fchren k\u00f6nnen. Jede Sitzung ist als PDF verf\u00fcgbar, das Sie \u00fcber die Schaltfl\u00e4chen unten herunterladen k\u00f6nnen. Die ersten drei Sitzungen haben auch Videos, die Sie sich ansehen k\u00f6nnen.<\/p>\n<h2>\n\t\tSitzung 1: Stellen Sie unsere Herzen wieder her\n\t<\/h2>\n\t<iframe allowfullscreen allow=\"autoplay\" src=\"https:\/\/www.youtube.com\/embed\/B2MnPys2BgA?feature=oembed&amp;start&amp;end&amp;wmode=opaque&amp;loop=0&amp;controls=1&amp;mute=0&amp;rel=0&amp;modestbranding=1\"><\/iframe>\t\n\t\t\t<a href=\"https:\/\/family.fit\/wp-content\/uploads\/2022\/04\/Spring-Harvest-session-1.pdf\" target=\"_self\" role=\"button\" rel=\"noopener\">\n\t\t\t\t\t\t\tLaden Sie die Brosch\u00fcre zu Sitzung 1 herunter\n\t\t\t\t\t<\/a>\n<h2>\n\t\tSitzung 2: Erneuern Sie unseren Fokus\n\t<\/h2>\n\t<iframe allowfullscreen allow=\"autoplay\" src=\"https:\/\/www.youtube.com\/embed\/DDwMOEmw8ak?feature=oembed&amp;start&amp;end&amp;wmode=opaque&amp;loop=0&amp;controls=1&amp;mute=0&amp;rel=0&amp;modestbranding=1\"><\/iframe>\t\n\t\t\t<a href=\"https:\/\/family.fit\/wp-content\/uploads\/2022\/04\/Spring-Harvest-session-2.pdf\" target=\"_self\" role=\"button\" rel=\"noopener\">\n\t\t\t\t\t\t\tLaden Sie die Brosch\u00fcre zu Sitzung 2 herunter\n\t\t\t\t\t<\/a>\n<h2>\n\t\tSitzung 3: Bauen Sie unsere Welt wieder auf\n\t<\/h2>\n\t<iframe allowfullscreen allow=\"autoplay\" src=\"https:\/\/www.youtube.com\/embed\/BPTsNRtmYAw?feature=oembed&amp;start&amp;end&amp;wmode=opaque&amp;loop=0&amp;controls=1&amp;mute=0&amp;rel=0&amp;modestbranding=1\"><\/iframe>\t\n\t\t\t<a href=\"https:\/\/family.fit\/wp-content\/uploads\/2022\/04\/Spring-Harvest-session-3.pdf\" target=\"_self\" role=\"button\" rel=\"noopener\">\n\t\t\t\t\t\t\tLaden Sie die Brosch\u00fcre zu Sitzung 3 herunter\n\t\t\t\t\t<\/a>\n<h2>\n\t\tSitzung 4: Durch Widerstand hindurch bestehen\n\t<\/h2>\n\t\t\t<a href=\"https:\/\/family.fit\/wp-content\/uploads\/2022\/04\/Spring-Harvest-session-4.pdf\" target=\"_self\" role=\"button\" rel=\"noopener\">\n\t\t\t\t\t\t\tLaden Sie die Brosch\u00fcre zu Sitzung 4 herunter\n\t\t\t\t\t<\/a>\n<h2>\n\t\tSitzung 5: Erfolge feiern\n\t<\/h2>\n\t\t\t<a href=\"https:\/\/family.fit\/wp-content\/uploads\/2022\/04\/Spring-Harvest-session-5.pdf\" target=\"_self\" role=\"button\" rel=\"noopener\">\n\t\t\t\t\t\t\tLaden Sie die Brosch\u00fcre zu Sitzung 5 herunter\n\t\t\t\t\t<\/a>\n<h2>\n\t\tSitzung 6: Verbeugung vor Gott\n\t<\/h2>\n\t\t\t<a href=\"https:\/\/family.fit\/wp-content\/uploads\/2022\/04\/Spring-Harvest-session-6.pdf\" target=\"_self\" role=\"button\" rel=\"noopener\">\n\t\t\t\t\t\t\tLaden Sie die Brosch\u00fcre zu Sitzung 6 herunter\n\t\t\t\t\t<\/a>\n<h2>\n\t\tNehemiah-Sitzungen in der YouVersion Bible App\n\t<\/h2>\n\t<p><em>Verwenden Sie die Bibel-App bereits auf Ihrem Smartphone?<\/em><\/p>\n<p>Du kannst jetzt family.fit in deiner Bibel-App erleben.<\/p>\n\t\t\t\t<img loading=\"lazy\" decoding=\"async\" src=\"https:\/\/family.fit\/wp-content\/uploads\/2021\/03\/bible-app-icon-150x150.png\" alt=\"bible app icon\" itemprop=\"image\" height=\"150\" width=\"150\" title=\"Bibel App Symbol\" onerror=\"this.style.display='none'\"  \/>\n\t\t\t<a href=\"https:\/\/www.bible.com\/en-GB\/reading-plans\/30848-familyfit-nehemiah\" target=\"_self\" role=\"button\" rel=\"noopener\">\n\t\t\t\t\t\t\tfamilyFit in der Bibel-App\n\t\t\t\t\t<\/a>\n\t\t\t\t<img loading=\"lazy\" decoding=\"async\" src=\"https:\/\/family.fit\/wp-content\/uploads\/2020\/06\/dancing-family.png\" alt=\"dancing family\" itemprop=\"image\" height=\"1200\" width=\"1036\" title=\"tanzende Familie\" onerror=\"this.style.display='none'\"  \/>\n<h2>\n\t\tUm mehr herauszufinden\n\t<\/h2>\n\t<p>Um mehr \u00fcber family.fit zu erfahren, schau dir dieses Video an!<\/p>\n\t<iframe allowfullscreen allow=\"autoplay\" src=\"https:\/\/www.youtube.com\/embed\/jujW3P-yEAM?feature=oembed&amp;start&amp;end&amp;wmode=opaque&amp;loop=0&amp;controls=1&amp;mute=0&amp;rel=0&amp;modestbranding=1\"><\/iframe>","protected":false},"excerpt":{"rendered":"<p>Willkommen bei family.fit! Es stehen sechs Sitzungen zur Verf\u00fcgung, die Sie als Familie durchf\u00fchren k\u00f6nnen. Jede Sitzung ist als PDF verf\u00fcgbar, das Sie \u00fcber die Schaltfl\u00e4chen unten herunterladen k\u00f6nnen. Die ersten drei Sitzungen haben auch Videos, die Sie sich ansehen k\u00f6nnen. Sitzung 1: Erneuern Sie unsere Herzen Laden Sie die Brosch\u00fcre zu Sitzung 1 herunter Sitzung 2: Erneuern Sie unsere\u2026<\/p>","protected":false},"author":1,"featured_media":0,"parent":0,"menu_order":0,"comment_status":"closed","ping_status":"closed","template":"","meta":{"_acf_changed":false,"_seopress_robots_primary_cat":"","_seopress_titles_title":"","_seopress_titles_desc":"","_seopress_robots_index":"","footnotes":""},"ff_language":[],"class_list":["post-8319","page","type-page","status-publish","hentry"],"acf":[],"_links":{"self":[{"href":"https:\/\/family.fit\/de\/wp-json\/wp\/v2\/pages\/8319","targetHints":{"allow":["GET"]}}],"collection":[{"href":"https:\/\/family.fit\/de\/wp-json\/wp\/v2\/pages"}],"about":[{"href":"https:\/\/family.fit\/de\/wp-json\/wp\/v2\/types\/page"}],"author":[{"embeddable":true,"href":"https:\/\/family.fit\/de\/wp-json\/wp\/v2\/users\/1"}],"replies":[{"embeddable":true,"href":"https:\/\/family.fit\/de\/wp-json\/wp\/v2\/comments?post=8319"}],"version-history":[{"count":12,"href":"https:\/\/family.fit\/de\/wp-json\/wp\/v2\/pages\/8319\/revisions"}],"predecessor-version":[{"id":8458,"href":"https:\/\/family.fit\/de\/wp-json\/wp\/v2\/pages\/8319\/revisions\/8458"}],"wp:attachment":[{"href":"https:\/\/family.fit\/de\/wp-json\/wp\/v2\/media?parent=8319"}],"wp:term":[{"taxonomy":"ff_language","embeddable":true,"href":"https:\/\/family.fit\/de\/wp-json\/wp\/v2\/ff_language?post=8319"}],"curies":[{"name":"wp","href":"https:\/\/api.w.org\/{rel}","templated":true}]}}