{"id":8345,"date":"2022-03-17T17:18:03","date_gmt":"2022-03-17T17:18:03","guid":{"rendered":"https:\/\/family.fit\/?page_id=8345"},"modified":"2022-03-29T16:24:30","modified_gmt":"2022-03-29T16:24:30","slug":"ukrainian","status":"publish","type":"page","link":"https:\/\/family.fit\/de\/translations\/ukrainian\/","title":{"rendered":"ukrainisch"},"content":{"rendered":"\n\n\t\t\t\t<img loading=\"lazy\" decoding=\"async\" src=\"https:\/\/family.fit\/wp-content\/uploads\/2022\/03\/ukraine-150x150.png\" alt=\"ukraine\" itemprop=\"image\" height=\"150\" width=\"150\" title=\"ukraine\" onerror=\"this.style.display='none'\"  \/>\n<h1>\n\t\tUkrainian\n\t<\/h1>\n\t\t\t\tGrowing Together\n\t\t\t\t\t\t\tGrowing Together\n\t\t\t\t<h3>Growing Together<\/h3>\n<table id=\"dlp_be809c05f50e44d8_1\" class=\"posts-data-table\" width=\"100%\" data-config=\"{&quot;pageLength&quot;:25,&quot;pagingType&quot;:&quot;numbers&quot;,&quot;serverSide&quot;:false,&quot;autoWidth&quot;:true,&quot;clickFilter&quot;:&quot;&quot;,&quot;stickyHeader&quot;:false,&quot;scrollOffset&quot;:15,&quot;resetButton&quot;:false,&quot;numOrder&quot;:false,&quot;lengthMenu&quot;:[[10,25,50,100,-1],[10,25,50,100,&quot;Alle&quot;]],&quot;columnDefs&quot;:[{&quot;className&quot;:&quot;col-session_title&quot;,&quot;targets&quot;:0,&quot;type&quot;:&quot;html&quot;},{&quot;className&quot;:&quot;col-session&quot;,&quot;targets&quot;:1,&quot;type&quot;:&quot;html&quot;},{&quot;className&quot;:&quot;col-link&quot;,&quot;targets&quot;:2,&quot;type&quot;:&quot;html&quot;}],&quot;responsive&quot;:{&quot;details&quot;:{&quot;display&quot;:&quot;child_row&quot;}},&quot;language&quot;:{&quot;info&quot;:&quot;_TOTAL_ dokumente&quot;,&quot;infoEmpty&quot;:&quot;0 _BEITR\\u00c4GE_&quot;,&quot;emptyTable&quot;:&quot;Keine passenden dokumente.&quot;,&quot;zeroRecords&quot;:&quot;Keine passenden dokumente.&quot;,&quot;totalsSingle&quot;:&quot;dokument&quot;,&quot;totalsPlural&quot;:&quot;dokumente&quot;},&quot;dom&quot;:&quot;&lt;\\&quot;posts-table-wrapper bb-theme\\&quot;&lt;\\&quot;posts-table-above posts-table-controls\\&quot;&gt;t&lt;\\&quot;posts-table-below posts-table-controls\\&quot;p&gt;&gt;&quot;,&quot;multiDownloadButton&quot;:false,&quot;multiDownloadPosition&quot;:&quot;above&quot;,&quot;multiDownloadText&quot;:&quot;Download Selected Documents&quot;}\" data-filters=\"false\" data-order=\"[]\"><thead><tr><th class=\"all\" data-name=\"cf_session_title\" data-orderable=\"true\" data-searchable=\"true\" data-priority=\"1\">Session Title<\/th><th data-name=\"cf_session\" data-orderable=\"true\" data-searchable=\"true\" data-priority=\"2\">Session<\/th><th data-name=\"link\" data-orderable=\"false\" data-searchable=\"false\" data-priority=\"3\">Link<\/th><\/tr><\/thead><tbody><tr id=\"post-row-8339\" class=\"post-row post-type-dlp_document dlp_document-8339 publish\"><td><p>How to be kind to others<\/p>\n<\/td><td>1<\/td><td><div class=\"dlp-table-document-link-wrap\"><a href=\"https:\/\/family.fit\/wp-content\/uploads\/2022\/03\/Growing-Together-wk-01-Kindness-final-uk.pdf\" class=\"dlp-download-link dlp-download-button document-library-pro-button button btn\" data-download-id=\"8339\" >Download<\/a><\/div><\/td><\/tr><tr id=\"post-row-8341\" class=\"post-row post-type-dlp_document dlp_document-8341 publish\"><td><p>What gives us joy?<\/p>\n<\/td><td>2<\/td><td><div class=\"dlp-table-document-link-wrap\"><a href=\"https:\/\/family.fit\/wp-content\/uploads\/2022\/03\/Growing-Together-wk-02-Joy-final-uk.pdf\" class=\"dlp-download-link dlp-download-button document-library-pro-button button btn\" data-download-id=\"8341\" >Download<\/a><\/div><\/td><\/tr><tr id=\"post-row-8343\" class=\"post-row post-type-dlp_document dlp_document-8343 publish\"><td><p>How do I know I am loved?<\/p>\n<\/td><td>3<\/td><td><div class=\"dlp-table-document-link-wrap\"><a href=\"https:\/\/family.fit\/wp-content\/uploads\/2022\/03\/Growing-Together-wk-03-Love-final-uk.pdf\" class=\"dlp-download-link dlp-download-button document-library-pro-button button btn\" data-download-id=\"8343\" >Download<\/a><\/div><\/td><\/tr><tr id=\"post-row-8371\" class=\"post-row post-type-dlp_document dlp_document-8371 publish\"><td><p>How am I teachable?<\/p>\n<\/td><td>4<\/td><td><div class=\"dlp-table-document-link-wrap\"><a href=\"https:\/\/family.fit\/wp-content\/uploads\/2022\/03\/Growing-Together-wk-04-Teachable-finaluk.pdf\" class=\"dlp-download-link dlp-download-button document-library-pro-button button btn\" data-download-id=\"8371\" >Download<\/a><\/div><\/td><\/tr><tr id=\"post-row-8373\" class=\"post-row post-type-dlp_document dlp_document-8373 publish\"><td><p>Does my life have purpose?<\/p>\n<\/td><td>5<\/td><td><div class=\"dlp-table-document-link-wrap\"><a href=\"https:\/\/family.fit\/wp-content\/uploads\/2022\/03\/Growing-Together-wk-05-Purpose-finaluk.pdf\" class=\"dlp-download-link dlp-download-button document-library-pro-button button btn\" data-download-id=\"8373\" >Download<\/a><\/div><\/td><\/tr><tr id=\"post-row-8375\" class=\"post-row post-type-dlp_document dlp_document-8375 publish\"><td><p>Do I have self-control?<\/p>\n<\/td><td>6<\/td><td><div class=\"dlp-table-document-link-wrap\"><a href=\"https:\/\/family.fit\/wp-content\/uploads\/2022\/03\/Growing-Together-wk-06-Self-control-finaluk.pdf\" class=\"dlp-download-link dlp-download-button document-library-pro-button button btn\" data-download-id=\"8375\" >Download<\/a><\/div><\/td><\/tr><tr id=\"post-row-8377\" class=\"post-row post-type-dlp_document dlp_document-8377 publish\"><td><p>Am I a team player?<\/p>\n<\/td><td>7<\/td><td><div class=\"dlp-table-document-link-wrap\"><a href=\"https:\/\/family.fit\/wp-content\/uploads\/2022\/03\/Growing-Together-wk-07-Team-player-final-uk.pdf\" class=\"dlp-download-link dlp-download-button document-library-pro-button button btn\" data-download-id=\"8377\" >Download<\/a><\/div><\/td><\/tr><tr id=\"post-row-8379\" class=\"post-row post-type-dlp_document dlp_document-8379 publish\"><td><p>Am I trustworthy?<\/p>\n<\/td><td>8<\/td><td><div class=\"dlp-table-document-link-wrap\"><a href=\"https:\/\/family.fit\/wp-content\/uploads\/2022\/03\/Growing-Together-wk-08-Trust-final-uk.pdf\" class=\"dlp-download-link dlp-download-button document-library-pro-button button btn\" data-download-id=\"8379\" >Download<\/a><\/div><\/td><\/tr><tr id=\"post-row-8384\" class=\"post-row post-type-dlp_document dlp_document-8384 publish\"><td><p>Is my life a good example?<\/p>\n<\/td><td>9<\/td><td><div class=\"dlp-table-document-link-wrap\"><a href=\"https:\/\/family.fit\/wp-content\/uploads\/2022\/03\/Growing-Together-wk-09-Example-final-uk.pdf\" class=\"dlp-download-link dlp-download-button document-library-pro-button button btn\" data-download-id=\"8384\" >Download<\/a><\/div><\/td><\/tr><\/tbody><\/table>\n\t<p>All the sessions are available to download as PDF documents. You will need a PDF reader in order to view them. If you do not already have one then you can download the Acrobat Reader via the button below, or simply search the web for &#8220;download pdf reader&#8221; for an alternative.<\/p>\n\t\t\t<a href=\"https:\/\/get.adobe.com\/uk\/reader\/\" target=\"_blank\" role=\"button\" rel=\"noopener\">\n\t\t\t\t\t\tDownload Acrobat Reader\n\t\t\t\t\t<\/a>\n\n","protected":false},"excerpt":{"rendered":"<p>Ukrainisch Zusammen wachsen Zusammen wachsen Zusammen wachsen Alle Sitzungen stehen als PDF-Dokumente zum Download bereit. Zum Betrachten ben\u00f6tigen Sie einen PDF-Reader. Wenn Sie noch keinen haben, k\u00f6nnen Sie den Acrobat Reader \u00fcber die Schaltfl\u00e4che unten herunterladen oder einfach im Internet nach \u201edownload pdf reader\u201c suchen\u2026<\/p>","protected":false},"author":1,"featured_media":0,"parent":473,"menu_order":0,"comment_status":"closed","ping_status":"closed","template":"","meta":{"_acf_changed":false,"_seopress_robots_primary_cat":"","_seopress_titles_title":"","_seopress_titles_desc":"","_seopress_robots_index":"","footnotes":""},"ff_language":[],"class_list":["post-8345","page","type-page","status-publish","hentry"],"acf":[],"_links":{"self":[{"href":"https:\/\/family.fit\/de\/wp-json\/wp\/v2\/pages\/8345","targetHints":{"allow":["GET"]}}],"collection":[{"href":"https:\/\/family.fit\/de\/wp-json\/wp\/v2\/pages"}],"about":[{"href":"https:\/\/family.fit\/de\/wp-json\/wp\/v2\/types\/page"}],"author":[{"embeddable":true,"href":"https:\/\/family.fit\/de\/wp-json\/wp\/v2\/users\/1"}],"replies":[{"embeddable":true,"href":"https:\/\/family.fit\/de\/wp-json\/wp\/v2\/comments?post=8345"}],"version-history":[{"count":5,"href":"https:\/\/family.fit\/de\/wp-json\/wp\/v2\/pages\/8345\/revisions"}],"predecessor-version":[{"id":8386,"href":"https:\/\/family.fit\/de\/wp-json\/wp\/v2\/pages\/8345\/revisions\/8386"}],"up":[{"embeddable":true,"href":"https:\/\/family.fit\/de\/wp-json\/wp\/v2\/pages\/473"}],"wp:attachment":[{"href":"https:\/\/family.fit\/de\/wp-json\/wp\/v2\/media?parent=8345"}],"wp:term":[{"taxonomy":"ff_language","embeddable":true,"href":"https:\/\/family.fit\/de\/wp-json\/wp\/v2\/ff_language?post=8345"}],"curies":[{"name":"wp","href":"https:\/\/api.w.org\/{rel}","templated":true}]}}