{"id":8390,"date":"2022-03-31T15:41:14","date_gmt":"2022-03-31T15:41:14","guid":{"rendered":"https:\/\/family.fit\/?page_id=8390"},"modified":"2022-04-01T07:58:36","modified_gmt":"2022-04-01T07:58:36","slug":"prayerfit","status":"publish","type":"page","link":"https:\/\/family.fit\/de\/prayerfit\/","title":{"rendered":"GebetFit"},"content":{"rendered":"<h1>\n\t\tGebetFit\n\t<\/h1>\n\t<p>Verbinden Sie Prayer mit Ihrem Fitnessprogramm! Diese Ressource enth\u00e4lt Anweisungen f\u00fcr ein aktives und unterhaltsames Gebetsereignis f\u00fcr die Familie (oder Freundschaftsgruppe). Die Aktionsstationen richten sich an Gl\u00e4ubige, die beten m\u00f6chten. Die Aktivit\u00e4ten gehen davon aus, dass die Menschen etwas Hilfe brauchen, um aktiv zu werden und sinnvoll zu beten, w\u00e4hrend sie trainieren. Diese Brosch\u00fcre enth\u00e4lt Anweisungen f\u00fcr vier Gebetsaktivit\u00e4tsstationen. Sie sind f\u00fcr gro\u00dfe Gruppen gedacht, die Familien, Haushalte, Freundschaftsgruppen, Bibelstudiengruppen oder jede Altersgruppe als Gebetsveranstaltung umfassen k\u00f6nnen. Jede angebotene Feier, Mahlzeit oder Erfrischung erm\u00f6glicht es den Menschen, sich zu erholen, zu teilen und mehr Gemeinschaft miteinander zu genie\u00dfen.<\/p>\n\t\t\t\t<img loading=\"lazy\" decoding=\"async\" src=\"https:\/\/family.fit\/wp-content\/uploads\/2022\/03\/PrayerFit-Activity-Stations-cover.jpg\" alt=\"PrayerFit Activity Stations cover\" itemprop=\"image\" height=\"1278\" width=\"600\" title=\"Abdeckung der PrayerFit-Aktivit\u00e4tsstationen\" onerror=\"this.style.display='none'\"  \/>\n\t\t<h4>Leitfaden f\u00fcr Aktivit\u00e4tsstationen<\/h4>\n\t\t\t<a href=\"https:\/\/family.fit\/wp-content\/uploads\/2022\/03\/PrayerFit-Activity-Stations-v14.pdf\" target=\"_self\" role=\"button\" rel=\"noopener\">\n\t\t\t\t\t\t\tDOWNLOAD\n\t\t\t\t\t<\/a>\n\t\t<h4>Top 10 PrayerFit-Ideen<\/h4>\n\t\t\t<a href=\"https:\/\/family.fit\/wp-content\/uploads\/2022\/03\/Top-10-PrayerFit-ideas-v14.pdf\" target=\"_self\" role=\"button\" rel=\"noopener\">\n\t\t\t\t\t\t\tDOWNLOAD\n\t\t\t\t\t<\/a>\n\t\t<h4>Move Cube A4 Papiervorlage<\/h4>\n\t\t\t<a href=\"https:\/\/family.fit\/wp-content\/uploads\/2022\/03\/Move-Cube-A4.pdf\" target=\"_self\" role=\"button\" rel=\"noopener\">\n\t\t\t\t\t\t\tDOWNLOAD\n\t\t\t\t\t<\/a>\n\t\t<h4>Move Cube A4 Papiervorlage<\/h4>\n\t\t\t<a href=\"https:\/\/family.fit\/wp-content\/uploads\/2022\/03\/Move-Cube-A3.pdf\" target=\"_self\" role=\"button\" rel=\"noopener\">\n\t\t\t\t\t\t\tDOWNLOAD\n\t\t\t\t\t<\/a>\n\t\t<h4>Move Cube Giant Ausdrucke<\/h4>\n\t\t\t<a href=\"https:\/\/family.fit\/wp-content\/uploads\/2022\/03\/Move-Cube-six-A4-sheets.pdf\" target=\"_self\" role=\"button\" rel=\"noopener\">\n\t\t\t\t\t\t\tDOWNLOAD\n\t\t\t\t\t<\/a>\n\t\t<h4>Move Cube \u00dcbungsdiagramm<\/h4>\n\t\t\t<a href=\"https:\/\/family.fit\/wp-content\/uploads\/2022\/04\/Move-cube-symbols-v4.pdf\" target=\"_self\" role=\"button\" rel=\"noopener\">\n\t\t\t\t\t\t\tDOWNLOAD\n\t\t\t\t\t<\/a>\n\t\t<h4>Move Cube 3D-Druckercode<\/h4>\n\t\t\t<a href=\"https:\/\/family.fit\/wp-content\/uploads\/2022\/04\/Move-Cube-3D-print-v2.stl\" target=\"_self\" role=\"button\" rel=\"noopener\">\n\t\t\t\t\t\t\tDOWNLOAD\n\t\t\t\t\t<\/a>","protected":false},"excerpt":{"rendered":"<p>PrayerFit Verbinden Sie Prayer mit Ihrem Fitnessprogramm! Diese Ressource enth\u00e4lt Anweisungen f\u00fcr ein aktives und unterhaltsames Gebetsereignis f\u00fcr die Familie (oder Freundschaftsgruppe). Die Aktionsstationen richten sich an Gl\u00e4ubige, die beten m\u00f6chten. Die Aktivit\u00e4ten gehen davon aus, dass die Menschen etwas Hilfe brauchen, um aktiv zu werden und sinnvoll zu beten, w\u00e4hrend sie trainieren. Dieses Heft enth\u00e4lt Anleitungen f\u00fcr vier \u2026<\/p>","protected":false},"author":1,"featured_media":0,"parent":0,"menu_order":0,"comment_status":"closed","ping_status":"closed","template":"","meta":{"_acf_changed":false,"_seopress_robots_primary_cat":"","_seopress_titles_title":"","_seopress_titles_desc":"","_seopress_robots_index":"","footnotes":""},"ff_language":[],"class_list":["post-8390","page","type-page","status-publish","hentry"],"acf":[],"_links":{"self":[{"href":"https:\/\/family.fit\/de\/wp-json\/wp\/v2\/pages\/8390","targetHints":{"allow":["GET"]}}],"collection":[{"href":"https:\/\/family.fit\/de\/wp-json\/wp\/v2\/pages"}],"about":[{"href":"https:\/\/family.fit\/de\/wp-json\/wp\/v2\/types\/page"}],"author":[{"embeddable":true,"href":"https:\/\/family.fit\/de\/wp-json\/wp\/v2\/users\/1"}],"replies":[{"embeddable":true,"href":"https:\/\/family.fit\/de\/wp-json\/wp\/v2\/comments?post=8390"}],"version-history":[{"count":9,"href":"https:\/\/family.fit\/de\/wp-json\/wp\/v2\/pages\/8390\/revisions"}],"predecessor-version":[{"id":8420,"href":"https:\/\/family.fit\/de\/wp-json\/wp\/v2\/pages\/8390\/revisions\/8420"}],"wp:attachment":[{"href":"https:\/\/family.fit\/de\/wp-json\/wp\/v2\/media?parent=8390"}],"wp:term":[{"taxonomy":"ff_language","embeddable":true,"href":"https:\/\/family.fit\/de\/wp-json\/wp\/v2\/ff_language?post=8390"}],"curies":[{"name":"wp","href":"https:\/\/api.w.org\/{rel}","templated":true}]}}