{"id":8399,"date":"2022-03-31T16:40:58","date_gmt":"2022-03-31T16:40:58","guid":{"rendered":"https:\/\/family.fit\/?page_id=8399"},"modified":"2022-04-11T09:14:22","modified_gmt":"2022-04-11T09:14:22","slug":"training","status":"publish","type":"page","link":"https:\/\/family.fit\/de\/training\/","title":{"rendered":"Ausbildung"},"content":{"rendered":"<h1>\n\t\tFamilyFit Training und Orientierung\n\t<\/h1>\n\t<p>Wenn Sie mehr \u00fcber family.fit erfahren oder f\u00fcr andere Schulungen zur Nutzung von family.fit durchf\u00fchren m\u00f6chten, dann sind Sie hier genau richtig!<\/p>\n<p>Die folgenden Informationen k\u00f6nnen von Eltern, ganzen Familien, Kirchen- und Jugendleitern verwendet werden.<\/p>\n<p>Diese Schulungs- und Orientierungssitzung ist so strukturiert, dass Sie gemeinsam eine aktive Sitzung erleben und dann \u00fcber Ihre Erfahrung nachdenken, um zu sehen, wie sie zu einer Gewohnheit und einem Werkzeug werden kann, um die J\u00fcngerschaft in der Familie zu unterst\u00fctzen.<\/p>\n<p>Laden Sie diese Sitzung \u00fcber die Schaltfl\u00e4che unten herunter.<\/p>\n\t\t<h4>Schulungs- und Orientierungssitzung<\/h4>\n\t\t\t<a href=\"https:\/\/family.fit\/wp-content\/uploads\/2022\/04\/FamilyFIT-training-session-v14.pdf\" target=\"_self\" role=\"button\" rel=\"noopener\">\n\t\t\t\t\t\t\tDOWNLOAD\n\t\t\t\t\t<\/a>\n<h3>\n\t\tTrainings- und Orientierungsvideo-Playlist\n\t<\/h3>\n\t<iframe allowfullscreen=\"\" allow=\"autoplay\" src=\"https:\/\/www.youtube.com\/embed\/1t9LWUtJBsw?feature=oembed&amp;start&amp;end&amp;wmode=opaque&amp;loop=0&amp;controls=1&amp;mute=0&amp;rel=0&amp;modestbranding=1\" title=\"Was ist familien.fit?\"><\/iframe>\t\n\t\t\tWas ist familien.fit?\n\t<iframe allowfullscreen=\"\" allow=\"autoplay\" src=\"https:\/\/www.youtube.com\/embed\/WVYx74qstyc?feature=oembed&amp;start&amp;end&amp;wmode=opaque&amp;loop=0&amp;controls=1&amp;mute=0&amp;rel=0&amp;modestbranding=1\" title=\"Willkommen bei family.fit\"><\/iframe>\t\n\t\t\tWillkommen bei family.fit\n\t<iframe allowfullscreen=\"\" allow=\"autoplay\" src=\"https:\/\/www.youtube.com\/embed\/LzWcI0-cFGs?feature=oembed&amp;start&amp;end&amp;wmode=opaque&amp;loop=0&amp;controls=1&amp;mute=0&amp;rel=0&amp;modestbranding=1\" title=\"familien.fit f\u00fcnf schritte\"><\/iframe>\t\n\t\t\tfamilien.fit f\u00fcnf schritte\n\t<iframe allowfullscreen=\"\" allow=\"autoplay\" src=\"https:\/\/www.youtube.com\/embed\/f96kRydXa1M?feature=oembed&amp;start&amp;end&amp;wmode=opaque&amp;loop=0&amp;controls=1&amp;mute=0&amp;rel=0&amp;modestbranding=1\" title=\"Wie Menschen weltweit family.fit nutzen\"><\/iframe>\t\n\t\t\tWie Menschen weltweit family.fit nutzen\n\t<iframe allowfullscreen=\"\" allow=\"autoplay\" src=\"https:\/\/www.youtube.com\/embed\/9B_xUmt-Oro?feature=oembed&amp;start&amp;end&amp;wmode=opaque&amp;loop=0&amp;controls=1&amp;mute=0&amp;rel=0&amp;modestbranding=1\" title=\"Vier M\u00f6glichkeiten, family.fit zu nutzen\"><\/iframe>\t\n\t\t\tVier M\u00f6glichkeiten, family.fit zu nutzen\n\t<iframe allowfullscreen=\"\" allow=\"autoplay\" src=\"https:\/\/www.youtube.com\/embed\/dHTxPgm-Y9g?feature=oembed&amp;start&amp;end&amp;wmode=opaque&amp;loop=0&amp;controls=1&amp;mute=0&amp;rel=0&amp;modestbranding=1\" title=\"Feedback aus der ganzen Welt (1)\"><\/iframe>\t\n\t\t\tFeedback aus der ganzen Welt (1)\n\t<iframe allowfullscreen=\"\" allow=\"autoplay\" src=\"https:\/\/www.youtube.com\/embed\/EpAs4ZhG0FA?feature=oembed&amp;start&amp;end&amp;wmode=opaque&amp;loop=0&amp;controls=1&amp;mute=0&amp;rel=0&amp;modestbranding=1\" title=\"Feedback aus der ganzen Welt (2)\"><\/iframe>\t\n\t\t\tFeedback aus der ganzen Welt (2)","protected":false},"excerpt":{"rendered":"<p>FamilyFit Schulung und Orientierung Wenn Sie mehr \u00fcber family.fit erfahren m\u00f6chten oder f\u00fcr andere Schulungen zur Nutzung von family.fit durchf\u00fchren m\u00f6chten, dann sind Sie hier genau richtig! Die nachstehenden Informationen k\u00f6nnen von Eltern, ganzen Familien, Kirchen- und Jugendleitern verwendet werden. Diese Schulungs- und Orientierungssitzung ist so strukturiert, dass \u2026<\/p>","protected":false},"author":1,"featured_media":0,"parent":0,"menu_order":0,"comment_status":"closed","ping_status":"closed","template":"","meta":{"_acf_changed":false,"_seopress_robots_primary_cat":"","_seopress_titles_title":"","_seopress_titles_desc":"","_seopress_robots_index":"","footnotes":""},"ff_language":[],"class_list":["post-8399","page","type-page","status-publish","hentry"],"acf":[],"_links":{"self":[{"href":"https:\/\/family.fit\/de\/wp-json\/wp\/v2\/pages\/8399","targetHints":{"allow":["GET"]}}],"collection":[{"href":"https:\/\/family.fit\/de\/wp-json\/wp\/v2\/pages"}],"about":[{"href":"https:\/\/family.fit\/de\/wp-json\/wp\/v2\/types\/page"}],"author":[{"embeddable":true,"href":"https:\/\/family.fit\/de\/wp-json\/wp\/v2\/users\/1"}],"replies":[{"embeddable":true,"href":"https:\/\/family.fit\/de\/wp-json\/wp\/v2\/comments?post=8399"}],"version-history":[{"count":9,"href":"https:\/\/family.fit\/de\/wp-json\/wp\/v2\/pages\/8399\/revisions"}],"predecessor-version":[{"id":8453,"href":"https:\/\/family.fit\/de\/wp-json\/wp\/v2\/pages\/8399\/revisions\/8453"}],"wp:attachment":[{"href":"https:\/\/family.fit\/de\/wp-json\/wp\/v2\/media?parent=8399"}],"wp:term":[{"taxonomy":"ff_language","embeddable":true,"href":"https:\/\/family.fit\/de\/wp-json\/wp\/v2\/ff_language?post=8399"}],"curies":[{"name":"wp","href":"https:\/\/api.w.org\/{rel}","templated":true}]}}