{"id":8403,"date":"2022-03-31T16:42:42","date_gmt":"2022-03-31T16:42:42","guid":{"rendered":"https:\/\/family.fit\/?page_id=8403"},"modified":"2022-04-01T08:20:52","modified_gmt":"2022-04-01T08:20:52","slug":"promotional-resources","status":"publish","type":"page","link":"https:\/\/family.fit\/de\/promotional-resources\/","title":{"rendered":"Werbemittel"},"content":{"rendered":"<h1>\n\t\tFamilyFit-Werbemittel\n\t<\/h1>\n\t<p>Wir haben einige Ressourcen zusammengestellt, die Sie bei der Bewerbung von family.fit hilfreich finden k\u00f6nnten. Sie k\u00f6nnen jede der folgenden Ressourcen verwenden und anpassen. Wenn Sie Fragen haben, z\u00f6gern Sie bitte nicht, sich mit uns in Verbindung zu setzen.<\/p>\n\t<iframe allowfullscreen=\"\" allow=\"autoplay\" src=\"https:\/\/www.youtube.com\/embed\/jujW3P-yEAM?feature=oembed&amp;start&amp;end&amp;wmode=opaque&amp;loop=0&amp;controls=1&amp;mute=0&amp;rel=0&amp;modestbranding=1\"><\/iframe>\t\n\t\t<h4>Laden Sie diese Pr\u00e4sentation als Powerpoint herunter<\/h4>\n\t\t\t<a href=\"https:\/\/family.fit\/wp-content\/uploads\/2022\/03\/FamilyFit-PowerPoint-2022-promo-video.pptx\" target=\"_self\" role=\"button\" rel=\"noopener\">\n\t\t\t\t\t\t\tDOWNLOAD\n\t\t\t\t\t<\/a>","protected":false},"excerpt":{"rendered":"<p>FamilyFit-Werberessourcen Wir haben einige Ressourcen zusammengestellt, die Sie bei der Bewerbung von family.fit hilfreich finden k\u00f6nnten. Sie k\u00f6nnen jede der folgenden Ressourcen verwenden und anpassen. Wenn Sie Fragen haben, z\u00f6gern Sie bitte nicht, sich mit uns in Verbindung zu setzen. Laden Sie diese Pr\u00e4sentation als Powerpoint-DOWNLOAD herunter<\/p>","protected":false},"author":1,"featured_media":0,"parent":0,"menu_order":0,"comment_status":"closed","ping_status":"closed","template":"","meta":{"_acf_changed":false,"_seopress_robots_primary_cat":"","_seopress_titles_title":"","_seopress_titles_desc":"","_seopress_robots_index":"","footnotes":""},"ff_language":[],"class_list":["post-8403","page","type-page","status-publish","hentry"],"acf":[],"_links":{"self":[{"href":"https:\/\/family.fit\/de\/wp-json\/wp\/v2\/pages\/8403","targetHints":{"allow":["GET"]}}],"collection":[{"href":"https:\/\/family.fit\/de\/wp-json\/wp\/v2\/pages"}],"about":[{"href":"https:\/\/family.fit\/de\/wp-json\/wp\/v2\/types\/page"}],"author":[{"embeddable":true,"href":"https:\/\/family.fit\/de\/wp-json\/wp\/v2\/users\/1"}],"replies":[{"embeddable":true,"href":"https:\/\/family.fit\/de\/wp-json\/wp\/v2\/comments?post=8403"}],"version-history":[{"count":4,"href":"https:\/\/family.fit\/de\/wp-json\/wp\/v2\/pages\/8403\/revisions"}],"predecessor-version":[{"id":8422,"href":"https:\/\/family.fit\/de\/wp-json\/wp\/v2\/pages\/8403\/revisions\/8422"}],"wp:attachment":[{"href":"https:\/\/family.fit\/de\/wp-json\/wp\/v2\/media?parent=8403"}],"wp:term":[{"taxonomy":"ff_language","embeddable":true,"href":"https:\/\/family.fit\/de\/wp-json\/wp\/v2\/ff_language?post=8403"}],"curies":[{"name":"wp","href":"https:\/\/api.w.org\/{rel}","templated":true}]}}