{"id":1758,"date":"2020-07-24T13:46:54","date_gmt":"2020-07-24T13:46:54","guid":{"rendered":"https:\/\/family.fit\/?page_id=1758"},"modified":"2021-04-23T15:12:45","modified_gmt":"2021-04-23T15:12:45","slug":"fula","status":"publish","type":"page","link":"https:\/\/family.fit\/es\/translations\/fula\/","title":{"rendered":"Fula"},"content":{"rendered":"\n\n\t\t\t\t<img loading=\"lazy\" decoding=\"async\" src=\"https:\/\/family.fit\/wp-content\/uploads\/2020\/07\/fula-150x150.png\" alt=\"fula\" itemprop=\"image\" height=\"150\" width=\"150\" title=\"fula\" onerror=\"this.style.display='none'\"  \/>\n<h1>\n\t\tFula\n\t<\/h1>\n\t\t\t\t\t\t\t\t\t\t\t\t\t\t\t\t\tGrowing Together\n\t\t\t\t\t\t\tGrowing Together\n\t\t\t\t<h3>Growing Together<\/h3>\n<table id=\"dlp_c98fad407259c1d2_1\" class=\"posts-data-table\" width=\"100%\" data-config=\"{&quot;pageLength&quot;:25,&quot;pagingType&quot;:&quot;numbers&quot;,&quot;serverSide&quot;:false,&quot;autoWidth&quot;:true,&quot;clickFilter&quot;:&quot;&quot;,&quot;stickyHeader&quot;:false,&quot;scrollOffset&quot;:15,&quot;resetButton&quot;:false,&quot;numOrder&quot;:false,&quot;lengthMenu&quot;:[[10,25,50,100,-1],[10,25,50,100,&quot;All&quot;]],&quot;columnDefs&quot;:[{&quot;className&quot;:&quot;col-session_title&quot;,&quot;targets&quot;:0,&quot;type&quot;:&quot;html&quot;},{&quot;className&quot;:&quot;col-session&quot;,&quot;targets&quot;:1,&quot;type&quot;:&quot;html&quot;},{&quot;className&quot;:&quot;col-link&quot;,&quot;targets&quot;:2,&quot;type&quot;:&quot;html&quot;}],&quot;responsive&quot;:{&quot;details&quot;:{&quot;display&quot;:&quot;child_row&quot;}},&quot;language&quot;:{&quot;info&quot;:&quot;_TOTAL_ documents&quot;,&quot;infoEmpty&quot;:&quot;0 documents&quot;,&quot;emptyTable&quot;:&quot;No matching documents.&quot;,&quot;zeroRecords&quot;:&quot;No matching documents.&quot;,&quot;totalsSingle&quot;:&quot;document&quot;,&quot;totalsPlural&quot;:&quot;documents&quot;},&quot;dom&quot;:&quot;&lt;\\&quot;posts-table-wrapper bb-theme\\&quot;&lt;\\&quot;posts-table-above posts-table-controls\\&quot;&gt;t&lt;\\&quot;posts-table-below posts-table-controls\\&quot;p&gt;&gt;&quot;,&quot;multiDownloadButton&quot;:false,&quot;multiDownloadPosition&quot;:&quot;above&quot;,&quot;multiDownloadText&quot;:&quot;Download Selected Documents&quot;}\" data-filters=\"false\" data-order=\"[]\"><thead><tr><th class=\"all\" data-name=\"cf_session_title\" data-orderable=\"true\" data-searchable=\"true\" data-priority=\"1\">Session Title<\/th><th data-name=\"cf_session\" data-orderable=\"true\" data-searchable=\"true\" data-priority=\"2\">Session<\/th><th data-name=\"link\" data-orderable=\"false\" data-searchable=\"false\" data-priority=\"3\">Link<\/th><\/tr><\/thead><tbody><tr id=\"post-row-4826\" class=\"post-row post-type-dlp_document dlp_document-4826 publish\"><td><p>How to be kind to others<\/p>\n<\/td><td>1<\/td><td><div class=\"dlp-table-document-link-wrap\"><a href=\"https:\/\/family.fit\/wp-content\/uploads\/2020\/07\/Growing-Together-Week-1-Kindness-finalff.pdf\" class=\"dlp-download-link dlp-download-button document-library-pro-button button btn\" data-download-id=\"4826\"  >Download<\/a><\/div><\/td><\/tr><tr id=\"post-row-4869\" class=\"post-row post-type-dlp_document dlp_document-4869 publish\"><td><p>What gives us joy?<\/p>\n<\/td><td>2<\/td><td><div class=\"dlp-table-document-link-wrap\"><a href=\"https:\/\/family.fit\/wp-content\/uploads\/2020\/07\/Growing-Together-Week-2-Joy-finalff.pdf\" class=\"dlp-download-link dlp-download-button document-library-pro-button button btn\" data-download-id=\"4869\"  >Download<\/a><\/div><\/td><\/tr><\/tbody><\/table>\n\t<p>All the sessions are available to download as PDF documents. You will need a PDF reader in order to view them. If you do not already have one then you can download the Acrobat Reader via the button below, or simply search the web for &#8220;download pdf reader&#8221; for an alternative.<\/p>\n\t\t\t<a href=\"https:\/\/get.adobe.com\/uk\/reader\/\" target=\"_blank\" role=\"button\" rel=\"noopener\">\n\t\t\t\t\t\tDownload Acrobat Reader\n\t\t\t\t\t<\/a>\n\n","protected":false},"excerpt":{"rendered":"<p>Fula Creciendo Juntos Creciendo Juntos Creciendo Juntos Todas las sesiones est\u00e1n disponibles para descargar como documentos PDF. Necesitar\u00e1 un lector de PDF para poder verlos. Si a\u00fan no tiene uno, puede descargar Acrobat Reader a trav\u00e9s del bot\u00f3n a continuaci\u00f3n, o simplemente buscar en la web &quot;descargar lector de pdf&quot;...<\/p>","protected":false},"author":1,"featured_media":0,"parent":473,"menu_order":0,"comment_status":"closed","ping_status":"closed","template":"","meta":{"_acf_changed":false,"_seopress_robots_primary_cat":"","_seopress_titles_title":"","_seopress_titles_desc":"","_seopress_robots_index":"","footnotes":""},"ff_language":[],"class_list":["post-1758","page","type-page","status-publish","hentry"],"acf":[],"_links":{"self":[{"href":"https:\/\/family.fit\/es\/wp-json\/wp\/v2\/pages\/1758","targetHints":{"allow":["GET"]}}],"collection":[{"href":"https:\/\/family.fit\/es\/wp-json\/wp\/v2\/pages"}],"about":[{"href":"https:\/\/family.fit\/es\/wp-json\/wp\/v2\/types\/page"}],"author":[{"embeddable":true,"href":"https:\/\/family.fit\/es\/wp-json\/wp\/v2\/users\/1"}],"replies":[{"embeddable":true,"href":"https:\/\/family.fit\/es\/wp-json\/wp\/v2\/comments?post=1758"}],"version-history":[{"count":0,"href":"https:\/\/family.fit\/es\/wp-json\/wp\/v2\/pages\/1758\/revisions"}],"up":[{"embeddable":true,"href":"https:\/\/family.fit\/es\/wp-json\/wp\/v2\/pages\/473"}],"wp:attachment":[{"href":"https:\/\/family.fit\/es\/wp-json\/wp\/v2\/media?parent=1758"}],"wp:term":[{"taxonomy":"ff_language","embeddable":true,"href":"https:\/\/family.fit\/es\/wp-json\/wp\/v2\/ff_language?post=1758"}],"curies":[{"name":"wp","href":"https:\/\/api.w.org\/{rel}","templated":true}]}}