{"id":2818,"date":"2020-12-01T23:34:49","date_gmt":"2020-12-01T23:34:49","guid":{"rendered":"https:\/\/family.fit\/?page_id=2818"},"modified":"2021-12-03T11:18:31","modified_gmt":"2021-12-03T11:18:31","slug":"build-your-own","status":"publish","type":"page","link":"https:\/\/family.fit\/es\/build-your-own\/","title":{"rendered":"Construye tu propio"},"content":{"rendered":"\n\n\t<p>&#8220;Build Your Own&#8221; family.fit is here! The theme of this first programme is Healthy Attitudes. Each family.fit Build Your Own programme gives you and your family the flexibility to build your own unique sessions every week for 10 weeks.\u00a0You&#8217;ll find sections on warm-up exercises, games, challenges, devotionals and discussion points.<\/p>\n<p>Download this one-page poster to print and hang on your wall. In three simple steps, your family can build your own active sessions.<\/p>\n<p>The library below contains all our Build Your Own sessions. If you are looking for a FULL session then <a href=\"https:\/\/family.fit\/en\/full\/\">try here<\/a>, or if you are looking for a FAST session then <a href=\"https:\/\/family.fit\/en\/fast\/\">try here<\/a>.<\/p>\n\t\t\t\tNeed guidance on using the table below? Click here.\n\t\t\t\t<p>To download any session as a PDF simply click the &#8216;Download&#8217; button for that session.<\/p>\n<p>If you wish to view the session on the website (currently only available for sessions in English) then simply click on the Session Title.<\/p>\n<p>If you know the session you are looking for then you can simply type it in the search box below at the top of the table and the sessions will automatically filter to return the best matches to your search term.<\/p>\n<p>If you wish to browse through all the session in a particular language then you can do that by clicking on a language name. The list will then be automatically filtered to only display sessions in that language.<\/p>\n<p>If you wish to sort the table below then you can do that by clicking on one of the column headers (e.g. &#8216;Format&#8217; or &#8216;Season&#8217;). By default the table is sorted by &#8216;Title&#8217;.<\/p>\n<p>If you wish to simply browse through the sessions then you can do that by simply scrolling down the page and choosing to load the next page of sessions. Alternatively you can choose to display more than 25 entries per page using the tool below.<\/p>\n<p>All of your choices (such as how many entries are displayed per page, or your search results) can be removed simply by pressing the &#8216;Reset&#8217; link below at the top of the table.<\/p>\n\t<table id=\"dlp_a7b83e346c2b0c43_1\" class=\"posts-data-table\" width=\"100%\" data-config=\"{&quot;pageLength&quot;:25,&quot;pagingType&quot;:&quot;numbers&quot;,&quot;serverSide&quot;:false,&quot;autoWidth&quot;:true,&quot;clickFilter&quot;:&quot;&quot;,&quot;stickyHeader&quot;:false,&quot;scrollOffset&quot;:15,&quot;resetButton&quot;:false,&quot;numOrder&quot;:false,&quot;lengthMenu&quot;:[[10,25,50,100,-1],[10,25,50,100,&quot;All&quot;]],&quot;columnDefs&quot;:[{&quot;className&quot;:&quot;col-session_title&quot;,&quot;targets&quot;:0,&quot;type&quot;:&quot;html&quot;},{&quot;className&quot;:&quot;col-format&quot;,&quot;targets&quot;:1,&quot;type&quot;:&quot;html&quot;},{&quot;className&quot;:&quot;col-language&quot;,&quot;targets&quot;:2,&quot;type&quot;:&quot;html&quot;},{&quot;className&quot;:&quot;col-link&quot;,&quot;targets&quot;:3,&quot;type&quot;:&quot;html&quot;}],&quot;responsive&quot;:{&quot;details&quot;:{&quot;display&quot;:&quot;child_row&quot;}},&quot;language&quot;:{&quot;info&quot;:&quot;_TOTAL_ documents&quot;,&quot;infoEmpty&quot;:&quot;0 documents&quot;,&quot;emptyTable&quot;:&quot;No matching documents.&quot;,&quot;zeroRecords&quot;:&quot;No matching documents.&quot;,&quot;totalsSingle&quot;:&quot;document&quot;,&quot;totalsPlural&quot;:&quot;documents&quot;},&quot;dom&quot;:&quot;&lt;\\&quot;posts-table-wrapper bb-theme\\&quot;&lt;\\&quot;posts-table-above posts-table-controls\\&quot;f&gt;t&lt;\\&quot;posts-table-below posts-table-controls\\&quot;lip&gt;&gt;&quot;,&quot;multiDownloadButton&quot;:false,&quot;multiDownloadPosition&quot;:&quot;above&quot;,&quot;multiDownloadText&quot;:&quot;Download Selected Documents&quot;}\" data-filters=\"false\" data-order=\"[]\"><thead><tr><th class=\"all\" data-name=\"cf_session_title\" data-orderable=\"true\" data-searchable=\"true\" data-priority=\"1\">Session Title<\/th><th data-name=\"cf_format\" data-orderable=\"true\" data-searchable=\"true\" data-priority=\"4\">Format<\/th><th data-name=\"cf_language\" data-orderable=\"true\" data-searchable=\"true\" data-priority=\"3\">Language<\/th><th data-name=\"link\" data-orderable=\"false\" data-searchable=\"false\" data-priority=\"2\">Link<\/th><\/tr><\/thead><tbody><tr id=\"post-row-3502\" class=\"post-row post-type-dlp_document dlp_document-3502 publish\"><td><p>Healthy Attitudes<\/p>\n<\/td><td>BYO<\/td><td>Afrikaans (Afrikaans)<\/td><td><div class=\"dlp-table-document-link-wrap\"><a href=\"https:\/\/family.fit\/wp-content\/uploads\/2021\/01\/Build-Your-Own-1220af.pdf\" class=\"dlp-download-link dlp-download-button document-library-pro-button button btn\" data-download-id=\"3502\" >Download<\/a><\/div><\/td><\/tr><tr id=\"post-row-3504\" class=\"post-row post-type-dlp_document dlp_document-3504 publish\"><td><p>Healthy Attitudes<\/p>\n<\/td><td>BYO<\/td><td>Deutsch (German)<\/td><td><div class=\"dlp-table-document-link-wrap\"><a href=\"https:\/\/family.fit\/wp-content\/uploads\/2021\/01\/Build-Your-Own-1220de-DE.pdf\" class=\"dlp-download-link dlp-download-button document-library-pro-button button btn\" data-download-id=\"3504\" >Download<\/a><\/div><\/td><\/tr><tr id=\"post-row-3500\" class=\"post-row post-type-dlp_document dlp_document-3500 publish\"><td><p>Healthy Attitudes<\/p>\n<\/td><td>BYO<\/td><td>English (English)<\/td><td><div class=\"dlp-table-document-link-wrap\"><a href=\"https:\/\/family.fit\/wp-content\/uploads\/2020\/12\/FamilyFit-Build-your-own-one-page-FINAL.pdf\" class=\"dlp-download-link dlp-download-button document-library-pro-button button btn\" data-download-id=\"3500\" >Download<\/a><\/div><\/td><\/tr><tr id=\"post-row-3506\" class=\"post-row post-type-dlp_document dlp_document-3506 publish\"><td><p>Healthy Attitudes<\/p>\n<\/td><td>BYO<\/td><td>Espa\u00f1ol (Spanish)<\/td><td><div class=\"dlp-table-document-link-wrap\"><a href=\"https:\/\/family.fit\/wp-content\/uploads\/2021\/01\/Build-Your-Own-1220es-ES.pdf\" class=\"dlp-download-link dlp-download-button document-library-pro-button button btn\" data-download-id=\"3506\" >Download<\/a><\/div><\/td><\/tr><tr id=\"post-row-3508\" class=\"post-row post-type-dlp_document dlp_document-3508 publish\"><td><p>Healthy Attitudes<\/p>\n<\/td><td>BYO<\/td><td>Fran\u00e7ais (French)<\/td><td><div class=\"dlp-table-document-link-wrap\"><a href=\"https:\/\/family.fit\/wp-content\/uploads\/2021\/01\/Build-Your-Own-1220fr-FR.pdf\" class=\"dlp-download-link dlp-download-button document-library-pro-button button btn\" data-download-id=\"3508\" >Download<\/a><\/div><\/td><\/tr><tr id=\"post-row-3510\" class=\"post-row post-type-dlp_document dlp_document-3510 publish\"><td><p>Healthy Attitudes<\/p>\n<\/td><td>BYO<\/td><td>Portugu\u00eas (Portuguese BR)<\/td><td><div class=\"dlp-table-document-link-wrap\"><a href=\"https:\/\/family.fit\/wp-content\/uploads\/2021\/01\/Build-Your-Own-1220pt-BR.pdf\" class=\"dlp-download-link dlp-download-button document-library-pro-button button btn\" data-download-id=\"3510\" >Download<\/a><\/div><\/td><\/tr><tr id=\"post-row-3512\" class=\"post-row post-type-dlp_document dlp_document-3512 publish\"><td><p>Healthy Attitudes<\/p>\n<\/td><td>BYO<\/td><td>Srpski (Serbian)<\/td><td><div class=\"dlp-table-document-link-wrap\"><a href=\"https:\/\/family.fit\/wp-content\/uploads\/2021\/01\/Build-Your-Own-1220sr-Latn.pdf\" class=\"dlp-download-link dlp-download-button document-library-pro-button button btn\" data-download-id=\"3512\" >Download<\/a><\/div><\/td><\/tr><\/tbody><\/table>\n\n","protected":false},"excerpt":{"rendered":"<p>\u00a1La familia &quot;Construye la tuya propia&quot;. Fit ya est\u00e1 aqu\u00ed! El tema de este primer programa es Actitudes Saludables. Cada programa family.fit Build Your Own le brinda a usted y a su familia la flexibilidad de crear sus propias sesiones \u00fanicas cada semana durante 10 semanas. Encontrar\u00e1 secciones sobre ejercicios de calentamiento, juegos, desaf\u00edos, devocionales y puntos de discusi\u00f3n. Descargue este p\u00f3ster de una p\u00e1gina para...<\/p>","protected":false},"author":1,"featured_media":0,"parent":0,"menu_order":0,"comment_status":"closed","ping_status":"closed","template":"","meta":{"_acf_changed":false,"_seopress_robots_primary_cat":"","_seopress_titles_title":"","_seopress_titles_desc":"","_seopress_robots_index":"","footnotes":""},"ff_language":[],"class_list":["post-2818","page","type-page","status-publish","hentry"],"acf":[],"_links":{"self":[{"href":"https:\/\/family.fit\/es\/wp-json\/wp\/v2\/pages\/2818","targetHints":{"allow":["GET"]}}],"collection":[{"href":"https:\/\/family.fit\/es\/wp-json\/wp\/v2\/pages"}],"about":[{"href":"https:\/\/family.fit\/es\/wp-json\/wp\/v2\/types\/page"}],"author":[{"embeddable":true,"href":"https:\/\/family.fit\/es\/wp-json\/wp\/v2\/users\/1"}],"replies":[{"embeddable":true,"href":"https:\/\/family.fit\/es\/wp-json\/wp\/v2\/comments?post=2818"}],"version-history":[{"count":1,"href":"https:\/\/family.fit\/es\/wp-json\/wp\/v2\/pages\/2818\/revisions"}],"predecessor-version":[{"id":8277,"href":"https:\/\/family.fit\/es\/wp-json\/wp\/v2\/pages\/2818\/revisions\/8277"}],"wp:attachment":[{"href":"https:\/\/family.fit\/es\/wp-json\/wp\/v2\/media?parent=2818"}],"wp:term":[{"taxonomy":"ff_language","embeddable":true,"href":"https:\/\/family.fit\/es\/wp-json\/wp\/v2\/ff_language?post=2818"}],"curies":[{"name":"wp","href":"https:\/\/api.w.org\/{rel}","templated":true}]}}