{"id":3,"date":"2020-02-19T17:12:44","date_gmt":"2020-02-19T17:12:44","guid":{"rendered":"http:\/\/pd-toronto-1.com\/?page_id=3"},"modified":"2020-05-19T10:34:46","modified_gmt":"2020-05-19T10:34:46","slug":"privacy","status":"publish","type":"page","link":"https:\/\/family.fit\/es\/privacy\/","title":{"rendered":"Privacidad"},"content":{"rendered":"<h1>\n\t<\/h1>\n\t<h3>La privacidad importa, pero puede ser confuso. Esta p\u00e1gina explica nuestro enfoque de la privacidad y c\u00f3mo le afecta.<\/h3>\n<h4>Version corta<\/h4>\n<p>Recopilamos estad\u00edsticas an\u00f3nimas sobre su visita, como cu\u00e1les de nuestras p\u00e1ginas visit\u00f3.<\/p>\n<p>Algunos terceros como Facebook pueden saber que visit\u00f3 este sitio web, si utiliza sus servicios. No podemos controlarlos, pero no creemos que este conocimiento represente una amenaza para usted.<\/p>\n<p>Si se registra con nosotros, tenemos mucho cuidado de mantener su informaci\u00f3n segura y nunca la compartiremos con otros sin su permiso expreso.<\/p>\n<p>Nunca compartimos sus datos con terceros, excepto para ayudarnos a brindar nuestros propios servicios.<\/p>\n<p>Estos son solo los puntos clave. Si necesitas m\u00e1s detalles, sigue leyendo.<\/p>\n<h4>Midiendo a nuestros visitantes<\/h4>\n<p>Medimos los visitantes de nuestro sitio web utilizando Google Analytics. Esto registra qu\u00e9 p\u00e1ginas ve dentro de nuestro sitio, c\u00f3mo lleg\u00f3 a nuestro sitio y cierta informaci\u00f3n b\u00e1sica sobre su computadora. Toda esa informaci\u00f3n es an\u00f3nima, por lo que no sabemos qui\u00e9n es usted; solo que alguien visit\u00f3 nuestro sitio.<\/p>\n<p>La informaci\u00f3n que recopilamos de los an\u00e1lisis nos ayuda a comprender qu\u00e9 partes de nuestros sitios funcionan bien, c\u00f3mo llegan las personas a nuestro sitio, etc. Como la mayor\u00eda de los sitios web, utilizamos esta informaci\u00f3n para mejorar nuestro sitio web.<\/p>\n<p>Puedes aprender m\u00e1s sobre\u00a0<a href=\"https:\/\/support.google.com\/analytics\/answer\/6004245\" target=\"_blank\" rel=\"noopener noreferrer\">Google Analytics aqu\u00ed<\/a>.<\/p>\n<h4>Contenido incrustado de otros sitios web<\/h4>\n<p>El contenido de este sitio puede incluir contenido incrustado (por ejemplo, videos, im\u00e1genes, art\u00edculos, etc.). El contenido incrustado de otros sitios web se comporta exactamente de la misma manera que si el visitante hubiera visitado el sitio web de origen.<\/p>\n<p>Estos sitios web pueden recopilar datos sobre usted, usar cookies, incrustar un seguimiento adicional de terceros y monitorear su interacci\u00f3n con ese contenido incrustado, incluido el seguimiento de su interacci\u00f3n con el contenido incrustado si tiene una cuenta y ha iniciado sesi\u00f3n en ese sitio web.<\/p>\n<h4>Anuncios y enlaces patrocinados<\/h4>\n<p>Este sitio web no contiene enlaces patrocinados ni anuncios.<\/p>\n<h4>Descargas y archivos multimedia<\/h4>\n<p>Todos los documentos, archivos o medios descargables disponibles en este sitio web se proporcionan bajo su propio riesgo. Si bien se han tomado todas las precauciones para garantizar que solo est\u00e9n disponibles las descargas genuinas, se recomienda verificar su autenticidad utilizando un software antivirus de terceros o aplicaciones similares.<\/p>\n<p>No aceptamos ninguna responsabilidad por las descargas de terceros y las descargas proporcionadas por sitios web externos de terceros. Le recomendamos que verifique su autenticidad utilizando un software antivirus de terceros o aplicaciones similares.<\/p>\n<h4>Facebook, Twitter y otras redes sociales<\/h4>\n<p>Estos servicios proporcionan botones sociales y caracter\u00edsticas similares que usamos en nuestro sitio web, como los botones &quot;Me gusta&quot; y &quot;Tweet&quot;.<\/p>\n<p>Para hacerlo, incrustamos el c\u00f3digo que ellos proporcionan y no nos controlamos. Para funcionar, sus botones generalmente saben si est\u00e1s conectado; por ejemplo, Facebook usa esto para decir &quot;a x de tus amigos les gusta esto&quot;. No tenemos ning\u00fan acceso a esa informaci\u00f3n, ni podemos controlar c\u00f3mo la usan esas redes.<\/p>\n<p>Las redes sociales, por lo tanto, podr\u00edan saber que est\u00e1s viendo este sitio web, si utilizas sus servicios. (Eso no quiere decir que lo hagan, pero sus pol\u00edticas pueden cambiar).<\/p>\n<h4>Si se suscribe a un servicio<\/h4>\n<p>Cuando se registra en cualquiera de nuestros servicios (por ejemplo, al registrarse en la lista de correo), registraremos informaci\u00f3n personal espec\u00edfica sobre usted, como su nombre y direcci\u00f3n de correo electr\u00f3nico.<\/p>\n<h4>Correos electr\u00f3nicos<\/h4>\n<p>Podemos enviarle notificaciones por correo electr\u00f3nico que haya solicitado espec\u00edficamente (como boletines o notificaciones). Tiene la posibilidad de optar por no recibir ninguna de estas comunicaciones en cualquier momento.<\/p>\n<p>Nunca proporcionaremos su informaci\u00f3n personal o direcci\u00f3n de correo electr\u00f3nico a terceros, excepto cuando est\u00e9n espec\u00edficamente empleados para ayudar a brindar nuestros propios servicios, como se detalla anteriormente.<\/p>\n<h4>Seguridad<\/h4>\n<p>Tomamos muchas precauciones para evitar la p\u00e9rdida, mal uso o alteraci\u00f3n de su informaci\u00f3n personal. Estas precauciones incluyen:<\/p>\n<ul>\n<li>Uso de encriptaci\u00f3n SSL para todo el contenido de la p\u00e1gina y cualquier dato recopilado<\/li>\n<li>Hardware almacenado en centros de datos seguros detr\u00e1s de cortafuegos<\/li>\n<li>Todo acceso a la informaci\u00f3n restringido por contrase\u00f1a y\/o clave segura<\/li>\n<li>Restricciones a la informaci\u00f3n a la que se puede acceder a trav\u00e9s de cualquier ubicaci\u00f3n<\/li>\n<\/ul>\n<p>Si bien tenemos mucho cuidado para garantizar que la informaci\u00f3n confidencial permanezca protegida, no podemos garantizar la seguridad de los datos enviados a trav\u00e9s de Internet.<\/p>\n<p>Si, durante el curso de su uso de este sitio web, se le solicita que cree una cuenta de usuario, tenga en cuenta que usted es responsable de mantener la confidencialidad de su contrase\u00f1a y sus datos de usuario. Nunca le pediremos su contrase\u00f1a, as\u00ed que no conf\u00ede en nadie que se la pida.<\/p>\n<h4>B\u00fasqueda de datos<\/h4>\n<p>Hacemos uso de varios terceros <a href=\"https:\/\/en.wikipedia.org\/wiki\/Application_programming_interface\" target=\"_blank\" rel=\"noopener noreferrer\">API<\/a> en este sitio web para llevar a cabo ciertas tareas. Por ejemplo, usamos la API de MailChimp para procesar suscripciones a listas de correo.<\/p>\n<h4>Actualizaciones a esta pol\u00edtica<\/h4>\n<p>Podemos actualizar esta pol\u00edtica de privacidad de vez en cuando, particularmente a medida que cambia la tecnolog\u00eda. Siempre puede consultar esta p\u00e1gina para obtener la \u00faltima versi\u00f3n. Tambi\u00e9n podemos notificarle los cambios en nuestra pol\u00edtica de privacidad por correo electr\u00f3nico.<\/p>\n<h4>Contact\u00e1ndonos<\/h4>\n<p>Si tiene alguna pregunta con respecto a esta pol\u00edtica de privacidad, por favor <a href=\"https:\/\/family.fit\/es\/contact\/\">Cont\u00e1ctenos<\/a>.<\/p>","protected":false},"excerpt":{"rendered":"<p>La privacidad es importante, pero puede ser confusa. Esta p\u00e1gina explica nuestra pol\u00edtica de privacidad y c\u00f3mo te afecta. Versi\u00f3n corta: Recopilamos estad\u00edsticas an\u00f3nimas sobre tu visita, como cu\u00e1les de nuestras p\u00e1ginas visitaste. Algunos terceros, como Facebook, podr\u00edan saber que visitaste este sitio web si usas sus servicios. No podemos controlarlos\u2026<\/p>","protected":false},"author":1,"featured_media":0,"parent":0,"menu_order":0,"comment_status":"closed","ping_status":"open","template":"","meta":{"_acf_changed":false,"_seopress_robots_primary_cat":"","_seopress_titles_title":"","_seopress_titles_desc":"","_seopress_robots_index":"","footnotes":""},"ff_language":[],"class_list":["post-3","page","type-page","status-publish","hentry"],"acf":[],"_links":{"self":[{"href":"https:\/\/family.fit\/es\/wp-json\/wp\/v2\/pages\/3","targetHints":{"allow":["GET"]}}],"collection":[{"href":"https:\/\/family.fit\/es\/wp-json\/wp\/v2\/pages"}],"about":[{"href":"https:\/\/family.fit\/es\/wp-json\/wp\/v2\/types\/page"}],"author":[{"embeddable":true,"href":"https:\/\/family.fit\/es\/wp-json\/wp\/v2\/users\/1"}],"replies":[{"embeddable":true,"href":"https:\/\/family.fit\/es\/wp-json\/wp\/v2\/comments?post=3"}],"version-history":[{"count":0,"href":"https:\/\/family.fit\/es\/wp-json\/wp\/v2\/pages\/3\/revisions"}],"wp:attachment":[{"href":"https:\/\/family.fit\/es\/wp-json\/wp\/v2\/media?parent=3"}],"wp:term":[{"taxonomy":"ff_language","embeddable":true,"href":"https:\/\/family.fit\/es\/wp-json\/wp\/v2\/ff_language?post=3"}],"curies":[{"name":"wp","href":"https:\/\/api.w.org\/{rel}","templated":true}]}}