{"id":3322,"date":"2021-03-16T17:26:39","date_gmt":"2021-03-16T17:26:39","guid":{"rendered":"https:\/\/family.fit\/?page_id=3322"},"modified":"2023-04-04T21:12:36","modified_gmt":"2023-04-04T21:12:36","slug":"home","status":"publish","type":"page","link":"https:\/\/family.fit\/es\/","title":{"rendered":"Casa"},"content":{"rendered":"<p>Ayude a su familia a estar en forma y saludable, mantenerse conectados y crecer en car\u00e1cter.<\/p>\n\t<p>Family.fit es un programa para todas las edades que es ideal para ayudar a su familia a crecer unida en la fe y la aptitud. Cada sesi\u00f3n est\u00e1 disponible tanto en el sitio web como en PDF descargable. Hemos terminado <a href=\"https:\/\/family.fit\/en\/document-library\/\">1.500 sesiones<\/a> disponible en <a href=\"https:\/\/family.fit\/en\/translations\/\">21 idiomas<\/a>.<\/p>\n<p>Usted y su familia pueden usar estas sesiones para conectarse de manera divertida y hacer ejercicio regularmente en su casa, apartamento o parque local. Con un poco de creatividad, todos pueden estar en forma y saludables, mantenerse conectados y crecer en car\u00e1cter y fe.<\/p>\n<h2>\n\t\t\u00bfDe qu\u00e9 se trata family.fit? \u00a1Ver este!\n\t<\/h2>\n\t<iframe allowfullscreen allow=\"autoplay\" data-src=\"https:\/\/www.youtube.com\/embed\/jujW3P-yEAM?feature=oembed&amp;start&amp;end&amp;wmode=opaque&amp;loop=0&amp;controls=1&amp;mute=0&amp;rel=0&amp;modestbranding=1\"><\/iframe>\t\t\n\t\t\t\t\tReproduce el video\n\t\t\t\t\t\t<a href=\"https:\/\/family.fit\/en\/full\/\" target=\"_self\" rel=\"noopener\">\n\t\t\t\t\t\t\t\t<h2>FamilyFit Completo<\/h2>\n\t\t\t\t\t\t\t\t\t<p>\u00bfQuieres la experiencia completa?<\/p>\n\t\t\t\t\t\t\t\t\t\t<\/a>\n\t\t\t\t\t\t<a href=\"https:\/\/family.fit\/en\/fast\/\" target=\"_self\" rel=\"noopener\">\n\t\t\t\t\t\t\t\t<h2>Ajuste familiar r\u00e1pido<\/h2>\n\t\t\t\t\t\t\t\t\t<p>\u00bfTienes poco tiempo?<\/p>\n\t\t\t\t\t\t\t\t\t\t<\/a>\n\t\t\t\t\t\t<a href=\"https:\/\/family.fit\/en\/prayerfit\/\" target=\"_self\" rel=\"noopener\">\n\t\t\t\t\t\t\t\t<h2>Oraci\u00f3nFit<\/h2>\n\t\t\t\t\t\t\t\t\t<p>\u00a1\u00danete a la oraci\u00f3n con tu programa de fitness!<\/p>\n\t\t\t\t\t\t\t\t\t\t<\/a>\n\t\t\t\t\t\t<a href=\"https:\/\/family.fit\/en\/build-your-own\/\" target=\"_self\" rel=\"noopener\">\n\t\t\t\t\t\t\t\t<h2>Construye tu propio<\/h2>\n\t\t\t\t\t\t\t\t\t<p>\u00bfTe sientes creativo?<\/p>\n\t\t\t\t\t\t\t\t\t\t<\/a>\n\t\t\t\t\t\t<a href=\"https:\/\/family.fit\/en\/youversion\/\" target=\"_self\" rel=\"noopener\">\n\t\t\t\t\t\t\t\t<h2>YouVersion<\/h2>\n\t\t\t\t\t\t\t\t\t<p>\u00bfYa est\u00e1s usando la aplicaci\u00f3n de la Biblia?<\/p>\n\t\t\t\t\t\t\t\t\t\t<\/a>\n\t\t\t\t\t\t<a href=\"https:\/\/family.fit\/en\/training\/\" target=\"_self\" rel=\"noopener\">\n\t\t\t\t\t\t\t\t<h2>Entrenamiento FamilyFit<\/h2>\n\t\t\t\t\t\t\t\t\t<p>Recursos de entrenamiento para FamilyFit<\/p>\n\t\t\t\t\t\t\t\t\t\t<\/a>","protected":false},"excerpt":{"rendered":"<p>Ayude a su familia a estar en forma y saludable, mantenerse conectada y crecer en car\u00e1cter. Family.fit es un programa para todas las edades que es ideal para ayudar a su familia a crecer junta en la fe y el buen estado f\u00edsico. Cada sesi\u00f3n est\u00e1 disponible tanto en el sitio web como en formato PDF descargable. Tenemos m\u00e1s de 1500 sesiones disponibles en 21 idiomas...<\/p>","protected":false},"author":1,"featured_media":0,"parent":0,"menu_order":0,"comment_status":"closed","ping_status":"closed","template":"","meta":{"_acf_changed":false,"_seopress_robots_primary_cat":"","_seopress_titles_title":"","_seopress_titles_desc":"","_seopress_robots_index":"","footnotes":""},"ff_language":[],"class_list":["post-3322","page","type-page","status-publish","hentry"],"acf":[],"_links":{"self":[{"href":"https:\/\/family.fit\/es\/wp-json\/wp\/v2\/pages\/3322","targetHints":{"allow":["GET"]}}],"collection":[{"href":"https:\/\/family.fit\/es\/wp-json\/wp\/v2\/pages"}],"about":[{"href":"https:\/\/family.fit\/es\/wp-json\/wp\/v2\/types\/page"}],"author":[{"embeddable":true,"href":"https:\/\/family.fit\/es\/wp-json\/wp\/v2\/users\/1"}],"replies":[{"embeddable":true,"href":"https:\/\/family.fit\/es\/wp-json\/wp\/v2\/comments?post=3322"}],"version-history":[{"count":29,"href":"https:\/\/family.fit\/es\/wp-json\/wp\/v2\/pages\/3322\/revisions"}],"predecessor-version":[{"id":8465,"href":"https:\/\/family.fit\/es\/wp-json\/wp\/v2\/pages\/3322\/revisions\/8465"}],"wp:attachment":[{"href":"https:\/\/family.fit\/es\/wp-json\/wp\/v2\/media?parent=3322"}],"wp:term":[{"taxonomy":"ff_language","embeddable":true,"href":"https:\/\/family.fit\/es\/wp-json\/wp\/v2\/ff_language?post=3322"}],"curies":[{"name":"wp","href":"https:\/\/api.w.org\/{rel}","templated":true}]}}