{"id":3655,"date":"2021-03-19T16:25:45","date_gmt":"2021-03-19T16:25:45","guid":{"rendered":"https:\/\/family.fit\/?page_id=3655"},"modified":"2021-03-19T17:30:57","modified_gmt":"2021-03-19T17:30:57","slug":"formats","status":"publish","type":"page","link":"https:\/\/family.fit\/es\/formats\/","title":{"rendered":"Formatos"},"content":{"rendered":"<h1>\n\t<\/h1>\n\t<p>Las sesiones de Family.fit est\u00e1n disponibles en varios formatos diferentes. Puede acceder a las sesiones disponibles en cada formato diferente a trav\u00e9s de los enlaces a continuaci\u00f3n.<\/p>\n\t\t\t<a href=\"https:\/\/family.fit\/en\/full\/\" target=\"_self\" role=\"button\" rel=\"noopener\">\n\t\t\t\t\t\t\tCOMPLETO\n\t\t\t\t\t<\/a>\n\t\t\t<a href=\"https:\/\/family.fit\/en\/fast\/\" target=\"_self\" role=\"button\" rel=\"noopener\">\n\t\t\t\t\t\t\tR\u00c1PIDO\n\t\t\t\t\t<\/a>\n\t\t\t<a href=\"https:\/\/family.fit\/en\/build-your-own\/\" target=\"_self\" role=\"button\" rel=\"noopener\">\n\t\t\t\t\t\t\tConstruye tu propio\n\t\t\t\t\t<\/a>\n\t\t\t<a href=\"https:\/\/family.fit\/en\/youversion\/\" target=\"_self\" role=\"button\" rel=\"noopener\">\n\t\t\t\t\t\t\tAplicaci\u00f3n de la Biblia YouVersion\n\t\t\t\t\t<\/a>","protected":false},"excerpt":{"rendered":"<p>Las sesiones de Family.fit est\u00e1n disponibles en algunos formatos diferentes. Puede acceder a las sesiones disponibles en cada formato diferente a trav\u00e9s de los enlaces a continuaci\u00f3n. COMPLETAMENTE R\u00c1PIDO Cree su propia aplicaci\u00f3n de la Biblia YouVersion<\/p>","protected":false},"author":1,"featured_media":0,"parent":0,"menu_order":0,"comment_status":"closed","ping_status":"closed","template":"","meta":{"_acf_changed":false,"_seopress_robots_primary_cat":"","_seopress_titles_title":"","_seopress_titles_desc":"","_seopress_robots_index":"","footnotes":""},"ff_language":[],"class_list":["post-3655","page","type-page","status-publish","hentry"],"acf":[],"_links":{"self":[{"href":"https:\/\/family.fit\/es\/wp-json\/wp\/v2\/pages\/3655","targetHints":{"allow":["GET"]}}],"collection":[{"href":"https:\/\/family.fit\/es\/wp-json\/wp\/v2\/pages"}],"about":[{"href":"https:\/\/family.fit\/es\/wp-json\/wp\/v2\/types\/page"}],"author":[{"embeddable":true,"href":"https:\/\/family.fit\/es\/wp-json\/wp\/v2\/users\/1"}],"replies":[{"embeddable":true,"href":"https:\/\/family.fit\/es\/wp-json\/wp\/v2\/comments?post=3655"}],"version-history":[{"count":0,"href":"https:\/\/family.fit\/es\/wp-json\/wp\/v2\/pages\/3655\/revisions"}],"wp:attachment":[{"href":"https:\/\/family.fit\/es\/wp-json\/wp\/v2\/media?parent=3655"}],"wp:term":[{"taxonomy":"ff_language","embeddable":true,"href":"https:\/\/family.fit\/es\/wp-json\/wp\/v2\/ff_language?post=3655"}],"curies":[{"name":"wp","href":"https:\/\/api.w.org\/{rel}","templated":true}]}}