{"id":377,"date":"2020-03-30T14:52:33","date_gmt":"2020-03-30T14:52:33","guid":{"rendered":"https:\/\/family.fit\/?page_id=377"},"modified":"2020-05-19T10:29:10","modified_gmt":"2020-05-19T10:29:10","slug":"terms-and-conditions","status":"publish","type":"page","link":"https:\/\/family.fit\/es\/terms-and-conditions\/","title":{"rendered":"T\u00e9rminos y condiciones"},"content":{"rendered":"<h1>\n\t<\/h1>\n\t<p>Estos t\u00e9rminos y condiciones rigen el uso de este sitio web por usted y todos los que ejercen con usted. Aseg\u00farese de que usted y todos los que hacen ejercicio con usted aceptan estos t\u00e9rminos y condiciones en su totalidad. Si no est\u00e1 de acuerdo con estos t\u00e9rminos y condiciones o con cualquier parte de estos t\u00e9rminos y condiciones, no debe utilizar este sitio web.<\/p>\n<p>Al utilizar este sitio web, o cualquiera de los ejercicios, programas, servicios o productos a los que se accede a trav\u00e9s de \u00e9l, usted expresa impl\u00edcitamente su aceptaci\u00f3n de todas las partes del siguiente descargo de responsabilidad.<\/p>\n<p>Family.Fit significa el sitio web de Family.Fit en <a href=\"https:\/\/family.fit\/es\/\">Familia.Ajuste<\/a>, junto con cualquiera de los ejercicios, programas, servicios y \/ o productos accesibles a trav\u00e9s de \u00e9l, incluidas, entre otras, las descargas y los videos de YouTube asociados en nuestra Familia. <a href=\"https:\/\/www.youtube.com\/channel\/UCv4dN6VavUWSVqb_WdoMzpw\" target=\"_blank\" rel=\"noopener noreferrer\">Canal de Youtube<\/a>.<\/p>\n<p>&quot;<strong>Nosotros<\/strong>&quot; o &quot;<strong>Nosotros<\/strong>\u201dSe refiere a los desarrolladores y contribuyentes de Family.Fit y los propietarios, operadores y el registrante del sitio web de Family.Fit.<\/p>\n<p>Todo ejercicio conlleva riesgos. Al usar o participar en Family.Fit, usted reconoce que Family.Fit ha sido dise\u00f1ado sin el conocimiento de su situaci\u00f3n de salud personal y, como tal, en la medida m\u00e1xima permitida por la ley, acepta absolver a los desarrolladores y contribuyentes de Family.Fit y los propietarios y operadores de este sitio web de cualquier responsabilidad que pudiera derivarse del uso de Family.Fit.<\/p>\n<p><strong>Nosotros<\/strong> Recomendamos encarecidamente que consulte con su m\u00e9dico antes de comenzar cualquier programa de ejercicios. Debes estar en buena condici\u00f3n f\u00edsica y poder participar en el ejercicio. <strong>Nosotros<\/strong> no son proveedores de atenci\u00f3n m\u00e9dica con licencia y no tienen experiencia en el diagn\u00f3stico, examen o tratamiento de afecciones m\u00e9dicas de ning\u00fan tipo, o en la determinaci\u00f3n del efecto de cualquier ejercicio espec\u00edfico en una afecci\u00f3n m\u00e9dica.<\/p>\n<p>El \u00e9xito en la salud, el estado f\u00edsico y la nutrici\u00f3n de cada individuo depende de sus antecedentes, dedicaci\u00f3n, deseo y motivaci\u00f3n. Sus resultados pueden variar y se basar\u00e1n en muchas variables, que incluyen, entre otras, su estado f\u00edsico actual, capacidad individual, experiencia de vida, perfil gen\u00e9tico y de salud \u00fanico, punto de partida, experiencia y nivel de compromiso.<\/p>\n<p>Debe comprender que al participar en cualquier ejercicio o programa de ejercicios, existe la posibilidad de sufrir lesiones f\u00edsicas. Si participa en este ejercicio o programa de ejercicios, acepta que lo hace bajo su propio riesgo, participa voluntariamente en estas actividades, asume todo el riesgo de lesionarse y acepta liberar y dar de alta. <strong>Nosotros<\/strong> de todos y cada uno de los reclamos o causas de acci\u00f3n, incluida la negligencia, conocida o desconocida, que surja del uso de Family.Fit.<\/p>\n<p>La informaci\u00f3n proporcionada no pretende sustituir el asesoramiento, diagn\u00f3stico o tratamiento m\u00e9dico profesional.<\/p>\n<p>En la medida m\u00e1xima permitida por la ley. <strong>Nosotros<\/strong> no ser\u00e1 responsable de ninguna manera por el uso que haga de la informaci\u00f3n que reciba a trav\u00e9s de Family.Fit. En ning\u00fan caso <strong>Nosotros<\/strong> ser responsable ante cualquier parte por cualquier da\u00f1o directo, indirecto, especial, incidental, equitativo o consecuente por cualquier uso o dependencia de Family.Fit, incluyendo, sin limitaci\u00f3n, cualquier lucro cesante, interrupciones personales o comerciales, lesiones personales, accidentes, mala aplicaci\u00f3n de informaci\u00f3n o cualquier otra p\u00e9rdida, dolencia, enfermedad o dificultad, o de otro tipo, incluso si <strong>Nosotros<\/strong> se les advierte expresamente de la posibilidad de tales da\u00f1os o dificultades.<\/p>\n<p>Family.Fit est\u00e1 disponible con la condici\u00f3n de que solo lo utilice para uso personal, dom\u00e9stico o dom\u00e9stico. <strong>Nosotros<\/strong> no somos responsables de ninguna p\u00e9rdida que surja de o en conexi\u00f3n con el uso de Family.Fit para fines comerciales, excepto en la medida en que no podamos excluir dicha responsabilidad seg\u00fan la legislaci\u00f3n, en cuyo caso nuestra responsabilidad se limita a reemplazar o reabastecer los bienes o servicios relevantes cuando Es justo y razonable que confiemos en esta limitaci\u00f3n y podemos limitar nuestra responsabilidad de esta manera seg\u00fan la legislaci\u00f3n.<\/p>","protected":false},"excerpt":{"rendered":"<p>Estos t\u00e9rminos y condiciones rigen el uso que usted haga de este sitio web y todos aquellos que lo hagan con usted. Aseg\u00farese de que usted y todos los que ejercen con usted aceptan estos t\u00e9rminos y condiciones en su totalidad. Si no est\u00e1 de acuerdo con estos t\u00e9rminos y condiciones o con cualquier parte de estos t\u00e9rminos y condiciones, no debe utilizar...<\/p>","protected":false},"author":1,"featured_media":0,"parent":0,"menu_order":0,"comment_status":"closed","ping_status":"closed","template":"","meta":{"_acf_changed":false,"_seopress_robots_primary_cat":"","_seopress_titles_title":"","_seopress_titles_desc":"","_seopress_robots_index":"","footnotes":""},"ff_language":[],"class_list":["post-377","page","type-page","status-publish","hentry"],"acf":[],"_links":{"self":[{"href":"https:\/\/family.fit\/es\/wp-json\/wp\/v2\/pages\/377","targetHints":{"allow":["GET"]}}],"collection":[{"href":"https:\/\/family.fit\/es\/wp-json\/wp\/v2\/pages"}],"about":[{"href":"https:\/\/family.fit\/es\/wp-json\/wp\/v2\/types\/page"}],"author":[{"embeddable":true,"href":"https:\/\/family.fit\/es\/wp-json\/wp\/v2\/users\/1"}],"replies":[{"embeddable":true,"href":"https:\/\/family.fit\/es\/wp-json\/wp\/v2\/comments?post=377"}],"version-history":[{"count":0,"href":"https:\/\/family.fit\/es\/wp-json\/wp\/v2\/pages\/377\/revisions"}],"wp:attachment":[{"href":"https:\/\/family.fit\/es\/wp-json\/wp\/v2\/media?parent=377"}],"wp:term":[{"taxonomy":"ff_language","embeddable":true,"href":"https:\/\/family.fit\/es\/wp-json\/wp\/v2\/ff_language?post=377"}],"curies":[{"name":"wp","href":"https:\/\/api.w.org\/{rel}","templated":true}]}}