{"id":473,"date":"2020-04-01T16:27:04","date_gmt":"2020-04-01T16:27:04","guid":{"rendered":"https:\/\/family.fit\/?page_id=473"},"modified":"2025-11-17T16:53:45","modified_gmt":"2025-11-17T16:53:45","slug":"translations","status":"publish","type":"page","link":"https:\/\/family.fit\/es\/translations\/","title":{"rendered":"Traducciones"},"content":{"rendered":"<p>Haga clic en cualquiera de las banderas a continuaci\u00f3n para acceder a las traducciones (formato PDF) de las semanas disponibles.<\/p>\n\t<h4>africaans<\/h4>\n<h5>AF<\/h5>\n\t<ul data-height=\"175\" data-width=\"175\" data-shape=\"circle\">\n\t\t\t\t\t\t\t\t\t\t<li>\n\t\t\t\t\t\t\t\t\t\t\t\t\t\t<a target=\"\"  href=\"https:\/\/family.fit\/es\/translations\/afrikaans\/\">\n\t\t\t\t\t\t\t\t\t\t\t<img decoding=\"async\" src=\"https:\/\/family.fit\/wp-content\/uploads\/2020\/06\/south-africa-150x150.png\" alt=\"\"\/>\t\t\t\t\n\t\t\t\t\t\t\t\t\t\t\t\t\t\t\t\t\t\t\t<h3>africaans<\/h3>\n\t\t\t\t\t\t\t\t\t\t\t<p>AF<\/p>\n\t\t\t\t\t\t\t\t\t\t\t\t\t\t<\/a>\n\t\t\t\t\t\t\t\t\t\t\t\t\t\t<\/li>\n\t\t\t\t\t\t\t\t\t\t\t\t\t<\/ul>\n\t<h4>alban\u00e9s<\/h4>\n<h5>SQ<\/h5>\n\t<ul data-height=\"175\" data-width=\"175\" data-shape=\"circle\">\n\t\t\t\t\t\t\t\t\t\t<li>\n\t\t\t\t\t\t\t\t\t\t\t\t\t\t<a target=\"\"  href=\"https:\/\/family.fit\/es\/translations\/albanian\/\">\n\t\t\t\t\t\t\t\t\t\t\t<img decoding=\"async\" src=\"https:\/\/family.fit\/wp-content\/uploads\/2020\/04\/albania-300x300.png\" alt=\"\"\/>\t\t\t\t\n\t\t\t\t\t\t\t\t\t\t\t\t\t\t\t\t\t\t\t<h3>alban\u00e9s<\/h3>\n\t\t\t\t\t\t\t\t\t\t\t<p>SQ<\/p>\n\t\t\t\t\t\t\t\t\t\t\t\t\t\t<\/a>\n\t\t\t\t\t\t\t\t\t\t\t\t\t\t<\/li>\n\t\t\t\t\t\t\t\t\t\t\t\t\t<\/ul>\n\t<h4>Ar\u00e1bica<\/h4>\n<h5>Arkansas<\/h5>\n\t<ul data-height=\"175\" data-width=\"175\" data-shape=\"circle\">\n\t\t\t\t\t\t\t\t\t\t<li>\n\t\t\t\t\t\t\t\t\t\t\t\t\t\t<a target=\"\"  href=\"https:\/\/family.fit\/es\/translations\/arabic\/\">\n\t\t\t\t\t\t\t\t\t\t\t<img decoding=\"async\" src=\"https:\/\/family.fit\/wp-content\/uploads\/2020\/08\/arabic.png\" alt=\"\"\/>\t\t\t\t\n\t\t\t\t\t\t\t\t\t\t\t\t\t\t\t\t\t\t\t<h3>Ar\u00e1bica<\/h3>\n\t\t\t\t\t\t\t\t\t\t\t<p>Arkansas<\/p>\n\t\t\t\t\t\t\t\t\t\t\t\t\t\t<\/a>\n\t\t\t\t\t\t\t\t\t\t\t\t\t\t<\/li>\n\t\t\t\t\t\t\t\t\t\t\t\t\t<\/ul>\n\t<h4>Chino simplificado<\/h4>\n<h5>Z H<\/h5>\n\t<ul data-height=\"175\" data-width=\"175\" data-shape=\"circle\">\n\t\t\t\t\t\t\t\t\t\t<li>\n\t\t\t\t\t\t\t\t\t\t\t\t\t\t<a target=\"\"  href=\"https:\/\/family.fit\/es\/translations\/chinese\/\">\n\t\t\t\t\t\t\t\t\t\t\t<img decoding=\"async\" src=\"https:\/\/family.fit\/wp-content\/uploads\/2020\/11\/china.png\" alt=\"\"\/>\t\t\t\t\n\t\t\t\t\t\t\t\t\t\t\t\t\t\t\t\t\t\t\t<h3>Chino simplificado<\/h3>\n\t\t\t\t\t\t\t\t\t\t\t<p>Z H<\/p>\n\t\t\t\t\t\t\t\t\t\t\t\t\t\t<\/a>\n\t\t\t\t\t\t\t\t\t\t\t\t\t\t<\/li>\n\t\t\t\t\t\t\t\t\t\t\t\t\t<\/ul>\n\t<h4>franc\u00e9s<\/h4>\n<h5>FR<\/h5>\n\t<ul data-height=\"175\" data-width=\"175\" data-shape=\"circle\">\n\t\t\t\t\t\t\t\t\t\t<li>\n\t\t\t\t\t\t\t\t\t\t\t\t\t\t<a target=\"\"  href=\"https:\/\/family.fit\/es\/translations\/french\/\">\n\t\t\t\t\t\t\t\t\t\t\t<img decoding=\"async\" src=\"https:\/\/family.fit\/wp-content\/uploads\/2020\/04\/france-300x300.png\" alt=\"\"\/>\t\t\t\t\n\t\t\t\t\t\t\t\t\t\t\t\t\t\t\t\t\t\t\t<h3>franc\u00e9s<\/h3>\n\t\t\t\t\t\t\t\t\t\t\t<p>FR<\/p>\n\t\t\t\t\t\t\t\t\t\t\t\t\t\t<\/a>\n\t\t\t\t\t\t\t\t\t\t\t\t\t\t<\/li>\n\t\t\t\t\t\t\t\t\t\t\t\t\t<\/ul>\n\t<h4>Fula<\/h4>\n<h5>FF<\/h5>\n\t<ul data-height=\"175\" data-width=\"175\" data-shape=\"circle\">\n\t\t\t\t\t\t\t\t\t\t<li>\n\t\t\t\t\t\t\t\t\t\t\t\t\t\t<a target=\"\"  href=\"https:\/\/family.fit\/es\/translations\/fula\/\">\n\t\t\t\t\t\t\t\t\t\t\t<img decoding=\"async\" src=\"https:\/\/family.fit\/wp-content\/uploads\/2020\/07\/fula.png\" alt=\"\"\/>\t\t\t\t\n\t\t\t\t\t\t\t\t\t\t\t\t\t\t\t\t\t\t\t<h3>Fula<\/h3>\n\t\t\t\t\t\t\t\t\t\t\t<p>FF<\/p>\n\t\t\t\t\t\t\t\t\t\t\t\t\t\t<\/a>\n\t\t\t\t\t\t\t\t\t\t\t\t\t\t<\/li>\n\t\t\t\t\t\t\t\t\t\t\t\t\t<\/ul>\n\t<h4>alem\u00e1n<\/h4>\n<h5>Delaware<\/h5>\n\t<ul data-height=\"175\" data-width=\"175\" data-shape=\"circle\">\n\t\t\t\t\t\t\t\t\t\t<li>\n\t\t\t\t\t\t\t\t\t\t\t\t\t\t<a target=\"\"  href=\"https:\/\/family.fit\/es\/translations\/german\/\">\n\t\t\t\t\t\t\t\t\t\t\t<img decoding=\"async\" src=\"https:\/\/family.fit\/wp-content\/uploads\/2020\/04\/germany-300x300.png\" alt=\"\"\/>\t\t\t\t\n\t\t\t\t\t\t\t\t\t\t\t\t\t\t\t\t\t\t\t<h3>alem\u00e1n<\/h3>\n\t\t\t\t\t\t\t\t\t\t\t<p>Delaware<\/p>\n\t\t\t\t\t\t\t\t\t\t\t\t\t\t<\/a>\n\t\t\t\t\t\t\t\t\t\t\t\t\t\t<\/li>\n\t\t\t\t\t\t\t\t\t\t\t\t\t<\/ul>\n\t<h4>hindi<\/h4>\n<h5>HOLA<\/h5>\n\t<ul data-height=\"175\" data-width=\"175\" data-shape=\"circle\">\n\t\t\t\t\t\t\t\t\t\t<li>\n\t\t\t\t\t\t\t\t\t\t\t\t\t\t<a target=\"\"  href=\"https:\/\/family.fit\/es\/translations\/hindi\/\">\n\t\t\t\t\t\t\t\t\t\t\t<img decoding=\"async\" src=\"https:\/\/family.fit\/wp-content\/uploads\/2020\/04\/india-300x300.png\" alt=\"\"\/>\t\t\t\t\n\t\t\t\t\t\t\t\t\t\t\t\t\t\t\t\t\t\t\t<h3>hindi<\/h3>\n\t\t\t\t\t\t\t\t\t\t\t<p>HOLA<\/p>\n\t\t\t\t\t\t\t\t\t\t\t\t\t\t<\/a>\n\t\t\t\t\t\t\t\t\t\t\t\t\t\t<\/li>\n\t\t\t\t\t\t\t\t\t\t\t\t\t<\/ul>\n\t<h4>italiano<\/h4>\n<h5>ESO<\/h5>\n\t<ul data-height=\"175\" data-width=\"175\" data-shape=\"circle\">\n\t\t\t\t\t\t\t\t\t\t<li>\n\t\t\t\t\t\t\t\t\t\t\t\t\t\t<a target=\"\"  href=\"https:\/\/family.fit\/es\/translations\/italian\/\">\n\t\t\t\t\t\t\t\t\t\t\t<img decoding=\"async\" src=\"https:\/\/family.fit\/wp-content\/uploads\/2020\/04\/italy-300x300.png\" alt=\"\"\/>\t\t\t\t\n\t\t\t\t\t\t\t\t\t\t\t\t\t\t\t\t\t\t\t<h3>italiano<\/h3>\n\t\t\t\t\t\t\t\t\t\t\t<p>ESO<\/p>\n\t\t\t\t\t\t\t\t\t\t\t\t\t\t<\/a>\n\t\t\t\t\t\t\t\t\t\t\t\t\t\t<\/li>\n\t\t\t\t\t\t\t\t\t\t\t\t\t<\/ul>\n\t<h4>japon\u00e9s<\/h4>\n<h5>JA<\/h5>\n\t<ul data-height=\"175\" data-width=\"175\" data-shape=\"circle\">\n\t\t\t\t\t\t\t\t\t\t<li>\n\t\t\t\t\t\t\t\t\t\t\t\t\t\t<a target=\"\"  href=\"https:\/\/family.fit\/es\/translations\/japanese\/\">\n\t\t\t\t\t\t\t\t\t\t\t<img decoding=\"async\" src=\"https:\/\/family.fit\/wp-content\/uploads\/2020\/05\/japan.png\" alt=\"\"\/>\t\t\t\t\n\t\t\t\t\t\t\t\t\t\t\t\t\t\t\t\t\t\t\t<h3>japon\u00e9s<\/h3>\n\t\t\t\t\t\t\t\t\t\t\t<p>JA<\/p>\n\t\t\t\t\t\t\t\t\t\t\t\t\t\t<\/a>\n\t\t\t\t\t\t\t\t\t\t\t\t\t\t<\/li>\n\t\t\t\t\t\t\t\t\t\t\t\t\t<\/ul>\n\t<h4>Canar\u00e9s<\/h4>\n<h5>KN<\/h5>\n\t<ul data-height=\"175\" data-width=\"175\" data-shape=\"circle\">\n\t\t\t\t\t\t\t\t\t\t<li>\n\t\t\t\t\t\t\t\t\t\t\t\t\t\t<a target=\"\"  href=\"https:\/\/family.fit\/es\/translations\/kannada\/\">\n\t\t\t\t\t\t\t\t\t\t\t<img decoding=\"async\" src=\"https:\/\/family.fit\/wp-content\/uploads\/2020\/04\/india-300x300.png\" alt=\"\"\/>\t\t\t\t\n\t\t\t\t\t\t\t\t\t\t\t\t\t\t\t\t\t\t\t<h3>Canar\u00e9s<\/h3>\n\t\t\t\t\t\t\t\t\t\t\t<p>KN<\/p>\n\t\t\t\t\t\t\t\t\t\t\t\t\t\t<\/a>\n\t\t\t\t\t\t\t\t\t\t\t\t\t\t<\/li>\n\t\t\t\t\t\t\t\t\t\t\t\t\t<\/ul>\n\t<h4>Malayalam<\/h4>\n<h5>ML<\/h5>\n\t<ul data-height=\"175\" data-width=\"175\" data-shape=\"circle\">\n\t\t\t\t\t\t\t\t\t\t<li>\n\t\t\t\t\t\t\t\t\t\t\t\t\t\t<a target=\"\"  href=\"https:\/\/family.fit\/es\/translations\/malayalam\/\">\n\t\t\t\t\t\t\t\t\t\t\t<img decoding=\"async\" src=\"https:\/\/family.fit\/wp-content\/uploads\/2020\/04\/india-300x300.png\" alt=\"\"\/>\t\t\t\t\n\t\t\t\t\t\t\t\t\t\t\t\t\t\t\t\t\t\t\t<h3>Malayalam<\/h3>\n\t\t\t\t\t\t\t\t\t\t\t<p>ML<\/p>\n\t\t\t\t\t\t\t\t\t\t\t\t\t\t<\/a>\n\t\t\t\t\t\t\t\t\t\t\t\t\t\t<\/li>\n\t\t\t\t\t\t\t\t\t\t\t\t\t<\/ul>\n\t<h4>Marathi<\/h4>\n<h5>SE\u00d1OR<\/h5>\n\t<ul data-height=\"175\" data-width=\"175\" data-shape=\"circle\">\n\t\t\t\t\t\t\t\t\t\t<li>\n\t\t\t\t\t\t\t\t\t\t\t\t\t\t<a target=\"\"  href=\"https:\/\/family.fit\/es\/translations\/marathi\/\">\n\t\t\t\t\t\t\t\t\t\t\t<img decoding=\"async\" src=\"https:\/\/family.fit\/wp-content\/uploads\/2020\/04\/india-300x300.png\" alt=\"\"\/>\t\t\t\t\n\t\t\t\t\t\t\t\t\t\t\t\t\t\t\t\t\t\t\t<h3>Marathi<\/h3>\n\t\t\t\t\t\t\t\t\t\t\t<p>SE\u00d1OR<\/p>\n\t\t\t\t\t\t\t\t\t\t\t\t\t\t<\/a>\n\t\t\t\t\t\t\t\t\t\t\t\t\t\t<\/li>\n\t\t\t\t\t\t\t\t\t\t\t\t\t<\/ul>\n\t<h4>Oriya<\/h4>\n<h5>O<\/h5>\n\t<ul data-height=\"175\" data-width=\"175\" data-shape=\"circle\">\n\t\t\t\t\t\t\t\t\t\t<li>\n\t\t\t\t\t\t\t\t\t\t\t\t\t\t<a target=\"\"  href=\"https:\/\/family.fit\/es\/translations\/oriya\/\">\n\t\t\t\t\t\t\t\t\t\t\t<img decoding=\"async\" src=\"https:\/\/family.fit\/wp-content\/uploads\/2020\/04\/india-300x300.png\" alt=\"\"\/>\t\t\t\t\n\t\t\t\t\t\t\t\t\t\t\t\t\t\t\t\t\t\t\t<h3>Oriya<\/h3>\n\t\t\t\t\t\t\t\t\t\t\t<p>O<\/p>\n\t\t\t\t\t\t\t\t\t\t\t\t\t\t<\/a>\n\t\t\t\t\t\t\t\t\t\t\t\t\t\t<\/li>\n\t\t\t\t\t\t\t\t\t\t\t\t\t<\/ul>\n\t<h4>Portugu\u00e9s (brasile\u00f1o)<\/h4>\n<h5>PT-BR<\/h5>\n\t<ul data-height=\"175\" data-width=\"175\" data-shape=\"circle\">\n\t\t\t\t\t\t\t\t\t\t<li>\n\t\t\t\t\t\t\t\t\t\t\t\t\t\t<a target=\"\"  href=\"https:\/\/family.fit\/es\/translations\/portuguese-brazilian\/\">\n\t\t\t\t\t\t\t\t\t\t\t<img decoding=\"async\" src=\"https:\/\/family.fit\/wp-content\/uploads\/2020\/04\/brazil-300x300.png\" alt=\"\"\/>\t\t\t\t\n\t\t\t\t\t\t\t\t\t\t\t\t\t\t\t\t\t\t\t<h4>Portugu\u00e9s (Brasil)<\/h4>\n\t\t\t\t\t\t\t\t\t\t\t<p>PT-BR<\/p>\n\t\t\t\t\t\t\t\t\t\t\t\t\t\t<\/a>\n\t\t\t\t\t\t\t\t\t\t\t\t\t\t<\/li>\n\t\t\t\t\t\t\t\t\t\t\t\t\t<\/ul>\n\t<h4>Portugu\u00e9s (Portugal)<\/h4>\n<h5>PT-PT<\/h5>\n\t<ul data-height=\"175\" data-width=\"175\" data-shape=\"circle\">\n\t\t\t\t\t\t\t\t\t\t<li>\n\t\t\t\t\t\t\t\t\t\t\t\t\t\t<a target=\"\"  href=\"https:\/\/family.fit\/es\/translations\/portuguese-portugal\/\">\n\t\t\t\t\t\t\t\t\t\t\t<img decoding=\"async\" src=\"https:\/\/family.fit\/wp-content\/uploads\/2020\/04\/portugal.png\" alt=\"\"\/>\t\t\t\t\n\t\t\t\t\t\t\t\t\t\t\t\t\t\t\t\t\t\t\t<h3>Portugu\u00e9s (Portugal)<\/h3>\n\t\t\t\t\t\t\t\t\t\t\t<p>PT-PT<\/p>\n\t\t\t\t\t\t\t\t\t\t\t\t\t\t<\/a>\n\t\t\t\t\t\t\t\t\t\t\t\t\t\t<\/li>\n\t\t\t\t\t\t\t\t\t\t\t\t\t<\/ul>\n\t<h4>ruso<\/h4>\n<h5>RU<\/h5>\n\t<ul data-height=\"175\" data-width=\"175\" data-shape=\"circle\">\n\t\t\t\t\t\t\t\t\t\t<li>\n\t\t\t\t\t\t\t\t\t\t\t\t\t\t<a target=\"\"  href=\"https:\/\/family.fit\/es\/translations\/russian\/\">\n\t\t\t\t\t\t\t\t\t\t\t<img decoding=\"async\" src=\"https:\/\/family.fit\/wp-content\/uploads\/2020\/05\/russia.png\" alt=\"\"\/>\t\t\t\t\n\t\t\t\t\t\t\t\t\t\t\t\t\t\t\t\t\t\t\t<h3>ruso<\/h3>\n\t\t\t\t\t\t\t\t\t\t\t<p>RU<\/p>\n\t\t\t\t\t\t\t\t\t\t\t\t\t\t<\/a>\n\t\t\t\t\t\t\t\t\t\t\t\t\t\t<\/li>\n\t\t\t\t\t\t\t\t\t\t\t\t\t<\/ul>\n\t<h4>serbio<\/h4>\n<h5>SR<\/h5>\n\t<ul data-height=\"175\" data-width=\"175\" data-shape=\"circle\">\n\t\t\t\t\t\t\t\t\t\t<li>\n\t\t\t\t\t\t\t\t\t\t\t\t\t\t<a target=\"\"  href=\"https:\/\/family.fit\/es\/translations\/serbian\/\">\n\t\t\t\t\t\t\t\t\t\t\t<img decoding=\"async\" src=\"https:\/\/family.fit\/wp-content\/uploads\/2020\/05\/serbia.png\" alt=\"\"\/>\t\t\t\t\n\t\t\t\t\t\t\t\t\t\t\t\t\t\t\t\t\t\t\t<h3>serbio<\/h3>\n\t\t\t\t\t\t\t\t\t\t\t<p>SR<\/p>\n\t\t\t\t\t\t\t\t\t\t\t\t\t\t<\/a>\n\t\t\t\t\t\t\t\t\t\t\t\t\t\t<\/li>\n\t\t\t\t\t\t\t\t\t\t\t\t\t<\/ul>\n\t<h4>Espa\u00f1ol<\/h4>\n<h5>ES<\/h5>\n\t<ul data-height=\"175\" data-width=\"175\" data-shape=\"circle\">\n\t\t\t\t\t\t\t\t\t\t<li>\n\t\t\t\t\t\t\t\t\t\t\t\t\t\t<a target=\"\"  href=\"https:\/\/family.fit\/es\/translations\/spanish\/\">\n\t\t\t\t\t\t\t\t\t\t\t<img decoding=\"async\" src=\"https:\/\/family.fit\/wp-content\/uploads\/2020\/04\/spain-300x300.png\" alt=\"\"\/>\t\t\t\t\n\t\t\t\t\t\t\t\t\t\t\t\t\t\t\t\t\t\t\t<h3>Espa\u00f1ol<\/h3>\n\t\t\t\t\t\t\t\t\t\t\t<p>ES<\/p>\n\t\t\t\t\t\t\t\t\t\t\t\t\t\t<\/a>\n\t\t\t\t\t\t\t\t\t\t\t\t\t\t<\/li>\n\t\t\t\t\t\t\t\t\t\t\t\t\t<\/ul>\n\t<h4>sueco<\/h4>\n<h5>SV<\/h5>\n\t<ul data-height=\"175\" data-width=\"175\" data-shape=\"circle\">\n\t\t\t\t\t\t\t\t\t\t<li>\n\t\t\t\t\t\t\t\t\t\t\t\t\t\t<a target=\"\"  href=\"https:\/\/family.fit\/es\/translations\/swedish\/\">\n\t\t\t\t\t\t\t\t\t\t\t<img decoding=\"async\" src=\"https:\/\/family.fit\/wp-content\/uploads\/2020\/04\/sweden.png\" alt=\"\"\/>\t\t\t\t\n\t\t\t\t\t\t\t\t\t\t\t\t\t\t\t\t\t\t\t<h3>sueco<\/h3>\n\t\t\t\t\t\t\t\t\t\t\t<p>SV<\/p>\n\t\t\t\t\t\t\t\t\t\t\t\t\t\t<\/a>\n\t\t\t\t\t\t\t\t\t\t\t\t\t\t<\/li>\n\t\t\t\t\t\t\t\t\t\t\t\t\t<\/ul>\n\t<h4>Tagalo \/ filipino<\/h4>\n<h5>TL<\/h5>\n\t<ul data-height=\"175\" data-width=\"175\" data-shape=\"circle\">\n\t\t\t\t\t\t\t\t\t\t<li>\n\t\t\t\t\t\t\t\t\t\t\t\t\t\t<a target=\"\"  href=\"https:\/\/family.fit\/es\/translations\/tagalog\/\">\n\t\t\t\t\t\t\t\t\t\t\t<img decoding=\"async\" src=\"https:\/\/family.fit\/wp-content\/uploads\/2020\/04\/philippines-300x300.png\" alt=\"\"\/>\t\t\t\t\n\t\t\t\t\t\t\t\t\t\t\t\t\t\t\t\t\t\t\t<h3>Tagalo<\/h3>\n\t\t\t\t\t\t\t\t\t\t\t<p>TL<\/p>\n\t\t\t\t\t\t\t\t\t\t\t\t\t\t<\/a>\n\t\t\t\t\t\t\t\t\t\t\t\t\t\t<\/li>\n\t\t\t\t\t\t\t\t\t\t\t\t\t<\/ul>\n\t<h4>Tamil<\/h4>\n<h5>ej\u00e9rcito de reserva<\/h5>\n\t<ul data-height=\"175\" data-width=\"175\" data-shape=\"circle\">\n\t\t\t\t\t\t\t\t\t\t<li>\n\t\t\t\t\t\t\t\t\t\t\t\t\t\t<a target=\"\"  href=\"https:\/\/family.fit\/es\/translations\/tamil\/\">\n\t\t\t\t\t\t\t\t\t\t\t<img decoding=\"async\" src=\"https:\/\/family.fit\/wp-content\/uploads\/2020\/04\/india-300x300.png\" alt=\"\"\/>\t\t\t\t\n\t\t\t\t\t\t\t\t\t\t\t\t\t\t\t\t\t\t\t<h3>Tamil<\/h3>\n\t\t\t\t\t\t\t\t\t\t\t<p>ej\u00e9rcito de reserva<\/p>\n\t\t\t\t\t\t\t\t\t\t\t\t\t\t<\/a>\n\t\t\t\t\t\t\t\t\t\t\t\t\t\t<\/li>\n\t\t\t\t\t\t\t\t\t\t\t\t\t<\/ul>\n\t<h4>Telugu<\/h4>\n<h5>TE<\/h5>\n\t<ul data-height=\"175\" data-width=\"175\" data-shape=\"circle\">\n\t\t\t\t\t\t\t\t\t\t<li>\n\t\t\t\t\t\t\t\t\t\t\t\t\t\t<a target=\"\"  href=\"https:\/\/family.fit\/es\/translations\/telugu\/\">\n\t\t\t\t\t\t\t\t\t\t\t<img decoding=\"async\" src=\"https:\/\/family.fit\/wp-content\/uploads\/2020\/04\/india-300x300.png\" alt=\"\"\/>\t\t\t\t\n\t\t\t\t\t\t\t\t\t\t\t\t\t\t\t\t\t\t\t<h3>Telugu<\/h3>\n\t\t\t\t\t\t\t\t\t\t\t<p>TE<\/p>\n\t\t\t\t\t\t\t\t\t\t\t\t\t\t<\/a>\n\t\t\t\t\t\t\t\t\t\t\t\t\t\t<\/li>\n\t\t\t\t\t\t\t\t\t\t\t\t\t<\/ul>\n\t<h4>ucranio<\/h4>\n<h5>Reino Unido<\/h5>\n\t<ul data-height=\"175\" data-width=\"175\" data-shape=\"circle\">\n\t\t\t\t\t\t\t\t\t\t<li>\n\t\t\t\t\t\t\t\t\t\t\t\t\t\t<a target=\"\"  href=\"https:\/\/family.fit\/es\/translations\/ukrainian\/\">\n\t\t\t\t\t\t\t\t\t\t\t<img decoding=\"async\" src=\"https:\/\/family.fit\/wp-content\/uploads\/2022\/03\/ukraine-150x150.png\" alt=\"\"\/>\t\t\t\t\n\t\t\t\t\t\t\t\t\t\t\t\t\t\t\t\t\t\t\t<h3>ucranio<\/h3>\n\t\t\t\t\t\t\t\t\t\t\t<p>Reino Unido<\/p>\n\t\t\t\t\t\t\t\t\t\t\t\t\t\t<\/a>\n\t\t\t\t\t\t\t\t\t\t\t\t\t\t<\/li>\n\t\t\t\t\t\t\t\t\t\t\t\t\t<\/ul>\n\t<h4>Urdu<\/h4>\n<h5>UR<\/h5>\n\t<ul data-height=\"175\" data-width=\"175\" data-shape=\"circle\">\n\t\t\t\t\t\t\t\t\t\t<li>\n\t\t\t\t\t\t\t\t\t\t\t\t\t\t<a target=\"\"  href=\"https:\/\/family.fit\/es\/translations\/urdu\/\">\n\t\t\t\t\t\t\t\t\t\t\t<img decoding=\"async\" src=\"https:\/\/family.fit\/wp-content\/uploads\/2020\/04\/pakistan-300x300.png\" alt=\"\"\/>\t\t\t\t\n\t\t\t\t\t\t\t\t\t\t\t\t\t\t\t\t\t\t\t<h3>Urdu<\/h3>\n\t\t\t\t\t\t\t\t\t\t\t<p>UR<\/p>\n\t\t\t\t\t\t\t\t\t\t\t\t\t\t<\/a>\n\t\t\t\t\t\t\t\t\t\t\t\t\t\t<\/li>\n\t\t\t\t\t\t\t\t\t\t\t\t\t<\/ul>","protected":false},"excerpt":{"rendered":"<p>Haga clic en cualquiera de las banderas a continuaci\u00f3n para acceder a las traducciones (formato PDF) de las semanas disponibles. Afrik\u00e1ans AF Afrik\u00e1ans AF Alban\u00e9s SQ Alban\u00e9s SQ \u00c1rabe AR \u00c1rabe AR Chino simplificado ZH Chino simplificado ZH Franc\u00e9s FR Franc\u00e9s FR Fula FF Fula FF Alem\u00e1n DE Alem\u00e1n DE Hindi HI Hindi HI Italiano IT Italiano IT Japon\u00e9s JA\u2026<\/p>","protected":false},"author":1,"featured_media":0,"parent":0,"menu_order":0,"comment_status":"closed","ping_status":"closed","template":"","meta":{"_acf_changed":false,"_seopress_robots_primary_cat":"","_seopress_titles_title":"","_seopress_titles_desc":"","_seopress_robots_index":"","footnotes":""},"ff_language":[],"class_list":["post-473","page","type-page","status-publish","hentry"],"acf":[],"_links":{"self":[{"href":"https:\/\/family.fit\/es\/wp-json\/wp\/v2\/pages\/473","targetHints":{"allow":["GET"]}}],"collection":[{"href":"https:\/\/family.fit\/es\/wp-json\/wp\/v2\/pages"}],"about":[{"href":"https:\/\/family.fit\/es\/wp-json\/wp\/v2\/types\/page"}],"author":[{"embeddable":true,"href":"https:\/\/family.fit\/es\/wp-json\/wp\/v2\/users\/1"}],"replies":[{"embeddable":true,"href":"https:\/\/family.fit\/es\/wp-json\/wp\/v2\/comments?post=473"}],"version-history":[{"count":4,"href":"https:\/\/family.fit\/es\/wp-json\/wp\/v2\/pages\/473\/revisions"}],"predecessor-version":[{"id":8482,"href":"https:\/\/family.fit\/es\/wp-json\/wp\/v2\/pages\/473\/revisions\/8482"}],"wp:attachment":[{"href":"https:\/\/family.fit\/es\/wp-json\/wp\/v2\/media?parent=473"}],"wp:term":[{"taxonomy":"ff_language","embeddable":true,"href":"https:\/\/family.fit\/es\/wp-json\/wp\/v2\/ff_language?post=473"}],"curies":[{"name":"wp","href":"https:\/\/api.w.org\/{rel}","templated":true}]}}