{"id":6450,"date":"2021-05-26T10:40:05","date_gmt":"2021-05-26T10:40:05","guid":{"rendered":"https:\/\/family.fit\/?page_id=6450"},"modified":"2021-07-05T11:09:23","modified_gmt":"2021-07-05T11:09:23","slug":"leaderboard-sit-ups","status":"publish","type":"page","link":"https:\/\/family.fit\/es\/leaderboard-sit-ups\/","title":{"rendered":"Tabla de clasificaci\u00f3n (abdominales)"},"content":{"rendered":"<img loading=\"lazy\" decoding=\"async\" src=\"https:\/\/family.fit\/wp-content\/uploads\/2021\/06\/race-image.png\" alt=\"race image\" itemprop=\"image\" height=\"247\" width=\"265\" title=\"imagen de carrera\" onerror=\"this.style.display='none'\"  \/>\n<h1>\n\t\tLas tablas de clasificaci\u00f3n de carreras definitivas\n\t<\/h1>\n<h2>\n\t\tTabla de clasificaci\u00f3n (abdominales)\n\t<\/h2>\n\t<p>La tabla de clasificaci\u00f3n a continuaci\u00f3n muestra tanto la puntuaci\u00f3n total de cada pa\u00eds para esta actividad como el promedio (la puntuaci\u00f3n total dividida por el n\u00famero de entradas).<\/p>\n\t<div id=\"footable_parent_6343\"\n         class=\"footable_parent ninja_table_wrapper loading_ninja_table wp_table_data_press_parent semantic_ui colored_table\">\n                <table data-ninja_table_instance=\"ninja_table_instance_0\" data-footable_id=\"6343\" data-filter-delay=\"1000\" aria-label=\"Tabla de clasificaci\u00f3n (abdominales)\"            id=\"footable_6343\"\n           data-unique_identifier=\"ninja_table_unique_id_2517656451_6343\"\n           class=\"foo-table ninja_footable foo_table_6343 ninja_table_unique_id_2517656451_6343 ui table  white nt_type_legacy_table selectable striped vertical_centered inverted footable-paging-right ninja_table_search_disabled ninja_table_pro\">\n                <colgroup>\n                            <col class=\"ninja_column_0\">\n                            <col class=\"ninja_column_1\">\n                            <col class=\"ninja_column_2\">\n                    <\/colgroup>\n        <thead>\n<tr class=\"footable-header\">\n                                                        <th scope=\"col\"  class=\"ninja_column_0 ninja_clmn_nm_country\">Pa\u00eds<\/th><th scope=\"col\"  class=\"ninja_column_1 ninja_clmn_nm_total ff-separator\">Total<\/th><th scope=\"col\"  class=\"ninja_column_2 ninja_clmn_nm_average ff-separator\">Promedio<\/th><\/tr>\n<\/thead>\n<tbody>\n\n        <tr data-row_id=\"0\" class=\"ninja_table_row_0 nt_row_id_0\">\n            <td>Reino Unido<\/td><td>14<\/td><td>14<\/td>        <\/tr>\n            <tr data-row_id=\"1\" class=\"ninja_table_row_1 nt_row_id_1\">\n            <td>Australia<\/td><td>175<\/td><td>58<\/td>        <\/tr>\n            <tr data-row_id=\"2\" class=\"ninja_table_row_2 nt_row_id_2\">\n            <td>India<\/td><td>21<\/td><td>21<\/td>        <\/tr>\n    <\/tbody><!--ninja_tobody_rendering_done-->\n    <\/table>\n    \n    \n    \n<\/div>\n\n\t<p>\u00bfHa agregado su puntaje ya? Si no, puede hacerlo haciendo clic en el bot\u00f3n de abajo.<\/p>\n\t\t\t<a href=\"https:\/\/family.fit\/en\/scores\/\" target=\"_self\" role=\"button\" rel=\"noopener\">\n\t\t\t\t\t\t\t\u00a1Suma tu puntuaci\u00f3n!\n\t\t\t\t\t<\/a>\n\t<p>Haga clic en el bot\u00f3n de abajo para ver la tabla de clasificaci\u00f3n completa de todas las actividades y pa\u00edses.<\/p>\n\t\t\t<a href=\"https:\/\/family.fit\/en\/leaderboard-all\/\" target=\"_self\" role=\"button\" rel=\"noopener\">\n\t\t\t\t\t\t\tTabla de clasificaci\u00f3n completa\n\t\t\t\t\t<\/a>","protected":false},"excerpt":{"rendered":"<p>Tablas de clasificaci\u00f3n de The Ultimate Race Tabla de clasificaci\u00f3n (abdominales) La siguiente tabla de clasificaci\u00f3n muestra las puntuaciones totales de cada pa\u00eds para esta actividad y tambi\u00e9n el promedio (la puntuaci\u00f3n total dividida por el n\u00famero de participantes). \u00bfYa agregaste tu puntaje? Si no, puede hacerlo haciendo clic en el bot\u00f3n de abajo. \u00a1A\u00f1ade tu puntuaci\u00f3n! Hacer clic\u2026<\/p>","protected":false},"author":1,"featured_media":0,"parent":0,"menu_order":0,"comment_status":"closed","ping_status":"closed","template":"","meta":{"_acf_changed":false,"_seopress_robots_primary_cat":"","_seopress_titles_title":"","_seopress_titles_desc":"","_seopress_robots_index":"","footnotes":""},"ff_language":[],"class_list":["post-6450","page","type-page","status-publish","hentry"],"acf":[],"_links":{"self":[{"href":"https:\/\/family.fit\/es\/wp-json\/wp\/v2\/pages\/6450","targetHints":{"allow":["GET"]}}],"collection":[{"href":"https:\/\/family.fit\/es\/wp-json\/wp\/v2\/pages"}],"about":[{"href":"https:\/\/family.fit\/es\/wp-json\/wp\/v2\/types\/page"}],"author":[{"embeddable":true,"href":"https:\/\/family.fit\/es\/wp-json\/wp\/v2\/users\/1"}],"replies":[{"embeddable":true,"href":"https:\/\/family.fit\/es\/wp-json\/wp\/v2\/comments?post=6450"}],"version-history":[{"count":0,"href":"https:\/\/family.fit\/es\/wp-json\/wp\/v2\/pages\/6450\/revisions"}],"wp:attachment":[{"href":"https:\/\/family.fit\/es\/wp-json\/wp\/v2\/media?parent=6450"}],"wp:term":[{"taxonomy":"ff_language","embeddable":true,"href":"https:\/\/family.fit\/es\/wp-json\/wp\/v2\/ff_language?post=6450"}],"curies":[{"name":"wp","href":"https:\/\/api.w.org\/{rel}","templated":true}]}}