{"id":6453,"date":"2021-05-26T10:40:47","date_gmt":"2021-05-26T10:40:47","guid":{"rendered":"https:\/\/family.fit\/?page_id=6453"},"modified":"2021-07-20T07:42:45","modified_gmt":"2021-07-20T07:42:45","slug":"leaderboard-speed-skaters","status":"publish","type":"page","link":"https:\/\/family.fit\/es\/leaderboard-speed-skaters\/","title":{"rendered":"Tabla de clasificaci\u00f3n (patinadores de velocidad)"},"content":{"rendered":"<h1>\n\t\tTabla de clasificaci\u00f3n (patinadores de velocidad)\n\t<\/h1>\n\t<p>La tabla de clasificaci\u00f3n a continuaci\u00f3n muestra tanto la puntuaci\u00f3n total de cada pa\u00eds para esta actividad como el promedio (la puntuaci\u00f3n total dividida por el n\u00famero de entradas).<\/p>\n\t<div id=\"footable_parent_6344\"\n         class=\"footable_parent ninja_table_wrapper loading_ninja_table wp_table_data_press_parent semantic_ui colored_table\">\n                <table data-ninja_table_instance=\"ninja_table_instance_0\" data-footable_id=\"6344\" data-filter-delay=\"1000\" aria-label=\"Tabla de clasificaci\u00f3n (patinadores de velocidad)\"            id=\"footable_6344\"\n           data-unique_identifier=\"ninja_table_unique_id_868667120_6344\"\n           class=\"foo-table ninja_footable foo_table_6344 ninja_table_unique_id_868667120_6344 ui table  white nt_type_legacy_table selectable striped vertical_centered inverted footable-paging-right ninja_table_search_disabled ninja_table_pro\">\n                <colgroup>\n                            <col class=\"ninja_column_0\">\n                            <col class=\"ninja_column_1\">\n                            <col class=\"ninja_column_2\">\n                    <\/colgroup>\n        <thead>\n<tr class=\"footable-header\">\n                                                        <th scope=\"col\"  class=\"ninja_column_0 ninja_clmn_nm_country\">Pa\u00eds<\/th><th scope=\"col\"  class=\"ninja_column_1 ninja_clmn_nm_total ff-separator\">Total<\/th><th scope=\"col\"  class=\"ninja_column_2 ninja_clmn_nm_average ff-separator\">Promedio<\/th><\/tr>\n<\/thead>\n<tbody>\n\n<\/tbody><!--ninja_tobody_rendering_done-->\n    <\/table>\n    \n    \n    \n<\/div>\n\n\t<p>La tabla de clasificaci\u00f3n completa en todos los pa\u00edses y todas las actividades ahora es la siguiente.<\/p>\n\t<div id=\"footable_parent_6335\"\n         class=\"footable_parent ninja_table_wrapper loading_ninja_table wp_table_data_press_parent semantic_ui colored_table\">\n                <table data-ninja_table_instance=\"ninja_table_instance_1\" data-footable_id=\"6335\" data-filter-delay=\"1000\" aria-label=\"Tabla de clasificaci\u00f3n (completa)\"            id=\"footable_6335\"\n           data-unique_identifier=\"ninja_table_unique_id_1327603858_6335\"\n           class=\"foo-table ninja_footable foo_table_6335 ninja_table_unique_id_1327603858_6335 ui table  white nt_type_legacy_table selectable striped vertical_centered inverted footable-paging-right ninja_table_search_disabled ninja_table_pro\">\n                <colgroup>\n                            <col class=\"ninja_column_0\">\n                            <col class=\"ninja_column_1\">\n                            <col class=\"ninja_column_2\">\n                    <\/colgroup>\n        <thead>\n<tr class=\"footable-header\">\n                                                        <th scope=\"col\"  class=\"ninja_column_0 ninja_clmn_nm_country\">Pa\u00eds<\/th><th scope=\"col\"  class=\"ninja_column_1 ninja_clmn_nm_total ff-separator\">Total<\/th><th scope=\"col\"  class=\"ninja_column_2 ninja_clmn_nm_average ff-separator\">Promedio<\/th><\/tr>\n<\/thead>\n<tbody>\n\n        <tr data-row_id=\"0\" class=\"ninja_table_row_0 nt_row_id_0\">\n            <td>Reino Unido<\/td><td>30<\/td><td>15<\/td>        <\/tr>\n            <tr data-row_id=\"1\" class=\"ninja_table_row_1 nt_row_id_1\">\n            <td>Australia<\/td><td>189<\/td><td>47<\/td>        <\/tr>\n            <tr data-row_id=\"2\" class=\"ninja_table_row_2 nt_row_id_2\">\n            <td>Brasil<\/td><td>132<\/td><td>66<\/td>        <\/tr>\n            <tr data-row_id=\"3\" class=\"ninja_table_row_3 nt_row_id_3\">\n            <td>India<\/td><td>21<\/td><td>21<\/td>        <\/tr>\n    <\/tbody><!--ninja_tobody_rendering_done-->\n    <\/table>\n    \n    \n    \n<\/div>","protected":false},"excerpt":{"rendered":"<p>Tabla de clasificaci\u00f3n (patinadores de velocidad) La siguiente tabla de clasificaci\u00f3n muestra las puntuaciones totales de cada pa\u00eds para esta actividad y tambi\u00e9n el promedio (la puntuaci\u00f3n total dividida por el n\u00famero de participantes). La tabla de clasificaci\u00f3n completa en todos los pa\u00edses y todas las actividades ahora es la siguiente.<\/p>","protected":false},"author":1,"featured_media":0,"parent":0,"menu_order":0,"comment_status":"closed","ping_status":"closed","template":"","meta":{"_acf_changed":false,"_seopress_robots_primary_cat":"","_seopress_titles_title":"","_seopress_titles_desc":"","_seopress_robots_index":"","footnotes":""},"ff_language":[],"class_list":["post-6453","page","type-page","status-publish","hentry"],"acf":[],"_links":{"self":[{"href":"https:\/\/family.fit\/es\/wp-json\/wp\/v2\/pages\/6453","targetHints":{"allow":["GET"]}}],"collection":[{"href":"https:\/\/family.fit\/es\/wp-json\/wp\/v2\/pages"}],"about":[{"href":"https:\/\/family.fit\/es\/wp-json\/wp\/v2\/types\/page"}],"author":[{"embeddable":true,"href":"https:\/\/family.fit\/es\/wp-json\/wp\/v2\/users\/1"}],"replies":[{"embeddable":true,"href":"https:\/\/family.fit\/es\/wp-json\/wp\/v2\/comments?post=6453"}],"version-history":[{"count":0,"href":"https:\/\/family.fit\/es\/wp-json\/wp\/v2\/pages\/6453\/revisions"}],"wp:attachment":[{"href":"https:\/\/family.fit\/es\/wp-json\/wp\/v2\/media?parent=6453"}],"wp:term":[{"taxonomy":"ff_language","embeddable":true,"href":"https:\/\/family.fit\/es\/wp-json\/wp\/v2\/ff_language?post=6453"}],"curies":[{"name":"wp","href":"https:\/\/api.w.org\/{rel}","templated":true}]}}