{"id":6868,"date":"2021-06-26T08:22:45","date_gmt":"2021-06-26T08:22:45","guid":{"rendered":"https:\/\/family.fit\/?page_id=6868"},"modified":"2021-11-23T21:55:37","modified_gmt":"2021-11-23T21:55:37","slug":"whats-new-in-season-5","status":"publish","type":"page","link":"https:\/\/family.fit\/es\/whats-new-in-season-5\/","title":{"rendered":"\u00bfQu\u00e9 hay de nuevo en la temporada 5?"},"content":{"rendered":"<h1>\n\t\t\u00bfQu\u00e9 hay de nuevo en la temporada 5?\n\t<\/h1>\n<h3>\n\t\tNueva competici\u00f3n global family.fit\n\t<\/h3>\n\t<p>\u00bfPuede su naci\u00f3n ganar nuestra nueva competencia global?<\/p>\n<p>Gana puntos en desaf\u00edos semanales y lleva a tu naci\u00f3n a lo m\u00e1s alto de nuestra tabla de clasificaci\u00f3n internacional.<\/p>\n<p>Cada semana tendr\u00e1 un nuevo desaf\u00edo.<\/p>\n<p>Ayude a su pa\u00eds involucrando a sus amigos y familiares.<\/p>\n\t\t\t\t<img loading=\"lazy\" decoding=\"async\" src=\"https:\/\/family.fit\/wp-content\/uploads\/2021\/06\/race-image.png\" alt=\"race image\" itemprop=\"image\" height=\"247\" width=\"265\" title=\"imagen de carrera\" onerror=\"this.style.display='none'\"  \/>\n\t\t\t<a href=\"https:\/\/family.fit\/en\/scores\/\" target=\"_self\" role=\"button\" rel=\"noopener\">\n\t\t\t\t\t\t\tActualiza tu puntuaci\u00f3n familiar\n\t\t\t\t\t<\/a>\n\t\t\t<a href=\"https:\/\/family.fit\/en\/leaderboard-all\/\" target=\"_self\" role=\"button\" rel=\"noopener\">\n\t\t\t\t\t\t\tVer la tabla de clasificaci\u00f3n\n\t\t\t\t\t<\/a>\n<h3>\n\t\tProyector deportivo\n\t<\/h3>\n\t<p>Cada semana nos centraremos en un deporte diferente y en un atleta inspirador que lo practica. Los atletas superan desaf\u00edos en tiempos dif\u00edciles para terminar la carrera. Esperamos que estas historias lo inspiren a correr la carrera de su vida.<\/p>\n\t\t\t<a href=\"https:\/\/family.fit\/en\/seasons\/the-ultimate-race\/\" target=\"_self\" role=\"button\" rel=\"noopener\">\n\t\t\t\t\t\t\tComienza la temporada 5 aqu\u00ed\n\t\t\t\t\t<\/a>\n\t\t\t\t<img loading=\"lazy\" decoding=\"async\" src=\"https:\/\/family.fit\/wp-content\/uploads\/2021\/06\/John-Akhwari-400.png\" alt=\"John Akhwari 400\" itemprop=\"image\" height=\"562\" width=\"400\" title=\"John Akhwari 400\" onerror=\"this.style.display='none'\"  \/>","protected":false},"excerpt":{"rendered":"<p>\u00bfQu\u00e9 hay de nuevo en la temporada 5? Nueva competencia mundial family.fit \u00bfPuede su naci\u00f3n ganar nuestra nueva competencia mundial? Gana puntos en desaf\u00edos semanales y lleva a tu naci\u00f3n a lo m\u00e1s alto de nuestra clasificaci\u00f3n internacional. Cada semana tendr\u00e1 un nuevo desaf\u00edo. Ayuda a tu pa\u00eds involucrando a tus amigos y familiares. Actualizar la puntuaci\u00f3n de su familia Ver...<\/p>","protected":false},"author":1,"featured_media":0,"parent":0,"menu_order":0,"comment_status":"closed","ping_status":"closed","template":"","meta":{"_acf_changed":false,"_seopress_robots_primary_cat":"","_seopress_titles_title":"","_seopress_titles_desc":"","_seopress_robots_index":"","footnotes":""},"ff_language":[],"class_list":["post-6868","page","type-page","status-publish","hentry"],"acf":[],"_links":{"self":[{"href":"https:\/\/family.fit\/es\/wp-json\/wp\/v2\/pages\/6868","targetHints":{"allow":["GET"]}}],"collection":[{"href":"https:\/\/family.fit\/es\/wp-json\/wp\/v2\/pages"}],"about":[{"href":"https:\/\/family.fit\/es\/wp-json\/wp\/v2\/types\/page"}],"author":[{"embeddable":true,"href":"https:\/\/family.fit\/es\/wp-json\/wp\/v2\/users\/1"}],"replies":[{"embeddable":true,"href":"https:\/\/family.fit\/es\/wp-json\/wp\/v2\/comments?post=6868"}],"version-history":[{"count":1,"href":"https:\/\/family.fit\/es\/wp-json\/wp\/v2\/pages\/6868\/revisions"}],"predecessor-version":[{"id":8258,"href":"https:\/\/family.fit\/es\/wp-json\/wp\/v2\/pages\/6868\/revisions\/8258"}],"wp:attachment":[{"href":"https:\/\/family.fit\/es\/wp-json\/wp\/v2\/media?parent=6868"}],"wp:term":[{"taxonomy":"ff_language","embeddable":true,"href":"https:\/\/family.fit\/es\/wp-json\/wp\/v2\/ff_language?post=6868"}],"curies":[{"name":"wp","href":"https:\/\/api.w.org\/{rel}","templated":true}]}}