{"id":811,"date":"2020-04-29T17:05:53","date_gmt":"2020-04-29T17:05:53","guid":{"rendered":"https:\/\/family.fit\/?page_id=811"},"modified":"2021-05-10T16:01:26","modified_gmt":"2021-05-10T16:01:26","slug":"swedish","status":"publish","type":"page","link":"https:\/\/family.fit\/es\/translations\/swedish\/","title":{"rendered":"sueco"},"content":{"rendered":"\n\n\t\t\t\t<img loading=\"lazy\" decoding=\"async\" src=\"https:\/\/family.fit\/wp-content\/uploads\/2020\/04\/sweden-150x150.png\" alt=\"sweden\" itemprop=\"image\" height=\"150\" width=\"150\" title=\"sweden\" onerror=\"this.style.display='none'\"  \/>\n<h1>\n\t\tSwedish\n\t<\/h1>\n\t\t\t\t\t\t\t\t\t\t\t\t\t\t\t\t\tGrowing Closer\n\t\t\t\t\t\t\t\t\t\t\t\t\t\t\t\t\tGrowing Together\n\t\t\t\t\t\t\tGrowing Closer\n\t\t\t\t<h3>Growing Closer<\/h3>\n<table id=\"dlp_6a393ae42dfe9cf9_1\" class=\"posts-data-table\" width=\"100%\" data-config=\"{&quot;pageLength&quot;:25,&quot;pagingType&quot;:&quot;numbers&quot;,&quot;serverSide&quot;:false,&quot;autoWidth&quot;:true,&quot;clickFilter&quot;:&quot;&quot;,&quot;stickyHeader&quot;:false,&quot;scrollOffset&quot;:15,&quot;resetButton&quot;:false,&quot;numOrder&quot;:false,&quot;lengthMenu&quot;:[[10,25,50,100,-1],[10,25,50,100,&quot;All&quot;]],&quot;columnDefs&quot;:[{&quot;className&quot;:&quot;col-session_title&quot;,&quot;targets&quot;:0,&quot;type&quot;:&quot;html&quot;},{&quot;className&quot;:&quot;col-session&quot;,&quot;targets&quot;:1,&quot;type&quot;:&quot;html&quot;},{&quot;className&quot;:&quot;col-link&quot;,&quot;targets&quot;:2,&quot;type&quot;:&quot;html&quot;}],&quot;responsive&quot;:{&quot;details&quot;:{&quot;display&quot;:&quot;child_row&quot;}},&quot;language&quot;:{&quot;info&quot;:&quot;_TOTAL_ documents&quot;,&quot;infoEmpty&quot;:&quot;0 documents&quot;,&quot;emptyTable&quot;:&quot;No matching documents.&quot;,&quot;zeroRecords&quot;:&quot;No matching documents.&quot;,&quot;totalsSingle&quot;:&quot;document&quot;,&quot;totalsPlural&quot;:&quot;documents&quot;},&quot;dom&quot;:&quot;&lt;\\&quot;posts-table-wrapper bb-theme\\&quot;&lt;\\&quot;posts-table-above posts-table-controls\\&quot;&gt;t&lt;\\&quot;posts-table-below posts-table-controls\\&quot;p&gt;&gt;&quot;,&quot;multiDownloadButton&quot;:false,&quot;multiDownloadPosition&quot;:&quot;above&quot;,&quot;multiDownloadText&quot;:&quot;Download Selected Documents&quot;}\" data-filters=\"false\" data-order=\"[]\"><thead><tr><th class=\"all\" data-name=\"cf_session_title\" data-orderable=\"true\" data-searchable=\"true\" data-priority=\"1\">Session Title<\/th><th data-name=\"cf_session\" data-orderable=\"true\" data-searchable=\"true\" data-priority=\"2\">Session<\/th><th data-name=\"link\" data-orderable=\"false\" data-searchable=\"false\" data-priority=\"3\">Link<\/th><\/tr><\/thead><tbody><tr id=\"post-row-5332\" class=\"post-row post-type-dlp_document dlp_document-5332 publish\"><td><p>How can I serve others?<\/p>\n<\/td><td>1<\/td><td><div class=\"dlp-table-document-link-wrap\"><a href=\"https:\/\/family.fit\/wp-content\/uploads\/2020\/04\/familyfit-WEEK-1-SV.pdf\" class=\"dlp-download-link dlp-download-button document-library-pro-button button btn\" data-download-id=\"5332\" >Download<\/a><\/div><\/td><\/tr><tr id=\"post-row-5372\" class=\"post-row post-type-dlp_document dlp_document-5372 publish\"><td><p>How can I develop courage?<\/p>\n<\/td><td>2<\/td><td><div class=\"dlp-table-document-link-wrap\"><a href=\"https:\/\/family.fit\/wp-content\/uploads\/2020\/04\/familyfit-WEEK-2-SV.pdf\" class=\"dlp-download-link dlp-download-button document-library-pro-button button btn\" data-download-id=\"5372\" >Download<\/a><\/div><\/td><\/tr><tr id=\"post-row-5406\" class=\"post-row post-type-dlp_document dlp_document-5406 publish\"><td><p>What does hope look like?<\/p>\n<\/td><td>3<\/td><td><div class=\"dlp-table-document-link-wrap\"><a href=\"https:\/\/family.fit\/wp-content\/uploads\/2020\/04\/familyfit-WEEK-3-SV.pdf\" class=\"dlp-download-link dlp-download-button document-library-pro-button button btn\" data-download-id=\"5406\" >Download<\/a><\/div><\/td><\/tr><tr id=\"post-row-5471\" class=\"post-row post-type-dlp_document dlp_document-5471 publish\"><td><p>How do we find peace?<\/p>\n<\/td><td>4<\/td><td><div class=\"dlp-table-document-link-wrap\"><a href=\"https:\/\/family.fit\/wp-content\/uploads\/2020\/04\/familyfit-WEEK-4-SV.pdf\" class=\"dlp-download-link dlp-download-button document-library-pro-button button btn\" data-download-id=\"5471\" >Download<\/a><\/div><\/td><\/tr><tr id=\"post-row-5524\" class=\"post-row post-type-dlp_document dlp_document-5524 publish\"><td><p>Am I thankful?<\/p>\n<\/td><td>5<\/td><td><div class=\"dlp-table-document-link-wrap\"><a href=\"https:\/\/family.fit\/wp-content\/uploads\/2020\/05\/familyfit-WEEK-5-SV.pdf\" class=\"dlp-download-link dlp-download-button document-library-pro-button button btn\" data-download-id=\"5524\" >Download<\/a><\/div><\/td><\/tr><tr id=\"post-row-5561\" class=\"post-row post-type-dlp_document dlp_document-5561 publish\"><td><p>How can I encourage others?<\/p>\n<\/td><td>6<\/td><td><div class=\"dlp-table-document-link-wrap\"><a href=\"https:\/\/family.fit\/wp-content\/uploads\/2020\/05\/familyfit-WEEK-6-SV.pdf\" class=\"dlp-download-link dlp-download-button document-library-pro-button button btn\" data-download-id=\"5561\" >Download<\/a><\/div><\/td><\/tr><tr id=\"post-row-5621\" class=\"post-row post-type-dlp_document dlp_document-5621 publish\"><td><p>How can I be generous?<\/p>\n<\/td><td>7<\/td><td><div class=\"dlp-table-document-link-wrap\"><a href=\"https:\/\/family.fit\/wp-content\/uploads\/2020\/05\/familyfit-WEEK-7-SV.pdf\" class=\"dlp-download-link dlp-download-button document-library-pro-button button btn\" data-download-id=\"5621\" >Download<\/a><\/div><\/td><\/tr><tr id=\"post-row-5679\" class=\"post-row post-type-dlp_document dlp_document-5679 publish\"><td><p>How can I be a good friend?<\/p>\n<\/td><td>8<\/td><td><div class=\"dlp-table-document-link-wrap\"><a href=\"https:\/\/family.fit\/wp-content\/uploads\/2020\/07\/ff-week-8-SVv2.pdf\" class=\"dlp-download-link dlp-download-button document-library-pro-button button btn\" data-download-id=\"5679\" >Download<\/a><\/div><\/td><\/tr><tr id=\"post-row-5713\" class=\"post-row post-type-dlp_document dlp_document-5713 publish\"><td><p>Do I wonder about life?<\/p>\n<\/td><td>9<\/td><td><div class=\"dlp-table-document-link-wrap\"><a href=\"https:\/\/family.fit\/wp-content\/uploads\/2020\/11\/ff-week-9-SV.pdf\" class=\"dlp-download-link dlp-download-button document-library-pro-button button btn\" data-download-id=\"5713\" >Download<\/a><\/div><\/td><\/tr><tr id=\"post-row-5739\" class=\"post-row post-type-dlp_document dlp_document-5739 publish\"><td><p>How can I show compassion?<\/p>\n<\/td><td>10<\/td><td><div class=\"dlp-table-document-link-wrap\"><a href=\"https:\/\/family.fit\/wp-content\/uploads\/2020\/11\/ff-week-10-SV.pdf\" class=\"dlp-download-link dlp-download-button document-library-pro-button button btn\" data-download-id=\"5739\" >Download<\/a><\/div><\/td><\/tr><tr id=\"post-row-5763\" class=\"post-row post-type-dlp_document dlp_document-5763 publish\"><td><p>Who do I trust?<\/p>\n<\/td><td>11<\/td><td><div class=\"dlp-table-document-link-wrap\"><a href=\"https:\/\/family.fit\/wp-content\/uploads\/2020\/11\/ff-week-11-SV.pdf\" class=\"dlp-download-link dlp-download-button document-library-pro-button button btn\" data-download-id=\"5763\" >Download<\/a><\/div><\/td><\/tr><tr id=\"post-row-5787\" class=\"post-row post-type-dlp_document dlp_document-5787 publish\"><td><p>Does my life reflect discipline?<\/p>\n<\/td><td>12<\/td><td><div class=\"dlp-table-document-link-wrap\"><a href=\"https:\/\/family.fit\/wp-content\/uploads\/2020\/11\/ff-week-12-SV.pdf\" class=\"dlp-download-link dlp-download-button document-library-pro-button button btn\" data-download-id=\"5787\" >Download<\/a><\/div><\/td><\/tr><tr id=\"post-row-5811\" class=\"post-row post-type-dlp_document dlp_document-5811 publish\"><td><p>Celebration Week<\/p>\n<\/td><td>13<\/td><td><div class=\"dlp-table-document-link-wrap\"><a href=\"https:\/\/family.fit\/wp-content\/uploads\/2020\/11\/ff-week-13-SV.pdf\" class=\"dlp-download-link dlp-download-button document-library-pro-button button btn\" data-download-id=\"5811\" >Download<\/a><\/div><\/td><\/tr><\/tbody><\/table>\n\t\t\t\t\t\t\tGrowing Together\n\t\t\t\t<h3>Growing Together<\/h3>\n<table id=\"dlp_3516b01b181a584a_2\" class=\"posts-data-table\" width=\"100%\" data-config=\"{&quot;pageLength&quot;:25,&quot;pagingType&quot;:&quot;numbers&quot;,&quot;serverSide&quot;:false,&quot;autoWidth&quot;:true,&quot;clickFilter&quot;:&quot;&quot;,&quot;stickyHeader&quot;:false,&quot;scrollOffset&quot;:15,&quot;resetButton&quot;:false,&quot;numOrder&quot;:false,&quot;lengthMenu&quot;:[[10,25,50,100,-1],[10,25,50,100,&quot;All&quot;]],&quot;columnDefs&quot;:[{&quot;className&quot;:&quot;col-session_title&quot;,&quot;targets&quot;:0,&quot;type&quot;:&quot;html&quot;},{&quot;className&quot;:&quot;col-session&quot;,&quot;targets&quot;:1,&quot;type&quot;:&quot;html&quot;},{&quot;className&quot;:&quot;col-link&quot;,&quot;targets&quot;:2,&quot;type&quot;:&quot;html&quot;}],&quot;responsive&quot;:{&quot;details&quot;:{&quot;display&quot;:&quot;child_row&quot;}},&quot;language&quot;:{&quot;info&quot;:&quot;_TOTAL_ documents&quot;,&quot;infoEmpty&quot;:&quot;0 documents&quot;,&quot;emptyTable&quot;:&quot;No matching documents.&quot;,&quot;zeroRecords&quot;:&quot;No matching documents.&quot;,&quot;totalsSingle&quot;:&quot;document&quot;,&quot;totalsPlural&quot;:&quot;documents&quot;},&quot;dom&quot;:&quot;&lt;\\&quot;posts-table-wrapper bb-theme\\&quot;&lt;\\&quot;posts-table-above posts-table-controls\\&quot;&gt;t&lt;\\&quot;posts-table-below posts-table-controls\\&quot;p&gt;&gt;&quot;,&quot;multiDownloadButton&quot;:false,&quot;multiDownloadPosition&quot;:&quot;above&quot;,&quot;multiDownloadText&quot;:&quot;Download Selected Documents&quot;}\" data-filters=\"false\" data-order=\"[]\"><thead><tr><th class=\"all\" data-name=\"cf_session_title\" data-orderable=\"true\" data-searchable=\"true\" data-priority=\"1\">Session Title<\/th><th data-name=\"cf_session\" data-orderable=\"true\" data-searchable=\"true\" data-priority=\"2\">Session<\/th><th data-name=\"link\" data-orderable=\"false\" data-searchable=\"false\" data-priority=\"3\">Link<\/th><\/tr><\/thead><tbody><tr id=\"post-row-5975\" class=\"post-row post-type-dlp_document dlp_document-5975 publish\"><td><p>How to be kind to others<\/p>\n<\/td><td>1<\/td><td><div class=\"dlp-table-document-link-wrap\"><a href=\"https:\/\/family.fit\/wp-content\/uploads\/2021\/08\/Growing-Together-Week-1-Kindness-finalsv-v2.pdf\" class=\"dlp-download-link dlp-download-button document-library-pro-button button btn\" data-download-id=\"5975\" >Download<\/a><\/div><\/td><\/tr><tr id=\"post-row-5977\" class=\"post-row post-type-dlp_document dlp_document-5977 publish\"><td><p>What gives us joy?<\/p>\n<\/td><td>2<\/td><td><div class=\"dlp-table-document-link-wrap\"><a href=\"https:\/\/family.fit\/wp-content\/uploads\/2021\/08\/Growing-Together-Week-2-Joy-finalsv-v2.pdf\" class=\"dlp-download-link dlp-download-button document-library-pro-button button btn\" data-download-id=\"5977\" >Download<\/a><\/div><\/td><\/tr><tr id=\"post-row-5980\" class=\"post-row post-type-dlp_document dlp_document-5980 publish\"><td><p>How do I know I am loved?<\/p>\n<\/td><td>3<\/td><td><div class=\"dlp-table-document-link-wrap\"><a href=\"https:\/\/family.fit\/wp-content\/uploads\/2021\/08\/Growing-Together-Week-3-Love-finalsv-v2.pdf\" class=\"dlp-download-link dlp-download-button document-library-pro-button button btn\" data-download-id=\"5980\" >Download<\/a><\/div><\/td><\/tr><tr id=\"post-row-5982\" class=\"post-row post-type-dlp_document dlp_document-5982 publish\"><td><p>How am I teachable?<\/p>\n<\/td><td>4<\/td><td><div class=\"dlp-table-document-link-wrap\"><a href=\"https:\/\/family.fit\/wp-content\/uploads\/2021\/08\/Growing-Together-Week-4-Teachable-finalsv-v2.pdf\" class=\"dlp-download-link dlp-download-button document-library-pro-button button btn\" data-download-id=\"5982\" >Download<\/a><\/div><\/td><\/tr><tr id=\"post-row-5984\" class=\"post-row post-type-dlp_document dlp_document-5984 publish\"><td><p>Does my life have purpose?<\/p>\n<\/td><td>5<\/td><td><div class=\"dlp-table-document-link-wrap\"><a href=\"https:\/\/family.fit\/wp-content\/uploads\/2021\/08\/Growing-Together-Week-5-Purpose-finalsv-v2.pdf\" class=\"dlp-download-link dlp-download-button document-library-pro-button button btn\" data-download-id=\"5984\" >Download<\/a><\/div><\/td><\/tr><tr id=\"post-row-5986\" class=\"post-row post-type-dlp_document dlp_document-5986 publish\"><td><p>Do I have self-control?<\/p>\n<\/td><td>6<\/td><td><div class=\"dlp-table-document-link-wrap\"><a href=\"https:\/\/family.fit\/wp-content\/uploads\/2021\/08\/Growing-Together-Week-6-Self-control-finalsv-v2.pdf\" class=\"dlp-download-link dlp-download-button document-library-pro-button button btn\" data-download-id=\"5986\" >Download<\/a><\/div><\/td><\/tr><tr id=\"post-row-5988\" class=\"post-row post-type-dlp_document dlp_document-5988 publish\"><td><p>Am I a team player?<\/p>\n<\/td><td>7<\/td><td><div class=\"dlp-table-document-link-wrap\"><a href=\"https:\/\/family.fit\/wp-content\/uploads\/2021\/08\/Growing-Together-Week-7-Team-player-finalsv-v2.pdf\" class=\"dlp-download-link dlp-download-button document-library-pro-button button btn\" data-download-id=\"5988\" >Download<\/a><\/div><\/td><\/tr><tr id=\"post-row-5990\" class=\"post-row post-type-dlp_document dlp_document-5990 publish\"><td><p>Am I trustworthy?<\/p>\n<\/td><td>8<\/td><td><div class=\"dlp-table-document-link-wrap\"><a href=\"https:\/\/family.fit\/wp-content\/uploads\/2021\/08\/Growing-Together-Week-8-Trust-finalsv-v2.pdf\" class=\"dlp-download-link dlp-download-button document-library-pro-button button btn\" data-download-id=\"5990\" >Download<\/a><\/div><\/td><\/tr><tr id=\"post-row-5992\" class=\"post-row post-type-dlp_document dlp_document-5992 publish\"><td><p>Is my life a good example?<\/p>\n<\/td><td>9<\/td><td><div class=\"dlp-table-document-link-wrap\"><a href=\"https:\/\/family.fit\/wp-content\/uploads\/2021\/08\/Growing-Together-Week-9-Example-finalsv-v2.pdf\" class=\"dlp-download-link dlp-download-button document-library-pro-button button btn\" data-download-id=\"5992\" >Download<\/a><\/div><\/td><\/tr><tr id=\"post-row-5994\" class=\"post-row post-type-dlp_document dlp_document-5994 publish\"><td><p>Am I honest?<\/p>\n<\/td><td>10<\/td><td><div class=\"dlp-table-document-link-wrap\"><a href=\"https:\/\/family.fit\/wp-content\/uploads\/2021\/08\/Growing-Together-Week-10-Honesty-finalsv-v2.pdf\" class=\"dlp-download-link dlp-download-button document-library-pro-button button btn\" data-download-id=\"5994\" >Download<\/a><\/div><\/td><\/tr><tr id=\"post-row-5996\" class=\"post-row post-type-dlp_document dlp_document-5996 publish\"><td><p>Do I respect my leaders?<\/p>\n<\/td><td>11<\/td><td><div class=\"dlp-table-document-link-wrap\"><a href=\"https:\/\/family.fit\/wp-content\/uploads\/2021\/08\/Growing-Together-Week-11-Respect-finalsv-v2.pdf\" class=\"dlp-download-link dlp-download-button document-library-pro-button button btn\" data-download-id=\"5996\" >Download<\/a><\/div><\/td><\/tr><tr id=\"post-row-5998\" class=\"post-row post-type-dlp_document dlp_document-5998 publish\"><td><p>Do I put others first?<\/p>\n<\/td><td>12<\/td><td><div class=\"dlp-table-document-link-wrap\"><a href=\"https:\/\/family.fit\/wp-content\/uploads\/2021\/08\/Growing-Together-Week-12-Putting-Others-First-finalsv-v2.pdf\" class=\"dlp-download-link dlp-download-button document-library-pro-button button btn\" data-download-id=\"5998\" >Download<\/a><\/div><\/td><\/tr><tr id=\"post-row-6000\" class=\"post-row post-type-dlp_document dlp_document-6000 publish\"><td><p>Celebration Week End of Season<\/p>\n<\/td><td>13<\/td><td><div class=\"dlp-table-document-link-wrap\"><a href=\"https:\/\/family.fit\/wp-content\/uploads\/2021\/08\/Growing-Together-Week-13-Celebration-finalsv-v2.pdf\" class=\"dlp-download-link dlp-download-button document-library-pro-button button btn\" data-download-id=\"6000\" >Download<\/a><\/div><\/td><\/tr><\/tbody><\/table>\n\t<p>All the sessions are available to download as PDF documents. You will need a PDF reader in order to view them. If you do not already have one then you can download the Acrobat Reader via the button below, or simply search the web for &#8220;download pdf reader&#8221; for an alternative.<\/p>\n\t\t\t<a href=\"https:\/\/get.adobe.com\/uk\/reader\/\" target=\"_blank\" role=\"button\" rel=\"noopener\">\n\t\t\t\t\t\tDownload Acrobat Reader\n\t\t\t\t\t<\/a>\n\n","protected":false},"excerpt":{"rendered":"<p>Sueco Creciendo m\u00e1s cerca Creciendo juntos Creciendo m\u00e1s cerca Creciendo m\u00e1s cerca Creciendo juntos Creciendo juntos Todas las sesiones est\u00e1n disponibles para descargar como documentos PDF. Necesitar\u00e1 un lector de PDF para poder verlos. Si a\u00fan no tiene uno, puede descargar Acrobat Reader a trav\u00e9s del bot\u00f3n a continuaci\u00f3n, o simplemente buscar...<\/p>","protected":false},"author":1,"featured_media":0,"parent":473,"menu_order":0,"comment_status":"closed","ping_status":"closed","template":"","meta":{"_acf_changed":false,"_seopress_robots_primary_cat":"","_seopress_titles_title":"","_seopress_titles_desc":"","_seopress_robots_index":"","footnotes":""},"ff_language":[],"class_list":["post-811","page","type-page","status-publish","hentry"],"acf":[],"_links":{"self":[{"href":"https:\/\/family.fit\/es\/wp-json\/wp\/v2\/pages\/811","targetHints":{"allow":["GET"]}}],"collection":[{"href":"https:\/\/family.fit\/es\/wp-json\/wp\/v2\/pages"}],"about":[{"href":"https:\/\/family.fit\/es\/wp-json\/wp\/v2\/types\/page"}],"author":[{"embeddable":true,"href":"https:\/\/family.fit\/es\/wp-json\/wp\/v2\/users\/1"}],"replies":[{"embeddable":true,"href":"https:\/\/family.fit\/es\/wp-json\/wp\/v2\/comments?post=811"}],"version-history":[{"count":0,"href":"https:\/\/family.fit\/es\/wp-json\/wp\/v2\/pages\/811\/revisions"}],"up":[{"embeddable":true,"href":"https:\/\/family.fit\/es\/wp-json\/wp\/v2\/pages\/473"}],"wp:attachment":[{"href":"https:\/\/family.fit\/es\/wp-json\/wp\/v2\/media?parent=811"}],"wp:term":[{"taxonomy":"ff_language","embeddable":true,"href":"https:\/\/family.fit\/es\/wp-json\/wp\/v2\/ff_language?post=811"}],"curies":[{"name":"wp","href":"https:\/\/api.w.org\/{rel}","templated":true}]}}