{"id":8319,"date":"2022-03-14T10:57:36","date_gmt":"2022-03-14T10:57:36","guid":{"rendered":"https:\/\/family.fit\/?page_id=8319"},"modified":"2022-04-13T16:31:06","modified_gmt":"2022-04-13T16:31:06","slug":"spring-harvest","status":"publish","type":"page","link":"https:\/\/family.fit\/es\/spring-harvest\/","title":{"rendered":"Cosecha de primavera"},"content":{"rendered":"<h1>\n\t\t\u00a1Bienvenido a family.fit!\n\t<\/h1>\n\t\t\t\t<img loading=\"lazy\" decoding=\"async\" src=\"https:\/\/family.fit\/wp-content\/uploads\/2022\/03\/sh-logo-1024x99.png\" alt=\"sh-logo\" itemprop=\"image\" height=\"99\" width=\"1024\" title=\"sh-logo\" onerror=\"this.style.display='none'\"  \/>\n\t<iframe allowfullscreen allow=\"autoplay\" src=\"https:\/\/www.youtube.com\/embed\/ArAXPggPkAE?feature=oembed&amp;start&amp;end&amp;wmode=opaque&amp;loop=0&amp;controls=1&amp;mute=0&amp;rel=0&amp;modestbranding=1\"><\/iframe>\t\n\t<p>Hay seis sesiones disponibles para que hagas en familia. Cada sesi\u00f3n est\u00e1 disponible en formato PDF que puede descargar usando los botones a continuaci\u00f3n. Las primeras tres sesiones tambi\u00e9n tienen videos que puedes ver.<\/p>\n<h2>\n\t\tSesi\u00f3n 1: Restaura nuestros corazones\n\t<\/h2>\n\t<iframe allowfullscreen allow=\"autoplay\" src=\"https:\/\/www.youtube.com\/embed\/B2MnPys2BgA?feature=oembed&amp;start&amp;end&amp;wmode=opaque&amp;loop=0&amp;controls=1&amp;mute=0&amp;rel=0&amp;modestbranding=1\"><\/iframe>\t\n\t\t\t<a href=\"https:\/\/family.fit\/wp-content\/uploads\/2022\/04\/Spring-Harvest-session-1.pdf\" target=\"_self\" role=\"button\" rel=\"noopener\">\n\t\t\t\t\t\t\tDescarga el cuadernillo de la sesi\u00f3n 1\n\t\t\t\t\t<\/a>\n<h2>\n\t\tSesi\u00f3n 2: Renovar nuestro enfoque\n\t<\/h2>\n\t<iframe allowfullscreen allow=\"autoplay\" src=\"https:\/\/www.youtube.com\/embed\/DDwMOEmw8ak?feature=oembed&amp;start&amp;end&amp;wmode=opaque&amp;loop=0&amp;controls=1&amp;mute=0&amp;rel=0&amp;modestbranding=1\"><\/iframe>\t\n\t\t\t<a href=\"https:\/\/family.fit\/wp-content\/uploads\/2022\/04\/Spring-Harvest-session-2.pdf\" target=\"_self\" role=\"button\" rel=\"noopener\">\n\t\t\t\t\t\t\tDescarga el folleto de la sesi\u00f3n 2\n\t\t\t\t\t<\/a>\n<h2>\n\t\tSesi\u00f3n 3: Reconstruir nuestro mundo\n\t<\/h2>\n\t<iframe allowfullscreen allow=\"autoplay\" src=\"https:\/\/www.youtube.com\/embed\/BPTsNRtmYAw?feature=oembed&amp;start&amp;end&amp;wmode=opaque&amp;loop=0&amp;controls=1&amp;mute=0&amp;rel=0&amp;modestbranding=1\"><\/iframe>\t\n\t\t\t<a href=\"https:\/\/family.fit\/wp-content\/uploads\/2022\/04\/Spring-Harvest-session-3.pdf\" target=\"_self\" role=\"button\" rel=\"noopener\">\n\t\t\t\t\t\t\tDescarga el folleto de la sesi\u00f3n 3\n\t\t\t\t\t<\/a>\n<h2>\n\t\tSesi\u00f3n 4: Perseverar a trav\u00e9s de la oposici\u00f3n\n\t<\/h2>\n\t\t\t<a href=\"https:\/\/family.fit\/wp-content\/uploads\/2022\/04\/Spring-Harvest-session-4.pdf\" target=\"_self\" role=\"button\" rel=\"noopener\">\n\t\t\t\t\t\t\tDescarga el folleto de la sesi\u00f3n 4\n\t\t\t\t\t<\/a>\n<h2>\n\t\tSesi\u00f3n 5: Celebrando el \u00e9xito\n\t<\/h2>\n\t\t\t<a href=\"https:\/\/family.fit\/wp-content\/uploads\/2022\/04\/Spring-Harvest-session-5.pdf\" target=\"_self\" role=\"button\" rel=\"noopener\">\n\t\t\t\t\t\t\tDescarga el folleto de la sesi\u00f3n 5\n\t\t\t\t\t<\/a>\n<h2>\n\t\tSesi\u00f3n 6: Inclin\u00e1ndose ante Dios\n\t<\/h2>\n\t\t\t<a href=\"https:\/\/family.fit\/wp-content\/uploads\/2022\/04\/Spring-Harvest-session-6.pdf\" target=\"_self\" role=\"button\" rel=\"noopener\">\n\t\t\t\t\t\t\tDescarga el folleto de la sesi\u00f3n 6\n\t\t\t\t\t<\/a>\n<h2>\n\t\tSesiones de Nehem\u00edas en la aplicaci\u00f3n de la Biblia YouVersion\n\t<\/h2>\n\t<p><em>\u00bfYa usas la aplicaci\u00f3n de la Biblia en tu tel\u00e9fono inteligente?<\/em><\/p>\n<p>Ahora puede experimentar family.fit en su aplicaci\u00f3n de la Biblia.<\/p>\n\t\t\t\t<img loading=\"lazy\" decoding=\"async\" src=\"https:\/\/family.fit\/wp-content\/uploads\/2021\/03\/bible-app-icon-150x150.png\" alt=\"bible app icon\" itemprop=\"image\" height=\"150\" width=\"150\" title=\"icono de la aplicaci\u00f3n de la Biblia\" onerror=\"this.style.display='none'\"  \/>\n\t\t\t<a href=\"https:\/\/www.bible.com\/en-GB\/reading-plans\/30848-familyfit-nehemiah\" target=\"_self\" role=\"button\" rel=\"noopener\">\n\t\t\t\t\t\t\tfamilyFit en la Biblia App\n\t\t\t\t\t<\/a>\n\t\t\t\t<img loading=\"lazy\" decoding=\"async\" src=\"https:\/\/family.fit\/wp-content\/uploads\/2020\/06\/dancing-family.png\" alt=\"dancing family\" itemprop=\"image\" height=\"1200\" width=\"1036\" title=\"familia bailando\" onerror=\"this.style.display='none'\"  \/>\n<h2>\n\t\tPara descubrir mas\n\t<\/h2>\n\t<p>Para obtener m\u00e1s informaci\u00f3n sobre family.fit, \u00a1vea este video!<\/p>\n\t<iframe allowfullscreen allow=\"autoplay\" src=\"https:\/\/www.youtube.com\/embed\/jujW3P-yEAM?feature=oembed&amp;start&amp;end&amp;wmode=opaque&amp;loop=0&amp;controls=1&amp;mute=0&amp;rel=0&amp;modestbranding=1\"><\/iframe>","protected":false},"excerpt":{"rendered":"<p>\u00a1Bienvenido a family.fit! Hay seis sesiones disponibles para que hagas en familia. Cada sesi\u00f3n est\u00e1 disponible en formato PDF que puede descargar usando los botones a continuaci\u00f3n. Las primeras tres sesiones tambi\u00e9n tienen videos que puedes ver. Sesi\u00f3n 1: Restaure nuestros corazones Descargue el folleto de la sesi\u00f3n 1 Sesi\u00f3n 2: Renueve nuestro\u2026<\/p>","protected":false},"author":1,"featured_media":0,"parent":0,"menu_order":0,"comment_status":"closed","ping_status":"closed","template":"","meta":{"_acf_changed":false,"_seopress_robots_primary_cat":"","_seopress_titles_title":"","_seopress_titles_desc":"","_seopress_robots_index":"","footnotes":""},"ff_language":[],"class_list":["post-8319","page","type-page","status-publish","hentry"],"acf":[],"_links":{"self":[{"href":"https:\/\/family.fit\/es\/wp-json\/wp\/v2\/pages\/8319","targetHints":{"allow":["GET"]}}],"collection":[{"href":"https:\/\/family.fit\/es\/wp-json\/wp\/v2\/pages"}],"about":[{"href":"https:\/\/family.fit\/es\/wp-json\/wp\/v2\/types\/page"}],"author":[{"embeddable":true,"href":"https:\/\/family.fit\/es\/wp-json\/wp\/v2\/users\/1"}],"replies":[{"embeddable":true,"href":"https:\/\/family.fit\/es\/wp-json\/wp\/v2\/comments?post=8319"}],"version-history":[{"count":12,"href":"https:\/\/family.fit\/es\/wp-json\/wp\/v2\/pages\/8319\/revisions"}],"predecessor-version":[{"id":8458,"href":"https:\/\/family.fit\/es\/wp-json\/wp\/v2\/pages\/8319\/revisions\/8458"}],"wp:attachment":[{"href":"https:\/\/family.fit\/es\/wp-json\/wp\/v2\/media?parent=8319"}],"wp:term":[{"taxonomy":"ff_language","embeddable":true,"href":"https:\/\/family.fit\/es\/wp-json\/wp\/v2\/ff_language?post=8319"}],"curies":[{"name":"wp","href":"https:\/\/api.w.org\/{rel}","templated":true}]}}