{"id":8390,"date":"2022-03-31T15:41:14","date_gmt":"2022-03-31T15:41:14","guid":{"rendered":"https:\/\/family.fit\/?page_id=8390"},"modified":"2022-04-01T07:58:36","modified_gmt":"2022-04-01T07:58:36","slug":"prayerfit","status":"publish","type":"page","link":"https:\/\/family.fit\/es\/prayerfit\/","title":{"rendered":"Oraci\u00f3nFit"},"content":{"rendered":"<h1>\n\t\tOraci\u00f3nFit\n\t<\/h1>\n\t<p>\u00a1\u00danete a la oraci\u00f3n con tu programa de fitness! Este recurso proporciona instrucciones para un evento de oraci\u00f3n familiar (o grupo de amistad) activo y divertido. Las estaciones de actividades est\u00e1n dirigidas a los creyentes que quieren orar. Las actividades asumen que las personas necesitan ayuda para mantenerse activas y orar significativamente mientras hacen ejercicio. Este folleto contiene instrucciones para cuatro estaciones de actividades de oraci\u00f3n. Son para grupos grandes que pueden incluir familias, hogares, grupos de amistad, grupos de estudio b\u00edblico o cualquier grupo de edad como un evento de oraci\u00f3n. Cualquier celebraci\u00f3n, comida o refrigerio que se ofrezca permitir\u00e1 que las personas se recuperen, compartan y disfruten m\u00e1s del compa\u00f1erismo.<\/p>\n\t\t\t\t<img loading=\"lazy\" decoding=\"async\" src=\"https:\/\/family.fit\/wp-content\/uploads\/2022\/03\/PrayerFit-Activity-Stations-cover.jpg\" alt=\"PrayerFit Activity Stations cover\" itemprop=\"image\" height=\"1278\" width=\"600\" title=\"Cubierta de las estaciones de actividad PrayerFit\" onerror=\"this.style.display='none'\"  \/>\n\t\t<h4>Gu\u00eda de Estaciones de Actividad<\/h4>\n\t\t\t<a href=\"https:\/\/family.fit\/wp-content\/uploads\/2022\/03\/PrayerFit-Activity-Stations-v14.pdf\" target=\"_self\" role=\"button\" rel=\"noopener\">\n\t\t\t\t\t\t\tDESCARGAR\n\t\t\t\t\t<\/a>\n\t\t<h4>Las 10 mejores ideas de Ejercicios de Oraci\u00f3n<\/h4>\n\t\t\t<a href=\"https:\/\/family.fit\/wp-content\/uploads\/2022\/03\/Top-10-PrayerFit-ideas-v14.pdf\" target=\"_self\" role=\"button\" rel=\"noopener\">\n\t\t\t\t\t\t\tDESCARGAR\n\t\t\t\t\t<\/a>\n\t\t<h4>Plantilla de papel Move Cube A4<\/h4>\n\t\t\t<a href=\"https:\/\/family.fit\/wp-content\/uploads\/2022\/03\/Move-Cube-A4.pdf\" target=\"_self\" role=\"button\" rel=\"noopener\">\n\t\t\t\t\t\t\tDESCARGAR\n\t\t\t\t\t<\/a>\n\t\t<h4>Plantilla de papel Move Cube A4<\/h4>\n\t\t\t<a href=\"https:\/\/family.fit\/wp-content\/uploads\/2022\/03\/Move-Cube-A3.pdf\" target=\"_self\" role=\"button\" rel=\"noopener\">\n\t\t\t\t\t\t\tDESCARGAR\n\t\t\t\t\t<\/a>\n\t\t<h4>Move Cube Imprimibles gigantes<\/h4>\n\t\t\t<a href=\"https:\/\/family.fit\/wp-content\/uploads\/2022\/03\/Move-Cube-six-A4-sheets.pdf\" target=\"_self\" role=\"button\" rel=\"noopener\">\n\t\t\t\t\t\t\tDESCARGAR\n\t\t\t\t\t<\/a>\n\t\t<h4>Tabla de ejercicios Move Cube<\/h4>\n\t\t\t<a href=\"https:\/\/family.fit\/wp-content\/uploads\/2022\/04\/Move-cube-symbols-v4.pdf\" target=\"_self\" role=\"button\" rel=\"noopener\">\n\t\t\t\t\t\t\tDESCARGAR\n\t\t\t\t\t<\/a>\n\t\t<h4>Mover el c\u00f3digo de la impresora 3D Cube<\/h4>\n\t\t\t<a href=\"https:\/\/family.fit\/wp-content\/uploads\/2022\/04\/Move-Cube-3D-print-v2.stl\" target=\"_self\" role=\"button\" rel=\"noopener\">\n\t\t\t\t\t\t\tDESCARGAR\n\t\t\t\t\t<\/a>","protected":false},"excerpt":{"rendered":"<p>PrayerFit \u00a1\u00danete a Prayer con tu programa de acondicionamiento f\u00edsico! Este recurso proporciona instrucciones para un evento de oraci\u00f3n familiar (o grupo de amistad) activo y divertido. Las estaciones de actividades est\u00e1n dirigidas a los creyentes que quieren orar. Las actividades asumen que las personas necesitan ayuda para mantenerse activas y orar significativamente mientras hacen ejercicio. Este folleto contiene instrucciones para cuatro...<\/p>","protected":false},"author":1,"featured_media":0,"parent":0,"menu_order":0,"comment_status":"closed","ping_status":"closed","template":"","meta":{"_acf_changed":false,"_seopress_robots_primary_cat":"","_seopress_titles_title":"","_seopress_titles_desc":"","_seopress_robots_index":"","footnotes":""},"ff_language":[],"class_list":["post-8390","page","type-page","status-publish","hentry"],"acf":[],"_links":{"self":[{"href":"https:\/\/family.fit\/es\/wp-json\/wp\/v2\/pages\/8390","targetHints":{"allow":["GET"]}}],"collection":[{"href":"https:\/\/family.fit\/es\/wp-json\/wp\/v2\/pages"}],"about":[{"href":"https:\/\/family.fit\/es\/wp-json\/wp\/v2\/types\/page"}],"author":[{"embeddable":true,"href":"https:\/\/family.fit\/es\/wp-json\/wp\/v2\/users\/1"}],"replies":[{"embeddable":true,"href":"https:\/\/family.fit\/es\/wp-json\/wp\/v2\/comments?post=8390"}],"version-history":[{"count":9,"href":"https:\/\/family.fit\/es\/wp-json\/wp\/v2\/pages\/8390\/revisions"}],"predecessor-version":[{"id":8420,"href":"https:\/\/family.fit\/es\/wp-json\/wp\/v2\/pages\/8390\/revisions\/8420"}],"wp:attachment":[{"href":"https:\/\/family.fit\/es\/wp-json\/wp\/v2\/media?parent=8390"}],"wp:term":[{"taxonomy":"ff_language","embeddable":true,"href":"https:\/\/family.fit\/es\/wp-json\/wp\/v2\/ff_language?post=8390"}],"curies":[{"name":"wp","href":"https:\/\/api.w.org\/{rel}","templated":true}]}}