{"id":8399,"date":"2022-03-31T16:40:58","date_gmt":"2022-03-31T16:40:58","guid":{"rendered":"https:\/\/family.fit\/?page_id=8399"},"modified":"2022-04-11T09:14:22","modified_gmt":"2022-04-11T09:14:22","slug":"training","status":"publish","type":"page","link":"https:\/\/family.fit\/es\/training\/","title":{"rendered":"Capacitaci\u00f3n"},"content":{"rendered":"<h1>\n\t\tEntrenamiento y orientaci\u00f3n de FamilyFit\n\t<\/h1>\n\t<p>Si desea obtener m\u00e1s informaci\u00f3n sobre family.fit, o si desea realizar sesiones de capacitaci\u00f3n para otros sobre c\u00f3mo usar family.fit, \u00a1est\u00e1 en el lugar correcto!<\/p>\n<p>La informaci\u00f3n a continuaci\u00f3n puede ser utilizada por padres, familias enteras, l\u00edderes de la iglesia y j\u00f3venes.<\/p>\n<p>Esta sesi\u00f3n de capacitaci\u00f3n y orientaci\u00f3n est\u00e1 estructurada para que experimenten una sesi\u00f3n activa juntos y luego reflexionen sobre su experiencia para ver c\u00f3mo puede convertirse en un h\u00e1bito y una herramienta para ayudar a hacer disc\u00edpulos familiares.<\/p>\n<p>Descargue esta sesi\u00f3n a trav\u00e9s del bot\u00f3n a continuaci\u00f3n.<\/p>\n\t\t<h4>Sesi\u00f3n de formaci\u00f3n y orientaci\u00f3n.<\/h4>\n\t\t\t<a href=\"https:\/\/family.fit\/wp-content\/uploads\/2022\/04\/FamilyFIT-training-session-v14.pdf\" target=\"_self\" role=\"button\" rel=\"noopener\">\n\t\t\t\t\t\t\tDESCARGAR\n\t\t\t\t\t<\/a>\n<h3>\n\t\tLista de reproducci\u00f3n de videos de capacitaci\u00f3n y orientaci\u00f3n\n\t<\/h3>\n\t<iframe allowfullscreen=\"\" allow=\"autoplay\" src=\"https:\/\/www.youtube.com\/embed\/1t9LWUtJBsw?feature=oembed&amp;start&amp;end&amp;wmode=opaque&amp;loop=0&amp;controls=1&amp;mute=0&amp;rel=0&amp;modestbranding=1\" title=\"\u00bfQu\u00e9 es family.fit?\"><\/iframe>\t\n\t\t\t\u00bfQu\u00e9 es family.fit?\n\t<iframe allowfullscreen=\"\" allow=\"autoplay\" src=\"https:\/\/www.youtube.com\/embed\/WVYx74qstyc?feature=oembed&amp;start&amp;end&amp;wmode=opaque&amp;loop=0&amp;controls=1&amp;mute=0&amp;rel=0&amp;modestbranding=1\" title=\"Bienvenido a family.fit\"><\/iframe>\t\n\t\t\tBienvenido a family.fit\n\t<iframe allowfullscreen=\"\" allow=\"autoplay\" src=\"https:\/\/www.youtube.com\/embed\/LzWcI0-cFGs?feature=oembed&amp;start&amp;end&amp;wmode=opaque&amp;loop=0&amp;controls=1&amp;mute=0&amp;rel=0&amp;modestbranding=1\" title=\"family.fit cinco pasos\"><\/iframe>\t\n\t\t\tfamily.fit cinco pasos\n\t<iframe allowfullscreen=\"\" allow=\"autoplay\" src=\"https:\/\/www.youtube.com\/embed\/f96kRydXa1M?feature=oembed&amp;start&amp;end&amp;wmode=opaque&amp;loop=0&amp;controls=1&amp;mute=0&amp;rel=0&amp;modestbranding=1\" title=\"C\u00f3mo usan las personas family.fit en todo el mundo\"><\/iframe>\t\n\t\t\tC\u00f3mo usan las personas family.fit en todo el mundo\n\t<iframe allowfullscreen=\"\" allow=\"autoplay\" src=\"https:\/\/www.youtube.com\/embed\/9B_xUmt-Oro?feature=oembed&amp;start&amp;end&amp;wmode=opaque&amp;loop=0&amp;controls=1&amp;mute=0&amp;rel=0&amp;modestbranding=1\" title=\"Cuatro formas de usar family.fit\"><\/iframe>\t\n\t\t\tCuatro formas de usar family.fit\n\t<iframe allowfullscreen=\"\" allow=\"autoplay\" src=\"https:\/\/www.youtube.com\/embed\/dHTxPgm-Y9g?feature=oembed&amp;start&amp;end&amp;wmode=opaque&amp;loop=0&amp;controls=1&amp;mute=0&amp;rel=0&amp;modestbranding=1\" title=\"Comentarios de todo el mundo (1)\"><\/iframe>\t\n\t\t\tComentarios de todo el mundo (1)\n\t<iframe allowfullscreen=\"\" allow=\"autoplay\" src=\"https:\/\/www.youtube.com\/embed\/EpAs4ZhG0FA?feature=oembed&amp;start&amp;end&amp;wmode=opaque&amp;loop=0&amp;controls=1&amp;mute=0&amp;rel=0&amp;modestbranding=1\" title=\"Comentarios de todo el mundo (2)\"><\/iframe>\t\n\t\t\tComentarios de todo el mundo (2)","protected":false},"excerpt":{"rendered":"<p>Capacitaci\u00f3n y orientaci\u00f3n de FamilyFit Si desea comprender m\u00e1s acerca de family.fit, o si desea realizar sesiones de capacitaci\u00f3n para otros sobre c\u00f3mo usar family.fit, \u00a1est\u00e1 en el lugar correcto! La informaci\u00f3n a continuaci\u00f3n puede ser utilizada por padres, familias enteras, l\u00edderes de la iglesia y j\u00f3venes. Esta sesi\u00f3n de formaci\u00f3n y orientaci\u00f3n est\u00e1 estructurada de manera que...<\/p>","protected":false},"author":1,"featured_media":0,"parent":0,"menu_order":0,"comment_status":"closed","ping_status":"closed","template":"","meta":{"_acf_changed":false,"_seopress_robots_primary_cat":"","_seopress_titles_title":"","_seopress_titles_desc":"","_seopress_robots_index":"","footnotes":""},"ff_language":[],"class_list":["post-8399","page","type-page","status-publish","hentry"],"acf":[],"_links":{"self":[{"href":"https:\/\/family.fit\/es\/wp-json\/wp\/v2\/pages\/8399","targetHints":{"allow":["GET"]}}],"collection":[{"href":"https:\/\/family.fit\/es\/wp-json\/wp\/v2\/pages"}],"about":[{"href":"https:\/\/family.fit\/es\/wp-json\/wp\/v2\/types\/page"}],"author":[{"embeddable":true,"href":"https:\/\/family.fit\/es\/wp-json\/wp\/v2\/users\/1"}],"replies":[{"embeddable":true,"href":"https:\/\/family.fit\/es\/wp-json\/wp\/v2\/comments?post=8399"}],"version-history":[{"count":9,"href":"https:\/\/family.fit\/es\/wp-json\/wp\/v2\/pages\/8399\/revisions"}],"predecessor-version":[{"id":8453,"href":"https:\/\/family.fit\/es\/wp-json\/wp\/v2\/pages\/8399\/revisions\/8453"}],"wp:attachment":[{"href":"https:\/\/family.fit\/es\/wp-json\/wp\/v2\/media?parent=8399"}],"wp:term":[{"taxonomy":"ff_language","embeddable":true,"href":"https:\/\/family.fit\/es\/wp-json\/wp\/v2\/ff_language?post=8399"}],"curies":[{"name":"wp","href":"https:\/\/api.w.org\/{rel}","templated":true}]}}