{"id":1233,"date":"2020-06-09T11:39:12","date_gmt":"2020-06-09T11:39:12","guid":{"rendered":"https:\/\/family.fit\/?page_id=1233"},"modified":"2021-06-07T14:35:45","modified_gmt":"2021-06-07T14:35:45","slug":"13-celebration","status":"publish","type":"page","link":"https:\/\/family.fit\/fr\/seasons\/growing-closer\/13-celebration\/","title":{"rendered":"13 : C\u00e9l\u00e9bration"},"content":{"rendered":"\n<h1>\n\t\tCelebration Week\n\t<\/h1>\n\t\t\t\t<img loading=\"lazy\" decoding=\"async\" src=\"https:\/\/family.fit\/wp-content\/uploads\/2020\/06\/shutterstock_1091483372-transparent.png\" alt=\"shutterstock_1091483372 transparent\" itemprop=\"image\" height=\"280\" width=\"915\" title=\"shutterstock_1091483372 transparent\" onerror=\"this.style.display='none'\"  \/>\n\t<h3>Translations<\/h3>\n<p>If you translate this into your language, please email it to <a href=\"mailto:info@family.fit\">info@family.fit<\/a> so it can be shared with others.<\/p>\n\t\t\t\t\t\t\t\tClick here for PDF downloads of this session in all languages\n\t\t\t\t<table id=\"dlp_5a73443f0894d105_1\" class=\"posts-data-table\" width=\"100%\" data-config=\"{&quot;pageLength&quot;:25,&quot;pagingType&quot;:&quot;numbers&quot;,&quot;serverSide&quot;:false,&quot;autoWidth&quot;:true,&quot;clickFilter&quot;:&quot;&quot;,&quot;stickyHeader&quot;:false,&quot;scrollOffset&quot;:15,&quot;resetButton&quot;:false,&quot;numOrder&quot;:false,&quot;lengthMenu&quot;:[[10,25,50,100,-1],[10,25,50,100,&quot;All&quot;]],&quot;columnDefs&quot;:[{&quot;className&quot;:&quot;col-session_title&quot;,&quot;targets&quot;:0,&quot;type&quot;:&quot;html&quot;},{&quot;className&quot;:&quot;col-format&quot;,&quot;targets&quot;:1,&quot;type&quot;:&quot;html&quot;},{&quot;className&quot;:&quot;col-language&quot;,&quot;targets&quot;:2,&quot;type&quot;:&quot;html&quot;},{&quot;className&quot;:&quot;col-link&quot;,&quot;targets&quot;:3,&quot;type&quot;:&quot;html&quot;}],&quot;responsive&quot;:{&quot;details&quot;:{&quot;display&quot;:&quot;child_row&quot;}},&quot;language&quot;:{&quot;info&quot;:&quot;_TOTAL_ documents&quot;,&quot;infoEmpty&quot;:&quot;0 documents&quot;,&quot;emptyTable&quot;:&quot;Aucun documents correspondant.&quot;,&quot;zeroRecords&quot;:&quot;Aucun documents correspondant.&quot;,&quot;totalsSingle&quot;:&quot;document&quot;,&quot;totalsPlural&quot;:&quot;documents&quot;},&quot;dom&quot;:&quot;&lt;\\&quot;posts-table-wrapper bb-theme\\&quot;&lt;\\&quot;posts-table-above posts-table-controls\\&quot;f&gt;t&lt;\\&quot;posts-table-below posts-table-controls\\&quot;lip&gt;&gt;&quot;,&quot;multiDownloadButton&quot;:false,&quot;multiDownloadPosition&quot;:&quot;above&quot;,&quot;multiDownloadText&quot;:&quot;Download Selected Documents&quot;}\" data-filters=\"false\" data-order=\"[]\"><thead><tr><th class=\"all\" data-name=\"cf_session_title\" data-orderable=\"true\" data-searchable=\"true\" data-priority=\"1\">Session Title<\/th><th data-name=\"cf_format\" data-orderable=\"true\" data-searchable=\"true\" data-priority=\"4\">Format<\/th><th data-name=\"cf_language\" data-orderable=\"true\" data-searchable=\"true\" data-priority=\"3\">Language<\/th><th data-name=\"link\" data-orderable=\"false\" data-searchable=\"false\" data-priority=\"2\">Lien<\/th><\/tr><\/thead><tbody><tr id=\"post-row-5791\" class=\"post-row post-type-dlp_document dlp_document-5791 publish\"><td><p>Celebration Week<\/p>\n<\/td><td>FULL<\/td><td>Deutsch (German)<\/td><td><div class=\"dlp-table-document-link-wrap\"><a href=\"https:\/\/family.fit\/wp-content\/uploads\/2020\/07\/ff-week-13-DEv2.pdf\" class=\"dlp-download-link dlp-download-button document-library-pro-button button btn\" data-download-id=\"5791\"  >Download<\/a><\/div><\/td><\/tr><tr id=\"post-row-5789\" class=\"post-row post-type-dlp_document dlp_document-5789 publish\"><td><p>Celebration Week<\/p>\n<\/td><td>FULL<\/td><td>English (English)<\/td><td><div class=\"dlp-table-document-link-wrap\"><a href=\"https:\/\/family.fit\/wp-content\/uploads\/2020\/06\/familyfit-celebration-week-v8.pdf\" class=\"dlp-download-link dlp-download-button document-library-pro-button button btn\" data-download-id=\"5789\"  >Download<\/a><\/div><\/td><\/tr><tr id=\"post-row-5793\" class=\"post-row post-type-dlp_document dlp_document-5793 publish\"><td><p>Celebration Week<\/p>\n<\/td><td>FULL<\/td><td>Espa\u00f1ol (Spanish)<\/td><td><div class=\"dlp-table-document-link-wrap\"><a href=\"https:\/\/family.fit\/wp-content\/uploads\/2020\/07\/ff-week-13-ESv2.pdf\" class=\"dlp-download-link dlp-download-button document-library-pro-button button btn\" data-download-id=\"5793\"  >Download<\/a><\/div><\/td><\/tr><tr id=\"post-row-5795\" class=\"post-row post-type-dlp_document dlp_document-5795 publish\"><td><p>Celebration Week<\/p>\n<\/td><td>FULL<\/td><td>Fran\u00e7ais (French)<\/td><td><div class=\"dlp-table-document-link-wrap\"><a href=\"https:\/\/family.fit\/wp-content\/uploads\/2020\/07\/ff-week-13-FRv2.pdf\" class=\"dlp-download-link dlp-download-button document-library-pro-button button btn\" data-download-id=\"5795\"  >Download<\/a><\/div><\/td><\/tr><tr id=\"post-row-5807\" class=\"post-row post-type-dlp_document dlp_document-5807 publish\"><td><p>Celebration Week<\/p>\n<\/td><td>FULL<\/td><td>\u0939\u093f\u0928\u094d\u0926\u0940 (Hindi)<\/td><td><div class=\"dlp-table-document-link-wrap\"><a href=\"https:\/\/family.fit\/wp-content\/uploads\/2020\/07\/ff-week-13-HIv2.pdf\" class=\"dlp-download-link dlp-download-button document-library-pro-button button btn\" data-download-id=\"5807\"  >Download<\/a><\/div><\/td><\/tr><tr id=\"post-row-5797\" class=\"post-row post-type-dlp_document dlp_document-5797 publish\"><td><p>Celebration Week<\/p>\n<\/td><td>FULL<\/td><td>Italiano (Italian)<\/td><td><div class=\"dlp-table-document-link-wrap\"><a href=\"https:\/\/family.fit\/wp-content\/uploads\/2020\/07\/ff-week-13-ITv2.pdf\" class=\"dlp-download-link dlp-download-button document-library-pro-button button btn\" data-download-id=\"5797\"  >Download<\/a><\/div><\/td><\/tr><tr id=\"post-row-5805\" class=\"post-row post-type-dlp_document dlp_document-5805 publish\"><td><p>Celebration Week<\/p>\n<\/td><td>FULL<\/td><td>\u0c95\u0ca8\u0ccd\u0ca8\u0ca1 (Kannada)<\/td><td><div class=\"dlp-table-document-link-wrap\"><a href=\"https:\/\/family.fit\/wp-content\/uploads\/2020\/07\/ff-week-13-KNv2.pdf\" class=\"dlp-download-link dlp-download-button document-library-pro-button button btn\" data-download-id=\"5805\"  >Download<\/a><\/div><\/td><\/tr><tr id=\"post-row-5799\" class=\"post-row post-type-dlp_document dlp_document-5799 publish\"><td><p>Celebration Week<\/p>\n<\/td><td>FULL<\/td><td>Portugu\u00eas (Portuguese BR)<\/td><td><div class=\"dlp-table-document-link-wrap\"><a href=\"https:\/\/family.fit\/wp-content\/uploads\/2020\/07\/ff-week-13-PT-BRv2.pdf\" class=\"dlp-download-link dlp-download-button document-library-pro-button button btn\" data-download-id=\"5799\"  >Download<\/a><\/div><\/td><\/tr><tr id=\"post-row-5801\" class=\"post-row post-type-dlp_document dlp_document-5801 publish\"><td><p>Celebration Week<\/p>\n<\/td><td>FULL<\/td><td>Portugu\u00eas (Portuguese PT)<\/td><td><div class=\"dlp-table-document-link-wrap\"><a href=\"https:\/\/family.fit\/wp-content\/uploads\/2020\/07\/ff-week-13-PT-PTv2.pdf\" class=\"dlp-download-link dlp-download-button document-library-pro-button button btn\" data-download-id=\"5801\"  >Download<\/a><\/div><\/td><\/tr><tr id=\"post-row-5803\" class=\"post-row post-type-dlp_document dlp_document-5803 publish\"><td><p>Celebration Week<\/p>\n<\/td><td>FULL<\/td><td>Srpski (Serbian)<\/td><td><div class=\"dlp-table-document-link-wrap\"><a href=\"https:\/\/family.fit\/wp-content\/uploads\/2020\/07\/ff-week-13-SR.pdf\" class=\"dlp-download-link dlp-download-button document-library-pro-button button btn\" data-download-id=\"5803\"  >Download<\/a><\/div><\/td><\/tr><tr id=\"post-row-5811\" class=\"post-row post-type-dlp_document dlp_document-5811 publish\"><td><p>Celebration Week<\/p>\n<\/td><td>FULL<\/td><td>Svenska (Swedish)<\/td><td><div class=\"dlp-table-document-link-wrap\"><a href=\"https:\/\/family.fit\/wp-content\/uploads\/2020\/11\/ff-week-13-SV.pdf\" class=\"dlp-download-link dlp-download-button document-library-pro-button button btn\" data-download-id=\"5811\"  >Download<\/a><\/div><\/td><\/tr><tr id=\"post-row-5809\" class=\"post-row post-type-dlp_document dlp_document-5809 publish\"><td><p>Celebration Week<\/p>\n<\/td><td>FULL<\/td><td>\u0ba4\u0bae\u0bbf\u0bb4\u0bcd (Tamil)<\/td><td><div class=\"dlp-table-document-link-wrap\"><a href=\"https:\/\/family.fit\/wp-content\/uploads\/2020\/08\/ff-week-13-TAv3.pdf\" class=\"dlp-download-link dlp-download-button document-library-pro-button button btn\" data-download-id=\"5809\"  >Download<\/a><\/div><\/td><\/tr><\/tbody><\/table>\n<h2>\n\t\tThis week: Celebration\n\t<\/h2>\n<h3>\n\t\tCongratulations!\n\t<\/h3>\n\t<p>You have finished the first season of family.fit.<\/p>\n<p>Watch out for other seasons coming in a new, easy to use format.<\/p>\n<p>We hope you can see changes in your family. Perhaps you are healthier and fitter. Maybe you are more positive and more connected. Perhaps you have had a breakthrough as a family in forgiveness or communication, kindness or courage.<\/p>\n<p>Let&#8217;s celebrate what God is doing!<\/p>\n<p>If you can, get together with other families. Let&#8217;s combine fitness, faith, fun and food, and celebrate before we start the next season of family.fit.<\/p>\n\t\t\t\t<img loading=\"lazy\" decoding=\"async\" src=\"https:\/\/family.fit\/wp-content\/uploads\/2020\/06\/shutterstock_260270363.jpg\" alt=\"shutterstock_260270363\" itemprop=\"image\" height=\"667\" width=\"1000\" title=\"shutterstock_260270363\" onerror=\"this.style.display='none'\"  \/>\n<h3>\n\t\tCelebration ideas\n\t<\/h3>\n\t<p>Meet together as a family. Look at these ideas and come up with a plan to celebrate finishing the first season of family.fit.<\/p>\n<p>Design the event to suit your current situation. If you&#8217;re in lockdown, try and connect in creative ways. Use Zoom\u00ae or Skype\u00ae to connect for the celebration.<\/p>\n<p>Include these elements:<\/p>\n<ol>\n<li>Families in your neighborhood<\/li>\n<li>Fitness<\/li>\n<li>Fun<\/li>\n<li>Faith<\/li>\n<li>Food<\/li>\n<\/ol>\n<p>Choose ideas from below to get started.<\/p>\n<h2>\n\t\t1. Other Families\n\t<\/h2>\n<h3>\n\t\tInvite other families\n\t<\/h3>\n\t<p>Think of some other families you can get together with to celebrate. They could be people who have done family.fit or people who could start next season.<\/p>\n<p>If you cannot come together face to face, then connect over Zoom\u00ae or Skype\u00ae or out your window.<\/p>\n<h3>\n\t\tPray for them\n\t<\/h3>\n\t<p>Pray for the other families you invite. Invite someone isolated or elderly. They would love to be part of your family for the celebration.<\/p>\n<h3>\n\t\tMake invitations\n\t<\/h3>\n\t<p>Make the invitations fun. You could make a fun video message. You could draw and write an invitation card. You could set a challenge to the other family.<\/p>\n<h2>\n\t\t2. Fitness\n\t<\/h2>\n<h3>\n\t\tChoose some fitness elements\n\t<\/h3>\n\t<p>Look over the <a href=\"https:\/\/family.fit\/weeks\/\">past 12 weeks<\/a> of fitness and pick three different challenges you can do with other families.<\/p>\n<p>Here are some ideas to get you started.<\/p>\n<p>Watch this video.<\/p>\n\t<iframe allowfullscreen allow=\"autoplay\" src=\"https:\/\/www.youtube.com\/embed\/BQhxfrlAwUc?feature=oembed&amp;start&amp;end&amp;wmode=opaque&amp;loop=0&amp;controls=1&amp;mute=0&amp;rel=0&amp;modestbranding=1\"><\/iframe>\t\n\t<p>Watch this video.<\/p>\n\t<iframe allowfullscreen allow=\"autoplay\" src=\"https:\/\/www.youtube.com\/embed\/KzJkEN9OL7Q?feature=oembed&amp;start&amp;end&amp;wmode=opaque&amp;loop=0&amp;controls=1&amp;mute=0&amp;rel=0&amp;modestbranding=1\"><\/iframe>\t\n\t<p>Watch this video.<\/p>\n\t<iframe allowfullscreen allow=\"autoplay\" src=\"https:\/\/www.youtube.com\/embed\/MaLhZ0mvhIA?feature=oembed&amp;start&amp;end&amp;wmode=opaque&amp;loop=0&amp;controls=1&amp;mute=0&amp;rel=0&amp;modestbranding=1\"><\/iframe>\t\n<h3>\n\t\tMake up a challenge\n\t<\/h3>\n\t<p>Each family who has done family.fit could make up a challenge to show the other families. Use at least two movements in the challenge.<\/p>\n<h3>\n\t\tDesign a competition\n\t<\/h3>\n\t\t\t\t<img loading=\"lazy\" decoding=\"async\" src=\"https:\/\/family.fit\/wp-content\/uploads\/2020\/06\/stopwatch-icon.png\" alt=\"stopwatch icon\" itemprop=\"image\" height=\"234\" width=\"208\" title=\"stopwatch icon\" onerror=\"this.style.display='none'\"  \/>\n\t<p>Take one of the challenges and make it competitive. It could be children versus parents or male versus female. It could be family versus family. Think what would work best and be fun.<\/p>\n<h2>\n\t\t3. Fun\n\t<\/h2>\n<h3>\n\t\tDecorations\n\t<\/h3>\n\t<p>Choose a venue for your celebration. It might be a park, your home or a hall. Now make it look fun and special. Be creative!<\/p>\n<h3>\n\t\tFun games and sports\n\t<\/h3>\n\t<p>Plan for some fun games that everyone knows and loves. For example, frisbee, football, cricket or tag.<\/p>\n<h3>\n\t\tChoose a family.fit game\n\t<\/h3>\n\t<p>Think back over the last 12 weeks and choose some games to play that involve everyone. Here are some ideas to get you started:<\/p>\n<p>Watch this video.<\/p>\n\t<iframe allowfullscreen allow=\"autoplay\" src=\"https:\/\/www.youtube.com\/embed\/TGERuYjdKlg?feature=oembed&amp;start&amp;end&amp;wmode=opaque&amp;loop=0&amp;controls=1&amp;mute=0&amp;rel=0&amp;modestbranding=1\"><\/iframe>\t\n\t<p>Watch this video.<\/p>\n\t<iframe allowfullscreen allow=\"autoplay\" src=\"https:\/\/www.youtube.com\/embed\/XMT7TQ5J59Q?feature=oembed&amp;start&amp;end&amp;wmode=opaque&amp;loop=0&amp;controls=1&amp;mute=0&amp;rel=0&amp;modestbranding=1\"><\/iframe>\t\n\t<p>Watch this video.<\/p>\n\t<iframe allowfullscreen allow=\"autoplay\" src=\"https:\/\/www.youtube.com\/embed\/mw_VWXPJroo?feature=oembed&amp;start&amp;end&amp;wmode=opaque&amp;loop=0&amp;controls=1&amp;mute=0&amp;rel=0&amp;modestbranding=1\"><\/iframe>\t\n<h2>\n\t\t4. Faith\n\t<\/h2>\n<h3>\n\t\tShare how you have grown\n\t<\/h3>\n\t<p>Share with other families how your family has grown and changed in the last months. What positive things are happening? What have you learned?<\/p>\n<h3>\n\t\tOpen the Bible together\n\t<\/h3>\n\t<p>Choose a theme that really helped your family. Read this scripture again and complete some of the activities and questions with other families.<\/p>\n<h3>\n\t\tWatch a Max7 video together\n\t<\/h3>\n\t<p>Look at one of these videos and discuss the themes (see <a href=\"https:\/\/Max7.org\" target=\"_blank\" rel=\"noopener\">Max7.org<\/a>):<\/p>\n<p>Watch this video.<\/p>\n\t<iframe allowfullscreen allow=\"autoplay\" src=\"https:\/\/www.youtube.com\/embed\/CXWHLB1f6_U?feature=oembed&amp;start&amp;end&amp;wmode=opaque&amp;loop=0&amp;controls=1&amp;mute=0&amp;rel=0&amp;modestbranding=1\"><\/iframe>\t\n\t<p>Watch this video.<\/p>\n\t<iframe allowfullscreen allow=\"autoplay\" src=\"https:\/\/www.youtube.com\/embed\/tyWZeOlaRo4?feature=oembed&amp;start&amp;end&amp;wmode=opaque&amp;loop=0&amp;controls=1&amp;mute=0&amp;rel=0&amp;modestbranding=1\"><\/iframe>\t\n<h2>\n\t\t5. Food\n\t<\/h2>\n<h3>\n\t\tEvery family bring a meal\n\t<\/h3>\n\t<p>Each family bring a favorite meal to share with other families. If you can&#8217;t meet together, share a favorite recipe with other families.<\/p>\n<h3>\n\t\tPrepare healthy food together\n\t<\/h3>\n\t<p>Find some simple recipes for some healthy foods and drinks to make together.<\/p>\n<p>For example:<\/p>\n<ul>\n<li>Make a drink using fresh fruit<\/li>\n<li>Make a healthy snack<\/li>\n<\/ul>\n<h3>\n\t\tCook a meal together\n\t<\/h3>\n\t<p>Have a barbecue, make a curry or other home cooked meal where families bring ingredients to cook together.<\/p>\n<h2>\n\t\tA new look family.fit is coming\n\t<\/h2>\n\t<p>Season 2 will start in Week 14. This is a <strong>new<\/strong> family.fit season to help you to continue to grow your family, your fitness, your faith and your fun!<\/p>\n<h2>All new SEASON 2<\/h2>\n\t\t\t\t<img loading=\"lazy\" decoding=\"async\" src=\"https:\/\/family.fit\/wp-content\/uploads\/2020\/06\/Picture-1.png\" alt=\"Picture 1\" itemprop=\"image\" height=\"220\" width=\"642\" title=\"Picture 1\" onerror=\"this.style.display='none'\"  \/>\n\t<p>Things to look forward to:<\/p>\n<ul>\n<li>A <strong>simpler<\/strong> layout with five steps.<\/li>\n<li><strong>New<\/strong> design and <strong>easier<\/strong> layout.<\/li>\n<li><strong>Smaller<\/strong> files to be able to share.<\/li>\n<li>Great <strong>new<\/strong> fitness activities and challenges.<\/li>\n<li><strong>New<\/strong> engaging Bible discussions.<\/li>\n<\/ul>\n<h2>\n\t\tYou can share this page\n\t<\/h2>\n\t\t\t\t<a href=\"https:\/\/api.whatsapp.com\/send?text=https:\/\/family.fit\/en\/seasons\/growing-closer\/13-celebration\/\">\n\t\t\t\t\t\t\t\t\t\t\t\tShare on WhatsApp\n\t\t\t\t\t\t\t\t\t\t\t\t\t\t\tWhatsApp\n\t\t\t\t\t\t\t\t\t<\/a>\n\t\t\t\t<a href=\"https:\/\/www.facebook.com\/sharer.php?u=https:\/\/family.fit\/en\/seasons\/growing-closer\/13-celebration\/&#038;title=13%3A+Celebration\">\n\t\t\t\t\t\t\t\t\t\t\t\tShare on Facebook\n\t\t\t\t\t\t\t\t\t\t\t\t\t\t\tFacebook\n\t\t\t\t\t\t\t\t\t<\/a>\n\t\t\t\t<a href=\"https:\/\/twitter.com\/intent\/tweet?url=https:\/\/family.fit\/en\/seasons\/growing-closer\/13-celebration\/&#038;text=13%3A+Celebration\">\n\t\t\t\t\t\t\t\t\t\t\t\tShare on Twitter\n\t\t\t\t\t\t\t\t\t\t\t\t\t\t\tTwitter\n\t\t\t\t\t\t\t\t\t<\/a>\n\t\t\t\t<a href=\"mailto:?body=https:\/\/family.fit\/en\/seasons\/growing-closer\/13-celebration\/\">\n\t\t\t\t\t\t\t\t\t\t\t\tShare on Email\n\t\t\t\t\t\t\t\t\t\t\t\t\t\t\tEmail\n\t\t\t\t\t\t\t\t\t<\/a>\n<h2>\n\t\tPlease send your feedback\n\t<\/h2>\n\t<p>We hope you have enjoyed this session of family.fit.<\/p>\n<p>We would love to know what works in your household and culture. If you are willing to send us your feedback then please use the form below. Alternatively you can email us directly at <a href=\"mailto:info@family.fit\">info@family.fit<\/a>.<\/p>\n\t\t    <form data-form_id=\"4\" id=\"fluentform_4\" data-form_instance=\"ff_form_instance_4_1\">        <input type=\"checkbox\" name=\"item__4__fluent_checkme_\" value=\"1\"\n               tabindex=\"-1\"\/>\n        <input type='hidden' name='__fluent_form_embded_post_id' value='1233' \/><input type=\"hidden\" id=\"_fluentform_4_fluentformnonce\" name=\"_fluentform_4_fluentformnonce\" value=\"d0b7f3b6c3\" \/><input type=\"hidden\" name=\"_wp_http_referer\" value=\"\/en\/?page_id=1233&amp;fl_builder\" \/><label for='ff_4_description'>How did your family or household enjoy family.fit? Describe your experience<\/label> <textarea name=\"description\" id=\"ff_4_description\" rows=\"3\" cols=\"2\" data-name=\"description\" tabindex=\"1\"><\/textarea><label for='ff_4_description_1'>What worked really well in this session of family.fit?<\/label> <textarea name=\"description_1\" id=\"ff_4_description_1\" rows=\"3\" cols=\"2\" data-name=\"description_1\" tabindex=\"2\"><\/textarea><label for='ff_4_description_2'>What didn&#8217;t work well? Or what changes would you suggest?<\/label> <textarea name=\"description_2\" id=\"ff_4_description_2\" rows=\"3\" cols=\"2\" data-name=\"description_2\" tabindex=\"3\"><\/textarea><label for='ff_4_description_3'>What themes would you like to see explored in future family.fit sessions?<\/label> <textarea name=\"description_3\" id=\"ff_4_description_3\" rows=\"3\" cols=\"2\" data-name=\"description_3\" tabindex=\"4\"><\/textarea><label for='ff_4_description_4'>What other ideas would you like to share?<\/label> <textarea name=\"description_4\" id=\"ff_4_description_4\" rows=\"3\" cols=\"2\" data-name=\"description_4\" tabindex=\"5\"><\/textarea><p>If you would like us to get back to you then please leave your name and email address below. This is completely optional.<\/p><label for='ff_4_names_first_name_'>First Name<\/label> <input type=\"text\" name=\"names[first_name]\" id=\"ff_4_names_first_name_\" placeholder=\"First Name\" tabindex=\"6\"\/><label for='ff_4_names_last_name_'>Last Name<\/label> <input type=\"text\" name=\"names[last_name]\" id=\"ff_4_names_last_name_\" placeholder=\"Last Name\" tabindex=\"7\"\/><label for='ff_4_email'>Email<\/label> <input type=\"email\" name=\"email\" id=\"ff_4_email\" placeholder=\"Email Address\" data-name=\"email\" tabindex=\"8\"\/><button type=\"submit\" tabindex=\"9\">Submit Form<\/button><\/form>        \n\t<p>The family.fit sessions are being developed quickly and constantly. Please bookmark this website, or return again soon, to find the latest information and download future weeks.<\/p>\n<p>Thank you.<\/p>\n<p>The family.fit team<\/p>\n\n","protected":false},"excerpt":{"rendered":"<p>Traductions de la semaine de c\u00e9l\u00e9bration Si vous traduisez ceci dans votre langue, veuillez l&#039;envoyer par e-mail \u00e0 info@family.fit afin qu&#039;il puisse \u00eatre partag\u00e9 avec d&#039;autres. Cliquez ici pour les t\u00e9l\u00e9chargements PDF de cette session dans toutes les langues Cette semaine : C\u00e9l\u00e9bration F\u00e9licitations ! Vous avez termin\u00e9 la premi\u00e8re saison de family.fit. M\u00e9fiez-vous des autres saisons \u00e0 venir dans un nouveau, facile\u2026<\/p>","protected":false},"author":1,"featured_media":0,"parent":1256,"menu_order":0,"comment_status":"closed","ping_status":"closed","template":"","meta":{"_acf_changed":false,"_seopress_robots_primary_cat":"","_seopress_titles_title":"","_seopress_titles_desc":"","_seopress_robots_index":"","footnotes":""},"ff_language":[],"class_list":["post-1233","page","type-page","status-publish","hentry"],"acf":[],"_links":{"self":[{"href":"https:\/\/family.fit\/fr\/wp-json\/wp\/v2\/pages\/1233","targetHints":{"allow":["GET"]}}],"collection":[{"href":"https:\/\/family.fit\/fr\/wp-json\/wp\/v2\/pages"}],"about":[{"href":"https:\/\/family.fit\/fr\/wp-json\/wp\/v2\/types\/page"}],"author":[{"embeddable":true,"href":"https:\/\/family.fit\/fr\/wp-json\/wp\/v2\/users\/1"}],"replies":[{"embeddable":true,"href":"https:\/\/family.fit\/fr\/wp-json\/wp\/v2\/comments?post=1233"}],"version-history":[{"count":0,"href":"https:\/\/family.fit\/fr\/wp-json\/wp\/v2\/pages\/1233\/revisions"}],"up":[{"embeddable":true,"href":"https:\/\/family.fit\/fr\/wp-json\/wp\/v2\/pages\/1256"}],"wp:attachment":[{"href":"https:\/\/family.fit\/fr\/wp-json\/wp\/v2\/media?parent=1233"}],"wp:term":[{"taxonomy":"ff_language","embeddable":true,"href":"https:\/\/family.fit\/fr\/wp-json\/wp\/v2\/ff_language?post=1233"}],"curies":[{"name":"wp","href":"https:\/\/api.w.org\/{rel}","templated":true}]}}