{"id":3,"date":"2020-02-19T17:12:44","date_gmt":"2020-02-19T17:12:44","guid":{"rendered":"http:\/\/pd-toronto-1.com\/?page_id=3"},"modified":"2020-05-19T10:34:46","modified_gmt":"2020-05-19T10:34:46","slug":"privacy","status":"publish","type":"page","link":"https:\/\/family.fit\/fr\/privacy\/","title":{"rendered":"Confidentialit\u00e9"},"content":{"rendered":"<h1>\n\t<\/h1>\n\t<h3>La confidentialit\u00e9 est importante, mais elle peut pr\u00eater \u00e0 confusion. Cette page explique notre approche de la confidentialit\u00e9 et comment elle vous affecte.<\/h3>\n<h4>Version courte<\/h4>\n<p>Nous recueillons des statistiques anonymes sur votre visite, comme les pages que vous avez consult\u00e9es.<\/p>\n<p>Certains tiers comme Facebook peuvent savoir que vous avez visit\u00e9 ce site Web, si vous utilisez leurs services. Nous ne pouvons pas les contr\u00f4ler, mais nous ne pensons pas que cette connaissance repr\u00e9sente une menace pour vous.<\/p>\n<p>Si vous vous inscrivez avec nous, nous prenons grand soin de prot\u00e9ger vos informations et nous ne les partagerons jamais avec d&#039;autres sans votre autorisation expresse.<\/p>\n<p>Nous ne partageons jamais vos donn\u00e9es avec des tiers, sauf pour nous aider \u00e0 fournir nos propres services.<\/p>\n<p>Ce ne sont que les points cl\u00e9s. Si vous avez besoin de plus de d\u00e9tails, continuez \u00e0 lire.<\/p>\n<h4>Mesurer nos visiteurs<\/h4>\n<p>Nous mesurons les visiteurs de notre site Web \u00e0 l&#039;aide de Google Analytics. Cela enregistre les pages que vous consultez sur notre site, comment vous \u00eates arriv\u00e9 sur notre site et quelques informations de base sur votre ordinateur. Toutes ces informations sont anonymes \u2013 nous ne savons donc pas qui vous \u00eates ; juste que quelqu&#039;un a visit\u00e9 notre site.<\/p>\n<p>Les informations que nous recueillons \u00e0 partir des analyses nous aident \u00e0 comprendre quelles parties de nos sites fonctionnent bien, comment les gens arrivent sur notre site, etc. Comme la plupart des sites Web, nous utilisons ces informations pour am\u00e9liorer notre site Web.<\/p>\n<p>Vous pouvez en savoir plus sur\u00a0<a href=\"https:\/\/support.google.com\/analytics\/answer\/6004245\" target=\"_blank\" rel=\"noopener noreferrer\">Google Analytics ici<\/a>.<\/p>\n<h4>Contenu int\u00e9gr\u00e9 d&#039;autres sites Web<\/h4>\n<p>Le contenu de ce site peut inclure des contenus int\u00e9gr\u00e9s (par exemple des vid\u00e9os, des images, des articles, etc.). Le contenu int\u00e9gr\u00e9 d&#039;autres sites Web se comporte exactement de la m\u00eame mani\u00e8re que si le visiteur avait visit\u00e9 le site Web d&#039;origine.<\/p>\n<p>Ces sites Web peuvent collecter des donn\u00e9es vous concernant, utiliser des cookies, int\u00e9grer un suivi tiers suppl\u00e9mentaire et surveiller votre interaction avec ce contenu int\u00e9gr\u00e9, y compris le suivi de votre interaction avec le contenu int\u00e9gr\u00e9 si vous avez un compte et \u00eates connect\u00e9 \u00e0 ce site Web.<\/p>\n<h4>Annonces et liens sponsoris\u00e9s<\/h4>\n<p>Ce site Web ne contient aucun lien ou publicit\u00e9 sponsoris\u00e9.<\/p>\n<h4>T\u00e9l\u00e9chargements et fichiers multim\u00e9dias<\/h4>\n<p>Tous les documents, fichiers ou supports t\u00e9l\u00e9chargeables mis \u00e0 disposition sur ce site Web vous sont fournis \u00e0 vos risques et p\u00e9rils. Bien que toutes les pr\u00e9cautions aient \u00e9t\u00e9 prises pour s&#039;assurer que seuls les t\u00e9l\u00e9chargements authentiques sont disponibles, il vous est conseill\u00e9 de v\u00e9rifier leur authenticit\u00e9 \u00e0 l&#039;aide d&#039;un logiciel antivirus tiers ou d&#039;applications similaires.<\/p>\n<p>Nous d\u00e9clinons toute responsabilit\u00e9 pour les t\u00e9l\u00e9chargements de tiers et les t\u00e9l\u00e9chargements fournis par des sites Web externes de tiers. Nous vous conseillons de v\u00e9rifier leur authenticit\u00e9 \u00e0 l&#039;aide d&#039;un logiciel anti-virus tiers ou d&#039;applications similaires.<\/p>\n<h4>Facebook, Twitter et autres r\u00e9seaux sociaux<\/h4>\n<p>Ces services fournissent des boutons sociaux et des fonctionnalit\u00e9s similaires que nous utilisons sur notre site Web, tels que les boutons \u00ab\u00a0J&#039;aime\u00a0\u00bb et \u00ab\u00a0Tweet\u00a0\u00bb.<\/p>\n<p>Pour ce faire, nous int\u00e9grons le code qu&#039;ils fournissent et nous ne nous contr\u00f4lons pas. Pour fonctionner, leurs boutons savent g\u00e9n\u00e9ralement si vous \u00eates connect\u00e9 ; par exemple Facebook l&#039;utilise pour dire &quot;x de vos amis comme \u00e7a&quot;. Nous n&#039;avons aucun acc\u00e8s \u00e0 ces informations et nous ne pouvons pas non plus contr\u00f4ler la mani\u00e8re dont ces r\u00e9seaux les utilisent.<\/p>\n<p>Les r\u00e9seaux sociaux pourraient donc savoir que vous consultez ce site Web, si vous utilisez leurs services. (Cela ne veut pas dire qu&#039;ils le font, mais leurs politiques peuvent changer).<\/p>\n<h4>Si vous vous inscrivez \u00e0 un service<\/h4>\n<p>Lorsque vous vous inscrivez \u00e0 l&#039;un de nos services (par exemple, en vous inscrivant \u00e0 la liste de diffusion), nous enregistrons des informations personnelles sp\u00e9cifiques vous concernant, telles que votre nom et votre adresse e-mail.<\/p>\n<h4>E-mails<\/h4>\n<p>Nous pouvons vous envoyer des notifications par e-mail que vous avez sp\u00e9cifiquement demand\u00e9es (telles que des newsletters ou des notifications). Vous avez la possibilit\u00e9 de vous d\u00e9sinscrire de ces communications \u00e0 tout moment.<\/p>\n<p>Nous ne fournirons jamais vos informations personnelles ou votre adresse e-mail \u00e0 des tiers, sauf lorsqu&#039;ils sont sp\u00e9cifiquement employ\u00e9s pour aider \u00e0 fournir nos propres services, comme indiqu\u00e9 ci-dessus.<\/p>\n<h4>S\u00e9curit\u00e9<\/h4>\n<p>Nous prenons de nombreuses pr\u00e9cautions pour \u00e9viter la perte, l&#039;utilisation abusive ou l&#039;alt\u00e9ration de vos informations personnelles. Ces pr\u00e9cautions comprennent :<\/p>\n<ul>\n<li>Utilisation du cryptage SSL pour tout le contenu de la page et toutes les donn\u00e9es collect\u00e9es<\/li>\n<li>Mat\u00e9riel stock\u00e9 dans des centres de donn\u00e9es s\u00e9curis\u00e9s derri\u00e8re des pare-feu<\/li>\n<li>Tout acc\u00e8s aux informations restreint par mot de passe et\/ou cl\u00e9 s\u00e9curis\u00e9e<\/li>\n<li>Restrictions sur les informations accessibles depuis n&#039;importe quel endroit<\/li>\n<\/ul>\n<p>Bien que nous prenions grand soin de garantir la protection de toute information confidentielle, nous ne pouvons garantir la s\u00e9curit\u00e9 des donn\u00e9es transmises sur Internet.<\/p>\n<p>Si, au cours de votre utilisation de ce site Web, il vous est demand\u00e9 de cr\u00e9er un compte utilisateur, veuillez noter que vous \u00eates responsable de la confidentialit\u00e9 de votre mot de passe et de vos informations d&#039;utilisateur. Nous ne vous demanderons jamais votre mot de passe, alors s&#039;il vous pla\u00eet ne faites confiance \u00e0 personne qui vous le demandera.<\/p>\n<h4>Recherche de donn\u00e9es<\/h4>\n<p>Nous utilisons divers tiers <a href=\"https:\/\/en.wikipedia.org\/wiki\/Application_programming_interface\" target=\"_blank\" rel=\"noopener noreferrer\">Apis<\/a> sur ce site Web afin d&#039;accomplir certaines t\u00e2ches. Par exemple, nous utilisons l&#039;API MailChimp pour traiter les abonnements aux listes de diffusion.<\/p>\n<h4>Mises \u00e0 jour de cette politique<\/h4>\n<p>Nous pouvons mettre \u00e0 jour cette politique de confidentialit\u00e9 de temps \u00e0 autre, en particulier \u00e0 mesure que la technologie \u00e9volue. Vous pouvez toujours consulter cette page pour la derni\u00e8re version. Nous pouvons \u00e9galement vous informer des modifications apport\u00e9es \u00e0 notre politique de confidentialit\u00e9 par e-mail.<\/p>\n<h4>Nous contacter<\/h4>\n<p>Si vous avez des questions concernant cette politique de confidentialit\u00e9, veuillez <a href=\"https:\/\/family.fit\/fr\/contact\/\">Contactez-nous<\/a>.<\/p>","protected":false},"excerpt":{"rendered":"<p>La confidentialit\u00e9 est importante, mais elle peut pr\u00eater \u00e0 confusion. Cette page explique notre approche de la confidentialit\u00e9 et comment elle vous affecte. Version courte Nous recueillons des statistiques anonymes sur votre visite, comme les pages que vous avez consult\u00e9es. Certains tiers comme Facebook peuvent savoir que vous avez visit\u00e9 ce site Web, si vous utilisez leurs services. Nous ne pouvons pas les contr\u00f4ler\u2026<\/p>","protected":false},"author":1,"featured_media":0,"parent":0,"menu_order":0,"comment_status":"closed","ping_status":"open","template":"","meta":{"_acf_changed":false,"_seopress_robots_primary_cat":"","_seopress_titles_title":"","_seopress_titles_desc":"","_seopress_robots_index":"","footnotes":""},"ff_language":[],"class_list":["post-3","page","type-page","status-publish","hentry"],"acf":[],"_links":{"self":[{"href":"https:\/\/family.fit\/fr\/wp-json\/wp\/v2\/pages\/3","targetHints":{"allow":["GET"]}}],"collection":[{"href":"https:\/\/family.fit\/fr\/wp-json\/wp\/v2\/pages"}],"about":[{"href":"https:\/\/family.fit\/fr\/wp-json\/wp\/v2\/types\/page"}],"author":[{"embeddable":true,"href":"https:\/\/family.fit\/fr\/wp-json\/wp\/v2\/users\/1"}],"replies":[{"embeddable":true,"href":"https:\/\/family.fit\/fr\/wp-json\/wp\/v2\/comments?post=3"}],"version-history":[{"count":0,"href":"https:\/\/family.fit\/fr\/wp-json\/wp\/v2\/pages\/3\/revisions"}],"wp:attachment":[{"href":"https:\/\/family.fit\/fr\/wp-json\/wp\/v2\/media?parent=3"}],"wp:term":[{"taxonomy":"ff_language","embeddable":true,"href":"https:\/\/family.fit\/fr\/wp-json\/wp\/v2\/ff_language?post=3"}],"curies":[{"name":"wp","href":"https:\/\/api.w.org\/{rel}","templated":true}]}}