{"id":3322,"date":"2021-03-16T17:26:39","date_gmt":"2021-03-16T17:26:39","guid":{"rendered":"https:\/\/family.fit\/?page_id=3322"},"modified":"2023-04-04T21:12:36","modified_gmt":"2023-04-04T21:12:36","slug":"home","status":"publish","type":"page","link":"https:\/\/family.fit\/fr\/","title":{"rendered":"Domicile"},"content":{"rendered":"<p>Aidez votre famille \u00e0 \u00eatre en forme et en bonne sant\u00e9, \u00e0 rester connect\u00e9e et \u00e0 d\u00e9velopper son caract\u00e8re.<\/p>\n\t<p>Family.fit est un programme pour tous les \u00e2ges qui est parfaitement adapt\u00e9 pour aider votre famille \u00e0 grandir ensemble dans la foi et la forme physique. Chaque session est disponible \u00e0 la fois sur le site Web et sous forme de PDF t\u00e9l\u00e9chargeable. Nous avons plus <a href=\"https:\/\/family.fit\/en\/document-library\/\">1 500 s\u00e9ances<\/a> disponible sur <a href=\"https:\/\/family.fit\/en\/translations\/\">21 langues<\/a>.<\/p>\n<p>Vous et votre famille pouvez utiliser ces sessions pour vous connecter de mani\u00e8re amusante et faire de l&#039;exercice r\u00e9guli\u00e8rement dans votre maison, appartement ou parc local. Avec un peu de cr\u00e9ativit\u00e9, tout le monde peut \u00eatre en forme et en bonne sant\u00e9, rester connect\u00e9 et grandir en caract\u00e8re et en foi.<\/p>\n<h2>\n\t\tQu&#039;est-ce que family.fit\u00a0? Regarde \u00e7a!\n\t<\/h2>\n\t<iframe allowfullscreen allow=\"autoplay\" data-src=\"https:\/\/www.youtube.com\/embed\/jujW3P-yEAM?feature=oembed&amp;start&amp;end&amp;wmode=opaque&amp;loop=0&amp;controls=1&amp;mute=0&amp;rel=0&amp;modestbranding=1\"><\/iframe>\t\t\n\t\t\t\t\tLire la vid\u00e9o\n\t\t\t\t\t\t<a href=\"https:\/\/family.fit\/en\/full\/\" target=\"_self\" rel=\"noopener\">\n\t\t\t\t\t\t\t\t<h2>FamilyFit Complet<\/h2>\n\t\t\t\t\t\t\t\t\t<p>Vous voulez l&#039;exp\u00e9rience compl\u00e8te?<\/p>\n\t\t\t\t\t\t\t\t\t\t<\/a>\n\t\t\t\t\t\t<a href=\"https:\/\/family.fit\/en\/fast\/\" target=\"_self\" rel=\"noopener\">\n\t\t\t\t\t\t\t\t<h2>FamilyFit Rapide<\/h2>\n\t\t\t\t\t\t\t\t\t<p>Vous manquez de temps?<\/p>\n\t\t\t\t\t\t\t\t\t\t<\/a>\n\t\t\t\t\t\t<a href=\"https:\/\/family.fit\/en\/prayerfit\/\" target=\"_self\" rel=\"noopener\">\n\t\t\t\t\t\t\t\t<h2>Pri\u00e8reFit<\/h2>\n\t\t\t\t\t\t\t\t\t<p>Joignez la pri\u00e8re \u00e0 votre programme de conditionnement physique\u00a0!<\/p>\n\t\t\t\t\t\t\t\t\t\t<\/a>\n\t\t\t\t\t\t<a href=\"https:\/\/family.fit\/en\/build-your-own\/\" target=\"_self\" rel=\"noopener\">\n\t\t\t\t\t\t\t\t<h2>Construit le tien<\/h2>\n\t\t\t\t\t\t\t\t\t<p>Vous vous sentez cr\u00e9atif?<\/p>\n\t\t\t\t\t\t\t\t\t\t<\/a>\n\t\t\t\t\t\t<a href=\"https:\/\/family.fit\/en\/youversion\/\" target=\"_self\" rel=\"noopener\">\n\t\t\t\t\t\t\t\t<h2>YouVersion<\/h2>\n\t\t\t\t\t\t\t\t\t<p>Vous utilisez d\u00e9j\u00e0 l&#039;application Bible\u00a0?<\/p>\n\t\t\t\t\t\t\t\t\t\t<\/a>\n\t\t\t\t\t\t<a href=\"https:\/\/family.fit\/en\/training\/\" target=\"_self\" rel=\"noopener\">\n\t\t\t\t\t\t\t\t<h2>Entra\u00eenement FamilyFit<\/h2>\n\t\t\t\t\t\t\t\t\t<p>Ressources de formation pour FamilyFit<\/p>\n\t\t\t\t\t\t\t\t\t\t<\/a>","protected":false},"excerpt":{"rendered":"<p>Aidez votre famille \u00e0 \u00eatre en forme et en bonne sant\u00e9, \u00e0 rester connect\u00e9e et \u00e0 d\u00e9velopper son caract\u00e8re. Family.fit est un programme pour tous les \u00e2ges qui est parfaitement adapt\u00e9 pour aider votre famille \u00e0 grandir ensemble dans la foi et la forme physique. Chaque session est disponible \u00e0 la fois sur le site Web et sous forme de PDF t\u00e9l\u00e9chargeable. Nous avons plus de 1 500 sessions disponibles dans 21 langues.\u2026<\/p>","protected":false},"author":1,"featured_media":0,"parent":0,"menu_order":0,"comment_status":"closed","ping_status":"closed","template":"","meta":{"_acf_changed":false,"_seopress_robots_primary_cat":"","_seopress_titles_title":"","_seopress_titles_desc":"","_seopress_robots_index":"","footnotes":""},"ff_language":[],"class_list":["post-3322","page","type-page","status-publish","hentry"],"acf":[],"_links":{"self":[{"href":"https:\/\/family.fit\/fr\/wp-json\/wp\/v2\/pages\/3322","targetHints":{"allow":["GET"]}}],"collection":[{"href":"https:\/\/family.fit\/fr\/wp-json\/wp\/v2\/pages"}],"about":[{"href":"https:\/\/family.fit\/fr\/wp-json\/wp\/v2\/types\/page"}],"author":[{"embeddable":true,"href":"https:\/\/family.fit\/fr\/wp-json\/wp\/v2\/users\/1"}],"replies":[{"embeddable":true,"href":"https:\/\/family.fit\/fr\/wp-json\/wp\/v2\/comments?post=3322"}],"version-history":[{"count":29,"href":"https:\/\/family.fit\/fr\/wp-json\/wp\/v2\/pages\/3322\/revisions"}],"predecessor-version":[{"id":8465,"href":"https:\/\/family.fit\/fr\/wp-json\/wp\/v2\/pages\/3322\/revisions\/8465"}],"wp:attachment":[{"href":"https:\/\/family.fit\/fr\/wp-json\/wp\/v2\/media?parent=3322"}],"wp:term":[{"taxonomy":"ff_language","embeddable":true,"href":"https:\/\/family.fit\/fr\/wp-json\/wp\/v2\/ff_language?post=3322"}],"curies":[{"name":"wp","href":"https:\/\/api.w.org\/{rel}","templated":true}]}}