{"id":3460,"date":"2021-03-17T23:12:51","date_gmt":"2021-03-17T23:12:51","guid":{"rendered":"https:\/\/family.fit\/?page_id=3460"},"modified":"2021-03-20T11:58:12","modified_gmt":"2021-03-20T11:58:12","slug":"youversion","status":"publish","type":"page","link":"https:\/\/family.fit\/fr\/youversion\/","title":{"rendered":"YouVersion"},"content":{"rendered":"\n<h1>\n\t<\/h1>\n\t<p>The family.fit YouVersion Bible app plan contains five daily sessions. You can use this 10-minute family.fit time to have fun, and to build fitness and faith with your family. It can be adapted for any household combination and age group. It uses no special equipment, just a small space and your imaginations.<\/p>\n<p>The library below contains all our Bible app plans. If you are looking for a FULL session then <a href=\"https:\/\/family.fit\/en\/full\/\">try here<\/a>, for a FAST session <a href=\"https:\/\/family.fit\/en\/fast\/\">try here<\/a>, or if you are looking for a more flexible session where you can design your own then <a href=\"https:\/\/family.fit\/en\/build-your-own\/\">try here<\/a>.<\/p>\n\t\t\t\t\t\t\t\tNeed guidance on using the table below? Click here.\n\t\t\t\t\n<p>Once you have the app installed you can access any of these \u00a0Bible app plans simply click the &#8216;Download&#8217; button for that plan and it will open up in your Bible app.<\/p>\n<p>If you are looking for something in particular then you can simply type it in the search box below at the top of the table and the sessions will automatically filter to return the best matches to your search term.<\/p>\n<p>If you wish to sort the table below then you can do that by clicking on one of the column headers (e.g. &#8216;Language&#8217;).\u00a0<\/p>\n<p>All of your choices (such as how many entries are displayed per page, or your search results) can be removed simply by pressing the &#8216;Reset&#8217; link below at the top of the table.<\/p>\n\t<table id=\"dlp_4404c2036c16cd2f_1\" class=\"posts-data-table\" width=\"100%\" data-config=\"{&quot;pageLength&quot;:25,&quot;pagingType&quot;:&quot;numbers&quot;,&quot;serverSide&quot;:false,&quot;autoWidth&quot;:true,&quot;clickFilter&quot;:&quot;&quot;,&quot;stickyHeader&quot;:false,&quot;scrollOffset&quot;:15,&quot;resetButton&quot;:false,&quot;numOrder&quot;:false,&quot;lengthMenu&quot;:[[10,25,50,100,-1],[10,25,50,100,&quot;All&quot;]],&quot;columnDefs&quot;:[{&quot;className&quot;:&quot;col-session_title&quot;,&quot;targets&quot;:0,&quot;type&quot;:&quot;html&quot;},{&quot;className&quot;:&quot;col-format&quot;,&quot;targets&quot;:1,&quot;type&quot;:&quot;html&quot;},{&quot;className&quot;:&quot;col-language&quot;,&quot;targets&quot;:2,&quot;type&quot;:&quot;html&quot;},{&quot;className&quot;:&quot;col-link&quot;,&quot;targets&quot;:3,&quot;type&quot;:&quot;html&quot;}],&quot;responsive&quot;:{&quot;details&quot;:{&quot;display&quot;:&quot;child_row&quot;}},&quot;language&quot;:{&quot;info&quot;:&quot;_TOTAL_ documents&quot;,&quot;infoEmpty&quot;:&quot;0 documents&quot;,&quot;emptyTable&quot;:&quot;Aucun documents correspondant.&quot;,&quot;zeroRecords&quot;:&quot;Aucun documents correspondant.&quot;,&quot;totalsSingle&quot;:&quot;document&quot;,&quot;totalsPlural&quot;:&quot;documents&quot;},&quot;dom&quot;:&quot;&lt;\\&quot;posts-table-wrapper bb-theme\\&quot;&lt;\\&quot;posts-table-above posts-table-controls\\&quot;f&gt;t&lt;\\&quot;posts-table-below posts-table-controls\\&quot;lip&gt;&gt;&quot;,&quot;multiDownloadButton&quot;:false,&quot;multiDownloadPosition&quot;:&quot;above&quot;,&quot;multiDownloadText&quot;:&quot;Download Selected Documents&quot;}\" data-filters=\"false\" data-order=\"[]\"><thead><tr><th class=\"all\" data-name=\"cf_session_title\" data-orderable=\"true\" data-searchable=\"true\" data-priority=\"1\">Session Title<\/th><th data-name=\"cf_format\" data-orderable=\"true\" data-searchable=\"true\" data-priority=\"4\">Format<\/th><th data-name=\"cf_language\" data-orderable=\"true\" data-searchable=\"true\" data-priority=\"3\">Language<\/th><th data-name=\"link\" data-orderable=\"false\" data-searchable=\"false\" data-priority=\"2\">Lien<\/th><\/tr><\/thead><tbody><tr id=\"post-row-3516\" class=\"post-row post-type-dlp_document dlp_document-3516 publish\"><td><p>In God we live and move<\/p>\n<\/td><td>YV<\/td><td>Afrikaans (Afrikaans)<\/td><td><div class=\"dlp-table-document-link-wrap\"><a href=\"https:\/\/www.bible.com\/reading-plans\/23358\/\" class=\"dlp-download-link dlp-download-button document-library-pro-button button btn\" data-download-id=\"3516\" >Download<\/a><\/div><\/td><\/tr><tr id=\"post-row-3530\" class=\"post-row post-type-dlp_document dlp_document-3530 publish\"><td><p>In God we live and move<\/p>\n<\/td><td>YV<\/td><td>\u0627\u0644\u0639\u0631\u0628\u064a\u0629 (Arabic)<\/td><td><div class=\"dlp-table-document-link-wrap\"><a href=\"https:\/\/www.bible.com\/reading-plans\/24454\/\" class=\"dlp-download-link dlp-download-button document-library-pro-button button btn\" data-download-id=\"3530\" >Download<\/a><\/div><\/td><\/tr><tr id=\"post-row-3520\" class=\"post-row post-type-dlp_document dlp_document-3520 publish\"><td><p>In God we live and move<\/p>\n<\/td><td>YV<\/td><td>Deutsch (German)<\/td><td><div class=\"dlp-table-document-link-wrap\"><a href=\"https:\/\/www.bible.com\/reading-plans\/23377\/\" class=\"dlp-download-link dlp-download-button document-library-pro-button button btn\" data-download-id=\"3520\" >Download<\/a><\/div><\/td><\/tr><tr id=\"post-row-3514\" class=\"post-row post-type-dlp_document dlp_document-3514 publish\"><td><p>In God we live and move<\/p>\n<\/td><td>YV<\/td><td>English (English)<\/td><td><div class=\"dlp-table-document-link-wrap\"><a href=\"https:\/\/www.bible.com\/reading-plans\/22729\/\" class=\"dlp-download-link dlp-download-button document-library-pro-button button btn\" data-download-id=\"3514\" >Download<\/a><\/div><\/td><\/tr><tr id=\"post-row-3528\" class=\"post-row post-type-dlp_document dlp_document-3528 publish\"><td><p>In God we live and move<\/p>\n<\/td><td>YV<\/td><td>Espa\u00f1ol (Spanish)<\/td><td><div class=\"dlp-table-document-link-wrap\"><a href=\"https:\/\/www.bible.com\/reading-plans\/23717\/\" class=\"dlp-download-link dlp-download-button document-library-pro-button button btn\" data-download-id=\"3528\" >Download<\/a><\/div><\/td><\/tr><tr id=\"post-row-3518\" class=\"post-row post-type-dlp_document dlp_document-3518 publish\"><td><p>In God we live and move<\/p>\n<\/td><td>YV<\/td><td>Fran\u00e7ais (French)<\/td><td><div class=\"dlp-table-document-link-wrap\"><a href=\"https:\/\/www.bible.com\/reading-plans\/23422\/\" class=\"dlp-download-link dlp-download-button document-library-pro-button button btn\" data-download-id=\"3518\" >Download<\/a><\/div><\/td><\/tr><tr id=\"post-row-3522\" class=\"post-row post-type-dlp_document dlp_document-3522 publish\"><td><p>In God we live and move<\/p>\n<\/td><td>YV<\/td><td>\u65e5\u672c\u8a9e (Japanese)<\/td><td><div class=\"dlp-table-document-link-wrap\"><a href=\"https:\/\/www.bible.com\/reading-plans\/23655\/\" class=\"dlp-download-link dlp-download-button document-library-pro-button button btn\" data-download-id=\"3522\" >Download<\/a><\/div><\/td><\/tr><tr id=\"post-row-3524\" class=\"post-row post-type-dlp_document dlp_document-3524 publish\"><td><p>In God we live and move<\/p>\n<\/td><td>YV<\/td><td>Portugu\u00eas (Portuguese BR)<\/td><td><div class=\"dlp-table-document-link-wrap\"><a href=\"https:\/\/www.bible.com\/reading-plans\/23691\/\" class=\"dlp-download-link dlp-download-button document-library-pro-button button btn\" data-download-id=\"3524\" >Download<\/a><\/div><\/td><\/tr><tr id=\"post-row-3532\" class=\"post-row post-type-dlp_document dlp_document-3532 publish\"><td><p>In God we live and move<\/p>\n<\/td><td>YV<\/td><td>Portugu\u00eas (Portuguese PT)<\/td><td><div class=\"dlp-table-document-link-wrap\"><a href=\"https:\/\/www.bible.com\/reading-plans\/24511\/\" class=\"dlp-download-link dlp-download-button document-library-pro-button button btn\" data-download-id=\"3532\" >Download<\/a><\/div><\/td><\/tr><tr id=\"post-row-3526\" class=\"post-row post-type-dlp_document dlp_document-3526 publish\"><td><p>In God we live and move<\/p>\n<\/td><td>YV<\/td><td>Srpski (Serbian)<\/td><td><div class=\"dlp-table-document-link-wrap\"><a href=\"https:\/\/www.bible.com\/reading-plans\/23620\/\" class=\"dlp-download-link dlp-download-button document-library-pro-button button btn\" data-download-id=\"3526\" >Download<\/a><\/div><\/td><\/tr><\/tbody><\/table>\n\n","protected":false},"excerpt":{"rendered":"<p>Le plan de l&#039;application Family.fit YouVersion Bible contient cinq sessions quotidiennes. Vous pouvez utiliser ce temps de 10 minutes pour vous amuser et d\u00e9velopper votre forme physique et votre foi avec votre famille. Il peut \u00eatre adapt\u00e9 \u00e0 toutes les combinaisons de m\u00e9nages et \u00e0 tous les groupes d&#039;\u00e2ge. Il n&#039;utilise aucun \u00e9quipement sp\u00e9cial, juste un petit espace et votre imagination. La biblioth\u00e8que ci-dessous\u2026<\/p>","protected":false},"author":1,"featured_media":0,"parent":0,"menu_order":0,"comment_status":"closed","ping_status":"closed","template":"","meta":{"_acf_changed":false,"_seopress_robots_primary_cat":"","_seopress_titles_title":"","_seopress_titles_desc":"","_seopress_robots_index":"","footnotes":""},"ff_language":[],"class_list":["post-3460","page","type-page","status-publish","hentry"],"acf":[],"_links":{"self":[{"href":"https:\/\/family.fit\/fr\/wp-json\/wp\/v2\/pages\/3460","targetHints":{"allow":["GET"]}}],"collection":[{"href":"https:\/\/family.fit\/fr\/wp-json\/wp\/v2\/pages"}],"about":[{"href":"https:\/\/family.fit\/fr\/wp-json\/wp\/v2\/types\/page"}],"author":[{"embeddable":true,"href":"https:\/\/family.fit\/fr\/wp-json\/wp\/v2\/users\/1"}],"replies":[{"embeddable":true,"href":"https:\/\/family.fit\/fr\/wp-json\/wp\/v2\/comments?post=3460"}],"version-history":[{"count":0,"href":"https:\/\/family.fit\/fr\/wp-json\/wp\/v2\/pages\/3460\/revisions"}],"wp:attachment":[{"href":"https:\/\/family.fit\/fr\/wp-json\/wp\/v2\/media?parent=3460"}],"wp:term":[{"taxonomy":"ff_language","embeddable":true,"href":"https:\/\/family.fit\/fr\/wp-json\/wp\/v2\/ff_language?post=3460"}],"curies":[{"name":"wp","href":"https:\/\/api.w.org\/{rel}","templated":true}]}}