{"id":3655,"date":"2021-03-19T16:25:45","date_gmt":"2021-03-19T16:25:45","guid":{"rendered":"https:\/\/family.fit\/?page_id=3655"},"modified":"2021-03-19T17:30:57","modified_gmt":"2021-03-19T17:30:57","slug":"formats","status":"publish","type":"page","link":"https:\/\/family.fit\/fr\/formats\/","title":{"rendered":"Formats"},"content":{"rendered":"<h1>\n\t<\/h1>\n\t<p>Les sessions Family.fit sont disponibles dans diff\u00e9rents formats. Vous pouvez acc\u00e9der aux sessions disponibles dans chaque format diff\u00e9rent via les liens ci-dessous.<\/p>\n\t\t\t<a href=\"https:\/\/family.fit\/en\/full\/\" target=\"_self\" role=\"button\" rel=\"noopener\">\n\t\t\t\t\t\t\tPLEIN\n\t\t\t\t\t<\/a>\n\t\t\t<a href=\"https:\/\/family.fit\/en\/fast\/\" target=\"_self\" role=\"button\" rel=\"noopener\">\n\t\t\t\t\t\t\tVITE\n\t\t\t\t\t<\/a>\n\t\t\t<a href=\"https:\/\/family.fit\/en\/build-your-own\/\" target=\"_self\" role=\"button\" rel=\"noopener\">\n\t\t\t\t\t\t\tConstruit le tien\n\t\t\t\t\t<\/a>\n\t\t\t<a href=\"https:\/\/family.fit\/en\/youversion\/\" target=\"_self\" role=\"button\" rel=\"noopener\">\n\t\t\t\t\t\t\tApplication biblique YouVersion\n\t\t\t\t\t<\/a>","protected":false},"excerpt":{"rendered":"<p>Les sessions Family.fit sont disponibles dans quelques formats diff\u00e9rents. Vous pouvez acc\u00e9der aux sessions disponibles dans chaque format diff\u00e9rent via les liens ci-dessous. COMPL\u00c8TEMENT RAPIDE Construisez votre propre application biblique YouVersion<\/p>","protected":false},"author":1,"featured_media":0,"parent":0,"menu_order":0,"comment_status":"closed","ping_status":"closed","template":"","meta":{"_acf_changed":false,"_seopress_robots_primary_cat":"","_seopress_titles_title":"","_seopress_titles_desc":"","_seopress_robots_index":"","footnotes":""},"ff_language":[],"class_list":["post-3655","page","type-page","status-publish","hentry"],"acf":[],"_links":{"self":[{"href":"https:\/\/family.fit\/fr\/wp-json\/wp\/v2\/pages\/3655","targetHints":{"allow":["GET"]}}],"collection":[{"href":"https:\/\/family.fit\/fr\/wp-json\/wp\/v2\/pages"}],"about":[{"href":"https:\/\/family.fit\/fr\/wp-json\/wp\/v2\/types\/page"}],"author":[{"embeddable":true,"href":"https:\/\/family.fit\/fr\/wp-json\/wp\/v2\/users\/1"}],"replies":[{"embeddable":true,"href":"https:\/\/family.fit\/fr\/wp-json\/wp\/v2\/comments?post=3655"}],"version-history":[{"count":0,"href":"https:\/\/family.fit\/fr\/wp-json\/wp\/v2\/pages\/3655\/revisions"}],"wp:attachment":[{"href":"https:\/\/family.fit\/fr\/wp-json\/wp\/v2\/media?parent=3655"}],"wp:term":[{"taxonomy":"ff_language","embeddable":true,"href":"https:\/\/family.fit\/fr\/wp-json\/wp\/v2\/ff_language?post=3655"}],"curies":[{"name":"wp","href":"https:\/\/api.w.org\/{rel}","templated":true}]}}