{"id":377,"date":"2020-03-30T14:52:33","date_gmt":"2020-03-30T14:52:33","guid":{"rendered":"https:\/\/family.fit\/?page_id=377"},"modified":"2020-05-19T10:29:10","modified_gmt":"2020-05-19T10:29:10","slug":"terms-and-conditions","status":"publish","type":"page","link":"https:\/\/family.fit\/fr\/terms-and-conditions\/","title":{"rendered":"Termes et conditions"},"content":{"rendered":"<h1>\n\t<\/h1>\n\t<p>Ces termes et conditions r\u00e9gissent votre utilisation de ce site Web par vous et par tous ceux qui exercent avec vous. Veuillez vous assurer que vous et tous ceux qui exercent avec vous acceptez ces termes et conditions dans leur int\u00e9gralit\u00e9. Si vous n&#039;\u00eates pas d&#039;accord avec ces termes et conditions ou toute partie de ces termes et conditions, vous ne devez pas utiliser ce site Web.<\/p>\n<p>En utilisant ce site Web, ou l&#039;un des exercices, programmes, services ou produits auxquels il acc\u00e8de, vous signifiez implicitement votre accord \u00e0 toutes les parties de la clause de non-responsabilit\u00e9 ci-dessous.<\/p>\n<p>Family.Fit d\u00e9signe le site Web Family.Fit sur <a href=\"https:\/\/family.fit\/fr\/\">Famille.Fit<\/a>, ainsi que tous les exercices, programmes, services et \/ ou produits accessibles via celui-ci, y compris, mais sans s&#039;y limiter, les t\u00e9l\u00e9chargements et les vid\u00e9os YouTube associ\u00e9es sur notre famille. <a href=\"https:\/\/www.youtube.com\/channel\/UCv4dN6VavUWSVqb_WdoMzpw\" target=\"_blank\" rel=\"noopener noreferrer\">Cha\u00eene Youtube<\/a>.<\/p>\n<p>&quot;<strong>Nous<\/strong>&quot; ou alors &quot;<strong>Nous<\/strong>\u00bbFait r\u00e9f\u00e9rence aux d\u00e9veloppeurs et contributeurs de Family.Fit ainsi qu&#039;aux propri\u00e9taires, exploitants et d\u00e9clarants du site Family.Fit.<\/p>\n<p>Tout exercice comporte des risques. En utilisant ou en participant \u00e0 Family.Fit, vous reconnaissez que Family.Fit a \u00e9t\u00e9 con\u00e7u \u00e0 l&#039;insu de votre situation de sant\u00e9 personnelle et, \u00e0 ce titre, dans la mesure maximale autoris\u00e9e par la loi, vous acceptez de dispenser les d\u00e9veloppeurs et les contributeurs de Family.Fit et les propri\u00e9taires et exploitants de ce site Web de toute responsabilit\u00e9 pouvant d\u00e9couler de l&#039;utilisation de Family.Fit.<\/p>\n<p><strong>Nous<\/strong> vous recommande fortement de consulter votre m\u00e9decin avant de commencer tout programme d&#039;exercice. Vous devez \u00eatre en bonne condition physique et pouvoir participer \u00e0 l&#039;exercice. <strong>Nous<\/strong> ne sont pas des prestataires de soins m\u00e9dicaux agr\u00e9\u00e9s et n&#039;ont aucune expertise dans le diagnostic, l&#039;examen ou le traitement de conditions m\u00e9dicales de quelque nature que ce soit, ou dans la d\u00e9termination de l&#039;effet d&#039;un exercice sp\u00e9cifique sur une condition m\u00e9dicale.<\/p>\n<p>Le succ\u00e8s de chaque individu en mati\u00e8re de sant\u00e9, de forme physique et de nutrition d\u00e9pend de ses ant\u00e9c\u00e9dents, de son d\u00e9vouement, de son d\u00e9sir et de sa motivation. Vos r\u00e9sultats peuvent varier et seront bas\u00e9s sur de nombreuses variables, y compris, mais sans s&#039;y limiter, votre \u00e9tat actuel de forme physique, vos capacit\u00e9s individuelles, votre exp\u00e9rience de vie, votre sant\u00e9 et votre profil g\u00e9n\u00e9tique uniques, votre point de d\u00e9part, votre expertise et votre niveau d&#039;engagement.<\/p>\n<p>Vous devez comprendre que lorsque vous participez \u00e0 un exercice ou \u00e0 un programme d&#039;exercices, il existe un risque de blessure physique. Si vous vous engagez dans cet exercice ou programme d&#039;exercices, vous acceptez de le faire \u00e0 vos propres risques, de participer volontairement \u00e0 ces activit\u00e9s, d&#039;assumer tous les risques de blessure pour vous-m\u00eame et d&#039;accepter de vous lib\u00e9rer et de vous d\u00e9charger. <strong>Nous<\/strong> de toute r\u00e9clamation ou cause d&#039;action, y compris la n\u00e9gligence, connue ou inconnue, d\u00e9coulant de l&#039;utilisation de Family.Fit.<\/p>\n<p>Les informations fournies ne sont pas destin\u00e9es \u00e0 se substituer \u00e0 un avis m\u00e9dical professionnel, \u00e0 un diagnostic ou \u00e0 un traitement.<\/p>\n<p>Dans la mesure maximale autoris\u00e9e par la loi <strong>Nous<\/strong> ne sera en aucun cas tenu responsable de votre utilisation des informations que vous recevez via Family.Fit. En aucun cas <strong>Nous<\/strong> \u00eatre responsable envers toute partie de tout dommage direct, indirect, sp\u00e9cial, accidentel, \u00e9quitable ou cons\u00e9cutif pour toute utilisation ou confiance en Family.Fit, y compris, sans s&#039;y limiter, toute perte de profits, interruptions personnelles ou professionnelles, blessures personnelles, accidents, mauvaise application d&#039;informations ou toute autre perte, maladie, maladie ou difficult\u00e9, ou autre, m\u00eame si <strong>Nous<\/strong> sont express\u00e9ment inform\u00e9s de la possibilit\u00e9 de tels dommages ou difficult\u00e9s.<\/p>\n<p>Family.Fit est mis \u00e0 disposition \u00e0 la condition que vous ne l&#039;utilisiez que pour un usage personnel, domestique ou domestique. <strong>Nous<\/strong> ne sont pas responsables des pertes d\u00e9coulant de ou en relation avec l&#039;utilisation de Family.Fit \u00e0 des fins commerciales, sauf dans la mesure o\u00f9 nous ne pouvons pas exclure une telle responsabilit\u00e9 en vertu de la l\u00e9gislation, auquel cas notre responsabilit\u00e9 se limite au remplacement ou au r\u00e9approvisionnement des produits ou services concern\u00e9s lorsque il est juste et raisonnable pour nous de nous fier \u00e0 cette limitation et nous sommes autoris\u00e9s \u00e0 limiter notre responsabilit\u00e9 de cette mani\u00e8re en vertu de la l\u00e9gislation.<\/p>","protected":false},"excerpt":{"rendered":"<p>Ces termes et conditions r\u00e9gissent votre utilisation de ce site Web par vous et tous ceux qui exercent avec vous. Veuillez vous assurer que vous et tous ceux qui exercent avec vous acceptez ces termes et conditions dans leur int\u00e9gralit\u00e9. Si vous n&#039;\u00eates pas d&#039;accord avec ces termes et conditions ou toute partie de ces termes et conditions, vous ne devez pas utiliser\u2026<\/p>","protected":false},"author":1,"featured_media":0,"parent":0,"menu_order":0,"comment_status":"closed","ping_status":"closed","template":"","meta":{"_acf_changed":false,"_seopress_robots_primary_cat":"","_seopress_titles_title":"","_seopress_titles_desc":"","_seopress_robots_index":"","footnotes":""},"ff_language":[],"class_list":["post-377","page","type-page","status-publish","hentry"],"acf":[],"_links":{"self":[{"href":"https:\/\/family.fit\/fr\/wp-json\/wp\/v2\/pages\/377","targetHints":{"allow":["GET"]}}],"collection":[{"href":"https:\/\/family.fit\/fr\/wp-json\/wp\/v2\/pages"}],"about":[{"href":"https:\/\/family.fit\/fr\/wp-json\/wp\/v2\/types\/page"}],"author":[{"embeddable":true,"href":"https:\/\/family.fit\/fr\/wp-json\/wp\/v2\/users\/1"}],"replies":[{"embeddable":true,"href":"https:\/\/family.fit\/fr\/wp-json\/wp\/v2\/comments?post=377"}],"version-history":[{"count":0,"href":"https:\/\/family.fit\/fr\/wp-json\/wp\/v2\/pages\/377\/revisions"}],"wp:attachment":[{"href":"https:\/\/family.fit\/fr\/wp-json\/wp\/v2\/media?parent=377"}],"wp:term":[{"taxonomy":"ff_language","embeddable":true,"href":"https:\/\/family.fit\/fr\/wp-json\/wp\/v2\/ff_language?post=377"}],"curies":[{"name":"wp","href":"https:\/\/api.w.org\/{rel}","templated":true}]}}