{"id":473,"date":"2020-04-01T16:27:04","date_gmt":"2020-04-01T16:27:04","guid":{"rendered":"https:\/\/family.fit\/?page_id=473"},"modified":"2025-11-17T16:53:45","modified_gmt":"2025-11-17T16:53:45","slug":"translations","status":"publish","type":"page","link":"https:\/\/family.fit\/fr\/translations\/","title":{"rendered":"Traductions"},"content":{"rendered":"<p>Cliquez sur l&#039;un des drapeaux ci-dessous pour acc\u00e9der aux traductions (format PDF) des semaines disponibles.<\/p>\n\t<h4>afrikaans<\/h4>\n<h5>UN F<\/h5>\n\t<ul data-height=\"175\" data-width=\"175\" data-shape=\"circle\">\n\t\t\t\t\t\t\t\t\t\t<li>\n\t\t\t\t\t\t\t\t\t\t\t\t\t\t<a target=\"\"  href=\"https:\/\/family.fit\/fr\/translations\/afrikaans\/\">\n\t\t\t\t\t\t\t\t\t\t\t<img decoding=\"async\" src=\"https:\/\/family.fit\/wp-content\/uploads\/2020\/06\/south-africa-150x150.png\" alt=\"\"\/>\t\t\t\t\n\t\t\t\t\t\t\t\t\t\t\t\t\t\t\t\t\t\t\t<h3>afrikaans<\/h3>\n\t\t\t\t\t\t\t\t\t\t\t<p>UN F<\/p>\n\t\t\t\t\t\t\t\t\t\t\t\t\t\t<\/a>\n\t\t\t\t\t\t\t\t\t\t\t\t\t\t<\/li>\n\t\t\t\t\t\t\t\t\t\t\t\t\t<\/ul>\n\t<h4>albanais<\/h4>\n<h5>SQ<\/h5>\n\t<ul data-height=\"175\" data-width=\"175\" data-shape=\"circle\">\n\t\t\t\t\t\t\t\t\t\t<li>\n\t\t\t\t\t\t\t\t\t\t\t\t\t\t<a target=\"\"  href=\"https:\/\/family.fit\/fr\/translations\/albanian\/\">\n\t\t\t\t\t\t\t\t\t\t\t<img decoding=\"async\" src=\"https:\/\/family.fit\/wp-content\/uploads\/2020\/04\/albania-300x300.png\" alt=\"\"\/>\t\t\t\t\n\t\t\t\t\t\t\t\t\t\t\t\t\t\t\t\t\t\t\t<h3>albanais<\/h3>\n\t\t\t\t\t\t\t\t\t\t\t<p>SQ<\/p>\n\t\t\t\t\t\t\t\t\t\t\t\t\t\t<\/a>\n\t\t\t\t\t\t\t\t\t\t\t\t\t\t<\/li>\n\t\t\t\t\t\t\t\t\t\t\t\t\t<\/ul>\n\t<h4>arabe<\/h4>\n<h5>AR<\/h5>\n\t<ul data-height=\"175\" data-width=\"175\" data-shape=\"circle\">\n\t\t\t\t\t\t\t\t\t\t<li>\n\t\t\t\t\t\t\t\t\t\t\t\t\t\t<a target=\"\"  href=\"https:\/\/family.fit\/fr\/translations\/arabic\/\">\n\t\t\t\t\t\t\t\t\t\t\t<img decoding=\"async\" src=\"https:\/\/family.fit\/wp-content\/uploads\/2020\/08\/arabic.png\" alt=\"\"\/>\t\t\t\t\n\t\t\t\t\t\t\t\t\t\t\t\t\t\t\t\t\t\t\t<h3>arabe<\/h3>\n\t\t\t\t\t\t\t\t\t\t\t<p>AR<\/p>\n\t\t\t\t\t\t\t\t\t\t\t\t\t\t<\/a>\n\t\t\t\t\t\t\t\t\t\t\t\t\t\t<\/li>\n\t\t\t\t\t\t\t\t\t\t\t\t\t<\/ul>\n\t<h4>Chinois simplifi\u00e9<\/h4>\n<h5>ZH<\/h5>\n\t<ul data-height=\"175\" data-width=\"175\" data-shape=\"circle\">\n\t\t\t\t\t\t\t\t\t\t<li>\n\t\t\t\t\t\t\t\t\t\t\t\t\t\t<a target=\"\"  href=\"https:\/\/family.fit\/fr\/translations\/chinese\/\">\n\t\t\t\t\t\t\t\t\t\t\t<img decoding=\"async\" src=\"https:\/\/family.fit\/wp-content\/uploads\/2020\/11\/china.png\" alt=\"\"\/>\t\t\t\t\n\t\t\t\t\t\t\t\t\t\t\t\t\t\t\t\t\t\t\t<h3>Chinois simplifi\u00e9<\/h3>\n\t\t\t\t\t\t\t\t\t\t\t<p>ZH<\/p>\n\t\t\t\t\t\t\t\t\t\t\t\t\t\t<\/a>\n\t\t\t\t\t\t\t\t\t\t\t\t\t\t<\/li>\n\t\t\t\t\t\t\t\t\t\t\t\t\t<\/ul>\n\t<h4>fran\u00e7ais<\/h4>\n<h5>FR<\/h5>\n\t<ul data-height=\"175\" data-width=\"175\" data-shape=\"circle\">\n\t\t\t\t\t\t\t\t\t\t<li>\n\t\t\t\t\t\t\t\t\t\t\t\t\t\t<a target=\"\"  href=\"https:\/\/family.fit\/fr\/translations\/french\/\">\n\t\t\t\t\t\t\t\t\t\t\t<img decoding=\"async\" src=\"https:\/\/family.fit\/wp-content\/uploads\/2020\/04\/france-300x300.png\" alt=\"\"\/>\t\t\t\t\n\t\t\t\t\t\t\t\t\t\t\t\t\t\t\t\t\t\t\t<h3>fran\u00e7ais<\/h3>\n\t\t\t\t\t\t\t\t\t\t\t<p>FR<\/p>\n\t\t\t\t\t\t\t\t\t\t\t\t\t\t<\/a>\n\t\t\t\t\t\t\t\t\t\t\t\t\t\t<\/li>\n\t\t\t\t\t\t\t\t\t\t\t\t\t<\/ul>\n\t<h4>Fula<\/h4>\n<h5>FF<\/h5>\n\t<ul data-height=\"175\" data-width=\"175\" data-shape=\"circle\">\n\t\t\t\t\t\t\t\t\t\t<li>\n\t\t\t\t\t\t\t\t\t\t\t\t\t\t<a target=\"\"  href=\"https:\/\/family.fit\/fr\/translations\/fula\/\">\n\t\t\t\t\t\t\t\t\t\t\t<img decoding=\"async\" src=\"https:\/\/family.fit\/wp-content\/uploads\/2020\/07\/fula.png\" alt=\"\"\/>\t\t\t\t\n\t\t\t\t\t\t\t\t\t\t\t\t\t\t\t\t\t\t\t<h3>Fula<\/h3>\n\t\t\t\t\t\t\t\t\t\t\t<p>FF<\/p>\n\t\t\t\t\t\t\t\t\t\t\t\t\t\t<\/a>\n\t\t\t\t\t\t\t\t\t\t\t\t\t\t<\/li>\n\t\t\t\t\t\t\t\t\t\t\t\t\t<\/ul>\n\t<h4>Allemand<\/h4>\n<h5>DE<\/h5>\n\t<ul data-height=\"175\" data-width=\"175\" data-shape=\"circle\">\n\t\t\t\t\t\t\t\t\t\t<li>\n\t\t\t\t\t\t\t\t\t\t\t\t\t\t<a target=\"\"  href=\"https:\/\/family.fit\/fr\/translations\/german\/\">\n\t\t\t\t\t\t\t\t\t\t\t<img decoding=\"async\" src=\"https:\/\/family.fit\/wp-content\/uploads\/2020\/04\/germany-300x300.png\" alt=\"\"\/>\t\t\t\t\n\t\t\t\t\t\t\t\t\t\t\t\t\t\t\t\t\t\t\t<h3>Allemand<\/h3>\n\t\t\t\t\t\t\t\t\t\t\t<p>DE<\/p>\n\t\t\t\t\t\t\t\t\t\t\t\t\t\t<\/a>\n\t\t\t\t\t\t\t\t\t\t\t\t\t\t<\/li>\n\t\t\t\t\t\t\t\t\t\t\t\t\t<\/ul>\n\t<h4>hindi<\/h4>\n<h5>SALUT<\/h5>\n\t<ul data-height=\"175\" data-width=\"175\" data-shape=\"circle\">\n\t\t\t\t\t\t\t\t\t\t<li>\n\t\t\t\t\t\t\t\t\t\t\t\t\t\t<a target=\"\"  href=\"https:\/\/family.fit\/fr\/translations\/hindi\/\">\n\t\t\t\t\t\t\t\t\t\t\t<img decoding=\"async\" src=\"https:\/\/family.fit\/wp-content\/uploads\/2020\/04\/india-300x300.png\" alt=\"\"\/>\t\t\t\t\n\t\t\t\t\t\t\t\t\t\t\t\t\t\t\t\t\t\t\t<h3>hindi<\/h3>\n\t\t\t\t\t\t\t\t\t\t\t<p>SALUT<\/p>\n\t\t\t\t\t\t\t\t\t\t\t\t\t\t<\/a>\n\t\t\t\t\t\t\t\t\t\t\t\t\t\t<\/li>\n\t\t\t\t\t\t\t\t\t\t\t\t\t<\/ul>\n\t<h4>italien<\/h4>\n<h5>IL<\/h5>\n\t<ul data-height=\"175\" data-width=\"175\" data-shape=\"circle\">\n\t\t\t\t\t\t\t\t\t\t<li>\n\t\t\t\t\t\t\t\t\t\t\t\t\t\t<a target=\"\"  href=\"https:\/\/family.fit\/fr\/translations\/italian\/\">\n\t\t\t\t\t\t\t\t\t\t\t<img decoding=\"async\" src=\"https:\/\/family.fit\/wp-content\/uploads\/2020\/04\/italy-300x300.png\" alt=\"\"\/>\t\t\t\t\n\t\t\t\t\t\t\t\t\t\t\t\t\t\t\t\t\t\t\t<h3>italien<\/h3>\n\t\t\t\t\t\t\t\t\t\t\t<p>IL<\/p>\n\t\t\t\t\t\t\t\t\t\t\t\t\t\t<\/a>\n\t\t\t\t\t\t\t\t\t\t\t\t\t\t<\/li>\n\t\t\t\t\t\t\t\t\t\t\t\t\t<\/ul>\n\t<h4>Japonais<\/h4>\n<h5>JA<\/h5>\n\t<ul data-height=\"175\" data-width=\"175\" data-shape=\"circle\">\n\t\t\t\t\t\t\t\t\t\t<li>\n\t\t\t\t\t\t\t\t\t\t\t\t\t\t<a target=\"\"  href=\"https:\/\/family.fit\/fr\/translations\/japanese\/\">\n\t\t\t\t\t\t\t\t\t\t\t<img decoding=\"async\" src=\"https:\/\/family.fit\/wp-content\/uploads\/2020\/05\/japan.png\" alt=\"\"\/>\t\t\t\t\n\t\t\t\t\t\t\t\t\t\t\t\t\t\t\t\t\t\t\t<h3>Japonais<\/h3>\n\t\t\t\t\t\t\t\t\t\t\t<p>JA<\/p>\n\t\t\t\t\t\t\t\t\t\t\t\t\t\t<\/a>\n\t\t\t\t\t\t\t\t\t\t\t\t\t\t<\/li>\n\t\t\t\t\t\t\t\t\t\t\t\t\t<\/ul>\n\t<h4>Kannada<\/h4>\n<h5>KN<\/h5>\n\t<ul data-height=\"175\" data-width=\"175\" data-shape=\"circle\">\n\t\t\t\t\t\t\t\t\t\t<li>\n\t\t\t\t\t\t\t\t\t\t\t\t\t\t<a target=\"\"  href=\"https:\/\/family.fit\/fr\/translations\/kannada\/\">\n\t\t\t\t\t\t\t\t\t\t\t<img decoding=\"async\" src=\"https:\/\/family.fit\/wp-content\/uploads\/2020\/04\/india-300x300.png\" alt=\"\"\/>\t\t\t\t\n\t\t\t\t\t\t\t\t\t\t\t\t\t\t\t\t\t\t\t<h3>Kannada<\/h3>\n\t\t\t\t\t\t\t\t\t\t\t<p>KN<\/p>\n\t\t\t\t\t\t\t\t\t\t\t\t\t\t<\/a>\n\t\t\t\t\t\t\t\t\t\t\t\t\t\t<\/li>\n\t\t\t\t\t\t\t\t\t\t\t\t\t<\/ul>\n\t<h4>Malayalam<\/h4>\n<h5>ML<\/h5>\n\t<ul data-height=\"175\" data-width=\"175\" data-shape=\"circle\">\n\t\t\t\t\t\t\t\t\t\t<li>\n\t\t\t\t\t\t\t\t\t\t\t\t\t\t<a target=\"\"  href=\"https:\/\/family.fit\/fr\/translations\/malayalam\/\">\n\t\t\t\t\t\t\t\t\t\t\t<img decoding=\"async\" src=\"https:\/\/family.fit\/wp-content\/uploads\/2020\/04\/india-300x300.png\" alt=\"\"\/>\t\t\t\t\n\t\t\t\t\t\t\t\t\t\t\t\t\t\t\t\t\t\t\t<h3>Malayalam<\/h3>\n\t\t\t\t\t\t\t\t\t\t\t<p>ML<\/p>\n\t\t\t\t\t\t\t\t\t\t\t\t\t\t<\/a>\n\t\t\t\t\t\t\t\t\t\t\t\t\t\t<\/li>\n\t\t\t\t\t\t\t\t\t\t\t\t\t<\/ul>\n\t<h4>Marathi<\/h4>\n<h5>M<\/h5>\n\t<ul data-height=\"175\" data-width=\"175\" data-shape=\"circle\">\n\t\t\t\t\t\t\t\t\t\t<li>\n\t\t\t\t\t\t\t\t\t\t\t\t\t\t<a target=\"\"  href=\"https:\/\/family.fit\/fr\/translations\/marathi\/\">\n\t\t\t\t\t\t\t\t\t\t\t<img decoding=\"async\" src=\"https:\/\/family.fit\/wp-content\/uploads\/2020\/04\/india-300x300.png\" alt=\"\"\/>\t\t\t\t\n\t\t\t\t\t\t\t\t\t\t\t\t\t\t\t\t\t\t\t<h3>Marathi<\/h3>\n\t\t\t\t\t\t\t\t\t\t\t<p>M<\/p>\n\t\t\t\t\t\t\t\t\t\t\t\t\t\t<\/a>\n\t\t\t\t\t\t\t\t\t\t\t\t\t\t<\/li>\n\t\t\t\t\t\t\t\t\t\t\t\t\t<\/ul>\n\t<h4>Oriya<\/h4>\n<h5>OU ALORS<\/h5>\n\t<ul data-height=\"175\" data-width=\"175\" data-shape=\"circle\">\n\t\t\t\t\t\t\t\t\t\t<li>\n\t\t\t\t\t\t\t\t\t\t\t\t\t\t<a target=\"\"  href=\"https:\/\/family.fit\/fr\/translations\/oriya\/\">\n\t\t\t\t\t\t\t\t\t\t\t<img decoding=\"async\" src=\"https:\/\/family.fit\/wp-content\/uploads\/2020\/04\/india-300x300.png\" alt=\"\"\/>\t\t\t\t\n\t\t\t\t\t\t\t\t\t\t\t\t\t\t\t\t\t\t\t<h3>Oriya<\/h3>\n\t\t\t\t\t\t\t\t\t\t\t<p>OU ALORS<\/p>\n\t\t\t\t\t\t\t\t\t\t\t\t\t\t<\/a>\n\t\t\t\t\t\t\t\t\t\t\t\t\t\t<\/li>\n\t\t\t\t\t\t\t\t\t\t\t\t\t<\/ul>\n\t<h4>Portugais (br\u00e9silien)<\/h4>\n<h5>PT-BR<\/h5>\n\t<ul data-height=\"175\" data-width=\"175\" data-shape=\"circle\">\n\t\t\t\t\t\t\t\t\t\t<li>\n\t\t\t\t\t\t\t\t\t\t\t\t\t\t<a target=\"\"  href=\"https:\/\/family.fit\/fr\/translations\/portuguese-brazilian\/\">\n\t\t\t\t\t\t\t\t\t\t\t<img decoding=\"async\" src=\"https:\/\/family.fit\/wp-content\/uploads\/2020\/04\/brazil-300x300.png\" alt=\"\"\/>\t\t\t\t\n\t\t\t\t\t\t\t\t\t\t\t\t\t\t\t\t\t\t\t<h4>Portugais (Br\u00e9sil)<\/h4>\n\t\t\t\t\t\t\t\t\t\t\t<p>PT-BR<\/p>\n\t\t\t\t\t\t\t\t\t\t\t\t\t\t<\/a>\n\t\t\t\t\t\t\t\t\t\t\t\t\t\t<\/li>\n\t\t\t\t\t\t\t\t\t\t\t\t\t<\/ul>\n\t<h4>Portugais (Portugal)<\/h4>\n<h5>PT-PT<\/h5>\n\t<ul data-height=\"175\" data-width=\"175\" data-shape=\"circle\">\n\t\t\t\t\t\t\t\t\t\t<li>\n\t\t\t\t\t\t\t\t\t\t\t\t\t\t<a target=\"\"  href=\"https:\/\/family.fit\/fr\/translations\/portuguese-portugal\/\">\n\t\t\t\t\t\t\t\t\t\t\t<img decoding=\"async\" src=\"https:\/\/family.fit\/wp-content\/uploads\/2020\/04\/portugal.png\" alt=\"\"\/>\t\t\t\t\n\t\t\t\t\t\t\t\t\t\t\t\t\t\t\t\t\t\t\t<h3>Portugais (Portugal)<\/h3>\n\t\t\t\t\t\t\t\t\t\t\t<p>PT-PT<\/p>\n\t\t\t\t\t\t\t\t\t\t\t\t\t\t<\/a>\n\t\t\t\t\t\t\t\t\t\t\t\t\t\t<\/li>\n\t\t\t\t\t\t\t\t\t\t\t\t\t<\/ul>\n\t<h4>russe<\/h4>\n<h5>RU<\/h5>\n\t<ul data-height=\"175\" data-width=\"175\" data-shape=\"circle\">\n\t\t\t\t\t\t\t\t\t\t<li>\n\t\t\t\t\t\t\t\t\t\t\t\t\t\t<a target=\"\"  href=\"https:\/\/family.fit\/fr\/translations\/russian\/\">\n\t\t\t\t\t\t\t\t\t\t\t<img decoding=\"async\" src=\"https:\/\/family.fit\/wp-content\/uploads\/2020\/05\/russia.png\" alt=\"\"\/>\t\t\t\t\n\t\t\t\t\t\t\t\t\t\t\t\t\t\t\t\t\t\t\t<h3>russe<\/h3>\n\t\t\t\t\t\t\t\t\t\t\t<p>RU<\/p>\n\t\t\t\t\t\t\t\t\t\t\t\t\t\t<\/a>\n\t\t\t\t\t\t\t\t\t\t\t\t\t\t<\/li>\n\t\t\t\t\t\t\t\t\t\t\t\t\t<\/ul>\n\t<h4>serbe<\/h4>\n<h5>SR<\/h5>\n\t<ul data-height=\"175\" data-width=\"175\" data-shape=\"circle\">\n\t\t\t\t\t\t\t\t\t\t<li>\n\t\t\t\t\t\t\t\t\t\t\t\t\t\t<a target=\"\"  href=\"https:\/\/family.fit\/fr\/translations\/serbian\/\">\n\t\t\t\t\t\t\t\t\t\t\t<img decoding=\"async\" src=\"https:\/\/family.fit\/wp-content\/uploads\/2020\/05\/serbia.png\" alt=\"\"\/>\t\t\t\t\n\t\t\t\t\t\t\t\t\t\t\t\t\t\t\t\t\t\t\t<h3>serbe<\/h3>\n\t\t\t\t\t\t\t\t\t\t\t<p>SR<\/p>\n\t\t\t\t\t\t\t\t\t\t\t\t\t\t<\/a>\n\t\t\t\t\t\t\t\t\t\t\t\t\t\t<\/li>\n\t\t\t\t\t\t\t\t\t\t\t\t\t<\/ul>\n\t<h4>Espanol<\/h4>\n<h5>ES<\/h5>\n\t<ul data-height=\"175\" data-width=\"175\" data-shape=\"circle\">\n\t\t\t\t\t\t\t\t\t\t<li>\n\t\t\t\t\t\t\t\t\t\t\t\t\t\t<a target=\"\"  href=\"https:\/\/family.fit\/fr\/translations\/spanish\/\">\n\t\t\t\t\t\t\t\t\t\t\t<img decoding=\"async\" src=\"https:\/\/family.fit\/wp-content\/uploads\/2020\/04\/spain-300x300.png\" alt=\"\"\/>\t\t\t\t\n\t\t\t\t\t\t\t\t\t\t\t\t\t\t\t\t\t\t\t<h3>Espanol<\/h3>\n\t\t\t\t\t\t\t\t\t\t\t<p>ES<\/p>\n\t\t\t\t\t\t\t\t\t\t\t\t\t\t<\/a>\n\t\t\t\t\t\t\t\t\t\t\t\t\t\t<\/li>\n\t\t\t\t\t\t\t\t\t\t\t\t\t<\/ul>\n\t<h4>su\u00e9dois<\/h4>\n<h5>SV<\/h5>\n\t<ul data-height=\"175\" data-width=\"175\" data-shape=\"circle\">\n\t\t\t\t\t\t\t\t\t\t<li>\n\t\t\t\t\t\t\t\t\t\t\t\t\t\t<a target=\"\"  href=\"https:\/\/family.fit\/fr\/translations\/swedish\/\">\n\t\t\t\t\t\t\t\t\t\t\t<img decoding=\"async\" src=\"https:\/\/family.fit\/wp-content\/uploads\/2020\/04\/sweden.png\" alt=\"\"\/>\t\t\t\t\n\t\t\t\t\t\t\t\t\t\t\t\t\t\t\t\t\t\t\t<h3>su\u00e9dois<\/h3>\n\t\t\t\t\t\t\t\t\t\t\t<p>SV<\/p>\n\t\t\t\t\t\t\t\t\t\t\t\t\t\t<\/a>\n\t\t\t\t\t\t\t\t\t\t\t\t\t\t<\/li>\n\t\t\t\t\t\t\t\t\t\t\t\t\t<\/ul>\n\t<h4>Tagalog \/ Philippin<\/h4>\n<h5>TL<\/h5>\n\t<ul data-height=\"175\" data-width=\"175\" data-shape=\"circle\">\n\t\t\t\t\t\t\t\t\t\t<li>\n\t\t\t\t\t\t\t\t\t\t\t\t\t\t<a target=\"\"  href=\"https:\/\/family.fit\/fr\/translations\/tagalog\/\">\n\t\t\t\t\t\t\t\t\t\t\t<img decoding=\"async\" src=\"https:\/\/family.fit\/wp-content\/uploads\/2020\/04\/philippines-300x300.png\" alt=\"\"\/>\t\t\t\t\n\t\t\t\t\t\t\t\t\t\t\t\t\t\t\t\t\t\t\t<h3>Tagalog<\/h3>\n\t\t\t\t\t\t\t\t\t\t\t<p>TL<\/p>\n\t\t\t\t\t\t\t\t\t\t\t\t\t\t<\/a>\n\t\t\t\t\t\t\t\t\t\t\t\t\t\t<\/li>\n\t\t\t\t\t\t\t\t\t\t\t\t\t<\/ul>\n\t<h4>Tamil<\/h4>\n<h5>TA<\/h5>\n\t<ul data-height=\"175\" data-width=\"175\" data-shape=\"circle\">\n\t\t\t\t\t\t\t\t\t\t<li>\n\t\t\t\t\t\t\t\t\t\t\t\t\t\t<a target=\"\"  href=\"https:\/\/family.fit\/fr\/translations\/tamil\/\">\n\t\t\t\t\t\t\t\t\t\t\t<img decoding=\"async\" src=\"https:\/\/family.fit\/wp-content\/uploads\/2020\/04\/india-300x300.png\" alt=\"\"\/>\t\t\t\t\n\t\t\t\t\t\t\t\t\t\t\t\t\t\t\t\t\t\t\t<h3>Tamil<\/h3>\n\t\t\t\t\t\t\t\t\t\t\t<p>TA<\/p>\n\t\t\t\t\t\t\t\t\t\t\t\t\t\t<\/a>\n\t\t\t\t\t\t\t\t\t\t\t\t\t\t<\/li>\n\t\t\t\t\t\t\t\t\t\t\t\t\t<\/ul>\n\t<h4>Telugu<\/h4>\n<h5>TE<\/h5>\n\t<ul data-height=\"175\" data-width=\"175\" data-shape=\"circle\">\n\t\t\t\t\t\t\t\t\t\t<li>\n\t\t\t\t\t\t\t\t\t\t\t\t\t\t<a target=\"\"  href=\"https:\/\/family.fit\/fr\/translations\/telugu\/\">\n\t\t\t\t\t\t\t\t\t\t\t<img decoding=\"async\" src=\"https:\/\/family.fit\/wp-content\/uploads\/2020\/04\/india-300x300.png\" alt=\"\"\/>\t\t\t\t\n\t\t\t\t\t\t\t\t\t\t\t\t\t\t\t\t\t\t\t<h3>Telugu<\/h3>\n\t\t\t\t\t\t\t\t\t\t\t<p>TE<\/p>\n\t\t\t\t\t\t\t\t\t\t\t\t\t\t<\/a>\n\t\t\t\t\t\t\t\t\t\t\t\t\t\t<\/li>\n\t\t\t\t\t\t\t\t\t\t\t\t\t<\/ul>\n\t<h4>ukrainien<\/h4>\n<h5>Royaume-Uni<\/h5>\n\t<ul data-height=\"175\" data-width=\"175\" data-shape=\"circle\">\n\t\t\t\t\t\t\t\t\t\t<li>\n\t\t\t\t\t\t\t\t\t\t\t\t\t\t<a target=\"\"  href=\"https:\/\/family.fit\/fr\/translations\/ukrainian\/\">\n\t\t\t\t\t\t\t\t\t\t\t<img decoding=\"async\" src=\"https:\/\/family.fit\/wp-content\/uploads\/2022\/03\/ukraine-150x150.png\" alt=\"\"\/>\t\t\t\t\n\t\t\t\t\t\t\t\t\t\t\t\t\t\t\t\t\t\t\t<h3>ukrainien<\/h3>\n\t\t\t\t\t\t\t\t\t\t\t<p>Royaume-Uni<\/p>\n\t\t\t\t\t\t\t\t\t\t\t\t\t\t<\/a>\n\t\t\t\t\t\t\t\t\t\t\t\t\t\t<\/li>\n\t\t\t\t\t\t\t\t\t\t\t\t\t<\/ul>\n\t<h4>Ourdou<\/h4>\n<h5>UR<\/h5>\n\t<ul data-height=\"175\" data-width=\"175\" data-shape=\"circle\">\n\t\t\t\t\t\t\t\t\t\t<li>\n\t\t\t\t\t\t\t\t\t\t\t\t\t\t<a target=\"\"  href=\"https:\/\/family.fit\/fr\/translations\/urdu\/\">\n\t\t\t\t\t\t\t\t\t\t\t<img decoding=\"async\" src=\"https:\/\/family.fit\/wp-content\/uploads\/2020\/04\/pakistan-300x300.png\" alt=\"\"\/>\t\t\t\t\n\t\t\t\t\t\t\t\t\t\t\t\t\t\t\t\t\t\t\t<h3>Ourdou<\/h3>\n\t\t\t\t\t\t\t\t\t\t\t<p>UR<\/p>\n\t\t\t\t\t\t\t\t\t\t\t\t\t\t<\/a>\n\t\t\t\t\t\t\t\t\t\t\t\t\t\t<\/li>\n\t\t\t\t\t\t\t\t\t\t\t\t\t<\/ul>","protected":false},"excerpt":{"rendered":"<p>Cliquez sur l&#039;un des drapeaux ci-dessous pour acc\u00e9der aux traductions (format PDF) des semaines disponibles. Afrikaans AF Afrikaans AF Albanais SQ Albanais SQ Arabe AR Arabe AR Chinois simplifi\u00e9 ZH Chinois simplifi\u00e9 ZH Fran\u00e7ais FR Fran\u00e7ais FR Peul FF Peul FF Allemand DE Allemand DE Hindi HI Hindi HI Italien IT Italien IT Japonais JA\u2026<\/p>","protected":false},"author":1,"featured_media":0,"parent":0,"menu_order":0,"comment_status":"closed","ping_status":"closed","template":"","meta":{"_acf_changed":false,"_seopress_robots_primary_cat":"","_seopress_titles_title":"","_seopress_titles_desc":"","_seopress_robots_index":"","footnotes":""},"ff_language":[],"class_list":["post-473","page","type-page","status-publish","hentry"],"acf":[],"_links":{"self":[{"href":"https:\/\/family.fit\/fr\/wp-json\/wp\/v2\/pages\/473","targetHints":{"allow":["GET"]}}],"collection":[{"href":"https:\/\/family.fit\/fr\/wp-json\/wp\/v2\/pages"}],"about":[{"href":"https:\/\/family.fit\/fr\/wp-json\/wp\/v2\/types\/page"}],"author":[{"embeddable":true,"href":"https:\/\/family.fit\/fr\/wp-json\/wp\/v2\/users\/1"}],"replies":[{"embeddable":true,"href":"https:\/\/family.fit\/fr\/wp-json\/wp\/v2\/comments?post=473"}],"version-history":[{"count":4,"href":"https:\/\/family.fit\/fr\/wp-json\/wp\/v2\/pages\/473\/revisions"}],"predecessor-version":[{"id":8482,"href":"https:\/\/family.fit\/fr\/wp-json\/wp\/v2\/pages\/473\/revisions\/8482"}],"wp:attachment":[{"href":"https:\/\/family.fit\/fr\/wp-json\/wp\/v2\/media?parent=473"}],"wp:term":[{"taxonomy":"ff_language","embeddable":true,"href":"https:\/\/family.fit\/fr\/wp-json\/wp\/v2\/ff_language?post=473"}],"curies":[{"name":"wp","href":"https:\/\/api.w.org\/{rel}","templated":true}]}}