{"id":576,"date":"2020-04-13T12:26:48","date_gmt":"2020-04-13T12:26:48","guid":{"rendered":"https:\/\/family.fit\/?page_id=576"},"modified":"2021-04-23T15:02:03","modified_gmt":"2021-04-23T15:02:03","slug":"albanian","status":"publish","type":"page","link":"https:\/\/family.fit\/fr\/translations\/albanian\/","title":{"rendered":"albanais"},"content":{"rendered":"\n\n\t\t\t\t<img loading=\"lazy\" decoding=\"async\" src=\"https:\/\/family.fit\/wp-content\/uploads\/2020\/04\/albania-150x150.png\" alt=\"albania\" itemprop=\"image\" height=\"150\" width=\"150\" title=\"albania\" onerror=\"this.style.display='none'\"  \/>\n<h1>\n\t\tAlbanian\n\t<\/h1>\n\t\t\t\t\t\t\t\t\t\t\t\t\t\t\t\t\tGrowing Closer\n\t\t\t\t\t\t\tGrowing Closer\n\t\t\t\t<h3>Growing Closer<\/h3>\n<table id=\"dlp_c2d386bf640cdc36_1\" class=\"posts-data-table\" width=\"100%\" data-config=\"{&quot;pageLength&quot;:25,&quot;pagingType&quot;:&quot;numbers&quot;,&quot;serverSide&quot;:false,&quot;autoWidth&quot;:true,&quot;clickFilter&quot;:&quot;&quot;,&quot;stickyHeader&quot;:false,&quot;scrollOffset&quot;:15,&quot;resetButton&quot;:false,&quot;numOrder&quot;:false,&quot;lengthMenu&quot;:[[10,25,50,100,-1],[10,25,50,100,&quot;All&quot;]],&quot;columnDefs&quot;:[{&quot;className&quot;:&quot;col-session_title&quot;,&quot;targets&quot;:0,&quot;type&quot;:&quot;html&quot;},{&quot;className&quot;:&quot;col-session&quot;,&quot;targets&quot;:1,&quot;type&quot;:&quot;html&quot;},{&quot;className&quot;:&quot;col-link&quot;,&quot;targets&quot;:2,&quot;type&quot;:&quot;html&quot;}],&quot;responsive&quot;:{&quot;details&quot;:{&quot;display&quot;:&quot;child_row&quot;}},&quot;language&quot;:{&quot;info&quot;:&quot;_TOTAL_ documents&quot;,&quot;infoEmpty&quot;:&quot;0 documents&quot;,&quot;emptyTable&quot;:&quot;Aucun documents correspondant.&quot;,&quot;zeroRecords&quot;:&quot;Aucun documents correspondant.&quot;,&quot;totalsSingle&quot;:&quot;document&quot;,&quot;totalsPlural&quot;:&quot;documents&quot;},&quot;dom&quot;:&quot;&lt;\\&quot;posts-table-wrapper bb-theme\\&quot;&lt;\\&quot;posts-table-above posts-table-controls\\&quot;&gt;t&lt;\\&quot;posts-table-below posts-table-controls\\&quot;p&gt;&gt;&quot;,&quot;multiDownloadButton&quot;:false,&quot;multiDownloadPosition&quot;:&quot;above&quot;,&quot;multiDownloadText&quot;:&quot;Download Selected Documents&quot;}\" data-filters=\"false\" data-order=\"[]\"><thead><tr><th class=\"all\" data-name=\"cf_session_title\" data-orderable=\"true\" data-searchable=\"true\" data-priority=\"1\">Session Title<\/th><th data-name=\"cf_session\" data-orderable=\"true\" data-searchable=\"true\" data-priority=\"2\">Session<\/th><th data-name=\"link\" data-orderable=\"false\" data-searchable=\"false\" data-priority=\"3\">Lien<\/th><\/tr><\/thead><tbody><tr id=\"post-row-5316\" class=\"post-row post-type-dlp_document dlp_document-5316 publish\"><td><p>How can I serve others?<\/p>\n<\/td><td>1<\/td><td><div class=\"dlp-table-document-link-wrap\"><a href=\"https:\/\/family.fit\/wp-content\/uploads\/2020\/04\/familyfit-WEEK-1-SQ.pdf\" class=\"dlp-download-link dlp-download-button document-library-pro-button button btn\" data-download-id=\"5316\" >Download<\/a><\/div><\/td><\/tr><tr id=\"post-row-5354\" class=\"post-row post-type-dlp_document dlp_document-5354 publish\"><td><p>How can I develop courage?<\/p>\n<\/td><td>2<\/td><td><div class=\"dlp-table-document-link-wrap\"><a href=\"https:\/\/family.fit\/wp-content\/uploads\/2020\/04\/familyfit-WEEK-2-SQ.pdf\" class=\"dlp-download-link dlp-download-button document-library-pro-button button btn\" data-download-id=\"5354\" >Download<\/a><\/div><\/td><\/tr><tr id=\"post-row-5415\" class=\"post-row post-type-dlp_document dlp_document-5415 publish\"><td><p>What does hope look like?<\/p>\n<\/td><td>3<\/td><td><div class=\"dlp-table-document-link-wrap\"><a href=\"https:\/\/family.fit\/wp-content\/uploads\/2020\/05\/familyfit-WEEK-3-SQ.pdf\" class=\"dlp-download-link dlp-download-button document-library-pro-button button btn\" data-download-id=\"5415\" >Download<\/a><\/div><\/td><\/tr><tr id=\"post-row-5477\" class=\"post-row post-type-dlp_document dlp_document-5477 publish\"><td><p>How do we find peace?<\/p>\n<\/td><td>4<\/td><td><div class=\"dlp-table-document-link-wrap\"><a href=\"https:\/\/family.fit\/wp-content\/uploads\/2020\/05\/familyfit-WEEK-4-SQ.pdf\" class=\"dlp-download-link dlp-download-button document-library-pro-button button btn\" data-download-id=\"5477\" >Download<\/a><\/div><\/td><\/tr><\/tbody><\/table>\n\t<p>All the sessions are available to download as PDF documents. You will need a PDF reader in order to view them. If you do not already have one then you can download the Acrobat Reader via the button below, or simply search the web for &#8220;download pdf reader&#8221; for an alternative.<\/p>\n\t\t\t<a href=\"https:\/\/get.adobe.com\/uk\/reader\/\" target=\"_blank\" role=\"button\" rel=\"noopener\">\n\t\t\t\t\t\tDownload Acrobat Reader\n\t\t\t\t\t<\/a>\n<h1>\n\t<\/h1>\n\t\t\t<a href=\"https:\/\/family.fit\/wp-content\/uploads\/2020\/04\/familyfit-WEEK-1-SQ.pdf\" target=\"_self\" role=\"button\" rel=\"noopener\">\n\t\t\t\t\t\tWeek 1 (SQ)\n\t\t\t\t\t<\/a>\n\t\t\t<a href=\"https:\/\/family.fit\/wp-content\/uploads\/2020\/04\/familyfit-WEEK-2-SQ.pdf\" target=\"_self\" role=\"button\" rel=\"noopener\">\n\t\t\t\t\t\tWeek 2 (SQ)\n\t\t\t\t\t<\/a>\n\t\t\t<a href=\"https:\/\/family.fit\/wp-content\/uploads\/2020\/05\/familyfit-WEEK-3-SQ.pdf\" target=\"_self\" role=\"button\" rel=\"noopener\">\n\t\t\t\t\t\tWeek 3 (SQ)\n\t\t\t\t\t<\/a>\n\t\t\t<a href=\"https:\/\/family.fit\/wp-content\/uploads\/2020\/05\/familyfit-WEEK-4-SQ.pdf\" target=\"_self\" role=\"button\" rel=\"noopener\">\n\t\t\t\t\t\tWeek 4 (SQ)\n\t\t\t\t\t<\/a>\n\n","protected":false},"excerpt":{"rendered":"<p>Albanais Se rapprocher Se rapprocher Se rapprocher Se rapprocher Toutes les sessions peuvent \u00eatre t\u00e9l\u00e9charg\u00e9es sous forme de documents PDF. Vous aurez besoin d&#039;un lecteur PDF pour les visualiser. Si vous n&#039;en avez pas d\u00e9j\u00e0 un, vous pouvez t\u00e9l\u00e9charger Acrobat Reader via le bouton ci-dessous, ou simplement rechercher sur le Web &quot;t\u00e9l\u00e9charger le lecteur pdf&quot;\u2026<\/p>","protected":false},"author":1,"featured_media":0,"parent":473,"menu_order":0,"comment_status":"closed","ping_status":"closed","template":"","meta":{"_acf_changed":false,"_seopress_robots_primary_cat":"","_seopress_titles_title":"","_seopress_titles_desc":"","_seopress_robots_index":"","footnotes":""},"ff_language":[],"class_list":["post-576","page","type-page","status-publish","hentry"],"acf":[],"_links":{"self":[{"href":"https:\/\/family.fit\/fr\/wp-json\/wp\/v2\/pages\/576","targetHints":{"allow":["GET"]}}],"collection":[{"href":"https:\/\/family.fit\/fr\/wp-json\/wp\/v2\/pages"}],"about":[{"href":"https:\/\/family.fit\/fr\/wp-json\/wp\/v2\/types\/page"}],"author":[{"embeddable":true,"href":"https:\/\/family.fit\/fr\/wp-json\/wp\/v2\/users\/1"}],"replies":[{"embeddable":true,"href":"https:\/\/family.fit\/fr\/wp-json\/wp\/v2\/comments?post=576"}],"version-history":[{"count":0,"href":"https:\/\/family.fit\/fr\/wp-json\/wp\/v2\/pages\/576\/revisions"}],"up":[{"embeddable":true,"href":"https:\/\/family.fit\/fr\/wp-json\/wp\/v2\/pages\/473"}],"wp:attachment":[{"href":"https:\/\/family.fit\/fr\/wp-json\/wp\/v2\/media?parent=576"}],"wp:term":[{"taxonomy":"ff_language","embeddable":true,"href":"https:\/\/family.fit\/fr\/wp-json\/wp\/v2\/ff_language?post=576"}],"curies":[{"name":"wp","href":"https:\/\/api.w.org\/{rel}","templated":true}]}}