{"id":5869,"date":"2021-05-04T09:15:08","date_gmt":"2021-05-04T09:15:08","guid":{"rendered":"https:\/\/family.fit\/?page_id=5869"},"modified":"2021-05-04T09:16:18","modified_gmt":"2021-05-04T09:16:18","slug":"feedback","status":"publish","type":"page","link":"https:\/\/family.fit\/fr\/feedback\/","title":{"rendered":"Retour d&#039;information"},"content":{"rendered":"\n<h1>\n\t<\/h1>\n\t<p>We would love to get some feedback from you on your experience of using family.fit Build Your Own. If you have used the Build Your Own version of family.fit please fill in the form below to help us improve. Thank you so much!<\/p>\n\t\t    <form data-form_id=\"4\" id=\"fluentform_4\" data-form_instance=\"ff_form_instance_4_1\">        <input type=\"checkbox\" name=\"item__4__fluent_checkme_\" value=\"1\"\n               tabindex=\"-1\"\/>\n        <input type='hidden' name='__fluent_form_embded_post_id' value='5869' \/><input type=\"hidden\" id=\"_fluentform_4_fluentformnonce\" name=\"_fluentform_4_fluentformnonce\" value=\"3c18aab108\" \/><input type=\"hidden\" name=\"_wp_http_referer\" value=\"\/en\/?page_id=5869&amp;fl_builder\" \/><label for='ff_4_description'>How did your family or household enjoy family.fit? Describe your experience<\/label> <textarea name=\"description\" id=\"ff_4_description\" rows=\"3\" cols=\"2\" data-name=\"description\" tabindex=\"1\"><\/textarea><label for='ff_4_description_1'>What worked really well in this session of family.fit?<\/label> <textarea name=\"description_1\" id=\"ff_4_description_1\" rows=\"3\" cols=\"2\" data-name=\"description_1\" tabindex=\"2\"><\/textarea><label for='ff_4_description_2'>What didn&#8217;t work well? Or what changes would you suggest?<\/label> <textarea name=\"description_2\" id=\"ff_4_description_2\" rows=\"3\" cols=\"2\" data-name=\"description_2\" tabindex=\"3\"><\/textarea><label for='ff_4_description_3'>What themes would you like to see explored in future family.fit sessions?<\/label> <textarea name=\"description_3\" id=\"ff_4_description_3\" rows=\"3\" cols=\"2\" data-name=\"description_3\" tabindex=\"4\"><\/textarea><label for='ff_4_description_4'>What other ideas would you like to share?<\/label> <textarea name=\"description_4\" id=\"ff_4_description_4\" rows=\"3\" cols=\"2\" data-name=\"description_4\" tabindex=\"5\"><\/textarea><p>If you would like us to get back to you then please leave your name and email address below. This is completely optional.<\/p><label for='ff_4_names_first_name_'>First Name<\/label> <input type=\"text\" name=\"names[first_name]\" id=\"ff_4_names_first_name_\" placeholder=\"First Name\" tabindex=\"6\"\/><label for='ff_4_names_last_name_'>Last Name<\/label> <input type=\"text\" name=\"names[last_name]\" id=\"ff_4_names_last_name_\" placeholder=\"Last Name\" tabindex=\"7\"\/><label for='ff_4_email'>Email<\/label> <input type=\"email\" name=\"email\" id=\"ff_4_email\" placeholder=\"Email Address\" data-name=\"email\" tabindex=\"8\"\/><button type=\"submit\" tabindex=\"9\">Submit Form<\/button><\/form>        \n\n","protected":false},"excerpt":{"rendered":"<p>Nous serions ravis d&#039;avoir vos commentaires sur votre exp\u00e9rience d&#039;utilisation de family.fit Build Your Own. Si vous avez utilis\u00e9 la version Build Your Own de family.fit, veuillez remplir le formulaire ci-dessous pour nous aider \u00e0 nous am\u00e9liorer. Merci beaucoup! Comment votre famille ou votre m\u00e9nage a-t-il appr\u00e9ci\u00e9 family.fit\u00a0? D\u00e9crivez votre exp\u00e9rience Quoi\u2026<\/p>","protected":false},"author":1,"featured_media":0,"parent":0,"menu_order":0,"comment_status":"closed","ping_status":"closed","template":"","meta":{"_acf_changed":false,"_seopress_robots_primary_cat":"","_seopress_titles_title":"","_seopress_titles_desc":"","_seopress_robots_index":"","footnotes":""},"ff_language":[],"class_list":["post-5869","page","type-page","status-publish","hentry"],"acf":[],"_links":{"self":[{"href":"https:\/\/family.fit\/fr\/wp-json\/wp\/v2\/pages\/5869","targetHints":{"allow":["GET"]}}],"collection":[{"href":"https:\/\/family.fit\/fr\/wp-json\/wp\/v2\/pages"}],"about":[{"href":"https:\/\/family.fit\/fr\/wp-json\/wp\/v2\/types\/page"}],"author":[{"embeddable":true,"href":"https:\/\/family.fit\/fr\/wp-json\/wp\/v2\/users\/1"}],"replies":[{"embeddable":true,"href":"https:\/\/family.fit\/fr\/wp-json\/wp\/v2\/comments?post=5869"}],"version-history":[{"count":0,"href":"https:\/\/family.fit\/fr\/wp-json\/wp\/v2\/pages\/5869\/revisions"}],"wp:attachment":[{"href":"https:\/\/family.fit\/fr\/wp-json\/wp\/v2\/media?parent=5869"}],"wp:term":[{"taxonomy":"ff_language","embeddable":true,"href":"https:\/\/family.fit\/fr\/wp-json\/wp\/v2\/ff_language?post=5869"}],"curies":[{"name":"wp","href":"https:\/\/api.w.org\/{rel}","templated":true}]}}