{"id":6432,"date":"2021-05-26T10:35:38","date_gmt":"2021-05-26T10:35:38","guid":{"rendered":"https:\/\/family.fit\/?page_id=6432"},"modified":"2021-07-05T11:17:51","modified_gmt":"2021-07-05T11:17:51","slug":"leaderboard-dips","status":"publish","type":"page","link":"https:\/\/family.fit\/fr\/leaderboard-dips\/","title":{"rendered":"Classement (Dips)"},"content":{"rendered":"<img loading=\"lazy\" decoding=\"async\" src=\"https:\/\/family.fit\/wp-content\/uploads\/2021\/06\/race-image.png\" alt=\"race image\" itemprop=\"image\" height=\"247\" width=\"265\" title=\"image de course\" onerror=\"this.style.display='none'\"  \/>\n<h1>\n\t\tLes classements de course ultimes\n\t<\/h1>\n<h2>\n\t\tClassement (Dips)\n\t<\/h2>\n\t<p>Le classement ci-dessous montre \u00e0 la fois les scores totaux de chaque pays pour cette activit\u00e9, ainsi que la moyenne (le score total divis\u00e9 par le nombre d&#039;entr\u00e9es).<\/p>\n\t<div id=\"footable_parent_6338\"\n         class=\"footable_parent ninja_table_wrapper loading_ninja_table wp_table_data_press_parent semantic_ui colored_table\">\n                <table data-ninja_table_instance=\"ninja_table_instance_0\" data-footable_id=\"6338\" data-filter-delay=\"1000\" aria-label=\"Classement (Dips)\"            id=\"footable_6338\"\n           data-unique_identifier=\"ninja_table_unique_id_3109554370_6338\"\n           class=\"foo-table ninja_footable foo_table_6338 ninja_table_unique_id_3109554370_6338 ui table  white nt_type_legacy_table selectable striped vertical_centered inverted footable-paging-right ninja_table_search_disabled ninja_table_pro\">\n                <colgroup>\n                            <col class=\"ninja_column_0\">\n                            <col class=\"ninja_column_1\">\n                            <col class=\"ninja_column_2\">\n                    <\/colgroup>\n        <thead>\n<tr class=\"footable-header\">\n                                                        <th scope=\"col\"  class=\"ninja_column_0 ninja_clmn_nm_country\">Pays<\/th><th scope=\"col\"  class=\"ninja_column_1 ninja_clmn_nm_total ff-separator\">Le total<\/th><th scope=\"col\"  class=\"ninja_column_2 ninja_clmn_nm_average ff-separator\">Moyenne<\/th><\/tr>\n<\/thead>\n<tbody>\n\n<\/tbody><!--ninja_tobody_rendering_done-->\n    <\/table>\n    \n    \n    \n<\/div>\n\n\t<p>Cliquez sur le bouton ci-dessous pour afficher le classement complet pour toutes les activit\u00e9s et tous les pays.<\/p>\n\t\t\t<a href=\"https:\/\/family.fit\/en\/leaderboard-all\/\" target=\"_self\" role=\"button\" rel=\"noopener\">\n\t\t\t\t\t\t\tClassement complet\n\t\t\t\t\t<\/a>","protected":false},"excerpt":{"rendered":"<p>Le tableau des classements Ultimate Race Leaderboard (Dips) Le classement ci-dessous montre \u00e0 la fois les scores totaux pour chaque pays pour cette activit\u00e9, ainsi que la moyenne (le score total divis\u00e9 par le nombre d&#039;entr\u00e9es). Cliquez sur le bouton ci-dessous pour afficher le classement complet de toutes les activit\u00e9s et de tous les pays. Classement complet<\/p>","protected":false},"author":1,"featured_media":0,"parent":0,"menu_order":0,"comment_status":"closed","ping_status":"closed","template":"","meta":{"_acf_changed":false,"_seopress_robots_primary_cat":"","_seopress_titles_title":"","_seopress_titles_desc":"","_seopress_robots_index":"","footnotes":""},"ff_language":[],"class_list":["post-6432","page","type-page","status-publish","hentry"],"acf":[],"_links":{"self":[{"href":"https:\/\/family.fit\/fr\/wp-json\/wp\/v2\/pages\/6432","targetHints":{"allow":["GET"]}}],"collection":[{"href":"https:\/\/family.fit\/fr\/wp-json\/wp\/v2\/pages"}],"about":[{"href":"https:\/\/family.fit\/fr\/wp-json\/wp\/v2\/types\/page"}],"author":[{"embeddable":true,"href":"https:\/\/family.fit\/fr\/wp-json\/wp\/v2\/users\/1"}],"replies":[{"embeddable":true,"href":"https:\/\/family.fit\/fr\/wp-json\/wp\/v2\/comments?post=6432"}],"version-history":[{"count":0,"href":"https:\/\/family.fit\/fr\/wp-json\/wp\/v2\/pages\/6432\/revisions"}],"wp:attachment":[{"href":"https:\/\/family.fit\/fr\/wp-json\/wp\/v2\/media?parent=6432"}],"wp:term":[{"taxonomy":"ff_language","embeddable":true,"href":"https:\/\/family.fit\/fr\/wp-json\/wp\/v2\/ff_language?post=6432"}],"curies":[{"name":"wp","href":"https:\/\/api.w.org\/{rel}","templated":true}]}}