{"id":6868,"date":"2021-06-26T08:22:45","date_gmt":"2021-06-26T08:22:45","guid":{"rendered":"https:\/\/family.fit\/?page_id=6868"},"modified":"2021-11-23T21:55:37","modified_gmt":"2021-11-23T21:55:37","slug":"whats-new-in-season-5","status":"publish","type":"page","link":"https:\/\/family.fit\/fr\/whats-new-in-season-5\/","title":{"rendered":"Quoi de neuf dans la saison 5 ?"},"content":{"rendered":"<h1>\n\t\tQuoi de neuf dans la saison 5 ?\n\t<\/h1>\n<h3>\n\t\tNouveau concours mondial family.fit\n\t<\/h3>\n\t<p>Votre nation peut-elle gagner notre nouveau concours mondial ?<\/p>\n<p>Gagnez des points dans les d\u00e9fis hebdomadaires et propulsez votre nation au sommet de notre classement international.<\/p>\n<p>Chaque semaine aura un nouveau d\u00e9fi.<\/p>\n<p>Aidez votre pays en impliquant vos amis et votre famille.<\/p>\n\t\t\t\t<img loading=\"lazy\" decoding=\"async\" src=\"https:\/\/family.fit\/wp-content\/uploads\/2021\/06\/race-image.png\" alt=\"race image\" itemprop=\"image\" height=\"247\" width=\"265\" title=\"image de course\" onerror=\"this.style.display='none'\"  \/>\n\t\t\t<a href=\"https:\/\/family.fit\/en\/scores\/\" target=\"_self\" role=\"button\" rel=\"noopener\">\n\t\t\t\t\t\t\tMettez \u00e0 jour votre score familial\n\t\t\t\t\t<\/a>\n\t\t\t<a href=\"https:\/\/family.fit\/en\/leaderboard-all\/\" target=\"_self\" role=\"button\" rel=\"noopener\">\n\t\t\t\t\t\t\tVoir le classement\n\t\t\t\t\t<\/a>\n<h3>\n\t\tPleins feux sur le sport\n\t<\/h3>\n\t<p>Chaque semaine, nous nous concentrerons sur un sport diff\u00e9rent et sur un athl\u00e8te inspirant qui le pratique. Les athl\u00e8tes surmontent des d\u00e9fis dans des moments difficiles pour terminer la course. Nous esp\u00e9rons que ces histoires vous inspireront pour courir votre course de la vie.<\/p>\n\t\t\t<a href=\"https:\/\/family.fit\/en\/seasons\/the-ultimate-race\/\" target=\"_self\" role=\"button\" rel=\"noopener\">\n\t\t\t\t\t\t\tCommencez la saison 5 ici\n\t\t\t\t\t<\/a>\n\t\t\t\t<img loading=\"lazy\" decoding=\"async\" src=\"https:\/\/family.fit\/wp-content\/uploads\/2021\/06\/John-Akhwari-400.png\" alt=\"John Akhwari 400\" itemprop=\"image\" height=\"562\" width=\"400\" title=\"Jean Akhwari 400\" onerror=\"this.style.display='none'\"  \/>","protected":false},"excerpt":{"rendered":"<p>Quoi de neuf dans la saison 5 ? Nouveau concours mondial family.fit Votre pays peut-il remporter notre nouveau concours mondial\u00a0? Gagnez des points dans les d\u00e9fis hebdomadaires et propulsez votre nation au sommet de notre classement international. Chaque semaine aura un nouveau d\u00e9fi. Aidez votre pays en impliquant vos amis et votre famille. Mettez \u00e0 jour votre score familial Afficher\u2026<\/p>","protected":false},"author":1,"featured_media":0,"parent":0,"menu_order":0,"comment_status":"closed","ping_status":"closed","template":"","meta":{"_acf_changed":false,"_seopress_robots_primary_cat":"","_seopress_titles_title":"","_seopress_titles_desc":"","_seopress_robots_index":"","footnotes":""},"ff_language":[],"class_list":["post-6868","page","type-page","status-publish","hentry"],"acf":[],"_links":{"self":[{"href":"https:\/\/family.fit\/fr\/wp-json\/wp\/v2\/pages\/6868","targetHints":{"allow":["GET"]}}],"collection":[{"href":"https:\/\/family.fit\/fr\/wp-json\/wp\/v2\/pages"}],"about":[{"href":"https:\/\/family.fit\/fr\/wp-json\/wp\/v2\/types\/page"}],"author":[{"embeddable":true,"href":"https:\/\/family.fit\/fr\/wp-json\/wp\/v2\/users\/1"}],"replies":[{"embeddable":true,"href":"https:\/\/family.fit\/fr\/wp-json\/wp\/v2\/comments?post=6868"}],"version-history":[{"count":1,"href":"https:\/\/family.fit\/fr\/wp-json\/wp\/v2\/pages\/6868\/revisions"}],"predecessor-version":[{"id":8258,"href":"https:\/\/family.fit\/fr\/wp-json\/wp\/v2\/pages\/6868\/revisions\/8258"}],"wp:attachment":[{"href":"https:\/\/family.fit\/fr\/wp-json\/wp\/v2\/media?parent=6868"}],"wp:term":[{"taxonomy":"ff_language","embeddable":true,"href":"https:\/\/family.fit\/fr\/wp-json\/wp\/v2\/ff_language?post=6868"}],"curies":[{"name":"wp","href":"https:\/\/api.w.org\/{rel}","templated":true}]}}