{"id":8319,"date":"2022-03-14T10:57:36","date_gmt":"2022-03-14T10:57:36","guid":{"rendered":"https:\/\/family.fit\/?page_id=8319"},"modified":"2022-04-13T16:31:06","modified_gmt":"2022-04-13T16:31:06","slug":"spring-harvest","status":"publish","type":"page","link":"https:\/\/family.fit\/fr\/spring-harvest\/","title":{"rendered":"R\u00e9colte de printemps"},"content":{"rendered":"<h1>\n\t\tBienvenue sur family.fit\u00a0!\n\t<\/h1>\n\t\t\t\t<img loading=\"lazy\" decoding=\"async\" src=\"https:\/\/family.fit\/wp-content\/uploads\/2022\/03\/sh-logo-1024x99.png\" alt=\"sh-logo\" itemprop=\"image\" height=\"99\" width=\"1024\" title=\"logo sh\" onerror=\"this.style.display='none'\"  \/>\n\t<iframe allowfullscreen allow=\"autoplay\" src=\"https:\/\/www.youtube.com\/embed\/ArAXPggPkAE?feature=oembed&amp;start&amp;end&amp;wmode=opaque&amp;loop=0&amp;controls=1&amp;mute=0&amp;rel=0&amp;modestbranding=1\"><\/iframe>\t\n\t<p>Six s\u00e9ances vous sont propos\u00e9es \u00e0 faire en famille. Chaque session est disponible sous forme de PDF que vous pouvez t\u00e9l\u00e9charger \u00e0 l&#039;aide des boutons ci-dessous. Les trois premi\u00e8res sessions ont \u00e9galement des vid\u00e9os que vous pouvez regarder.<\/p>\n<h2>\n\t\tSession 1 : Restaurer nos c\u0153urs\n\t<\/h2>\n\t<iframe allowfullscreen allow=\"autoplay\" src=\"https:\/\/www.youtube.com\/embed\/B2MnPys2BgA?feature=oembed&amp;start&amp;end&amp;wmode=opaque&amp;loop=0&amp;controls=1&amp;mute=0&amp;rel=0&amp;modestbranding=1\"><\/iframe>\t\n\t\t\t<a href=\"https:\/\/family.fit\/wp-content\/uploads\/2022\/04\/Spring-Harvest-session-1.pdf\" target=\"_self\" role=\"button\" rel=\"noopener\">\n\t\t\t\t\t\t\tT\u00e9l\u00e9charger le livret de la session 1\n\t\t\t\t\t<\/a>\n<h2>\n\t\tSession 2 : Renouveler notre attention\n\t<\/h2>\n\t<iframe allowfullscreen allow=\"autoplay\" src=\"https:\/\/www.youtube.com\/embed\/DDwMOEmw8ak?feature=oembed&amp;start&amp;end&amp;wmode=opaque&amp;loop=0&amp;controls=1&amp;mute=0&amp;rel=0&amp;modestbranding=1\"><\/iframe>\t\n\t\t\t<a href=\"https:\/\/family.fit\/wp-content\/uploads\/2022\/04\/Spring-Harvest-session-2.pdf\" target=\"_self\" role=\"button\" rel=\"noopener\">\n\t\t\t\t\t\t\tT\u00e9l\u00e9charger le livret de la session 2\n\t\t\t\t\t<\/a>\n<h2>\n\t\tSession 3 : Reconstruire notre monde\n\t<\/h2>\n\t<iframe allowfullscreen allow=\"autoplay\" src=\"https:\/\/www.youtube.com\/embed\/BPTsNRtmYAw?feature=oembed&amp;start&amp;end&amp;wmode=opaque&amp;loop=0&amp;controls=1&amp;mute=0&amp;rel=0&amp;modestbranding=1\"><\/iframe>\t\n\t\t\t<a href=\"https:\/\/family.fit\/wp-content\/uploads\/2022\/04\/Spring-Harvest-session-3.pdf\" target=\"_self\" role=\"button\" rel=\"noopener\">\n\t\t\t\t\t\t\tT\u00e9l\u00e9charger le livret de la session 3\n\t\t\t\t\t<\/a>\n<h2>\n\t\tS\u00e9ance 4 : Pers\u00e9v\u00e9rer dans l&#039;opposition\n\t<\/h2>\n\t\t\t<a href=\"https:\/\/family.fit\/wp-content\/uploads\/2022\/04\/Spring-Harvest-session-4.pdf\" target=\"_self\" role=\"button\" rel=\"noopener\">\n\t\t\t\t\t\t\tT\u00e9l\u00e9charger le livret de la session 4\n\t\t\t\t\t<\/a>\n<h2>\n\t\tS\u00e9ance 5 : C\u00e9l\u00e9brer le succ\u00e8s\n\t<\/h2>\n\t\t\t<a href=\"https:\/\/family.fit\/wp-content\/uploads\/2022\/04\/Spring-Harvest-session-5.pdf\" target=\"_self\" role=\"button\" rel=\"noopener\">\n\t\t\t\t\t\t\tT\u00e9l\u00e9charger le livret de la session 5\n\t\t\t\t\t<\/a>\n<h2>\n\t\tS\u00e9ance 6 : S&#039;incliner devant Dieu\n\t<\/h2>\n\t\t\t<a href=\"https:\/\/family.fit\/wp-content\/uploads\/2022\/04\/Spring-Harvest-session-6.pdf\" target=\"_self\" role=\"button\" rel=\"noopener\">\n\t\t\t\t\t\t\tT\u00e9l\u00e9charger le livret de la session 6\n\t\t\t\t\t<\/a>\n<h2>\n\t\tSessions de N\u00e9h\u00e9mie sur l&#039;application YouVersion Bible\n\t<\/h2>\n\t<p><em>Utilisez-vous d\u00e9j\u00e0 l&#039;application Bible sur votre smartphone?<\/em><\/p>\n<p>Vous pouvez maintenant d\u00e9couvrir family.fit sur votre application Bible.<\/p>\n\t\t\t\t<img loading=\"lazy\" decoding=\"async\" src=\"https:\/\/family.fit\/wp-content\/uploads\/2021\/03\/bible-app-icon-150x150.png\" alt=\"bible app icon\" itemprop=\"image\" height=\"150\" width=\"150\" title=\"ic\u00f4ne de l&#039;application de la Bible\" onerror=\"this.style.display='none'\"  \/>\n\t\t\t<a href=\"https:\/\/www.bible.com\/en-GB\/reading-plans\/30848-familyfit-nehemiah\" target=\"_self\" role=\"button\" rel=\"noopener\">\n\t\t\t\t\t\t\tfamilyFit sur la Bible App\n\t\t\t\t\t<\/a>\n\t\t\t\t<img loading=\"lazy\" decoding=\"async\" src=\"https:\/\/family.fit\/wp-content\/uploads\/2020\/06\/dancing-family.png\" alt=\"dancing family\" itemprop=\"image\" height=\"1200\" width=\"1036\" title=\"danse de la famille\" onerror=\"this.style.display='none'\"  \/>\n<h2>\n\t\tPour en savoir plus\n\t<\/h2>\n\t<p>Pour en savoir plus sur family.fit, regardez cette vid\u00e9o\u00a0!<\/p>\n\t<iframe allowfullscreen allow=\"autoplay\" src=\"https:\/\/www.youtube.com\/embed\/jujW3P-yEAM?feature=oembed&amp;start&amp;end&amp;wmode=opaque&amp;loop=0&amp;controls=1&amp;mute=0&amp;rel=0&amp;modestbranding=1\"><\/iframe>","protected":false},"excerpt":{"rendered":"<p>Bienvenue sur family.fit\u00a0! Six s\u00e9ances vous sont propos\u00e9es \u00e0 faire en famille. Chaque session est disponible sous forme de PDF que vous pouvez t\u00e9l\u00e9charger \u00e0 l&#039;aide des boutons ci-dessous. Les trois premi\u00e8res sessions ont \u00e9galement des vid\u00e9os que vous pouvez regarder. Session 1 : Restaurez nos c\u0153urs T\u00e9l\u00e9chargez le livret de la session 1 Session 2 : Renouvelez nos\u2026<\/p>","protected":false},"author":1,"featured_media":0,"parent":0,"menu_order":0,"comment_status":"closed","ping_status":"closed","template":"","meta":{"_acf_changed":false,"_seopress_robots_primary_cat":"","_seopress_titles_title":"","_seopress_titles_desc":"","_seopress_robots_index":"","footnotes":""},"ff_language":[],"class_list":["post-8319","page","type-page","status-publish","hentry"],"acf":[],"_links":{"self":[{"href":"https:\/\/family.fit\/fr\/wp-json\/wp\/v2\/pages\/8319","targetHints":{"allow":["GET"]}}],"collection":[{"href":"https:\/\/family.fit\/fr\/wp-json\/wp\/v2\/pages"}],"about":[{"href":"https:\/\/family.fit\/fr\/wp-json\/wp\/v2\/types\/page"}],"author":[{"embeddable":true,"href":"https:\/\/family.fit\/fr\/wp-json\/wp\/v2\/users\/1"}],"replies":[{"embeddable":true,"href":"https:\/\/family.fit\/fr\/wp-json\/wp\/v2\/comments?post=8319"}],"version-history":[{"count":12,"href":"https:\/\/family.fit\/fr\/wp-json\/wp\/v2\/pages\/8319\/revisions"}],"predecessor-version":[{"id":8458,"href":"https:\/\/family.fit\/fr\/wp-json\/wp\/v2\/pages\/8319\/revisions\/8458"}],"wp:attachment":[{"href":"https:\/\/family.fit\/fr\/wp-json\/wp\/v2\/media?parent=8319"}],"wp:term":[{"taxonomy":"ff_language","embeddable":true,"href":"https:\/\/family.fit\/fr\/wp-json\/wp\/v2\/ff_language?post=8319"}],"curies":[{"name":"wp","href":"https:\/\/api.w.org\/{rel}","templated":true}]}}