{"id":8390,"date":"2022-03-31T15:41:14","date_gmt":"2022-03-31T15:41:14","guid":{"rendered":"https:\/\/family.fit\/?page_id=8390"},"modified":"2022-04-01T07:58:36","modified_gmt":"2022-04-01T07:58:36","slug":"prayerfit","status":"publish","type":"page","link":"https:\/\/family.fit\/fr\/prayerfit\/","title":{"rendered":"Pri\u00e8reFit"},"content":{"rendered":"<h1>\n\t\tPri\u00e8reFit\n\t<\/h1>\n\t<p>Joignez la pri\u00e8re \u00e0 votre programme de conditionnement physique\u00a0! Cette ressource fournit des instructions pour un \u00e9v\u00e9nement de pri\u00e8re familial (ou de groupe d&#039;amiti\u00e9) actif et amusant. Les stations d&#039;activit\u00e9s sont destin\u00e9es aux croyants qui veulent prier. Les activit\u00e9s supposent que les gens ont besoin d&#039;aide pour devenir actifs et prier de mani\u00e8re significative pendant qu&#039;ils font de l&#039;exercice. Ce livret contient des instructions pour quatre stations d&#039;activit\u00e9s de pri\u00e8re. Ils sont destin\u00e9s \u00e0 de grands groupes qui peuvent inclure des familles, des m\u00e9nages, des groupes d&#039;amis, des groupes d&#039;\u00e9tude biblique ou tout groupe d&#039;\u00e2ge en tant qu&#039;\u00e9v\u00e9nement de pri\u00e8re. Toute c\u00e9l\u00e9bration, repas ou rafra\u00eechissement offert permettra aux gens de r\u00e9cup\u00e9rer, de partager et de profiter de plus de camaraderie ensemble.<\/p>\n\t\t\t\t<img loading=\"lazy\" decoding=\"async\" src=\"https:\/\/family.fit\/wp-content\/uploads\/2022\/03\/PrayerFit-Activity-Stations-cover.jpg\" alt=\"PrayerFit Activity Stations cover\" itemprop=\"image\" height=\"1278\" width=\"600\" title=\"Couverture des stations d&#039;activit\u00e9s PrayerFit\" onerror=\"this.style.display='none'\"  \/>\n\t\t<h4>Guide des stations d&#039;activit\u00e9s<\/h4>\n\t\t\t<a href=\"https:\/\/family.fit\/wp-content\/uploads\/2022\/03\/PrayerFit-Activity-Stations-v14.pdf\" target=\"_self\" role=\"button\" rel=\"noopener\">\n\t\t\t\t\t\t\tT\u00c9L\u00c9CHARGER\n\t\t\t\t\t<\/a>\n\t\t<h4>Les 10 meilleures id\u00e9es de PrayerFit<\/h4>\n\t\t\t<a href=\"https:\/\/family.fit\/wp-content\/uploads\/2022\/03\/Top-10-PrayerFit-ideas-v14.pdf\" target=\"_self\" role=\"button\" rel=\"noopener\">\n\t\t\t\t\t\t\tT\u00c9L\u00c9CHARGER\n\t\t\t\t\t<\/a>\n\t\t<h4>Mod\u00e8le de papier Move Cube A4<\/h4>\n\t\t\t<a href=\"https:\/\/family.fit\/wp-content\/uploads\/2022\/03\/Move-Cube-A4.pdf\" target=\"_self\" role=\"button\" rel=\"noopener\">\n\t\t\t\t\t\t\tT\u00c9L\u00c9CHARGER\n\t\t\t\t\t<\/a>\n\t\t<h4>Mod\u00e8le de papier Move Cube A4<\/h4>\n\t\t\t<a href=\"https:\/\/family.fit\/wp-content\/uploads\/2022\/03\/Move-Cube-A3.pdf\" target=\"_self\" role=\"button\" rel=\"noopener\">\n\t\t\t\t\t\t\tT\u00c9L\u00c9CHARGER\n\t\t\t\t\t<\/a>\n\t\t<h4>Move Cube imprimables g\u00e9ants<\/h4>\n\t\t\t<a href=\"https:\/\/family.fit\/wp-content\/uploads\/2022\/03\/Move-Cube-six-A4-sheets.pdf\" target=\"_self\" role=\"button\" rel=\"noopener\">\n\t\t\t\t\t\t\tT\u00c9L\u00c9CHARGER\n\t\t\t\t\t<\/a>\n\t\t<h4>D\u00e9placer le graphique d&#039;exercice du cube<\/h4>\n\t\t\t<a href=\"https:\/\/family.fit\/wp-content\/uploads\/2022\/04\/Move-cube-symbols-v4.pdf\" target=\"_self\" role=\"button\" rel=\"noopener\">\n\t\t\t\t\t\t\tT\u00c9L\u00c9CHARGER\n\t\t\t\t\t<\/a>\n\t\t<h4>D\u00e9placer le code de l&#039;imprimante 3D Cube<\/h4>\n\t\t\t<a href=\"https:\/\/family.fit\/wp-content\/uploads\/2022\/04\/Move-Cube-3D-print-v2.stl\" target=\"_self\" role=\"button\" rel=\"noopener\">\n\t\t\t\t\t\t\tT\u00c9L\u00c9CHARGER\n\t\t\t\t\t<\/a>","protected":false},"excerpt":{"rendered":"<p>PrayerFit Joignez la pri\u00e8re \u00e0 votre programme de forme physique ! Cette ressource fournit des instructions pour un \u00e9v\u00e9nement de pri\u00e8re familial (ou de groupe d&#039;amiti\u00e9) actif et amusant. Les stations d&#039;activit\u00e9s sont destin\u00e9es aux croyants qui veulent prier. Les activit\u00e9s supposent que les gens ont besoin d&#039;aide pour devenir actifs et prier de mani\u00e8re significative pendant qu&#039;ils font de l&#039;exercice. Ce livret contient des instructions pour quatre\u2026<\/p>","protected":false},"author":1,"featured_media":0,"parent":0,"menu_order":0,"comment_status":"closed","ping_status":"closed","template":"","meta":{"_acf_changed":false,"_seopress_robots_primary_cat":"","_seopress_titles_title":"","_seopress_titles_desc":"","_seopress_robots_index":"","footnotes":""},"ff_language":[],"class_list":["post-8390","page","type-page","status-publish","hentry"],"acf":[],"_links":{"self":[{"href":"https:\/\/family.fit\/fr\/wp-json\/wp\/v2\/pages\/8390","targetHints":{"allow":["GET"]}}],"collection":[{"href":"https:\/\/family.fit\/fr\/wp-json\/wp\/v2\/pages"}],"about":[{"href":"https:\/\/family.fit\/fr\/wp-json\/wp\/v2\/types\/page"}],"author":[{"embeddable":true,"href":"https:\/\/family.fit\/fr\/wp-json\/wp\/v2\/users\/1"}],"replies":[{"embeddable":true,"href":"https:\/\/family.fit\/fr\/wp-json\/wp\/v2\/comments?post=8390"}],"version-history":[{"count":9,"href":"https:\/\/family.fit\/fr\/wp-json\/wp\/v2\/pages\/8390\/revisions"}],"predecessor-version":[{"id":8420,"href":"https:\/\/family.fit\/fr\/wp-json\/wp\/v2\/pages\/8390\/revisions\/8420"}],"wp:attachment":[{"href":"https:\/\/family.fit\/fr\/wp-json\/wp\/v2\/media?parent=8390"}],"wp:term":[{"taxonomy":"ff_language","embeddable":true,"href":"https:\/\/family.fit\/fr\/wp-json\/wp\/v2\/ff_language?post=8390"}],"curies":[{"name":"wp","href":"https:\/\/api.w.org\/{rel}","templated":true}]}}