{"id":8399,"date":"2022-03-31T16:40:58","date_gmt":"2022-03-31T16:40:58","guid":{"rendered":"https:\/\/family.fit\/?page_id=8399"},"modified":"2022-04-11T09:14:22","modified_gmt":"2022-04-11T09:14:22","slug":"training","status":"publish","type":"page","link":"https:\/\/family.fit\/fr\/training\/","title":{"rendered":"Entra\u00eenement"},"content":{"rendered":"<h1>\n\t\tFormation et orientation FamilyFit\n\t<\/h1>\n\t<p>Si vous souhaitez en savoir plus sur family.fit ou si vous souhaitez organiser des sessions de formation pour d&#039;autres personnes sur l&#039;utilisation de family.fit, vous \u00eates au bon endroit\u00a0!<\/p>\n<p>Les informations ci-dessous peuvent \u00eatre utilis\u00e9es par les parents, les familles enti\u00e8res, les responsables d&#039;\u00e9glise et de jeunesse.<\/p>\n<p>Cette session de formation et d&#039;orientation est structur\u00e9e de mani\u00e8re \u00e0 ce que vous fassiez l&#039;exp\u00e9rience d&#039;une session active ensemble, puis que vous r\u00e9fl\u00e9chissiez \u00e0 votre exp\u00e9rience pour voir comment cela peut devenir une habitude et un outil pour aider \u00e0 faire des disciples en famille.<\/p>\n<p>T\u00e9l\u00e9chargez cette session via le bouton ci-dessous.<\/p>\n\t\t<h4>S\u00e9ance de formation et d&#039;orientation<\/h4>\n\t\t\t<a href=\"https:\/\/family.fit\/wp-content\/uploads\/2022\/04\/FamilyFIT-training-session-v14.pdf\" target=\"_self\" role=\"button\" rel=\"noopener\">\n\t\t\t\t\t\t\tT\u00c9L\u00c9CHARGER\n\t\t\t\t\t<\/a>\n<h3>\n\t\tListe de lecture des vid\u00e9os de formation et d&#039;orientation\n\t<\/h3>\n\t<iframe allowfullscreen=\"\" allow=\"autoplay\" src=\"https:\/\/www.youtube.com\/embed\/1t9LWUtJBsw?feature=oembed&amp;start&amp;end&amp;wmode=opaque&amp;loop=0&amp;controls=1&amp;mute=0&amp;rel=0&amp;modestbranding=1\" title=\"Qu&#039;est-ce que family.fit\u00a0?\"><\/iframe>\t\n\t\t\tQu&#039;est-ce que family.fit\u00a0?\n\t<iframe allowfullscreen=\"\" allow=\"autoplay\" src=\"https:\/\/www.youtube.com\/embed\/WVYx74qstyc?feature=oembed&amp;start&amp;end&amp;wmode=opaque&amp;loop=0&amp;controls=1&amp;mute=0&amp;rel=0&amp;modestbranding=1\" title=\"Bienvenue sur family.fit\"><\/iframe>\t\n\t\t\tBienvenue sur family.fit\n\t<iframe allowfullscreen=\"\" allow=\"autoplay\" src=\"https:\/\/www.youtube.com\/embed\/LzWcI0-cFGs?feature=oembed&amp;start&amp;end&amp;wmode=opaque&amp;loop=0&amp;controls=1&amp;mute=0&amp;rel=0&amp;modestbranding=1\" title=\"famiily.fit cinq \u00e9tapes\"><\/iframe>\t\n\t\t\tfamiily.fit cinq \u00e9tapes\n\t<iframe allowfullscreen=\"\" allow=\"autoplay\" src=\"https:\/\/www.youtube.com\/embed\/f96kRydXa1M?feature=oembed&amp;start&amp;end&amp;wmode=opaque&amp;loop=0&amp;controls=1&amp;mute=0&amp;rel=0&amp;modestbranding=1\" title=\"Comment les gens utilisent family.fit dans le monde\"><\/iframe>\t\n\t\t\tComment les gens utilisent family.fit dans le monde\n\t<iframe allowfullscreen=\"\" allow=\"autoplay\" src=\"https:\/\/www.youtube.com\/embed\/9B_xUmt-Oro?feature=oembed&amp;start&amp;end&amp;wmode=opaque&amp;loop=0&amp;controls=1&amp;mute=0&amp;rel=0&amp;modestbranding=1\" title=\"Quatre fa\u00e7ons d&#039;utiliser family.fit\"><\/iframe>\t\n\t\t\tQuatre fa\u00e7ons d&#039;utiliser family.fit\n\t<iframe allowfullscreen=\"\" allow=\"autoplay\" src=\"https:\/\/www.youtube.com\/embed\/dHTxPgm-Y9g?feature=oembed&amp;start&amp;end&amp;wmode=opaque&amp;loop=0&amp;controls=1&amp;mute=0&amp;rel=0&amp;modestbranding=1\" title=\"Retours du monde entier (1)\"><\/iframe>\t\n\t\t\tRetours du monde entier (1)\n\t<iframe allowfullscreen=\"\" allow=\"autoplay\" src=\"https:\/\/www.youtube.com\/embed\/EpAs4ZhG0FA?feature=oembed&amp;start&amp;end&amp;wmode=opaque&amp;loop=0&amp;controls=1&amp;mute=0&amp;rel=0&amp;modestbranding=1\" title=\"Retours du monde entier (2)\"><\/iframe>\t\n\t\t\tRetours du monde entier (2)","protected":false},"excerpt":{"rendered":"<p>Formation et orientation FamilyFit Si vous souhaitez en savoir plus sur family.fit ou si vous souhaitez organiser des sessions de formation pour d&#039;autres personnes sur l&#039;utilisation de family.fit, vous \u00eates au bon endroit\u00a0! Les informations ci-dessous peuvent \u00eatre utilis\u00e9es par les parents, les familles enti\u00e8res, les responsables d&#039;\u00e9glise et de jeunesse. Cette session de formation et d&#039;orientation est structur\u00e9e de mani\u00e8re \u00e0\u2026<\/p>","protected":false},"author":1,"featured_media":0,"parent":0,"menu_order":0,"comment_status":"closed","ping_status":"closed","template":"","meta":{"_acf_changed":false,"_seopress_robots_primary_cat":"","_seopress_titles_title":"","_seopress_titles_desc":"","_seopress_robots_index":"","footnotes":""},"ff_language":[],"class_list":["post-8399","page","type-page","status-publish","hentry"],"acf":[],"_links":{"self":[{"href":"https:\/\/family.fit\/fr\/wp-json\/wp\/v2\/pages\/8399","targetHints":{"allow":["GET"]}}],"collection":[{"href":"https:\/\/family.fit\/fr\/wp-json\/wp\/v2\/pages"}],"about":[{"href":"https:\/\/family.fit\/fr\/wp-json\/wp\/v2\/types\/page"}],"author":[{"embeddable":true,"href":"https:\/\/family.fit\/fr\/wp-json\/wp\/v2\/users\/1"}],"replies":[{"embeddable":true,"href":"https:\/\/family.fit\/fr\/wp-json\/wp\/v2\/comments?post=8399"}],"version-history":[{"count":9,"href":"https:\/\/family.fit\/fr\/wp-json\/wp\/v2\/pages\/8399\/revisions"}],"predecessor-version":[{"id":8453,"href":"https:\/\/family.fit\/fr\/wp-json\/wp\/v2\/pages\/8399\/revisions\/8453"}],"wp:attachment":[{"href":"https:\/\/family.fit\/fr\/wp-json\/wp\/v2\/media?parent=8399"}],"wp:term":[{"taxonomy":"ff_language","embeddable":true,"href":"https:\/\/family.fit\/fr\/wp-json\/wp\/v2\/ff_language?post=8399"}],"curies":[{"name":"wp","href":"https:\/\/api.w.org\/{rel}","templated":true}]}}