{"id":3322,"date":"2021-03-16T17:26:39","date_gmt":"2021-03-16T17:26:39","guid":{"rendered":"https:\/\/family.fit\/?page_id=3322"},"modified":"2023-04-04T21:12:36","modified_gmt":"2023-04-04T21:12:36","slug":"home","status":"publish","type":"page","link":"https:\/\/family.fit\/it\/","title":{"rendered":"Casa"},"content":{"rendered":"<p>Aiuta la tua famiglia a essere in forma e in salute, a rimanere in contatto e a crescere nel carattere.<\/p>\n\t<p>Family.fit \u00e8 un programma per tutte le et\u00e0 ideale per aiutare la tua famiglia a crescere insieme in fede e forma fisica. Ogni sessione \u00e8 disponibile sia sul sito web che come PDF scaricabile. Abbiamo finito <a href=\"https:\/\/family.fit\/en\/document-library\/\">1.500 sessioni<\/a> disponibile in tutto <a href=\"https:\/\/family.fit\/en\/translations\/\">21 lingue<\/a>.<\/p>\n<p>Tu e la tua famiglia potete utilizzare queste sessioni per connettervi in modi divertenti ed esercitarvi regolarmente a casa vostra, appartamento o parco locale. Con un po &#039;di creativit\u00e0, tutti possono essere in forma e sani, rimanere in contatto e crescere in carattere e fede.<\/p>\n<h2>\n\t\tCos&#039;\u00e8 family.fit? Guarda questo!\n\t<\/h2>\n\t<iframe allowfullscreen allow=\"autoplay\" data-src=\"https:\/\/www.youtube.com\/embed\/jujW3P-yEAM?feature=oembed&amp;start&amp;end&amp;wmode=opaque&amp;loop=0&amp;controls=1&amp;mute=0&amp;rel=0&amp;modestbranding=1\"><\/iframe>\t\t\n\t\t\t\t\tRiproduci video\n\t\t\t\t\t\t<a href=\"https:\/\/family.fit\/en\/full\/\" target=\"_self\" rel=\"noopener\">\n\t\t\t\t\t\t\t\t<h2>FamilyFit completo<\/h2>\n\t\t\t\t\t\t\t\t\t<p>Vuoi l&#039;esperienza completa?<\/p>\n\t\t\t\t\t\t\t\t\t\t<\/a>\n\t\t\t\t\t\t<a href=\"https:\/\/family.fit\/en\/fast\/\" target=\"_self\" rel=\"noopener\">\n\t\t\t\t\t\t\t\t<h2>FamilyFit veloce<\/h2>\n\t\t\t\t\t\t\t\t\t<p>Hai poco tempo?<\/p>\n\t\t\t\t\t\t\t\t\t\t<\/a>\n\t\t\t\t\t\t<a href=\"https:\/\/family.fit\/en\/prayerfit\/\" target=\"_self\" rel=\"noopener\">\n\t\t\t\t\t\t\t\t<h2>Preghiera in forma<\/h2>\n\t\t\t\t\t\t\t\t\t<p>Unisciti alla preghiera con il tuo programma di fitness!<\/p>\n\t\t\t\t\t\t\t\t\t\t<\/a>\n\t\t\t\t\t\t<a href=\"https:\/\/family.fit\/en\/build-your-own\/\" target=\"_self\" rel=\"noopener\">\n\t\t\t\t\t\t\t\t<h2>Crea il tuo<\/h2>\n\t\t\t\t\t\t\t\t\t<p>Ti senti creativo?<\/p>\n\t\t\t\t\t\t\t\t\t\t<\/a>\n\t\t\t\t\t\t<a href=\"https:\/\/family.fit\/en\/youversion\/\" target=\"_self\" rel=\"noopener\">\n\t\t\t\t\t\t\t\t<h2>YouVersion<\/h2>\n\t\t\t\t\t\t\t\t\t<p>Utilizzi gi\u00e0 l&#039;app Bibbia?<\/p>\n\t\t\t\t\t\t\t\t\t\t<\/a>\n\t\t\t\t\t\t<a href=\"https:\/\/family.fit\/en\/training\/\" target=\"_self\" rel=\"noopener\">\n\t\t\t\t\t\t\t\t<h2>Formazione FamilyFit<\/h2>\n\t\t\t\t\t\t\t\t\t<p>Risorse di formazione per FamilyFit<\/p>\n\t\t\t\t\t\t\t\t\t\t<\/a>","protected":false},"excerpt":{"rendered":"<p>Aiuta la tua famiglia a essere in forma e in salute, rimanere in contatto e crescere nel carattere. Family.fit \u00e8 un programma per tutte le et\u00e0, ideale per aiutare la tua famiglia a crescere insieme nella fede e nella forma fisica. Ogni sessione \u00e8 disponibile sia sul sito web che come PDF scaricabile. Abbiamo oltre 1.500 sessioni disponibili in 21 lingue....<\/p>","protected":false},"author":1,"featured_media":0,"parent":0,"menu_order":0,"comment_status":"closed","ping_status":"closed","template":"","meta":{"_acf_changed":false,"_seopress_robots_primary_cat":"","_seopress_titles_title":"","_seopress_titles_desc":"","_seopress_robots_index":"","footnotes":""},"ff_language":[],"class_list":["post-3322","page","type-page","status-publish","hentry"],"acf":[],"_links":{"self":[{"href":"https:\/\/family.fit\/it\/wp-json\/wp\/v2\/pages\/3322","targetHints":{"allow":["GET"]}}],"collection":[{"href":"https:\/\/family.fit\/it\/wp-json\/wp\/v2\/pages"}],"about":[{"href":"https:\/\/family.fit\/it\/wp-json\/wp\/v2\/types\/page"}],"author":[{"embeddable":true,"href":"https:\/\/family.fit\/it\/wp-json\/wp\/v2\/users\/1"}],"replies":[{"embeddable":true,"href":"https:\/\/family.fit\/it\/wp-json\/wp\/v2\/comments?post=3322"}],"version-history":[{"count":29,"href":"https:\/\/family.fit\/it\/wp-json\/wp\/v2\/pages\/3322\/revisions"}],"predecessor-version":[{"id":8465,"href":"https:\/\/family.fit\/it\/wp-json\/wp\/v2\/pages\/3322\/revisions\/8465"}],"wp:attachment":[{"href":"https:\/\/family.fit\/it\/wp-json\/wp\/v2\/media?parent=3322"}],"wp:term":[{"taxonomy":"ff_language","embeddable":true,"href":"https:\/\/family.fit\/it\/wp-json\/wp\/v2\/ff_language?post=3322"}],"curies":[{"name":"wp","href":"https:\/\/api.w.org\/{rel}","templated":true}]}}