{"id":377,"date":"2020-03-30T14:52:33","date_gmt":"2020-03-30T14:52:33","guid":{"rendered":"https:\/\/family.fit\/?page_id=377"},"modified":"2020-05-19T10:29:10","modified_gmt":"2020-05-19T10:29:10","slug":"terms-and-conditions","status":"publish","type":"page","link":"https:\/\/family.fit\/it\/terms-and-conditions\/","title":{"rendered":"Termini e Condizioni"},"content":{"rendered":"<h1>\n\t<\/h1>\n\t<p>Questi termini e condizioni regolano il tuo utilizzo di questo sito web da parte tua e di tutti coloro che esercitano con te. Assicurati che tu e tutti coloro che esercitano con te accettiate integralmente questi termini e condizioni. Se non sei d&#039;accordo con questi termini e condizioni o con qualsiasi parte di questi termini e condizioni, non devi utilizzare questo sito web.<\/p>\n<p>Utilizzando questo sito Web o uno qualsiasi degli esercizi, programmi, servizi o prodotti a cui si accede tramite di esso, l&#039;utente implica implicitamente il proprio consenso a tutte le parti della dichiarazione di non responsabilit\u00e0 di seguito.<\/p>\n<p>Family.Fit indica il sito Web Family.Fit all&#039;indirizzo <a href=\"https:\/\/family.fit\/it\/\">Family.Fit<\/a>, insieme a qualsiasi esercizio, programma, servizio e \/ o prodotto accessibile attraverso di esso, inclusi ma non limitati a download e video YouTube associati sulla nostra famiglia. <a href=\"https:\/\/www.youtube.com\/channel\/UCv4dN6VavUWSVqb_WdoMzpw\" target=\"_blank\" rel=\"noopener noreferrer\">Canale Youtube<\/a>.<\/p>\n<p>&quot;<strong>Noi<\/strong>&quot; o &quot;<strong>Noi<\/strong>&quot;Si riferisce agli sviluppatori e ai contributori di Family.Fit e ai proprietari, operatori e registrante del sito web Family.Fit.<\/p>\n<p>Tutti gli esercizi comportano dei rischi. Utilizzando o prendendo parte a Family.Fit, riconosci che Family.Fit \u00e8 stato progettato senza conoscere la tua situazione di salute personale e, come tale, nella misura massima consentita dalla legge accetti di assolvere gli sviluppatori e i contributori di Family.Fit e i proprietari e gli operatori di questo sito Web di qualsiasi responsabilit\u00e0 che possa derivare dall&#039;uso di Family.Fit.<\/p>\n<p><strong>Noi<\/strong> consigliamo vivamente di consultare il proprio medico prima di iniziare qualsiasi programma di esercizi. Dovresti essere in buone condizioni fisiche ed essere in grado di partecipare all&#039;esercizio. <strong>Noi<\/strong> non sono fornitori di assistenza medica autorizzati e non hanno esperienza nella diagnosi, nell&#039;esame o nel trattamento di condizioni mediche di alcun tipo o nel determinare l&#039;effetto di qualsiasi esercizio specifico su una condizione medica.<\/p>\n<p>Il successo di salute, forma fisica e nutrizione di ogni individuo dipende dal suo background, dedizione, desiderio e motivazione. I tuoi risultati possono variare e saranno basati su molte variabili, inclusi ma non limitati a, il tuo attuale stato di forma fisica, capacit\u00e0 individuale, esperienza di vita, salute unica e profilo genetico, punto di partenza, competenza e livello di impegno.<\/p>\n<p>Dovresti capire che quando si partecipa a qualsiasi esercizio o programma di esercizi, c&#039;\u00e8 la possibilit\u00e0 di lesioni fisiche. Se ti impegni in questo esercizio o programma di esercizi, accetti di farlo a tuo rischio, stai partecipando volontariamente a queste attivit\u00e0, ti assumi tutti i rischi di lesioni personali e accetti di rilasciare e dimettere <strong>Noi<\/strong> da qualsiasi pretesa o causa di azione, inclusa la negligenza, nota o sconosciuta, derivante dall&#039;uso di Family.Fit.<\/p>\n<p>Le informazioni fornite non intendono sostituire la consulenza, la diagnosi o il trattamento medico professionale.<\/p>\n<p>Nella misura massima consentita dalla legge <strong>Noi<\/strong> non sar\u00e0 in alcun modo responsabile dell&#039;utilizzo delle informazioni ricevute tramite Family.Fit. In nessun caso lo far\u00e0 <strong>Noi<\/strong> essere responsabile nei confronti di qualsiasi parte per qualsiasi danno diretto, indiretto, speciale, incidentale, equo o consequenziale per qualsiasi uso o affidamento sulla Famiglia.Fit, inclusi, senza limitazioni, eventuali mancati profitti, interruzioni personali o aziendali, lesioni personali, incidenti, applicazione errata di informazioni o qualsiasi altra perdita, malattia, malattia o difficolt\u00e0, o altro, anche se <strong>Noi<\/strong> sono espressamente informati della possibilit\u00e0 di tali danni o difficolt\u00e0.<\/p>\n<p>Family.Fit \u00e8 disponibile a condizione che tu lo usi solo per uso personale, domestico o domestico. <strong>Noi<\/strong> non sono responsabili per eventuali perdite derivanti da o in connessione con l&#039;uso di Family.Fit per scopi aziendali, tranne nella misura in cui non possiamo escludere tale responsabilit\u00e0 ai sensi della legislazione, nel qual caso la nostra responsabilit\u00e0 \u00e8 limitata alla sostituzione o alla fornitura dei beni o servizi pertinenti laddove \u00e8 giusto e ragionevole per noi fare affidamento su questa limitazione e siamo autorizzati a limitare la nostra responsabilit\u00e0 in questo modo ai sensi della legislazione.<\/p>","protected":false},"excerpt":{"rendered":"<p>Questi termini e condizioni regolano l&#039;utilizzo di questo sito Web da parte tua e di tutti coloro che esercitano con te. Assicurati che tu e tutti coloro che esercitano con te accettiate questi termini e condizioni per intero. Se non sei d&#039;accordo con questi termini e condizioni o qualsiasi parte di questi termini e condizioni, non devi utilizzare...<\/p>","protected":false},"author":1,"featured_media":0,"parent":0,"menu_order":0,"comment_status":"closed","ping_status":"closed","template":"","meta":{"_acf_changed":false,"_seopress_robots_primary_cat":"","_seopress_titles_title":"","_seopress_titles_desc":"","_seopress_robots_index":"","footnotes":""},"ff_language":[],"class_list":["post-377","page","type-page","status-publish","hentry"],"acf":[],"_links":{"self":[{"href":"https:\/\/family.fit\/it\/wp-json\/wp\/v2\/pages\/377","targetHints":{"allow":["GET"]}}],"collection":[{"href":"https:\/\/family.fit\/it\/wp-json\/wp\/v2\/pages"}],"about":[{"href":"https:\/\/family.fit\/it\/wp-json\/wp\/v2\/types\/page"}],"author":[{"embeddable":true,"href":"https:\/\/family.fit\/it\/wp-json\/wp\/v2\/users\/1"}],"replies":[{"embeddable":true,"href":"https:\/\/family.fit\/it\/wp-json\/wp\/v2\/comments?post=377"}],"version-history":[{"count":0,"href":"https:\/\/family.fit\/it\/wp-json\/wp\/v2\/pages\/377\/revisions"}],"wp:attachment":[{"href":"https:\/\/family.fit\/it\/wp-json\/wp\/v2\/media?parent=377"}],"wp:term":[{"taxonomy":"ff_language","embeddable":true,"href":"https:\/\/family.fit\/it\/wp-json\/wp\/v2\/ff_language?post=377"}],"curies":[{"name":"wp","href":"https:\/\/api.w.org\/{rel}","templated":true}]}}