{"id":8390,"date":"2022-03-31T15:41:14","date_gmt":"2022-03-31T15:41:14","guid":{"rendered":"https:\/\/family.fit\/?page_id=8390"},"modified":"2022-04-01T07:58:36","modified_gmt":"2022-04-01T07:58:36","slug":"prayerfit","status":"publish","type":"page","link":"https:\/\/family.fit\/it\/prayerfit\/","title":{"rendered":"Preghiera in forma"},"content":{"rendered":"<h1>\n\t\tPreghiera in forma\n\t<\/h1>\n\t<p>Unisciti a Prayer con il tuo programma di fitness! Questa risorsa fornisce istruzioni per un evento di preghiera attivo e divertente, in famiglia (o gruppo di amicizia). Le stazioni di attivit\u00e0 sono rivolte ai credenti che vogliono pregare. Le attivit\u00e0 presuppongono che le persone abbiano bisogno di aiuto per attivarsi e pregare in modo significativo mentre si esercitano. Questo opuscolo contiene le istruzioni per quattro stazioni di attivit\u00e0 di preghiera. Sono per grandi gruppi che possono includere famiglie, famiglie, gruppi di amicizia, gruppi di studio della Bibbia o qualsiasi gruppo di et\u00e0 come evento di preghiera. Qualsiasi celebrazione, pasto o rinfresco offerto consentir\u00e0 alle persone di riprendersi, condividere e godere di pi\u00f9 comunione insieme.<\/p>\n\t\t\t\t<img loading=\"lazy\" decoding=\"async\" src=\"https:\/\/family.fit\/wp-content\/uploads\/2022\/03\/PrayerFit-Activity-Stations-cover.jpg\" alt=\"PrayerFit Activity Stations cover\" itemprop=\"image\" height=\"1278\" width=\"600\" title=\"Copertina delle stazioni di attivit\u00e0 PrayerFit\" onerror=\"this.style.display='none'\"  \/>\n\t\t<h4>Guida alle stazioni di attivit\u00e0<\/h4>\n\t\t\t<a href=\"https:\/\/family.fit\/wp-content\/uploads\/2022\/03\/PrayerFit-Activity-Stations-v14.pdf\" target=\"_self\" role=\"button\" rel=\"noopener\">\n\t\t\t\t\t\t\tSCARICA\n\t\t\t\t\t<\/a>\n\t\t<h4>Le 10 migliori idee di PrayerFit<\/h4>\n\t\t\t<a href=\"https:\/\/family.fit\/wp-content\/uploads\/2022\/03\/Top-10-PrayerFit-ideas-v14.pdf\" target=\"_self\" role=\"button\" rel=\"noopener\">\n\t\t\t\t\t\t\tSCARICA\n\t\t\t\t\t<\/a>\n\t\t<h4>Sposta il modello di carta A4 del cubo<\/h4>\n\t\t\t<a href=\"https:\/\/family.fit\/wp-content\/uploads\/2022\/03\/Move-Cube-A4.pdf\" target=\"_self\" role=\"button\" rel=\"noopener\">\n\t\t\t\t\t\t\tSCARICA\n\t\t\t\t\t<\/a>\n\t\t<h4>Sposta il modello di carta A4 del cubo<\/h4>\n\t\t\t<a href=\"https:\/\/family.fit\/wp-content\/uploads\/2022\/03\/Move-Cube-A3.pdf\" target=\"_self\" role=\"button\" rel=\"noopener\">\n\t\t\t\t\t\t\tSCARICA\n\t\t\t\t\t<\/a>\n\t\t<h4>Move Cube Giant stampabili<\/h4>\n\t\t\t<a href=\"https:\/\/family.fit\/wp-content\/uploads\/2022\/03\/Move-Cube-six-A4-sheets.pdf\" target=\"_self\" role=\"button\" rel=\"noopener\">\n\t\t\t\t\t\t\tSCARICA\n\t\t\t\t\t<\/a>\n\t\t<h4>Sposta il grafico degli esercizi del cubo<\/h4>\n\t\t\t<a href=\"https:\/\/family.fit\/wp-content\/uploads\/2022\/04\/Move-cube-symbols-v4.pdf\" target=\"_self\" role=\"button\" rel=\"noopener\">\n\t\t\t\t\t\t\tSCARICA\n\t\t\t\t\t<\/a>\n\t\t<h4>Sposta il codice della stampante 3D Cube<\/h4>\n\t\t\t<a href=\"https:\/\/family.fit\/wp-content\/uploads\/2022\/04\/Move-Cube-3D-print-v2.stl\" target=\"_self\" role=\"button\" rel=\"noopener\">\n\t\t\t\t\t\t\tSCARICA\n\t\t\t\t\t<\/a>","protected":false},"excerpt":{"rendered":"<p>PrayerFit Unisciti a Prayer con il tuo programma di fitness! Questa risorsa fornisce istruzioni per un evento di preghiera attivo e divertente, in famiglia (o gruppo di amicizia). Le stazioni di attivit\u00e0 sono rivolte ai credenti che vogliono pregare. Le attivit\u00e0 presuppongono che le persone abbiano bisogno di aiuto per attivarsi e pregare in modo significativo mentre si esercitano. Questo libretto contiene le istruzioni per quattro...<\/p>","protected":false},"author":1,"featured_media":0,"parent":0,"menu_order":0,"comment_status":"closed","ping_status":"closed","template":"","meta":{"_acf_changed":false,"_seopress_robots_primary_cat":"","_seopress_titles_title":"","_seopress_titles_desc":"","_seopress_robots_index":"","footnotes":""},"ff_language":[],"class_list":["post-8390","page","type-page","status-publish","hentry"],"acf":[],"_links":{"self":[{"href":"https:\/\/family.fit\/it\/wp-json\/wp\/v2\/pages\/8390","targetHints":{"allow":["GET"]}}],"collection":[{"href":"https:\/\/family.fit\/it\/wp-json\/wp\/v2\/pages"}],"about":[{"href":"https:\/\/family.fit\/it\/wp-json\/wp\/v2\/types\/page"}],"author":[{"embeddable":true,"href":"https:\/\/family.fit\/it\/wp-json\/wp\/v2\/users\/1"}],"replies":[{"embeddable":true,"href":"https:\/\/family.fit\/it\/wp-json\/wp\/v2\/comments?post=8390"}],"version-history":[{"count":9,"href":"https:\/\/family.fit\/it\/wp-json\/wp\/v2\/pages\/8390\/revisions"}],"predecessor-version":[{"id":8420,"href":"https:\/\/family.fit\/it\/wp-json\/wp\/v2\/pages\/8390\/revisions\/8420"}],"wp:attachment":[{"href":"https:\/\/family.fit\/it\/wp-json\/wp\/v2\/media?parent=8390"}],"wp:term":[{"taxonomy":"ff_language","embeddable":true,"href":"https:\/\/family.fit\/it\/wp-json\/wp\/v2\/ff_language?post=8390"}],"curies":[{"name":"wp","href":"https:\/\/api.w.org\/{rel}","templated":true}]}}