{"id":3,"date":"2020-02-19T17:12:44","date_gmt":"2020-02-19T17:12:44","guid":{"rendered":"http:\/\/pd-toronto-1.com\/?page_id=3"},"modified":"2020-05-19T10:34:46","modified_gmt":"2020-05-19T10:34:46","slug":"privacy","status":"publish","type":"page","link":"https:\/\/family.fit\/pt\/privacy\/","title":{"rendered":"Privacidade"},"content":{"rendered":"<h1>\n\t<\/h1>\n\t<h3>A privacidade \u00e9 importante, mas pode ser confusa. Esta p\u00e1gina explica nossa abordagem \u00e0 privacidade e como isso afeta voc\u00ea.<\/h3>\n<h4>Vers\u00e3o curta<\/h4>\n<p>Coletamos estat\u00edsticas an\u00f4nimas sobre sua visita, como qual de nossas p\u00e1ginas voc\u00ea visualizou.<\/p>\n<p>Alguns terceiros, como o Facebook, podem saber que voc\u00ea visitou este site, se voc\u00ea usar seus servi\u00e7os. N\u00e3o podemos control\u00e1-los, mas n\u00e3o acreditamos que esse conhecimento represente uma amea\u00e7a para voc\u00ea.<\/p>\n<p>Se voc\u00ea se inscrever conosco, tomaremos muito cuidado para manter suas informa\u00e7\u00f5es seguras e nunca as compartilharemos com outras pessoas sem sua permiss\u00e3o expressa.<\/p>\n<p>Nunca compartilhamos seus dados com terceiros, exceto para nos ajudar a fornecer nossos pr\u00f3prios servi\u00e7os.<\/p>\n<p>Estes s\u00e3o apenas os pontos-chave. Se precisar de mais detalhes, continue lendo.<\/p>\n<h4>Medindo nossos visitantes<\/h4>\n<p>Medimos os visitantes do nosso site usando o Google Analytics. Isso registra quais p\u00e1ginas voc\u00ea visualiza em nosso site, como chegou ao nosso site e algumas informa\u00e7\u00f5es b\u00e1sicas sobre seu computador. Todas essas informa\u00e7\u00f5es s\u00e3o an\u00f4nimas \u2013 ent\u00e3o n\u00e3o sabemos quem voc\u00ea \u00e9; apenas que algu\u00e9m visitou nosso site.<\/p>\n<p>As informa\u00e7\u00f5es que coletamos das an\u00e1lises nos ajudam a entender quais partes de nossos sites est\u00e3o indo bem, como as pessoas chegam ao nosso site e assim por diante. Como a maioria dos sites, usamos essas informa\u00e7\u00f5es para melhorar nosso site.<\/p>\n<p>Voc\u00ea pode aprender mais sobre\u00a0<a href=\"https:\/\/support.google.com\/analytics\/answer\/6004245\" target=\"_blank\" rel=\"noopener noreferrer\">Google Analytics aqui<\/a>.<\/p>\n<h4>Conte\u00fado incorporado de outros sites<\/h4>\n<p>O conte\u00fado deste site pode incluir conte\u00fado incorporado (por exemplo, v\u00eddeos, imagens, artigos, etc.). O conte\u00fado incorporado de outros sites se comporta exatamente da mesma maneira como se o visitante tivesse visitado o site de origem.<\/p>\n<p>Esses sites podem coletar dados sobre voc\u00ea, usar cookies, incorporar rastreamento adicional de terceiros e monitorar sua intera\u00e7\u00e3o com esse conte\u00fado incorporado, incluindo o rastreamento de sua intera\u00e7\u00e3o com o conte\u00fado incorporado se voc\u00ea tiver uma conta e estiver conectado a esse site.<\/p>\n<h4>An\u00fancios e Links Patrocinados<\/h4>\n<p>Este site n\u00e3o cont\u00e9m links patrocinados ou an\u00fancios.<\/p>\n<h4>Downloads e arquivos de m\u00eddia<\/h4>\n<p>Quaisquer documentos, arquivos ou m\u00eddia para download disponibilizados neste site s\u00e3o fornecidos a voc\u00ea por sua conta e risco. Embora todas as precau\u00e7\u00f5es tenham sido tomadas para garantir que apenas downloads genu\u00ednos estejam dispon\u00edveis, \u00e9 recomend\u00e1vel verificar sua autenticidade usando um software antiv\u00edrus de terceiros ou aplicativos semelhantes.<\/p>\n<p>N\u00e3o aceitamos nenhuma responsabilidade por downloads de terceiros e downloads fornecidos por sites externos de terceiros. Aconselhamos que voc\u00ea verifique sua autenticidade usando um software antiv\u00edrus de terceiros ou aplicativos semelhantes.<\/p>\n<h4>Facebook, Twitter e outras redes sociais<\/h4>\n<p>Esses servi\u00e7os fornecem bot\u00f5es sociais e recursos semelhantes que usamos em nosso site \u2013 como os bot\u00f5es \u201cCurtir\u201d e \u201cTweet\u201d.<\/p>\n<p>Para fazer isso, incorporamos o c\u00f3digo que eles fornecem e n\u00e3o nos controlamos. Para funcionar, seus bot\u00f5es geralmente sabem se voc\u00ea est\u00e1 logado; por exemplo, o Facebook usa isso para dizer \u201cx de seus amigos gostam disso\u201d. N\u00e3o temos acesso a essas informa\u00e7\u00f5es, nem podemos controlar como essas redes as usam.<\/p>\n<p>As redes sociais, portanto, podem saber que voc\u00ea est\u00e1 visualizando este site, se voc\u00ea usar seus servi\u00e7os. (Isso n\u00e3o quer dizer que sim, mas suas pol\u00edticas podem mudar).<\/p>\n<h4>Se voc\u00ea se inscrever em um servi\u00e7o<\/h4>\n<p>Quando voc\u00ea se inscreve em qualquer um de nossos servi\u00e7os (por exemplo, inscrevendo-se na lista de e-mails), registramos informa\u00e7\u00f5es pessoais espec\u00edficas sobre voc\u00ea, como seu nome e endere\u00e7o de e-mail.<\/p>\n<h4>E-mails<\/h4>\n<p>Podemos enviar notifica\u00e7\u00f5es por e-mail que voc\u00ea solicitou especificamente (como boletins informativos ou notifica\u00e7\u00f5es). Voc\u00ea tem a capacidade de cancelar qualquer uma dessas comunica\u00e7\u00f5es a qualquer momento.<\/p>\n<p>Nunca forneceremos suas informa\u00e7\u00f5es pessoais ou endere\u00e7o de e-mail a terceiros, exceto quando eles forem especificamente empregados para ajudar a fornecer nossos pr\u00f3prios servi\u00e7os, conforme detalhado acima.<\/p>\n<h4>Seguran\u00e7a<\/h4>\n<p>Tomamos muitas precau\u00e7\u00f5es para evitar a perda, uso indevido ou altera\u00e7\u00e3o de suas informa\u00e7\u00f5es pessoais. Essas precau\u00e7\u00f5es incluem:<\/p>\n<ul>\n<li>Uso de criptografia SSL para todo o conte\u00fado da p\u00e1gina e quaisquer dados coletados<\/li>\n<li>Hardware armazenado em datacenters protegidos atr\u00e1s de firewalls<\/li>\n<li>Todo acesso a informa\u00e7\u00f5es restrito por senha e\/ou chave segura<\/li>\n<li>Restri\u00e7\u00f5es a quais informa\u00e7\u00f5es podem ser acessadas por meio de qualquer local<\/li>\n<\/ul>\n<p>Embora tomemos muito cuidado para garantir que qualquer informa\u00e7\u00e3o confidencial permane\u00e7a protegida, n\u00e3o podemos garantir a seguran\u00e7a dos dados enviados pela Internet.<\/p>\n<p>Se, durante o uso deste site, voc\u00ea for solicitado a criar uma conta de usu\u00e1rio, observe que voc\u00ea \u00e9 respons\u00e1vel por manter sua senha e detalhes de usu\u00e1rio confidenciais. Nunca pediremos sua senha, portanto, n\u00e3o confie em ningu\u00e9m que a solicite.<\/p>\n<h4>Descoberta de dados<\/h4>\n<p>Fazemos uso de v\u00e1rios terceiros <a href=\"https:\/\/en.wikipedia.org\/wiki\/Application_programming_interface\" target=\"_blank\" rel=\"noopener noreferrer\">APIs<\/a> neste site para realizar determinadas tarefas. Por exemplo, usamos a API MailChimp para processar assinaturas de listas de discuss\u00e3o.<\/p>\n<h4>Atualiza\u00e7\u00f5es desta pol\u00edtica<\/h4>\n<p>Podemos atualizar esta pol\u00edtica de privacidade de tempos em tempos, especialmente quando a tecnologia muda. Voc\u00ea sempre pode verificar esta p\u00e1gina para a vers\u00e3o mais recente. Tamb\u00e9m podemos notific\u00e1-lo sobre altera\u00e7\u00f5es em nossa pol\u00edtica de privacidade por e-mail.<\/p>\n<h4>Entrando em contato conosco<\/h4>\n<p>Se houver alguma d\u00favida sobre esta pol\u00edtica de privacidade, por favor <a href=\"https:\/\/family.fit\/pt\/contact\/\">Contate-nos<\/a>.<\/p>","protected":false},"excerpt":{"rendered":"<p>Privacidade \u00e9 importante, mas pode ser confusa. Esta p\u00e1gina explica nossa abordagem \u00e0 privacidade e como ela afeta voc\u00ea. Vers\u00e3o resumida: Coletamos estat\u00edsticas an\u00f4nimas sobre sua visita, como quais de nossas p\u00e1ginas voc\u00ea visualizou. Alguns terceiros, como o Facebook, podem saber que voc\u00ea visitou este site, caso utilize os servi\u00e7os deles. N\u00e3o podemos control\u00e1-los\u2026<\/p>","protected":false},"author":1,"featured_media":0,"parent":0,"menu_order":0,"comment_status":"closed","ping_status":"open","template":"","meta":{"_acf_changed":false,"_seopress_robots_primary_cat":"","_seopress_titles_title":"","_seopress_titles_desc":"","_seopress_robots_index":"","footnotes":""},"ff_language":[],"class_list":["post-3","page","type-page","status-publish","hentry"],"acf":[],"_links":{"self":[{"href":"https:\/\/family.fit\/pt\/wp-json\/wp\/v2\/pages\/3","targetHints":{"allow":["GET"]}}],"collection":[{"href":"https:\/\/family.fit\/pt\/wp-json\/wp\/v2\/pages"}],"about":[{"href":"https:\/\/family.fit\/pt\/wp-json\/wp\/v2\/types\/page"}],"author":[{"embeddable":true,"href":"https:\/\/family.fit\/pt\/wp-json\/wp\/v2\/users\/1"}],"replies":[{"embeddable":true,"href":"https:\/\/family.fit\/pt\/wp-json\/wp\/v2\/comments?post=3"}],"version-history":[{"count":0,"href":"https:\/\/family.fit\/pt\/wp-json\/wp\/v2\/pages\/3\/revisions"}],"wp:attachment":[{"href":"https:\/\/family.fit\/pt\/wp-json\/wp\/v2\/media?parent=3"}],"wp:term":[{"taxonomy":"ff_language","embeddable":true,"href":"https:\/\/family.fit\/pt\/wp-json\/wp\/v2\/ff_language?post=3"}],"curies":[{"name":"wp","href":"https:\/\/api.w.org\/{rel}","templated":true}]}}