{"id":377,"date":"2020-03-30T14:52:33","date_gmt":"2020-03-30T14:52:33","guid":{"rendered":"https:\/\/family.fit\/?page_id=377"},"modified":"2020-05-19T10:29:10","modified_gmt":"2020-05-19T10:29:10","slug":"terms-and-conditions","status":"publish","type":"page","link":"https:\/\/family.fit\/pt\/terms-and-conditions\/","title":{"rendered":"Termos e Condi\u00e7\u00f5es"},"content":{"rendered":"<h1>\n\t<\/h1>\n\t<p>Estes termos e condi\u00e7\u00f5es regem o uso deste site por voc\u00ea e por todos aqueles que exercem com voc\u00ea. Certifique-se de que voc\u00ea e todos aqueles que exercem com voc\u00ea aceitam estes termos e condi\u00e7\u00f5es na \u00edntegra. Se voc\u00ea discordar destes termos e condi\u00e7\u00f5es ou de qualquer parte destes termos e condi\u00e7\u00f5es, voc\u00ea n\u00e3o deve usar este site.<\/p>\n<p>Ao usar este site, ou qualquer um dos exerc\u00edcios, programas, servi\u00e7os ou produtos acessados por meio dele, voc\u00ea implica implicitamente que concorda com todas as partes da isen\u00e7\u00e3o de responsabilidade abaixo.<\/p>\n<p>Family.Fit significa o site Family.Fit em <a href=\"https:\/\/family.fit\/pt\/\">Family.Fit<\/a>, juntamente com qualquer um dos exerc\u00edcios, programas, servi\u00e7os e \/ ou produtos acess\u00edveis por meio dele, incluindo, mas n\u00e3o se limitando a downloads e v\u00eddeos associados do YouTube em nossa Fam\u00edlia. <a href=\"https:\/\/www.youtube.com\/channel\/UCv4dN6VavUWSVqb_WdoMzpw\" target=\"_blank\" rel=\"noopener noreferrer\">Canal do Youtube<\/a>.<\/p>\n<p>\u201c<strong>N\u00f3s<\/strong>&quot; ou &quot;<strong>N\u00f3s<\/strong>\u201dRefere-se aos desenvolvedores e colaboradores do Family.Fit e aos propriet\u00e1rios, operadores e o registrante do site Family.Fit.<\/p>\n<p>Todo exerc\u00edcio envolve risco. Ao usar ou participar do Family.Fit, voc\u00ea reconhece que o Family.Fit foi desenvolvido sem o conhecimento de sua situa\u00e7\u00e3o pessoal de sa\u00fade e, como tal, at\u00e9 o limite m\u00e1ximo permitido por lei, voc\u00ea concorda em absolver os desenvolvedores e colaboradores do Family.Fit e os propriet\u00e1rios e operadores deste site de qualquer responsabilidade que possa surgir do uso de Family.Fit.<\/p>\n<p><strong>N\u00f3s<\/strong> Recomendamos enfaticamente que voc\u00ea consulte seu m\u00e9dico antes de iniciar qualquer programa de exerc\u00edcios. Voc\u00ea deve estar em boas condi\u00e7\u00f5es f\u00edsicas e poder participar dos exerc\u00edcios. <strong>N\u00f3s<\/strong> n\u00e3o s\u00e3o prestadores de cuidados m\u00e9dicos licenciados e n\u00e3o t\u00eam experi\u00eancia em diagnosticar, examinar ou tratar condi\u00e7\u00f5es m\u00e9dicas de qualquer tipo, ou em determinar o efeito de qualquer exerc\u00edcio espec\u00edfico em uma condi\u00e7\u00e3o m\u00e9dica.<\/p>\n<p>O sucesso da sa\u00fade, da forma f\u00edsica e da nutri\u00e7\u00e3o de cada indiv\u00edduo depende de sua forma\u00e7\u00e3o, dedica\u00e7\u00e3o, desejo e motiva\u00e7\u00e3o. Seus resultados podem variar e ser\u00e3o baseados em muitas vari\u00e1veis, incluindo, mas n\u00e3o se limitando a, seu estado atual de aptid\u00e3o, capacidade individual, experi\u00eancia de vida, sa\u00fade \u00fanica e perfil gen\u00e9tico, ponto de partida, especializa\u00e7\u00e3o e n\u00edvel de compromisso.<\/p>\n<p>Voc\u00ea deve compreender que, ao participar de qualquer exerc\u00edcio ou programa de exerc\u00edcios, existe a possibilidade de les\u00f5es f\u00edsicas. Se voc\u00ea se envolver neste exerc\u00edcio ou programa de exerc\u00edcios, voc\u00ea concorda em faz\u00ea-lo por sua pr\u00f3pria conta e risco, participa voluntariamente dessas atividades, assume todos os riscos de se ferir e concorda em liberar e dispensar <strong>N\u00f3s<\/strong> de toda e qualquer reclama\u00e7\u00e3o ou causa de a\u00e7\u00e3o, incluindo neglig\u00eancia, conhecida ou desconhecida, decorrente do uso do Family.Fit.<\/p>\n<p>As informa\u00e7\u00f5es fornecidas n\u00e3o t\u00eam como objetivo substituir o aconselhamento, diagn\u00f3stico ou tratamento m\u00e9dico profissional.<\/p>\n<p>At\u00e9 a extens\u00e3o m\u00e1xima permitida por lei <strong>N\u00f3s<\/strong> n\u00e3o ser\u00e1 responsabilizado de forma alguma pelo uso das informa\u00e7\u00f5es que voc\u00ea recebe por meio do Family.Fit. Em nenhum caso <strong>N\u00f3s<\/strong> ser respons\u00e1vel perante qualquer parte por quaisquer danos diretos, indiretos, especiais, incidentais, equitativos ou consequenciais por qualquer uso ou confian\u00e7a na Fam\u00edlia. Adequado, incluindo, sem limita\u00e7\u00e3o, quaisquer lucros cessantes, interrup\u00e7\u00f5es pessoais ou comerciais, les\u00f5es pessoais, acidentes, aplica\u00e7\u00e3o indevida de informa\u00e7\u00f5es ou qualquer outra perda, enfermidade, doen\u00e7a ou dificuldade, ou de outra forma, mesmo que <strong>N\u00f3s<\/strong> s\u00e3o expressamente avisados da possibilidade de tais danos ou dificuldades.<\/p>\n<p>Family.Fit \u00e9 disponibilizado sob a condi\u00e7\u00e3o de que voc\u00ea o use apenas para uso pessoal, dom\u00e9stico ou dom\u00e9stico. <strong>N\u00f3s<\/strong> n\u00e3o somos respons\u00e1veis por quaisquer perdas decorrentes de ou em conex\u00e3o com o uso do Family.Fit para fins comerciais, exceto na medida em que n\u00e3o podemos excluir tal responsabilidade nos termos da legisla\u00e7\u00e3o, caso em que nossa responsabilidade \u00e9 limitada a substituir ou reabastecer os bens ou servi\u00e7os relevantes onde \u00e9 justo e razo\u00e1vel confiarmos nessa limita\u00e7\u00e3o e temos permiss\u00e3o para limitar nossa responsabilidade dessa forma de acordo com a legisla\u00e7\u00e3o.<\/p>","protected":false},"excerpt":{"rendered":"<p>Estes termos e condi\u00e7\u00f5es regem o uso deste site por voc\u00ea e por todos aqueles que se exercitam com voc\u00ea. Certifique-se de que voc\u00ea e todos aqueles que se exercitam com voc\u00ea aceitam estes termos e condi\u00e7\u00f5es na \u00edntegra. Se voc\u00ea n\u00e3o concordar com estes termos e condi\u00e7\u00f5es ou qualquer parte destes termos e condi\u00e7\u00f5es, voc\u00ea n\u00e3o deve usar\u2026<\/p>","protected":false},"author":1,"featured_media":0,"parent":0,"menu_order":0,"comment_status":"closed","ping_status":"closed","template":"","meta":{"_acf_changed":false,"_seopress_robots_primary_cat":"","_seopress_titles_title":"","_seopress_titles_desc":"","_seopress_robots_index":"","footnotes":""},"ff_language":[],"class_list":["post-377","page","type-page","status-publish","hentry"],"acf":[],"_links":{"self":[{"href":"https:\/\/family.fit\/pt\/wp-json\/wp\/v2\/pages\/377","targetHints":{"allow":["GET"]}}],"collection":[{"href":"https:\/\/family.fit\/pt\/wp-json\/wp\/v2\/pages"}],"about":[{"href":"https:\/\/family.fit\/pt\/wp-json\/wp\/v2\/types\/page"}],"author":[{"embeddable":true,"href":"https:\/\/family.fit\/pt\/wp-json\/wp\/v2\/users\/1"}],"replies":[{"embeddable":true,"href":"https:\/\/family.fit\/pt\/wp-json\/wp\/v2\/comments?post=377"}],"version-history":[{"count":0,"href":"https:\/\/family.fit\/pt\/wp-json\/wp\/v2\/pages\/377\/revisions"}],"wp:attachment":[{"href":"https:\/\/family.fit\/pt\/wp-json\/wp\/v2\/media?parent=377"}],"wp:term":[{"taxonomy":"ff_language","embeddable":true,"href":"https:\/\/family.fit\/pt\/wp-json\/wp\/v2\/ff_language?post=377"}],"curies":[{"name":"wp","href":"https:\/\/api.w.org\/{rel}","templated":true}]}}