{"id":473,"date":"2020-04-01T16:27:04","date_gmt":"2020-04-01T16:27:04","guid":{"rendered":"https:\/\/family.fit\/?page_id=473"},"modified":"2025-11-17T16:53:45","modified_gmt":"2025-11-17T16:53:45","slug":"translations","status":"publish","type":"page","link":"https:\/\/family.fit\/pt\/translations\/","title":{"rendered":"Tradu\u00e7\u00f5es"},"content":{"rendered":"<p>Clique em qualquer uma das bandeiras abaixo para acessar as tradu\u00e7\u00f5es (formato PDF) das semanas dispon\u00edveis.<\/p>\n\t<h4>afrikaans<\/h4>\n<h5>AF<\/h5>\n\t<ul data-height=\"175\" data-width=\"175\" data-shape=\"circle\">\n\t\t\t\t\t\t\t\t\t\t<li>\n\t\t\t\t\t\t\t\t\t\t\t\t\t\t<a target=\"\"  href=\"https:\/\/family.fit\/pt\/translations\/afrikaans\/\">\n\t\t\t\t\t\t\t\t\t\t\t<img decoding=\"async\" src=\"https:\/\/family.fit\/wp-content\/uploads\/2020\/06\/south-africa-150x150.png\" alt=\"\"\/>\t\t\t\t\n\t\t\t\t\t\t\t\t\t\t\t\t\t\t\t\t\t\t\t<h3>afrikaans<\/h3>\n\t\t\t\t\t\t\t\t\t\t\t<p>AF<\/p>\n\t\t\t\t\t\t\t\t\t\t\t\t\t\t<\/a>\n\t\t\t\t\t\t\t\t\t\t\t\t\t\t<\/li>\n\t\t\t\t\t\t\t\t\t\t\t\t\t<\/ul>\n\t<h4>alban\u00eas<\/h4>\n<h5>SQ<\/h5>\n\t<ul data-height=\"175\" data-width=\"175\" data-shape=\"circle\">\n\t\t\t\t\t\t\t\t\t\t<li>\n\t\t\t\t\t\t\t\t\t\t\t\t\t\t<a target=\"\"  href=\"https:\/\/family.fit\/pt\/translations\/albanian\/\">\n\t\t\t\t\t\t\t\t\t\t\t<img decoding=\"async\" src=\"https:\/\/family.fit\/wp-content\/uploads\/2020\/04\/albania-300x300.png\" alt=\"\"\/>\t\t\t\t\n\t\t\t\t\t\t\t\t\t\t\t\t\t\t\t\t\t\t\t<h3>alban\u00eas<\/h3>\n\t\t\t\t\t\t\t\t\t\t\t<p>SQ<\/p>\n\t\t\t\t\t\t\t\t\t\t\t\t\t\t<\/a>\n\t\t\t\t\t\t\t\t\t\t\t\t\t\t<\/li>\n\t\t\t\t\t\t\t\t\t\t\t\t\t<\/ul>\n\t<h4>\u00e1rabe<\/h4>\n<h5>AR<\/h5>\n\t<ul data-height=\"175\" data-width=\"175\" data-shape=\"circle\">\n\t\t\t\t\t\t\t\t\t\t<li>\n\t\t\t\t\t\t\t\t\t\t\t\t\t\t<a target=\"\"  href=\"https:\/\/family.fit\/pt\/translations\/arabic\/\">\n\t\t\t\t\t\t\t\t\t\t\t<img decoding=\"async\" src=\"https:\/\/family.fit\/wp-content\/uploads\/2020\/08\/arabic.png\" alt=\"\"\/>\t\t\t\t\n\t\t\t\t\t\t\t\t\t\t\t\t\t\t\t\t\t\t\t<h3>\u00e1rabe<\/h3>\n\t\t\t\t\t\t\t\t\t\t\t<p>AR<\/p>\n\t\t\t\t\t\t\t\t\t\t\t\t\t\t<\/a>\n\t\t\t\t\t\t\t\t\t\t\t\t\t\t<\/li>\n\t\t\t\t\t\t\t\t\t\t\t\t\t<\/ul>\n\t<h4>Chin\u00eas simplificado<\/h4>\n<h5>ZH<\/h5>\n\t<ul data-height=\"175\" data-width=\"175\" data-shape=\"circle\">\n\t\t\t\t\t\t\t\t\t\t<li>\n\t\t\t\t\t\t\t\t\t\t\t\t\t\t<a target=\"\"  href=\"https:\/\/family.fit\/pt\/translations\/chinese\/\">\n\t\t\t\t\t\t\t\t\t\t\t<img decoding=\"async\" src=\"https:\/\/family.fit\/wp-content\/uploads\/2020\/11\/china.png\" alt=\"\"\/>\t\t\t\t\n\t\t\t\t\t\t\t\t\t\t\t\t\t\t\t\t\t\t\t<h3>Chin\u00eas simplificado<\/h3>\n\t\t\t\t\t\t\t\t\t\t\t<p>ZH<\/p>\n\t\t\t\t\t\t\t\t\t\t\t\t\t\t<\/a>\n\t\t\t\t\t\t\t\t\t\t\t\t\t\t<\/li>\n\t\t\t\t\t\t\t\t\t\t\t\t\t<\/ul>\n\t<h4>franc\u00eas<\/h4>\n<h5>FR<\/h5>\n\t<ul data-height=\"175\" data-width=\"175\" data-shape=\"circle\">\n\t\t\t\t\t\t\t\t\t\t<li>\n\t\t\t\t\t\t\t\t\t\t\t\t\t\t<a target=\"\"  href=\"https:\/\/family.fit\/pt\/translations\/french\/\">\n\t\t\t\t\t\t\t\t\t\t\t<img decoding=\"async\" src=\"https:\/\/family.fit\/wp-content\/uploads\/2020\/04\/france-300x300.png\" alt=\"\"\/>\t\t\t\t\n\t\t\t\t\t\t\t\t\t\t\t\t\t\t\t\t\t\t\t<h3>franc\u00eas<\/h3>\n\t\t\t\t\t\t\t\t\t\t\t<p>FR<\/p>\n\t\t\t\t\t\t\t\t\t\t\t\t\t\t<\/a>\n\t\t\t\t\t\t\t\t\t\t\t\t\t\t<\/li>\n\t\t\t\t\t\t\t\t\t\t\t\t\t<\/ul>\n\t<h4>Fula<\/h4>\n<h5>FF<\/h5>\n\t<ul data-height=\"175\" data-width=\"175\" data-shape=\"circle\">\n\t\t\t\t\t\t\t\t\t\t<li>\n\t\t\t\t\t\t\t\t\t\t\t\t\t\t<a target=\"\"  href=\"https:\/\/family.fit\/pt\/translations\/fula\/\">\n\t\t\t\t\t\t\t\t\t\t\t<img decoding=\"async\" src=\"https:\/\/family.fit\/wp-content\/uploads\/2020\/07\/fula.png\" alt=\"\"\/>\t\t\t\t\n\t\t\t\t\t\t\t\t\t\t\t\t\t\t\t\t\t\t\t<h3>Fula<\/h3>\n\t\t\t\t\t\t\t\t\t\t\t<p>FF<\/p>\n\t\t\t\t\t\t\t\t\t\t\t\t\t\t<\/a>\n\t\t\t\t\t\t\t\t\t\t\t\t\t\t<\/li>\n\t\t\t\t\t\t\t\t\t\t\t\t\t<\/ul>\n\t<h4>alem\u00e3o<\/h4>\n<h5>DE<\/h5>\n\t<ul data-height=\"175\" data-width=\"175\" data-shape=\"circle\">\n\t\t\t\t\t\t\t\t\t\t<li>\n\t\t\t\t\t\t\t\t\t\t\t\t\t\t<a target=\"\"  href=\"https:\/\/family.fit\/pt\/translations\/german\/\">\n\t\t\t\t\t\t\t\t\t\t\t<img decoding=\"async\" src=\"https:\/\/family.fit\/wp-content\/uploads\/2020\/04\/germany-300x300.png\" alt=\"\"\/>\t\t\t\t\n\t\t\t\t\t\t\t\t\t\t\t\t\t\t\t\t\t\t\t<h3>alem\u00e3o<\/h3>\n\t\t\t\t\t\t\t\t\t\t\t<p>DE<\/p>\n\t\t\t\t\t\t\t\t\t\t\t\t\t\t<\/a>\n\t\t\t\t\t\t\t\t\t\t\t\t\t\t<\/li>\n\t\t\t\t\t\t\t\t\t\t\t\t\t<\/ul>\n\t<h4>hindi<\/h4>\n<h5>OI<\/h5>\n\t<ul data-height=\"175\" data-width=\"175\" data-shape=\"circle\">\n\t\t\t\t\t\t\t\t\t\t<li>\n\t\t\t\t\t\t\t\t\t\t\t\t\t\t<a target=\"\"  href=\"https:\/\/family.fit\/pt\/translations\/hindi\/\">\n\t\t\t\t\t\t\t\t\t\t\t<img decoding=\"async\" src=\"https:\/\/family.fit\/wp-content\/uploads\/2020\/04\/india-300x300.png\" alt=\"\"\/>\t\t\t\t\n\t\t\t\t\t\t\t\t\t\t\t\t\t\t\t\t\t\t\t<h3>hindi<\/h3>\n\t\t\t\t\t\t\t\t\t\t\t<p>OI<\/p>\n\t\t\t\t\t\t\t\t\t\t\t\t\t\t<\/a>\n\t\t\t\t\t\t\t\t\t\t\t\t\t\t<\/li>\n\t\t\t\t\t\t\t\t\t\t\t\t\t<\/ul>\n\t<h4>italiano<\/h4>\n<h5>ISTO<\/h5>\n\t<ul data-height=\"175\" data-width=\"175\" data-shape=\"circle\">\n\t\t\t\t\t\t\t\t\t\t<li>\n\t\t\t\t\t\t\t\t\t\t\t\t\t\t<a target=\"\"  href=\"https:\/\/family.fit\/pt\/translations\/italian\/\">\n\t\t\t\t\t\t\t\t\t\t\t<img decoding=\"async\" src=\"https:\/\/family.fit\/wp-content\/uploads\/2020\/04\/italy-300x300.png\" alt=\"\"\/>\t\t\t\t\n\t\t\t\t\t\t\t\t\t\t\t\t\t\t\t\t\t\t\t<h3>italiano<\/h3>\n\t\t\t\t\t\t\t\t\t\t\t<p>ISTO<\/p>\n\t\t\t\t\t\t\t\t\t\t\t\t\t\t<\/a>\n\t\t\t\t\t\t\t\t\t\t\t\t\t\t<\/li>\n\t\t\t\t\t\t\t\t\t\t\t\t\t<\/ul>\n\t<h4>japon\u00eas<\/h4>\n<h5>JA<\/h5>\n\t<ul data-height=\"175\" data-width=\"175\" data-shape=\"circle\">\n\t\t\t\t\t\t\t\t\t\t<li>\n\t\t\t\t\t\t\t\t\t\t\t\t\t\t<a target=\"\"  href=\"https:\/\/family.fit\/pt\/translations\/japanese\/\">\n\t\t\t\t\t\t\t\t\t\t\t<img decoding=\"async\" src=\"https:\/\/family.fit\/wp-content\/uploads\/2020\/05\/japan.png\" alt=\"\"\/>\t\t\t\t\n\t\t\t\t\t\t\t\t\t\t\t\t\t\t\t\t\t\t\t<h3>japon\u00eas<\/h3>\n\t\t\t\t\t\t\t\t\t\t\t<p>JA<\/p>\n\t\t\t\t\t\t\t\t\t\t\t\t\t\t<\/a>\n\t\t\t\t\t\t\t\t\t\t\t\t\t\t<\/li>\n\t\t\t\t\t\t\t\t\t\t\t\t\t<\/ul>\n\t<h4>Canarim<\/h4>\n<h5>KN<\/h5>\n\t<ul data-height=\"175\" data-width=\"175\" data-shape=\"circle\">\n\t\t\t\t\t\t\t\t\t\t<li>\n\t\t\t\t\t\t\t\t\t\t\t\t\t\t<a target=\"\"  href=\"https:\/\/family.fit\/pt\/translations\/kannada\/\">\n\t\t\t\t\t\t\t\t\t\t\t<img decoding=\"async\" src=\"https:\/\/family.fit\/wp-content\/uploads\/2020\/04\/india-300x300.png\" alt=\"\"\/>\t\t\t\t\n\t\t\t\t\t\t\t\t\t\t\t\t\t\t\t\t\t\t\t<h3>Canarim<\/h3>\n\t\t\t\t\t\t\t\t\t\t\t<p>KN<\/p>\n\t\t\t\t\t\t\t\t\t\t\t\t\t\t<\/a>\n\t\t\t\t\t\t\t\t\t\t\t\t\t\t<\/li>\n\t\t\t\t\t\t\t\t\t\t\t\t\t<\/ul>\n\t<h4>Malaiala<\/h4>\n<h5>ML<\/h5>\n\t<ul data-height=\"175\" data-width=\"175\" data-shape=\"circle\">\n\t\t\t\t\t\t\t\t\t\t<li>\n\t\t\t\t\t\t\t\t\t\t\t\t\t\t<a target=\"\"  href=\"https:\/\/family.fit\/pt\/translations\/malayalam\/\">\n\t\t\t\t\t\t\t\t\t\t\t<img decoding=\"async\" src=\"https:\/\/family.fit\/wp-content\/uploads\/2020\/04\/india-300x300.png\" alt=\"\"\/>\t\t\t\t\n\t\t\t\t\t\t\t\t\t\t\t\t\t\t\t\t\t\t\t<h3>Malaiala<\/h3>\n\t\t\t\t\t\t\t\t\t\t\t<p>ML<\/p>\n\t\t\t\t\t\t\t\t\t\t\t\t\t\t<\/a>\n\t\t\t\t\t\t\t\t\t\t\t\t\t\t<\/li>\n\t\t\t\t\t\t\t\t\t\t\t\t\t<\/ul>\n\t<h4>Marati<\/h4>\n<h5>SR<\/h5>\n\t<ul data-height=\"175\" data-width=\"175\" data-shape=\"circle\">\n\t\t\t\t\t\t\t\t\t\t<li>\n\t\t\t\t\t\t\t\t\t\t\t\t\t\t<a target=\"\"  href=\"https:\/\/family.fit\/pt\/translations\/marathi\/\">\n\t\t\t\t\t\t\t\t\t\t\t<img decoding=\"async\" src=\"https:\/\/family.fit\/wp-content\/uploads\/2020\/04\/india-300x300.png\" alt=\"\"\/>\t\t\t\t\n\t\t\t\t\t\t\t\t\t\t\t\t\t\t\t\t\t\t\t<h3>Marati<\/h3>\n\t\t\t\t\t\t\t\t\t\t\t<p>SR<\/p>\n\t\t\t\t\t\t\t\t\t\t\t\t\t\t<\/a>\n\t\t\t\t\t\t\t\t\t\t\t\t\t\t<\/li>\n\t\t\t\t\t\t\t\t\t\t\t\t\t<\/ul>\n\t<h4>Oriya<\/h4>\n<h5>OU<\/h5>\n\t<ul data-height=\"175\" data-width=\"175\" data-shape=\"circle\">\n\t\t\t\t\t\t\t\t\t\t<li>\n\t\t\t\t\t\t\t\t\t\t\t\t\t\t<a target=\"\"  href=\"https:\/\/family.fit\/pt\/translations\/oriya\/\">\n\t\t\t\t\t\t\t\t\t\t\t<img decoding=\"async\" src=\"https:\/\/family.fit\/wp-content\/uploads\/2020\/04\/india-300x300.png\" alt=\"\"\/>\t\t\t\t\n\t\t\t\t\t\t\t\t\t\t\t\t\t\t\t\t\t\t\t<h3>Oriya<\/h3>\n\t\t\t\t\t\t\t\t\t\t\t<p>OU<\/p>\n\t\t\t\t\t\t\t\t\t\t\t\t\t\t<\/a>\n\t\t\t\t\t\t\t\t\t\t\t\t\t\t<\/li>\n\t\t\t\t\t\t\t\t\t\t\t\t\t<\/ul>\n\t<h4>Portugu\u00eas (brasileiro)<\/h4>\n<h5>PT-BR<\/h5>\n\t<ul data-height=\"175\" data-width=\"175\" data-shape=\"circle\">\n\t\t\t\t\t\t\t\t\t\t<li>\n\t\t\t\t\t\t\t\t\t\t\t\t\t\t<a target=\"\"  href=\"https:\/\/family.fit\/pt\/translations\/portuguese-brazilian\/\">\n\t\t\t\t\t\t\t\t\t\t\t<img decoding=\"async\" src=\"https:\/\/family.fit\/wp-content\/uploads\/2020\/04\/brazil-300x300.png\" alt=\"\"\/>\t\t\t\t\n\t\t\t\t\t\t\t\t\t\t\t\t\t\t\t\t\t\t\t<h4>Portugues (brasil)<\/h4>\n\t\t\t\t\t\t\t\t\t\t\t<p>PT-BR<\/p>\n\t\t\t\t\t\t\t\t\t\t\t\t\t\t<\/a>\n\t\t\t\t\t\t\t\t\t\t\t\t\t\t<\/li>\n\t\t\t\t\t\t\t\t\t\t\t\t\t<\/ul>\n\t<h4>Portugues (portugal)<\/h4>\n<h5>PT-PT<\/h5>\n\t<ul data-height=\"175\" data-width=\"175\" data-shape=\"circle\">\n\t\t\t\t\t\t\t\t\t\t<li>\n\t\t\t\t\t\t\t\t\t\t\t\t\t\t<a target=\"\"  href=\"https:\/\/family.fit\/pt\/translations\/portuguese-portugal\/\">\n\t\t\t\t\t\t\t\t\t\t\t<img decoding=\"async\" src=\"https:\/\/family.fit\/wp-content\/uploads\/2020\/04\/portugal.png\" alt=\"\"\/>\t\t\t\t\n\t\t\t\t\t\t\t\t\t\t\t\t\t\t\t\t\t\t\t<h3>Portugues (portugal)<\/h3>\n\t\t\t\t\t\t\t\t\t\t\t<p>PT-PT<\/p>\n\t\t\t\t\t\t\t\t\t\t\t\t\t\t<\/a>\n\t\t\t\t\t\t\t\t\t\t\t\t\t\t<\/li>\n\t\t\t\t\t\t\t\t\t\t\t\t\t<\/ul>\n\t<h4>russo<\/h4>\n<h5>RU<\/h5>\n\t<ul data-height=\"175\" data-width=\"175\" data-shape=\"circle\">\n\t\t\t\t\t\t\t\t\t\t<li>\n\t\t\t\t\t\t\t\t\t\t\t\t\t\t<a target=\"\"  href=\"https:\/\/family.fit\/pt\/translations\/russian\/\">\n\t\t\t\t\t\t\t\t\t\t\t<img decoding=\"async\" src=\"https:\/\/family.fit\/wp-content\/uploads\/2020\/05\/russia.png\" alt=\"\"\/>\t\t\t\t\n\t\t\t\t\t\t\t\t\t\t\t\t\t\t\t\t\t\t\t<h3>russo<\/h3>\n\t\t\t\t\t\t\t\t\t\t\t<p>RU<\/p>\n\t\t\t\t\t\t\t\t\t\t\t\t\t\t<\/a>\n\t\t\t\t\t\t\t\t\t\t\t\t\t\t<\/li>\n\t\t\t\t\t\t\t\t\t\t\t\t\t<\/ul>\n\t<h4>s\u00e9rvio<\/h4>\n<h5>SR<\/h5>\n\t<ul data-height=\"175\" data-width=\"175\" data-shape=\"circle\">\n\t\t\t\t\t\t\t\t\t\t<li>\n\t\t\t\t\t\t\t\t\t\t\t\t\t\t<a target=\"\"  href=\"https:\/\/family.fit\/pt\/translations\/serbian\/\">\n\t\t\t\t\t\t\t\t\t\t\t<img decoding=\"async\" src=\"https:\/\/family.fit\/wp-content\/uploads\/2020\/05\/serbia.png\" alt=\"\"\/>\t\t\t\t\n\t\t\t\t\t\t\t\t\t\t\t\t\t\t\t\t\t\t\t<h3>s\u00e9rvio<\/h3>\n\t\t\t\t\t\t\t\t\t\t\t<p>SR<\/p>\n\t\t\t\t\t\t\t\t\t\t\t\t\t\t<\/a>\n\t\t\t\t\t\t\t\t\t\t\t\t\t\t<\/li>\n\t\t\t\t\t\t\t\t\t\t\t\t\t<\/ul>\n\t<h4>espanhol<\/h4>\n<h5>ES<\/h5>\n\t<ul data-height=\"175\" data-width=\"175\" data-shape=\"circle\">\n\t\t\t\t\t\t\t\t\t\t<li>\n\t\t\t\t\t\t\t\t\t\t\t\t\t\t<a target=\"\"  href=\"https:\/\/family.fit\/pt\/translations\/spanish\/\">\n\t\t\t\t\t\t\t\t\t\t\t<img decoding=\"async\" src=\"https:\/\/family.fit\/wp-content\/uploads\/2020\/04\/spain-300x300.png\" alt=\"\"\/>\t\t\t\t\n\t\t\t\t\t\t\t\t\t\t\t\t\t\t\t\t\t\t\t<h3>espanhol<\/h3>\n\t\t\t\t\t\t\t\t\t\t\t<p>ES<\/p>\n\t\t\t\t\t\t\t\t\t\t\t\t\t\t<\/a>\n\t\t\t\t\t\t\t\t\t\t\t\t\t\t<\/li>\n\t\t\t\t\t\t\t\t\t\t\t\t\t<\/ul>\n\t<h4>sueco<\/h4>\n<h5>SV<\/h5>\n\t<ul data-height=\"175\" data-width=\"175\" data-shape=\"circle\">\n\t\t\t\t\t\t\t\t\t\t<li>\n\t\t\t\t\t\t\t\t\t\t\t\t\t\t<a target=\"\"  href=\"https:\/\/family.fit\/pt\/translations\/swedish\/\">\n\t\t\t\t\t\t\t\t\t\t\t<img decoding=\"async\" src=\"https:\/\/family.fit\/wp-content\/uploads\/2020\/04\/sweden.png\" alt=\"\"\/>\t\t\t\t\n\t\t\t\t\t\t\t\t\t\t\t\t\t\t\t\t\t\t\t<h3>sueco<\/h3>\n\t\t\t\t\t\t\t\t\t\t\t<p>SV<\/p>\n\t\t\t\t\t\t\t\t\t\t\t\t\t\t<\/a>\n\t\t\t\t\t\t\t\t\t\t\t\t\t\t<\/li>\n\t\t\t\t\t\t\t\t\t\t\t\t\t<\/ul>\n\t<h4>Tagalog \/ Filipino<\/h4>\n<h5>TL<\/h5>\n\t<ul data-height=\"175\" data-width=\"175\" data-shape=\"circle\">\n\t\t\t\t\t\t\t\t\t\t<li>\n\t\t\t\t\t\t\t\t\t\t\t\t\t\t<a target=\"\"  href=\"https:\/\/family.fit\/pt\/translations\/tagalog\/\">\n\t\t\t\t\t\t\t\t\t\t\t<img decoding=\"async\" src=\"https:\/\/family.fit\/wp-content\/uploads\/2020\/04\/philippines-300x300.png\" alt=\"\"\/>\t\t\t\t\n\t\t\t\t\t\t\t\t\t\t\t\t\t\t\t\t\t\t\t<h3>Tagalo<\/h3>\n\t\t\t\t\t\t\t\t\t\t\t<p>TL<\/p>\n\t\t\t\t\t\t\t\t\t\t\t\t\t\t<\/a>\n\t\t\t\t\t\t\t\t\t\t\t\t\t\t<\/li>\n\t\t\t\t\t\t\t\t\t\t\t\t\t<\/ul>\n\t<h4>t\u00e2mil<\/h4>\n<h5>TA<\/h5>\n\t<ul data-height=\"175\" data-width=\"175\" data-shape=\"circle\">\n\t\t\t\t\t\t\t\t\t\t<li>\n\t\t\t\t\t\t\t\t\t\t\t\t\t\t<a target=\"\"  href=\"https:\/\/family.fit\/pt\/translations\/tamil\/\">\n\t\t\t\t\t\t\t\t\t\t\t<img decoding=\"async\" src=\"https:\/\/family.fit\/wp-content\/uploads\/2020\/04\/india-300x300.png\" alt=\"\"\/>\t\t\t\t\n\t\t\t\t\t\t\t\t\t\t\t\t\t\t\t\t\t\t\t<h3>t\u00e2mil<\/h3>\n\t\t\t\t\t\t\t\t\t\t\t<p>TA<\/p>\n\t\t\t\t\t\t\t\t\t\t\t\t\t\t<\/a>\n\t\t\t\t\t\t\t\t\t\t\t\t\t\t<\/li>\n\t\t\t\t\t\t\t\t\t\t\t\t\t<\/ul>\n\t<h4>Telugu<\/h4>\n<h5>TE<\/h5>\n\t<ul data-height=\"175\" data-width=\"175\" data-shape=\"circle\">\n\t\t\t\t\t\t\t\t\t\t<li>\n\t\t\t\t\t\t\t\t\t\t\t\t\t\t<a target=\"\"  href=\"https:\/\/family.fit\/pt\/translations\/telugu\/\">\n\t\t\t\t\t\t\t\t\t\t\t<img decoding=\"async\" src=\"https:\/\/family.fit\/wp-content\/uploads\/2020\/04\/india-300x300.png\" alt=\"\"\/>\t\t\t\t\n\t\t\t\t\t\t\t\t\t\t\t\t\t\t\t\t\t\t\t<h3>Telugu<\/h3>\n\t\t\t\t\t\t\t\t\t\t\t<p>TE<\/p>\n\t\t\t\t\t\t\t\t\t\t\t\t\t\t<\/a>\n\t\t\t\t\t\t\t\t\t\t\t\t\t\t<\/li>\n\t\t\t\t\t\t\t\t\t\t\t\t\t<\/ul>\n\t<h4>ucraniano<\/h4>\n<h5>Reino Unido<\/h5>\n\t<ul data-height=\"175\" data-width=\"175\" data-shape=\"circle\">\n\t\t\t\t\t\t\t\t\t\t<li>\n\t\t\t\t\t\t\t\t\t\t\t\t\t\t<a target=\"\"  href=\"https:\/\/family.fit\/pt\/translations\/ukrainian\/\">\n\t\t\t\t\t\t\t\t\t\t\t<img decoding=\"async\" src=\"https:\/\/family.fit\/wp-content\/uploads\/2022\/03\/ukraine-150x150.png\" alt=\"\"\/>\t\t\t\t\n\t\t\t\t\t\t\t\t\t\t\t\t\t\t\t\t\t\t\t<h3>ucraniano<\/h3>\n\t\t\t\t\t\t\t\t\t\t\t<p>Reino Unido<\/p>\n\t\t\t\t\t\t\t\t\t\t\t\t\t\t<\/a>\n\t\t\t\t\t\t\t\t\t\t\t\t\t\t<\/li>\n\t\t\t\t\t\t\t\t\t\t\t\t\t<\/ul>\n\t<h4>urdu<\/h4>\n<h5>UR<\/h5>\n\t<ul data-height=\"175\" data-width=\"175\" data-shape=\"circle\">\n\t\t\t\t\t\t\t\t\t\t<li>\n\t\t\t\t\t\t\t\t\t\t\t\t\t\t<a target=\"\"  href=\"https:\/\/family.fit\/pt\/translations\/urdu\/\">\n\t\t\t\t\t\t\t\t\t\t\t<img decoding=\"async\" src=\"https:\/\/family.fit\/wp-content\/uploads\/2020\/04\/pakistan-300x300.png\" alt=\"\"\/>\t\t\t\t\n\t\t\t\t\t\t\t\t\t\t\t\t\t\t\t\t\t\t\t<h3>urdu<\/h3>\n\t\t\t\t\t\t\t\t\t\t\t<p>UR<\/p>\n\t\t\t\t\t\t\t\t\t\t\t\t\t\t<\/a>\n\t\t\t\t\t\t\t\t\t\t\t\t\t\t<\/li>\n\t\t\t\t\t\t\t\t\t\t\t\t\t<\/ul>","protected":false},"excerpt":{"rendered":"<p>Clique em qualquer uma das bandeiras abaixo para acessar as tradu\u00e7\u00f5es (formato PDF) das semanas dispon\u00edveis. Afric\u00e2ner AF Afric\u00e2ner AF Alban\u00eas SQ Alban\u00eas SQ \u00c1rabe AR \u00c1rabe AR Chin\u00eas Simplificado ZH Chin\u00eas Simplificado ZH Franc\u00eas FR Franc\u00eas FR Fula FF Fula FF Alem\u00e3o DE Alem\u00e3o DE Hindi HI Hindi HI Italiano IT Italiano IT Japon\u00eas JA\u2026<\/p>","protected":false},"author":1,"featured_media":0,"parent":0,"menu_order":0,"comment_status":"closed","ping_status":"closed","template":"","meta":{"_acf_changed":false,"_seopress_robots_primary_cat":"","_seopress_titles_title":"","_seopress_titles_desc":"","_seopress_robots_index":"","footnotes":""},"ff_language":[],"class_list":["post-473","page","type-page","status-publish","hentry"],"acf":[],"_links":{"self":[{"href":"https:\/\/family.fit\/pt\/wp-json\/wp\/v2\/pages\/473","targetHints":{"allow":["GET"]}}],"collection":[{"href":"https:\/\/family.fit\/pt\/wp-json\/wp\/v2\/pages"}],"about":[{"href":"https:\/\/family.fit\/pt\/wp-json\/wp\/v2\/types\/page"}],"author":[{"embeddable":true,"href":"https:\/\/family.fit\/pt\/wp-json\/wp\/v2\/users\/1"}],"replies":[{"embeddable":true,"href":"https:\/\/family.fit\/pt\/wp-json\/wp\/v2\/comments?post=473"}],"version-history":[{"count":4,"href":"https:\/\/family.fit\/pt\/wp-json\/wp\/v2\/pages\/473\/revisions"}],"predecessor-version":[{"id":8482,"href":"https:\/\/family.fit\/pt\/wp-json\/wp\/v2\/pages\/473\/revisions\/8482"}],"wp:attachment":[{"href":"https:\/\/family.fit\/pt\/wp-json\/wp\/v2\/media?parent=473"}],"wp:term":[{"taxonomy":"ff_language","embeddable":true,"href":"https:\/\/family.fit\/pt\/wp-json\/wp\/v2\/ff_language?post=473"}],"curies":[{"name":"wp","href":"https:\/\/api.w.org\/{rel}","templated":true}]}}