{"id":8001,"date":"2021-08-23T13:34:03","date_gmt":"2021-08-23T13:34:03","guid":{"rendered":"https:\/\/family.fit\/?page_id=8001"},"modified":"2021-08-23T13:43:49","modified_gmt":"2021-08-23T13:43:49","slug":"13-celebration","status":"publish","type":"page","link":"https:\/\/family.fit\/pt\/seasons\/the-ultimate-race\/13-celebration\/","title":{"rendered":"13: Celebra\u00e7\u00e3o"},"content":{"rendered":"\n<h2>\n\t\tThe Ultimate Race\n\t<\/h2>\n<h1>\n\t\tCelebration\n\t<\/h1>\n\t\t\t\tClick here for PDF downloads of this session in all languages\n\t\t\t\t<table id=\"dlp_16e898f580d1a6f4_1\" class=\"posts-data-table\" width=\"100%\" data-config=\"{&quot;pageLength&quot;:25,&quot;pagingType&quot;:&quot;numbers&quot;,&quot;serverSide&quot;:false,&quot;autoWidth&quot;:true,&quot;clickFilter&quot;:&quot;&quot;,&quot;stickyHeader&quot;:false,&quot;scrollOffset&quot;:15,&quot;resetButton&quot;:false,&quot;numOrder&quot;:false,&quot;lengthMenu&quot;:[[10,25,50,100,-1],[10,25,50,100,&quot;All&quot;]],&quot;columnDefs&quot;:[{&quot;className&quot;:&quot;col-session_title&quot;,&quot;targets&quot;:0,&quot;type&quot;:&quot;html&quot;},{&quot;className&quot;:&quot;col-format&quot;,&quot;targets&quot;:1,&quot;type&quot;:&quot;html&quot;},{&quot;className&quot;:&quot;col-language&quot;,&quot;targets&quot;:2,&quot;type&quot;:&quot;html&quot;},{&quot;className&quot;:&quot;col-link&quot;,&quot;targets&quot;:3,&quot;type&quot;:&quot;html&quot;}],&quot;responsive&quot;:{&quot;details&quot;:{&quot;display&quot;:&quot;child_row&quot;}},&quot;language&quot;:{&quot;info&quot;:&quot;_TOTAL_ documents&quot;,&quot;infoEmpty&quot;:&quot;0 documents&quot;,&quot;emptyTable&quot;:&quot;No matching documents.&quot;,&quot;zeroRecords&quot;:&quot;No matching documents.&quot;,&quot;totalsSingle&quot;:&quot;document&quot;,&quot;totalsPlural&quot;:&quot;documents&quot;},&quot;dom&quot;:&quot;&lt;\\&quot;posts-table-wrapper bb-theme\\&quot;&lt;\\&quot;posts-table-above posts-table-controls\\&quot;f&gt;t&lt;\\&quot;posts-table-below posts-table-controls\\&quot;lip&gt;&gt;&quot;,&quot;multiDownloadButton&quot;:false,&quot;multiDownloadPosition&quot;:&quot;above&quot;,&quot;multiDownloadText&quot;:&quot;Download Selected Documents&quot;}\" data-filters=\"false\" data-order=\"[]\"><thead><tr><th class=\"all\" data-name=\"cf_session_title\" data-orderable=\"true\" data-searchable=\"true\" data-priority=\"1\">Session Title<\/th><th data-name=\"cf_format\" data-orderable=\"true\" data-searchable=\"true\" data-priority=\"4\">Format<\/th><th data-name=\"cf_language\" data-orderable=\"true\" data-searchable=\"true\" data-priority=\"3\">Language<\/th><th data-name=\"link\" data-orderable=\"false\" data-searchable=\"false\" data-priority=\"2\">Link<\/th><\/tr><\/thead><tbody><tr id=\"post-row-8171\" class=\"post-row post-type-dlp_document dlp_document-8171 publish\"><td><p>Celebration Week End of Season<\/p>\n<\/td><td>FULL<\/td><td>Afrikaans (Afrikaans)<\/td><td><div class=\"dlp-table-document-link-wrap\"><a href=\"https:\/\/family.fit\/wp-content\/uploads\/2021\/09\/S5W13af.pdf\" class=\"dlp-download-link dlp-download-button document-library-pro-button button btn\" data-download-id=\"8171\" >Download<\/a><\/div><\/td><\/tr><tr id=\"post-row-8173\" class=\"post-row post-type-dlp_document dlp_document-8173 publish\"><td><p>Celebration Week End of Season<\/p>\n<\/td><td>FULL<\/td><td>Deutsch (German)<\/td><td><div class=\"dlp-table-document-link-wrap\"><a href=\"https:\/\/family.fit\/wp-content\/uploads\/2021\/09\/S5W13de-DE.pdf\" class=\"dlp-download-link dlp-download-button document-library-pro-button button btn\" data-download-id=\"8173\" >Download<\/a><\/div><\/td><\/tr><tr id=\"post-row-8081\" class=\"post-row post-type-dlp_document dlp_document-8081 publish\"><td><p><a href=\"https:\/\/family.fit\/en\/seasons\/the-ultimate-race\/13-celebration\/\">Celebration Week End of Season<\/a><\/p>\n<\/td><td>FULL<\/td><td>English (English)<\/td><td><div class=\"dlp-table-document-link-wrap\"><a href=\"https:\/\/family.fit\/wp-content\/uploads\/2021\/08\/S5W13.pdf\" class=\"dlp-download-link dlp-download-button document-library-pro-button button btn\" data-download-id=\"8081\" >Download<\/a><\/div><\/td><\/tr><tr id=\"post-row-8175\" class=\"post-row post-type-dlp_document dlp_document-8175 publish\"><td><p>Celebration Week End of Season<\/p>\n<\/td><td>FULL<\/td><td>Espa\u00f1ol (Spanish)<\/td><td><div class=\"dlp-table-document-link-wrap\"><a href=\"https:\/\/family.fit\/wp-content\/uploads\/2021\/09\/S5W13es-ES.pdf\" class=\"dlp-download-link dlp-download-button document-library-pro-button button btn\" data-download-id=\"8175\" >Download<\/a><\/div><\/td><\/tr><tr id=\"post-row-8177\" class=\"post-row post-type-dlp_document dlp_document-8177 publish\"><td><p>Celebration Week End of Season<\/p>\n<\/td><td>FULL<\/td><td>Fran\u00e7ais (French)<\/td><td><div class=\"dlp-table-document-link-wrap\"><a href=\"https:\/\/family.fit\/wp-content\/uploads\/2021\/09\/S5W13fr-FR.pdf\" class=\"dlp-download-link dlp-download-button document-library-pro-button button btn\" data-download-id=\"8177\" >Download<\/a><\/div><\/td><\/tr><tr id=\"post-row-8179\" class=\"post-row post-type-dlp_document dlp_document-8179 publish\"><td><p>Celebration Week End of Season<\/p>\n<\/td><td>FULL<\/td><td>\u0c24\u0c46\u0c32\u0c41\u0c17\u0c41 (Telugu)<\/td><td><div class=\"dlp-table-document-link-wrap\"><a href=\"https:\/\/family.fit\/wp-content\/uploads\/2021\/09\/S5W13te.pdf\" class=\"dlp-download-link dlp-download-button document-library-pro-button button btn\" data-download-id=\"8179\" >Download<\/a><\/div><\/td><\/tr><tr id=\"post-row-8181\" class=\"post-row post-type-dlp_document dlp_document-8181 publish\"><td><p>Celebration Week End of Season<\/p>\n<\/td><td>FULL<\/td><td>\u0627\u0631\u062f\u0648 (Urdu)<\/td><td><div class=\"dlp-table-document-link-wrap\"><a href=\"https:\/\/family.fit\/wp-content\/uploads\/2021\/09\/S5W13ur.pdf\" class=\"dlp-download-link dlp-download-button document-library-pro-button button btn\" data-download-id=\"8181\" >Download<\/a><\/div><\/td><\/tr><tr id=\"post-row-8183\" class=\"post-row post-type-dlp_document dlp_document-8183 publish\"><td><p>Celebration Week End of Season<\/p>\n<\/td><td>FULL<\/td><td>\u4e2d\u6587 (\u4e2d\u56fd) (Chinese - Simplified)<\/td><td><div class=\"dlp-table-document-link-wrap\"><a href=\"https:\/\/family.fit\/wp-content\/uploads\/2021\/09\/S5W13zh-Hans.pdf\" class=\"dlp-download-link dlp-download-button document-library-pro-button button btn\" data-download-id=\"8183\" >Download<\/a><\/div><\/td><\/tr><\/tbody><\/table>\n<h2>\n\t\tThis week: Celebration\n\t<\/h2>\n<h3>\n\t\tCongratulations!\n\t<\/h3>\n\t<p>You have finished a season of family.fit!<\/p>\n<p>We hope you can see changes in your family. Perhaps you are healthier and fitter. Maybe you are more positive and more connected. Perhaps you have had a breakthrough as a family in forgiveness or communication, kindness or courage.<\/p>\n<p>Let&#8217;s celebrate what God is doing!<\/p>\n<p>If you can, get together with other families. Let&#8217;s combine fitness, faith, fun and food, and celebrate before we start the next season of family.fit<\/p>\n<h3>\n\t\tCelebration ideas\n\t<\/h3>\n\t<p>Meet together as a family. Look at these ideas and come up with a plan to celebrate finishing a season of family.fit.<\/p>\n<p>Design the event to suit your current situation. If you&#8217;re in COVID lockdown, try and connect in creative ways.<\/p>\n<p>Include these elements:<\/p>\n<ol>\n<li>Families in your neighborhood<\/li>\n<li>Fitness<\/li>\n<li>Fun<\/li>\n<li>Faith<\/li>\n<li>Food<\/li>\n<\/ol>\n<p>Choose ideas from below to get started.<\/p>\n<h2>\n\t\t1. Other Families\n\t<\/h2>\n<h3>\n\t\tInvite other families\n\t<\/h3>\n\t<p>Think of some other families you can get together with to celebrate. They could be people who have done family.fit or people who could start next season.<\/p>\n<p>If you cannot come together face to face, then connect over Zoom\u00ae or Skype\u00ae or out your window.<\/p>\n<h3>\n\t\tPray for them\n\t<\/h3>\n\t<p>Pray for the other families you invite. Invite someone isolated or elderly. They would love to be part of your family for the celebration.<\/p>\n<h3>\n\t\tMake invitations\n\t<\/h3>\n\t<p>Make the invitations fun. You could make a fun video message. You could draw and write an invitation card. You could set a challenge to the other family.<\/p>\n<h2>\n\t\t2. Fitness\n\t<\/h2>\n<h3>\n\t\tChoose some fitness elements\n\t<\/h3>\n\t<p>Look over the <a href=\"https:\/\/family.fit\/en\/seasons\/the-ultimate-race\/\">past 12 weeks<\/a> of fitness and pick three different challenges you can do with other families.<\/p>\n<p>Here are some ideas to get you started.<\/p>\n<p>Watch this video.<\/p>\n\t<iframe allowfullscreen allow=\"autoplay\" src=\"https:\/\/www.youtube.com\/embed\/dCWo_H0vpGg?feature=oembed&amp;start&amp;end&amp;wmode=opaque&amp;loop=0&amp;controls=1&amp;mute=0&amp;rel=0&amp;modestbranding=1\"><\/iframe>\t\n\t<p>Watch this video.<\/p>\n\t<iframe allowfullscreen allow=\"autoplay\" src=\"https:\/\/www.youtube.com\/embed\/63tV8cYbwAY?feature=oembed&amp;start&amp;end&amp;wmode=opaque&amp;loop=0&amp;controls=1&amp;mute=0&amp;rel=0&amp;modestbranding=1\"><\/iframe>\t\n\t<p>Watch this video.<\/p>\n\t<iframe allowfullscreen allow=\"autoplay\" src=\"https:\/\/www.youtube.com\/embed\/0wf6zfkzmCQ?feature=oembed&amp;start&amp;end&amp;wmode=opaque&amp;loop=0&amp;controls=1&amp;mute=0&amp;rel=0&amp;modestbranding=1\"><\/iframe>\t\n<h3>\n\t\tMake up a challenge\n\t<\/h3>\n\t<p>Each family who has done family.fit could make up a challenge to show the other families. Use at least two movements in the challenge.<\/p>\n<h3>\n\t\tDesign a competition\n\t<\/h3>\n\t<p>Take one of the challenges and make it competitive. It could be children versus parents or male versus female. It could be family versus family. Think what would work best and be fun.<\/p>\n<h2>\n\t\t3. Fun\n\t<\/h2>\n<h3>\n\t\tDecorations\n\t<\/h3>\n\t<p>Choose a venue for your celebration. It might be a park, your home or a hall. Now make it look fun and special. Be creative!<\/p>\n<h3>\n\t\tFun games and sports\n\t<\/h3>\n\t<p>Plan for some fun games that everyone knows and loves. For example, frisbee, football, cricket or tag.<\/p>\n<h3>\n\t\tChoose a family.fit game\n\t<\/h3>\n\t<p>Think back over the last 12 weeks and choose some games to play that involve everyone. Here are some ideas to get you started:<\/p>\n<p>Watch this video.<\/p>\n\t<iframe allowfullscreen allow=\"autoplay\" src=\"https:\/\/www.youtube.com\/embed\/goixt6sB2Es?feature=oembed&amp;start&amp;end&amp;wmode=opaque&amp;loop=0&amp;controls=1&amp;mute=0&amp;rel=0&amp;modestbranding=1\"><\/iframe>\t\n\t<p>Watch this video.<\/p>\n\t<iframe allowfullscreen allow=\"autoplay\" src=\"https:\/\/www.youtube.com\/embed\/aitvZweGZUg?feature=oembed&amp;start&amp;end&amp;wmode=opaque&amp;loop=0&amp;controls=1&amp;mute=0&amp;rel=0&amp;modestbranding=1\"><\/iframe>\t\n\t<p>Watch this video.<\/p>\n\t<iframe allowfullscreen allow=\"autoplay\" src=\"https:\/\/www.youtube.com\/embed\/K1spCxyJoOY?feature=oembed&amp;start&amp;end&amp;wmode=opaque&amp;loop=0&amp;controls=1&amp;mute=0&amp;rel=0&amp;modestbranding=1\"><\/iframe>\t\n<h2>\n\t\t4. Faith\n\t<\/h2>\n<h3>\n\t\tShare how you have grown\n\t<\/h3>\n\t<p>Share with other families how your family has grown and changed in the last months. What positive things are happening? What have you learned?<\/p>\n<h3>\n\t\tOpen the Bible together\n\t<\/h3>\n\t<p>Choose a theme that really helped your family. Read this scripture again and complete some of the activities and questions with other families.<\/p>\n<h3>\n\t\tWatch a Max7 video together\n\t<\/h3>\n\t<p>Look at one of these videos and discuss the themes (see <a href=\"https:\/\/Max7.org\" target=\"_blank\" rel=\"noopener\">Max7.org<\/a>):<\/p>\n<p>Watch this video.<\/p>\n\t\t\t<video src=\"https:\/\/max7.blob.core.windows.net\/resourcefilefacsimiles\/88d21573-df25-4ee8-8e98-59679bcc7869\/89f143ea-0399-47b3-9ff1-570435738d08\/previewvideo\/preview.mp4\" controls=\"\" poster=\"\" preload=\"none\"><\/video>\n\t<p>Watch this video.<\/p>\n\t\t\t<video src=\"https:\/\/max7.blob.core.windows.net\/resourcefilefacsimiles\/05213ac7-ef86-45a4-92b1-7d78a0e520d8\/f5aec4cc-4f24-407e-87af-cb2338765b2c\/previewvideo\/preview.mp4\" controls=\"\" poster=\"\" preload=\"none\"><\/video>\n\t<p>Watch this video.<\/p>\n\t\t\t<video src=\"https:\/\/max7.blob.core.windows.net\/resourcefilefacsimiles\/8ac8e077-b534-4917-bece-10adf46f6b90\/619a135b-c13e-4211-9e9f-4ce1ce18192a\/previewvideo\/preview.mp4\" controls=\"\" poster=\"\" preload=\"none\"><\/video>\n<h2>\n\t\t5. Food\n\t<\/h2>\n<h3>\n\t\tEvery family bring a meal\n\t<\/h3>\n\t<p>Each family bring a favorite meal to share with other families. If you can&#8217;t meet together, share a favorite recipe with other families.<\/p>\n<h3>\n\t\tPrepare healthy food together\n\t<\/h3>\n\t<p>Find some simple recipes for some healthy foods and drinks to make together.<\/p>\n<p>For example:<\/p>\n<ul>\n<li>Make a drink using fresh fruit<\/li>\n<li>Make a healthy snack<\/li>\n<\/ul>\n<h3>\n\t\tCook a meal together\n\t<\/h3>\n\t<p>Have a barbecue, make a curry or other home cooked meal where families bring ingredients to cook together.<\/p>\n<h2>\n\t\tLook out for a New Season!\n\t<\/h2>\n\t<p>A new family.fit season is coming. Get ready for when the world unites in sport! It will help you to continue to grow your family, your fitness, your faith and your fun!<\/p>\n<h2>\n\t\tYou can share this page\n\t<\/h2>\n\t\t\t\t<a href=\"https:\/\/api.whatsapp.com\/send?text=https:\/\/family.fit\/en\/seasons\/the-ultimate-race\/13-celebration\/\">\n\t\t\t\t\t\t\t\t\t\t\t\tShare on WhatsApp\n\t\t\t\t\t\t\t\t\t\t\t\t\t\t\tWhatsApp\n\t\t\t\t\t\t\t\t\t<\/a>\n\t\t\t\t<a href=\"https:\/\/www.facebook.com\/sharer.php?u=https:\/\/family.fit\/en\/seasons\/the-ultimate-race\/13-celebration\/&#038;title=13%3A+Celebration\">\n\t\t\t\t\t\t\t\t\t\t\t\tShare on Facebook\n\t\t\t\t\t\t\t\t\t\t\t\t\t\t\tFacebook\n\t\t\t\t\t\t\t\t\t<\/a>\n\t\t\t\t<a href=\"https:\/\/twitter.com\/intent\/tweet?url=https:\/\/family.fit\/en\/seasons\/the-ultimate-race\/13-celebration\/&#038;text=13%3A+Celebration\">\n\t\t\t\t\t\t\t\t\t\t\t\tShare on Twitter\n\t\t\t\t\t\t\t\t\t\t\t\t\t\t\tTwitter\n\t\t\t\t\t\t\t\t\t<\/a>\n\t\t\t\t<a href=\"mailto:?body=https:\/\/family.fit\/en\/seasons\/the-ultimate-race\/13-celebration\/\">\n\t\t\t\t\t\t\t\t\t\t\t\tShare on Email\n\t\t\t\t\t\t\t\t\t\t\t\t\t\t\tEmail\n\t\t\t\t\t\t\t\t\t<\/a>\n<h2>\n\t\tSubscribe to receive sessions as emails\n\t<\/h2>\n<h3>\n\t\tWould you like to receive the sessions as weekly emails?\n\t<\/h3>\n\t<p>Subscribe using the form below. It&#8217;s safe, secure and we make the following promises:<\/p>\n<ul>\n<li>We will never spam you.<\/li>\n<li>We will keep your email address safe and never sell it to anyone.<\/li>\n<li>You can unsubscribe at any time.<\/li>\n<\/ul>\n\t<div class='fluentform ff-default fluentform_wrapper_1 ffs_modern_b_wrap'><form data-form_id=\"1\" id=\"fluentform_1\" class=\"frm-fluent-form fluent_form_1 ff-el-form-top ff_form_instance_1_1 ff-form-loading ffs_modern_b\" data-form_instance=\"ff_form_instance_1_1\" method=\"POST\" ><fieldset  style=\"border: none!important;margin: 0!important;padding: 0!important;background-color: transparent!important;box-shadow: none!important;outline: none!important; min-inline-size: 100%;\">\n                    <legend class=\"ff_screen_reader_title\" style=\"display: block; margin: 0!important;padding: 0!important;height: 0!important;text-indent: -999999px;width: 0!important;overflow:hidden;\">Newsletter Form (#1)<\/legend>        <div\n                style=\"display: none!important; position: absolute!important; transform: translateX(1000%)!important;\"\n                class=\"ff-el-group ff-hpsf-container\"\n        >\n            <div class=\"ff-el-input--label asterisk-right\">\n                <label for=\"ff_1_item_sf\" aria-label=\"Newsletter\">\n                    Newsletter                <\/label>\n            <\/div>\n            <div class=\"ff-el-input--content\">\n                <input type=\"text\"\n                       name=\"item_1__fluent_sf\"\n                       class=\"ff-el-form-control\"\n                       id=\"ff_1_item_sf\"\n                \/>\n            <\/div>\n        <\/div>\n        <input type='hidden' name='__fluent_form_embded_post_id' value='8001' \/><input type=\"hidden\" id=\"_fluentform_1_fluentformnonce\" name=\"_fluentform_1_fluentformnonce\" value=\"59c57dd486\" \/><input type=\"hidden\" name=\"_wp_http_referer\" value=\"\/pt\/wp-json\/wp\/v2\/pages\/8001\" \/><div data-type=\"name-element\" data-name=\"names\" class=\" ff-field_container ff-name-field-wrapper\" ><div class='ff-t-container'><div class='ff-t-cell '><div class='ff-el-group'><div class=\"ff-el-input--label ff-el-is-required asterisk-right\"><label for='ff_1_names_first_name_' id='label_ff_1_names_first_name_' >First Name<\/label><\/div><div class='ff-el-input--content'><input type=\"text\" name=\"names[first_name]\" id=\"ff_1_names_first_name_\" class=\"ff-el-form-control\" tabindex=\"1\" aria-invalid=\"false\" aria-required=true><\/div><\/div><\/div><div class='ff-t-cell '><div class='ff-el-group'><div class=\"ff-el-input--label ff-el-is-required asterisk-right\"><label for='ff_1_names_last_name_' id='label_ff_1_names_last_name_' >Last Name<\/label><\/div><div class='ff-el-input--content'><input type=\"text\" name=\"names[last_name]\" id=\"ff_1_names_last_name_\" class=\"ff-el-form-control\" tabindex=\"2\" aria-invalid=\"false\" aria-required=true><\/div><\/div><\/div><\/div><\/div><div class='ff-el-group ff-el-form-top'><div class=\"ff-el-input--label ff-el-is-required asterisk-right\"><label for='ff_1_email' id='label_ff_1_email' aria-label=\"Email\">Email<\/label><\/div><div class='ff-el-input--content'><input type=\"email\" name=\"email\" id=\"ff_1_email\" class=\"ff-el-form-control\" data-name=\"email\" tabindex=\"3\"  aria-invalid=\"false\" aria-required=true><\/div><\/div><div class='ff-el-group ff-text-left ff_submit_btn_wrapper'><button type=\"submit\" class=\"ff-btn ff-btn-submit ff-btn-lg ff_btn_style wpf_has_custom_css\" tabindex=\"4\"  aria-label=\"SUBSCRIBE\">SUBSCRIBE<\/button><\/div><\/fieldset><\/form><div id='fluentform_1_errors' class='ff-errors-in-stack ff_form_instance_1_1 ff-form-loading_errors ff_form_instance_1_1_errors'><\/div><\/div>            <script type=\"text\/javascript\">\n                window.fluent_form_ff_form_instance_1_1 = {\"id\":\"1\",\"settings\":{\"layout\":{\"labelPlacement\":\"top\",\"helpMessagePlacement\":\"with_label\",\"errorMessagePlacement\":\"inline\"},\"restrictions\":{\"denyEmptySubmission\":{\"enabled\":false}}},\"form_instance\":\"ff_form_instance_1_1\",\"form_id_selector\":\"fluentform_1\",\"rules\":{\"names[first_name]\":{\"required\":{\"value\":true,\"message\":\"This field is required\"}},\"names[middle_name]\":{\"required\":{\"value\":false,\"message\":\"This field is required\"}},\"names[last_name]\":{\"required\":{\"value\":true,\"message\":\"This field is required\"}},\"email\":{\"required\":{\"value\":true,\"message\":\"This field is required\"},\"email\":{\"value\":true,\"message\":\"This field must contain a valid email\"}}},\"debounce_time\":300};\n                            <\/script>\n            \n<h2>\n\t\tDownloads and translations\n\t<\/h2>\n\t<h3>Downloads<\/h3>\n<p>You can download this session as a PDF document by clicking the button below.<\/p>\n\t\t\t<a href=\"https:\/\/family.fit\/wp-content\/uploads\/2021\/08\/S5W13.pdf\" target=\"_self\" role=\"button\" rel=\"noopener\">\n\t\t\t\t\t\tDownload PDF\n\t\t\t\t\t<\/a>\n\t<h3>Translations<\/h3>\n<p>If you translate this into your language, please email it to <a href=\"mailto:info@family.fit\">info@family.fit<\/a> so it can be shared with others.<\/p>\n<p>You can see all the current available translations via the button below:<\/p>\n\t\t\t<a href=\"https:\/\/family.fit\/translations\/\" target=\"_self\" role=\"button\" rel=\"noopener\">\n\t\t\t\t\t\t\tAll Translations\n\t\t\t\t\t<\/a>\n<h2>\n\t\tPlease send your feedback\n\t<\/h2>\n\t<p>We hope you have enjoyed this session of family.fit.<\/p>\n<p>We would love to know what works in your household and culture. If you are willing to send us your feedback then please use the form below. Alternatively you can email us directly at <a href=\"mailto:info@family.fit\">info@family.fit<\/a>.<\/p>\n\t\t    <form data-form_id=\"4\" id=\"fluentform_4\" data-form_instance=\"ff_form_instance_4_1\">        <input type=\"checkbox\" name=\"item__4__fluent_checkme_\" value=\"1\"\n               tabindex=\"-1\"\/>\n        <input type='hidden' name='__fluent_form_embded_post_id' value='8001' \/><input type=\"hidden\" id=\"_fluentform_4_fluentformnonce\" name=\"_fluentform_4_fluentformnonce\" value=\"9cfd15349f\" \/><input type=\"hidden\" name=\"_wp_http_referer\" value=\"\/en\/?page_id=8001&amp;fl_builder\" \/><label for='ff_4_description'>How did your family or household enjoy family.fit? Describe your experience<\/label> <textarea name=\"description\" id=\"ff_4_description\" rows=\"3\" cols=\"2\" data-name=\"description\" tabindex=\"1\"><\/textarea><label for='ff_4_description_1'>What worked really well in this session of family.fit?<\/label> <textarea name=\"description_1\" id=\"ff_4_description_1\" rows=\"3\" cols=\"2\" data-name=\"description_1\" tabindex=\"2\"><\/textarea><label for='ff_4_description_2'>What didn&#8217;t work well? Or what changes would you suggest?<\/label> <textarea name=\"description_2\" id=\"ff_4_description_2\" rows=\"3\" cols=\"2\" data-name=\"description_2\" tabindex=\"3\"><\/textarea><label for='ff_4_description_3'>What themes would you like to see explored in future family.fit sessions?<\/label> <textarea name=\"description_3\" id=\"ff_4_description_3\" rows=\"3\" cols=\"2\" data-name=\"description_3\" tabindex=\"4\"><\/textarea><label for='ff_4_description_4'>What other ideas would you like to share?<\/label> <textarea name=\"description_4\" id=\"ff_4_description_4\" rows=\"3\" cols=\"2\" data-name=\"description_4\" tabindex=\"5\"><\/textarea><p>If you would like us to get back to you then please leave your name and email address below. This is completely optional.<\/p><label for='ff_4_names_first_name_'>First Name<\/label> <input type=\"text\" name=\"names[first_name]\" id=\"ff_4_names_first_name_\" placeholder=\"First Name\" tabindex=\"6\"\/><label for='ff_4_names_last_name_'>Last Name<\/label> <input type=\"text\" name=\"names[last_name]\" id=\"ff_4_names_last_name_\" placeholder=\"Last Name\" tabindex=\"7\"\/><label for='ff_4_email'>Email<\/label> <input type=\"email\" name=\"email\" id=\"ff_4_email\" placeholder=\"Email Address\" data-name=\"email\" tabindex=\"8\"\/><button type=\"submit\" tabindex=\"9\">Submit Form<\/button><\/form>        \n\t<p>The family.fit sessions are being developed quickly and constantly. Please bookmark this website, or return again soon, to find the latest information and download future weeks.<\/p>\n<p>Thank you.<\/p>\n<p>The family.fit team<\/p>\n\n","protected":false},"excerpt":{"rendered":"<p>The Ultimate Race Celebration Clique aqui para downloads em PDF desta sess\u00e3o em todos os idiomas Esta semana: Celebra\u00e7\u00e3o Parab\u00e9ns! Voc\u00ea terminou uma temporada de family.fit! Esperamos que voc\u00ea possa ver mudan\u00e7as em sua fam\u00edlia. Talvez voc\u00ea esteja mais saud\u00e1vel e em forma. Talvez voc\u00ea seja mais positivo e mais conectado. Talvez voc\u00ea tenha tido um avan\u00e7o\u2026<\/p>","protected":false},"author":1,"featured_media":0,"parent":6838,"menu_order":0,"comment_status":"closed","ping_status":"closed","template":"","meta":{"_acf_changed":false,"_seopress_robots_primary_cat":"","_seopress_titles_title":"","_seopress_titles_desc":"","_seopress_robots_index":"","footnotes":""},"ff_language":[],"class_list":["post-8001","page","type-page","status-publish","hentry"],"acf":[],"_links":{"self":[{"href":"https:\/\/family.fit\/pt\/wp-json\/wp\/v2\/pages\/8001","targetHints":{"allow":["GET"]}}],"collection":[{"href":"https:\/\/family.fit\/pt\/wp-json\/wp\/v2\/pages"}],"about":[{"href":"https:\/\/family.fit\/pt\/wp-json\/wp\/v2\/types\/page"}],"author":[{"embeddable":true,"href":"https:\/\/family.fit\/pt\/wp-json\/wp\/v2\/users\/1"}],"replies":[{"embeddable":true,"href":"https:\/\/family.fit\/pt\/wp-json\/wp\/v2\/comments?post=8001"}],"version-history":[{"count":0,"href":"https:\/\/family.fit\/pt\/wp-json\/wp\/v2\/pages\/8001\/revisions"}],"up":[{"embeddable":true,"href":"https:\/\/family.fit\/pt\/wp-json\/wp\/v2\/pages\/6838"}],"wp:attachment":[{"href":"https:\/\/family.fit\/pt\/wp-json\/wp\/v2\/media?parent=8001"}],"wp:term":[{"taxonomy":"ff_language","embeddable":true,"href":"https:\/\/family.fit\/pt\/wp-json\/wp\/v2\/ff_language?post=8001"}],"curies":[{"name":"wp","href":"https:\/\/api.w.org\/{rel}","templated":true}]}}