{"id":8323,"date":"2022-03-14T10:59:18","date_gmt":"2022-03-14T10:59:18","guid":{"rendered":"https:\/\/family.fit\/?page_id=8323"},"modified":"2022-03-14T16:39:50","modified_gmt":"2022-03-14T16:39:50","slug":"resources","status":"publish","type":"page","link":"https:\/\/family.fit\/pt\/resources\/","title":{"rendered":"Recursos"},"content":{"rendered":"<h1>\n\t\tRecursos\n\t<\/h1>\n\t<p>Reunimos alguns recursos que podem ser \u00fateis para promover o family.fit. Voc\u00ea pode usar e adaptar qualquer um dos recursos abaixo. Se voc\u00ea tiver alguma d\u00favida, n\u00e3o hesite em entrar em contato conosco.<\/p>\n<h3>\n\t\tApresenta\u00e7\u00e3o Promocional\n\t<\/h3>\n\t<iframe allowfullscreen allow=\"autoplay\" src=\"https:\/\/www.youtube.com\/embed\/I0Och38SwXY?feature=oembed&amp;start&amp;end&amp;wmode=opaque&amp;loop=0&amp;controls=1&amp;mute=0&amp;rel=0&amp;modestbranding=1\"><\/iframe>\t\n\t<p>Voc\u00ea tamb\u00e9m pode baixar esta apresenta\u00e7\u00e3o como PowerPoint. Clique no bot\u00e3o abaixo.<\/p>\n\t\t\t<a href=\"https:\/\/family.fit\/wp-content\/uploads\/2022\/03\/FamilyFit-PowerPoint-2022-promo-video.pptx\" target=\"_self\" role=\"button\" rel=\"noopener\">\n\t\t\t\t\t\t\tBaixar PowerPoint\n\t\t\t\t\t<\/a>","protected":false},"excerpt":{"rendered":"<p>Resources We&#8217;ve collected some resources which you might find helpful in promoting family.fit. You can use and adapt any of the resources below. If you have any questions please don&#8217;t hesitate to get in touch with us. Promotional Presentation You can also download this presentation as a PowerPoint. Click the button below. Download PowerPoint<\/p>","protected":false},"author":1,"featured_media":0,"parent":0,"menu_order":0,"comment_status":"closed","ping_status":"closed","template":"","meta":{"_acf_changed":false,"_seopress_robots_primary_cat":"","_seopress_titles_title":"","_seopress_titles_desc":"","_seopress_robots_index":"","footnotes":""},"ff_language":[],"class_list":["post-8323","page","type-page","status-publish","hentry"],"acf":[],"_links":{"self":[{"href":"https:\/\/family.fit\/pt\/wp-json\/wp\/v2\/pages\/8323","targetHints":{"allow":["GET"]}}],"collection":[{"href":"https:\/\/family.fit\/pt\/wp-json\/wp\/v2\/pages"}],"about":[{"href":"https:\/\/family.fit\/pt\/wp-json\/wp\/v2\/types\/page"}],"author":[{"embeddable":true,"href":"https:\/\/family.fit\/pt\/wp-json\/wp\/v2\/users\/1"}],"replies":[{"embeddable":true,"href":"https:\/\/family.fit\/pt\/wp-json\/wp\/v2\/comments?post=8323"}],"version-history":[{"count":7,"href":"https:\/\/family.fit\/pt\/wp-json\/wp\/v2\/pages\/8323\/revisions"}],"predecessor-version":[{"id":8335,"href":"https:\/\/family.fit\/pt\/wp-json\/wp\/v2\/pages\/8323\/revisions\/8335"}],"wp:attachment":[{"href":"https:\/\/family.fit\/pt\/wp-json\/wp\/v2\/media?parent=8323"}],"wp:term":[{"taxonomy":"ff_language","embeddable":true,"href":"https:\/\/family.fit\/pt\/wp-json\/wp\/v2\/ff_language?post=8323"}],"curies":[{"name":"wp","href":"https:\/\/api.w.org\/{rel}","templated":true}]}}