{"id":2548,"date":"2020-10-27T15:51:15","date_gmt":"2020-10-27T15:51:15","guid":{"rendered":"https:\/\/family.fit\/?page_id=2548"},"modified":"2021-02-20T14:42:07","modified_gmt":"2021-02-20T14:42:07","slug":"fast","status":"publish","type":"page","link":"https:\/\/family.fit\/pt_br\/seasons\/growing-deeper\/fast\/","title":{"rendered":"Fast"},"content":{"rendered":"<img loading=\"lazy\" decoding=\"async\" src=\"https:\/\/family.fit\/wp-content\/uploads\/2020\/10\/fast-flash-900.png\" alt=\"fast flash 900\" itemprop=\"image\" height=\"108\" width=\"900\" title=\"flash r\u00e1pido 900\" onerror=\"this.style.display='none'\"  \/>\n<h1>\n\t\tfam\u00edlia.fit r\u00e1pido\n\t<\/h1>\n<h3>\n\t\tCrescendo Mais Profundamente\n\t<\/h3>\n\t\t\t<a href=\"https:\/\/family.fit\/wp-content\/uploads\/2020\/10\/S3W1-FAST-final.pdf\" target=\"_self\" role=\"button\" rel=\"noopener\">\n\t\t\t\t\t\t\tSemana 1\n\t\t\t\t\t<\/a>\n\t\t\t<a href=\"https:\/\/family.fit\/wp-content\/uploads\/2020\/10\/S3W2-FAST.pdf\" target=\"_self\" role=\"button\" rel=\"noopener\">\n\t\t\t\t\t\t\tSemana 2\n\t\t\t\t\t<\/a>\n\t\t\t<a href=\"https:\/\/family.fit\/wp-content\/uploads\/2021\/02\/S3W3-FAST.pdf\" target=\"_self\" role=\"button\" rel=\"noopener\">\n\t\t\t\t\t\t\tSemana 3\n\t\t\t\t\t<\/a>\n\t\t\t<a href=\"https:\/\/family.fit\/wp-content\/uploads\/2021\/02\/S3W4-FAST.pdf\" target=\"_self\" role=\"button\" rel=\"noopener\">\n\t\t\t\t\t\t\tSemana 4\n\t\t\t\t\t<\/a>\n\t\t\t<a href=\"https:\/\/family.fit\/wp-content\/uploads\/2021\/02\/S3W5-FAST.pdf\" target=\"_self\" role=\"button\" rel=\"noopener\">\n\t\t\t\t\t\t\tSemana 5\n\t\t\t\t\t<\/a>\n\t\t\t<a href=\"https:\/\/family.fit\/wp-content\/uploads\/2021\/02\/S3W6-FAST.pdf\" target=\"_self\" role=\"button\" rel=\"noopener\">\n\t\t\t\t\t\t\tSemana 6\n\t\t\t\t\t<\/a>\n\t\t\t<a href=\"https:\/\/family.fit\/wp-content\/uploads\/2021\/02\/S3W7-FAST.pdf\" target=\"_self\" role=\"button\" rel=\"noopener\">\n\t\t\t\t\t\t\tSemana 7\n\t\t\t\t\t<\/a>\n\t\t\t<a href=\"https:\/\/family.fit\/wp-content\/uploads\/2021\/02\/S3W8-FAST.pdf\" target=\"_self\" role=\"button\" rel=\"noopener\">\n\t\t\t\t\t\t\tSemana 8\n\t\t\t\t\t<\/a>\n\t\t\t<a href=\"https:\/\/family.fit\/wp-content\/uploads\/2021\/02\/S3W9-FAST.pdf\" target=\"_self\" role=\"button\" rel=\"noopener\">\n\t\t\t\t\t\t\tSemana 9\n\t\t\t\t\t<\/a>\n\t\t\t<a href=\"https:\/\/family.fit\/wp-content\/uploads\/2021\/02\/S3W10-FAST.pdf\" target=\"_self\" role=\"button\" rel=\"noopener\">\n\t\t\t\t\t\t\tSemana 10\n\t\t\t\t\t<\/a>\n\t\t\t<a href=\"https:\/\/family.fit\/wp-content\/uploads\/2021\/02\/S3W11-FAST.pdf\" target=\"_self\" role=\"button\" rel=\"noopener\">\n\t\t\t\t\t\t\tSemana 11\n\t\t\t\t\t<\/a>\n\t\t\t<a href=\"https:\/\/family.fit\/wp-content\/uploads\/2021\/02\/S3W12-FAST.pdf\" target=\"_self\" role=\"button\" rel=\"noopener\">\n\t\t\t\t\t\t\tSemana 12\n\t\t\t\t\t<\/a>\n\t<p>As tradu\u00e7\u00f5es dessas sess\u00f5es podem ser encontradas nas p\u00e1ginas de idiomas individuais aqui:<\/p>\n\t\t\t<a href=\"https:\/\/family.fit\/en\/translations\/\" target=\"_self\" role=\"button\" rel=\"noopener\">\n\t\t\t\t\t\t\tTodas as Tradu\u00e7\u00f5es\n\t\t\t\t\t<\/a>","protected":false},"excerpt":{"rendered":"<p>family.fit fast Growing Deeper Semana 1 Semana 2 Semana 3 Semana 4 Semana 5 Semana 6 Semana 7 Semana 8 Semana 9 Semana 10 Semana 11 Semana 12 As tradu\u00e7\u00f5es dessas sess\u00f5es podem ser encontradas nas p\u00e1ginas de cada idioma aqui: Todas as tradu\u00e7\u00f5es<\/p>","protected":false},"author":1,"featured_media":0,"parent":2196,"menu_order":0,"comment_status":"closed","ping_status":"closed","template":"","meta":{"_acf_changed":false,"_seopress_robots_primary_cat":"","_seopress_titles_title":"","_seopress_titles_desc":"","_seopress_robots_index":"","footnotes":""},"ff_language":[],"class_list":["post-2548","page","type-page","status-publish","hentry"],"acf":[],"_links":{"self":[{"href":"https:\/\/family.fit\/pt_br\/wp-json\/wp\/v2\/pages\/2548","targetHints":{"allow":["GET"]}}],"collection":[{"href":"https:\/\/family.fit\/pt_br\/wp-json\/wp\/v2\/pages"}],"about":[{"href":"https:\/\/family.fit\/pt_br\/wp-json\/wp\/v2\/types\/page"}],"author":[{"embeddable":true,"href":"https:\/\/family.fit\/pt_br\/wp-json\/wp\/v2\/users\/1"}],"replies":[{"embeddable":true,"href":"https:\/\/family.fit\/pt_br\/wp-json\/wp\/v2\/comments?post=2548"}],"version-history":[{"count":0,"href":"https:\/\/family.fit\/pt_br\/wp-json\/wp\/v2\/pages\/2548\/revisions"}],"up":[{"embeddable":true,"href":"https:\/\/family.fit\/pt_br\/wp-json\/wp\/v2\/pages\/2196"}],"wp:attachment":[{"href":"https:\/\/family.fit\/pt_br\/wp-json\/wp\/v2\/media?parent=2548"}],"wp:term":[{"taxonomy":"ff_language","embeddable":true,"href":"https:\/\/family.fit\/pt_br\/wp-json\/wp\/v2\/ff_language?post=2548"}],"curies":[{"name":"wp","href":"https:\/\/api.w.org\/{rel}","templated":true}]}}