{"id":3322,"date":"2021-03-16T17:26:39","date_gmt":"2021-03-16T17:26:39","guid":{"rendered":"https:\/\/family.fit\/?page_id=3322"},"modified":"2023-04-04T21:12:36","modified_gmt":"2023-04-04T21:12:36","slug":"home","status":"publish","type":"page","link":"https:\/\/family.fit\/pt_br\/","title":{"rendered":"Casa"},"content":{"rendered":"<p>Ajude sua fam\u00edlia a ficar em forma e saud\u00e1vel, ficar conectada e crescer em seu car\u00e1ter.<\/p>\n\t<p>Family.fit \u00e9 um programa para todas as idades, ideal para ajudar sua fam\u00edlia a crescer juntos na f\u00e9 e na aptid\u00e3o f\u00edsica. Cada sess\u00e3o est\u00e1 dispon\u00edvel no site e em PDF para download. Temos mais de <a href=\"https:\/\/family.fit\/en\/document-library\/\">1.500 sess\u00f5es<\/a> dispon\u00edvel em <a href=\"https:\/\/family.fit\/en\/translations\/\">21 idiomas<\/a>.<\/p>\n<p>Voc\u00ea e sua fam\u00edlia podem usar essas sess\u00f5es para se conectar de maneiras divertidas e se exercitar regularmente em sua casa, apartamento ou parque local. Com um pouco de criatividade, todos podem estar em forma e saud\u00e1veis, permanecer conectados e crescer em car\u00e1ter e f\u00e9.<\/p>\n<h2>\n\t\tO que \u00e9 family.fit? V\u00ea isto!\n\t<\/h2>\n\t<iframe allowfullscreen allow=\"autoplay\" data-src=\"https:\/\/www.youtube.com\/embed\/jujW3P-yEAM?feature=oembed&amp;start&amp;end&amp;wmode=opaque&amp;loop=0&amp;controls=1&amp;mute=0&amp;rel=0&amp;modestbranding=1\"><\/iframe>\t\t\n\t\t\t\t\tReproduzir v\u00eddeo\n\t\t\t\t\t\t<a href=\"https:\/\/family.fit\/en\/full\/\" target=\"_self\" rel=\"noopener\">\n\t\t\t\t\t\t\t\t<h2>FamilyFit Completo<\/h2>\n\t\t\t\t\t\t\t\t\t<p>Quer a experi\u00eancia completa?<\/p>\n\t\t\t\t\t\t\t\t\t\t<\/a>\n\t\t\t\t\t\t<a href=\"https:\/\/family.fit\/en\/fast\/\" target=\"_self\" rel=\"noopener\">\n\t\t\t\t\t\t\t\t<h2>FamilyFit Fast<\/h2>\n\t\t\t\t\t\t\t\t\t<p>Tem pouco tempo?<\/p>\n\t\t\t\t\t\t\t\t\t\t<\/a>\n\t\t\t\t\t\t<a href=\"https:\/\/family.fit\/en\/prayerfit\/\" target=\"_self\" rel=\"noopener\">\n\t\t\t\t\t\t\t\t<h2>Ajuste de Ora\u00e7\u00e3o<\/h2>\n\t\t\t\t\t\t\t\t\t<p>Junte-se \u00e0 ora\u00e7\u00e3o com o seu programa de fitness!<\/p>\n\t\t\t\t\t\t\t\t\t\t<\/a>\n\t\t\t\t\t\t<a href=\"https:\/\/family.fit\/en\/build-your-own\/\" target=\"_self\" rel=\"noopener\">\n\t\t\t\t\t\t\t\t<h2>Construa o Seu<\/h2>\n\t\t\t\t\t\t\t\t\t<p>Est\u00e1 se sentindo criativo?<\/p>\n\t\t\t\t\t\t\t\t\t\t<\/a>\n\t\t\t\t\t\t<a href=\"https:\/\/family.fit\/en\/youversion\/\" target=\"_self\" rel=\"noopener\">\n\t\t\t\t\t\t\t\t<h2>YouVersion<\/h2>\n\t\t\t\t\t\t\t\t\t<p>J\u00e1 est\u00e1 usando o aplicativo da B\u00edblia?<\/p>\n\t\t\t\t\t\t\t\t\t\t<\/a>\n\t\t\t\t\t\t<a href=\"https:\/\/family.fit\/en\/training\/\" target=\"_self\" rel=\"noopener\">\n\t\t\t\t\t\t\t\t<h2>Treinamento FamilyFit<\/h2>\n\t\t\t\t\t\t\t\t\t<p>Recursos de treinamento para FamilyFit<\/p>\n\t\t\t\t\t\t\t\t\t\t<\/a>","protected":false},"excerpt":{"rendered":"<p>Ajude sua fam\u00edlia a ficar em forma e saud\u00e1vel, manter-se conectada e crescer em car\u00e1ter. Family.fit \u00e9 um programa para todas as idades que \u00e9 ideal para ajudar sua fam\u00edlia a crescer unida na f\u00e9 e na boa forma. Cada sess\u00e3o est\u00e1 dispon\u00edvel no site e em PDF para download. Temos mais de 1.500 sess\u00f5es dispon\u00edveis em 21 idiomas.\u2026<\/p>","protected":false},"author":1,"featured_media":0,"parent":0,"menu_order":0,"comment_status":"closed","ping_status":"closed","template":"","meta":{"_acf_changed":false,"_seopress_robots_primary_cat":"","_seopress_titles_title":"","_seopress_titles_desc":"","_seopress_robots_index":"","footnotes":""},"ff_language":[],"class_list":["post-3322","page","type-page","status-publish","hentry"],"acf":[],"_links":{"self":[{"href":"https:\/\/family.fit\/pt_br\/wp-json\/wp\/v2\/pages\/3322","targetHints":{"allow":["GET"]}}],"collection":[{"href":"https:\/\/family.fit\/pt_br\/wp-json\/wp\/v2\/pages"}],"about":[{"href":"https:\/\/family.fit\/pt_br\/wp-json\/wp\/v2\/types\/page"}],"author":[{"embeddable":true,"href":"https:\/\/family.fit\/pt_br\/wp-json\/wp\/v2\/users\/1"}],"replies":[{"embeddable":true,"href":"https:\/\/family.fit\/pt_br\/wp-json\/wp\/v2\/comments?post=3322"}],"version-history":[{"count":29,"href":"https:\/\/family.fit\/pt_br\/wp-json\/wp\/v2\/pages\/3322\/revisions"}],"predecessor-version":[{"id":8465,"href":"https:\/\/family.fit\/pt_br\/wp-json\/wp\/v2\/pages\/3322\/revisions\/8465"}],"wp:attachment":[{"href":"https:\/\/family.fit\/pt_br\/wp-json\/wp\/v2\/media?parent=3322"}],"wp:term":[{"taxonomy":"ff_language","embeddable":true,"href":"https:\/\/family.fit\/pt_br\/wp-json\/wp\/v2\/ff_language?post=3322"}],"curies":[{"name":"wp","href":"https:\/\/api.w.org\/{rel}","templated":true}]}}