{"id":582,"date":"2020-04-13T12:28:07","date_gmt":"2020-04-13T12:28:07","guid":{"rendered":"https:\/\/family.fit\/?page_id=582"},"modified":"2021-04-23T15:55:51","modified_gmt":"2021-04-23T15:55:51","slug":"tagalog","status":"publish","type":"page","link":"https:\/\/family.fit\/pt_br\/translations\/tagalog\/","title":{"rendered":"Tagalo"},"content":{"rendered":"\n\n\t\t\t\t<img loading=\"lazy\" decoding=\"async\" src=\"https:\/\/family.fit\/wp-content\/uploads\/2020\/04\/philippines-150x150.png\" alt=\"philippines\" itemprop=\"image\" height=\"150\" width=\"150\" title=\"philippines\" onerror=\"this.style.display='none'\"  \/>\n<h1>\n\t\tTagalog \/ Filipino\n\t<\/h1>\n\t\t\t\t\t\t\t\t\t\t\t\t\t\t\t\t\tGrowing Deeper (FULL)\n\t\t\t\t\t\t\t\t\t\t\t\t\t\t\t\t\tGrowing Deeper (FAST)\n\t\t\t\t\t\t\t\t\t\t\t\t\t\t\t\t\tGrowing Together\n\t\t\t\t\t\t\t\t\t\t\t\t\t\t\t\t\tGrowing Closer\n\t\t\t\t\t\t\tGrowing Deeper (FULL)\n\t\t\t\t<h3>Growing Deeper (FULL sessions)<\/h3>\n<table id=\"dlp_6cf05bc501ee1c25_1\" class=\"posts-data-table\" width=\"100%\" data-config=\"{&quot;pageLength&quot;:25,&quot;pagingType&quot;:&quot;numbers&quot;,&quot;serverSide&quot;:false,&quot;autoWidth&quot;:true,&quot;clickFilter&quot;:&quot;&quot;,&quot;stickyHeader&quot;:false,&quot;scrollOffset&quot;:15,&quot;resetButton&quot;:false,&quot;numOrder&quot;:false,&quot;lengthMenu&quot;:[[10,25,50,100,-1],[10,25,50,100,&quot;All&quot;]],&quot;columnDefs&quot;:[{&quot;className&quot;:&quot;col-session_title&quot;,&quot;targets&quot;:0,&quot;type&quot;:&quot;html&quot;},{&quot;className&quot;:&quot;col-session&quot;,&quot;targets&quot;:1,&quot;type&quot;:&quot;html&quot;},{&quot;className&quot;:&quot;col-link&quot;,&quot;targets&quot;:2,&quot;type&quot;:&quot;html&quot;}],&quot;responsive&quot;:{&quot;details&quot;:{&quot;display&quot;:&quot;child_row&quot;}},&quot;language&quot;:{&quot;info&quot;:&quot;_TOTAL_ documents&quot;,&quot;infoEmpty&quot;:&quot;0 documents&quot;,&quot;emptyTable&quot;:&quot;No matching documents.&quot;,&quot;zeroRecords&quot;:&quot;No matching documents.&quot;,&quot;totalsSingle&quot;:&quot;document&quot;,&quot;totalsPlural&quot;:&quot;documents&quot;},&quot;dom&quot;:&quot;&lt;\\&quot;posts-table-wrapper bb-theme\\&quot;&lt;\\&quot;posts-table-above posts-table-controls\\&quot;&gt;t&lt;\\&quot;posts-table-below posts-table-controls\\&quot;p&gt;&gt;&quot;,&quot;multiDownloadButton&quot;:false,&quot;multiDownloadPosition&quot;:&quot;above&quot;,&quot;multiDownloadText&quot;:&quot;Download Selected Documents&quot;}\" data-filters=\"false\" data-order=\"[]\"><thead><tr><th class=\"all\" data-name=\"cf_session_title\" data-orderable=\"true\" data-searchable=\"true\" data-priority=\"1\">Session Title<\/th><th data-name=\"cf_session\" data-orderable=\"true\" data-searchable=\"true\" data-priority=\"2\">Session<\/th><th data-name=\"link\" data-orderable=\"false\" data-searchable=\"false\" data-priority=\"3\">Link<\/th><\/tr><\/thead><tbody><tr id=\"post-row-3452\" class=\"post-row post-type-dlp_document dlp_document-3452 publish\"><td><p>Jesus &#8211; someone important!<\/p>\n<\/td><td>1<\/td><td><div class=\"dlp-table-document-link-wrap\"><a href=\"https:\/\/family.fit\/wp-content\/uploads\/2021\/03\/S3W1-FULLtl_ed.pdf\" class=\"dlp-download-link dlp-download-button document-library-pro-button button btn\" data-download-id=\"3452\" >Download<\/a><\/div><\/td><\/tr><tr id=\"post-row-4594\" class=\"post-row post-type-dlp_document dlp_document-4594 publish\"><td><p>Jesus responds to our needs!<\/p>\n<\/td><td>9<\/td><td><div class=\"dlp-table-document-link-wrap\"><a href=\"https:\/\/family.fit\/wp-content\/uploads\/2021\/03\/S3W9-FULLtl_ed.pdf\" class=\"dlp-download-link dlp-download-button document-library-pro-button button btn\" data-download-id=\"4594\" >Download<\/a><\/div><\/td><\/tr><tr id=\"post-row-4653\" class=\"post-row post-type-dlp_document dlp_document-4653 publish\"><td><p>Jesus inspires generosity!<\/p>\n<\/td><td>10<\/td><td><div class=\"dlp-table-document-link-wrap\"><a href=\"https:\/\/family.fit\/wp-content\/uploads\/2021\/03\/S3W10-FULLtl_ed.pdf\" class=\"dlp-download-link dlp-download-button document-library-pro-button button btn\" data-download-id=\"4653\" >Download<\/a><\/div><\/td><\/tr><tr id=\"post-row-4711\" class=\"post-row post-type-dlp_document dlp_document-4711 publish\"><td><p>Jesus submits to God\u2019s will!<\/p>\n<\/td><td>11<\/td><td><div class=\"dlp-table-document-link-wrap\"><a href=\"https:\/\/family.fit\/wp-content\/uploads\/2021\/03\/S3W11-FULLtl_ed.pdf\" class=\"dlp-download-link dlp-download-button document-library-pro-button button btn\" data-download-id=\"4711\" >Download<\/a><\/div><\/td><\/tr><tr id=\"post-row-4769\" class=\"post-row post-type-dlp_document dlp_document-4769 publish\"><td><p>Jesus \u2013 risen and alive!<\/p>\n<\/td><td>12<\/td><td><div class=\"dlp-table-document-link-wrap\"><a href=\"https:\/\/family.fit\/wp-content\/uploads\/2021\/03\/S3W12-FULLtl_ed.pdf\" class=\"dlp-download-link dlp-download-button document-library-pro-button button btn\" data-download-id=\"4769\" >Download<\/a><\/div><\/td><\/tr><tr id=\"post-row-8245\" class=\"post-row post-type-dlp_document dlp_document-8245 publish\"><td><p>Jesus \u2013 worth following!<\/p>\n<\/td><td>2<\/td><td><div class=\"dlp-table-document-link-wrap\"><a href=\"https:\/\/family.fit\/wp-content\/uploads\/2021\/09\/S3W02-FULLtl.pdf\" class=\"dlp-download-link dlp-download-button document-library-pro-button button btn\" data-download-id=\"8245\" >Download<\/a><\/div><\/td><\/tr><\/tbody><\/table>\n\t\t\t\t\t\t\tGrowing Deeper (FAST)\n\t\t\t\t<h3>Growing Deeper (FAST sessions)<\/h3>\n<table id=\"dlp_9ca1a80aec29baa8_2\" class=\"posts-data-table\" width=\"100%\" data-config=\"{&quot;pageLength&quot;:25,&quot;pagingType&quot;:&quot;numbers&quot;,&quot;serverSide&quot;:false,&quot;autoWidth&quot;:true,&quot;clickFilter&quot;:&quot;&quot;,&quot;stickyHeader&quot;:false,&quot;scrollOffset&quot;:15,&quot;resetButton&quot;:false,&quot;numOrder&quot;:false,&quot;lengthMenu&quot;:[[10,25,50,100,-1],[10,25,50,100,&quot;All&quot;]],&quot;columnDefs&quot;:[{&quot;className&quot;:&quot;col-session_title&quot;,&quot;targets&quot;:0,&quot;type&quot;:&quot;html&quot;},{&quot;className&quot;:&quot;col-session&quot;,&quot;targets&quot;:1,&quot;type&quot;:&quot;html&quot;},{&quot;className&quot;:&quot;col-link&quot;,&quot;targets&quot;:2,&quot;type&quot;:&quot;html&quot;}],&quot;responsive&quot;:{&quot;details&quot;:{&quot;display&quot;:&quot;child_row&quot;}},&quot;language&quot;:{&quot;info&quot;:&quot;_TOTAL_ documents&quot;,&quot;infoEmpty&quot;:&quot;0 documents&quot;,&quot;emptyTable&quot;:&quot;No matching documents.&quot;,&quot;zeroRecords&quot;:&quot;No matching documents.&quot;,&quot;totalsSingle&quot;:&quot;document&quot;,&quot;totalsPlural&quot;:&quot;documents&quot;},&quot;dom&quot;:&quot;&lt;\\&quot;posts-table-wrapper bb-theme\\&quot;&lt;\\&quot;posts-table-above posts-table-controls\\&quot;&gt;t&lt;\\&quot;posts-table-below posts-table-controls\\&quot;p&gt;&gt;&quot;,&quot;multiDownloadButton&quot;:false,&quot;multiDownloadPosition&quot;:&quot;above&quot;,&quot;multiDownloadText&quot;:&quot;Download Selected Documents&quot;}\" data-filters=\"false\" data-order=\"[]\"><thead><tr><th class=\"all\" data-name=\"cf_session_title\" data-orderable=\"true\" data-searchable=\"true\" data-priority=\"1\">Session Title<\/th><th data-name=\"cf_session\" data-orderable=\"true\" data-searchable=\"true\" data-priority=\"2\">Session<\/th><th data-name=\"link\" data-orderable=\"false\" data-searchable=\"false\" data-priority=\"3\">Link<\/th><\/tr><\/thead><tbody><tr id=\"post-row-3496\" class=\"post-row post-type-dlp_document dlp_document-3496 publish\"><td><p>Jesus &#8211; someone important!<\/p>\n<\/td><td>1<\/td><td><div class=\"dlp-table-document-link-wrap\"><a href=\"https:\/\/family.fit\/wp-content\/uploads\/2021\/03\/S3W1-FASTtl_ed.pdf\" class=\"dlp-download-link dlp-download-button document-library-pro-button button btn\" data-download-id=\"3496\" >Download<\/a><\/div><\/td><\/tr><tr id=\"post-row-4566\" class=\"post-row post-type-dlp_document dlp_document-4566 publish\"><td><p>Jesus responds to our needs!<\/p>\n<\/td><td>9<\/td><td><div class=\"dlp-table-document-link-wrap\"><a href=\"https:\/\/family.fit\/wp-content\/uploads\/2021\/03\/S3W9-FASTtl_ed.pdf\" class=\"dlp-download-link dlp-download-button document-library-pro-button button btn\" data-download-id=\"4566\" >Download<\/a><\/div><\/td><\/tr><tr id=\"post-row-4624\" class=\"post-row post-type-dlp_document dlp_document-4624 publish\"><td><p>Jesus inspires generosity!<\/p>\n<\/td><td>10<\/td><td><div class=\"dlp-table-document-link-wrap\"><a href=\"https:\/\/family.fit\/wp-content\/uploads\/2021\/03\/S3W10-FASTtl_ed.pdf\" class=\"dlp-download-link dlp-download-button document-library-pro-button button btn\" data-download-id=\"4624\" >Download<\/a><\/div><\/td><\/tr><tr id=\"post-row-4683\" class=\"post-row post-type-dlp_document dlp_document-4683 publish\"><td><p>Jesus submits to God\u2019s will!<\/p>\n<\/td><td>11<\/td><td><div class=\"dlp-table-document-link-wrap\"><a href=\"https:\/\/family.fit\/wp-content\/uploads\/2021\/03\/S3W11-FASTtl_ed.pdf\" class=\"dlp-download-link dlp-download-button document-library-pro-button button btn\" data-download-id=\"4683\" >Download<\/a><\/div><\/td><\/tr><tr id=\"post-row-4741\" class=\"post-row post-type-dlp_document dlp_document-4741 publish\"><td><p>Jesus \u2013 risen and alive!<\/p>\n<\/td><td>12<\/td><td><div class=\"dlp-table-document-link-wrap\"><a href=\"https:\/\/family.fit\/wp-content\/uploads\/2021\/03\/S3W12-FASTtl_ed.pdf\" class=\"dlp-download-link dlp-download-button document-library-pro-button button btn\" data-download-id=\"4741\" >Download<\/a><\/div><\/td><\/tr><tr id=\"post-row-8243\" class=\"post-row post-type-dlp_document dlp_document-8243 publish\"><td><p>Jesus \u2013 worth following!<\/p>\n<\/td><td>2<\/td><td><div class=\"dlp-table-document-link-wrap\"><a href=\"https:\/\/family.fit\/wp-content\/uploads\/2021\/09\/S3W02-FASTtl.pdf\" class=\"dlp-download-link dlp-download-button document-library-pro-button button btn\" data-download-id=\"8243\" >Download<\/a><\/div><\/td><\/tr><\/tbody><\/table>\n\t\t\t\t\t\t\tGrowing Together\n\t\t\t\t<h3>Growing Together<\/h3>\n<table id=\"dlp_ebd167ec045b535c_3\" class=\"posts-data-table\" width=\"100%\" data-config=\"{&quot;pageLength&quot;:25,&quot;pagingType&quot;:&quot;numbers&quot;,&quot;serverSide&quot;:false,&quot;autoWidth&quot;:true,&quot;clickFilter&quot;:&quot;&quot;,&quot;stickyHeader&quot;:false,&quot;scrollOffset&quot;:15,&quot;resetButton&quot;:false,&quot;numOrder&quot;:false,&quot;lengthMenu&quot;:[[10,25,50,100,-1],[10,25,50,100,&quot;All&quot;]],&quot;columnDefs&quot;:[{&quot;className&quot;:&quot;col-session_title&quot;,&quot;targets&quot;:0,&quot;type&quot;:&quot;html&quot;},{&quot;className&quot;:&quot;col-session&quot;,&quot;targets&quot;:1,&quot;type&quot;:&quot;html&quot;},{&quot;className&quot;:&quot;col-link&quot;,&quot;targets&quot;:2,&quot;type&quot;:&quot;html&quot;}],&quot;responsive&quot;:{&quot;details&quot;:{&quot;display&quot;:&quot;child_row&quot;}},&quot;language&quot;:{&quot;info&quot;:&quot;_TOTAL_ documents&quot;,&quot;infoEmpty&quot;:&quot;0 documents&quot;,&quot;emptyTable&quot;:&quot;No matching documents.&quot;,&quot;zeroRecords&quot;:&quot;No matching documents.&quot;,&quot;totalsSingle&quot;:&quot;document&quot;,&quot;totalsPlural&quot;:&quot;documents&quot;},&quot;dom&quot;:&quot;&lt;\\&quot;posts-table-wrapper bb-theme\\&quot;&lt;\\&quot;posts-table-above posts-table-controls\\&quot;&gt;t&lt;\\&quot;posts-table-below posts-table-controls\\&quot;p&gt;&gt;&quot;,&quot;multiDownloadButton&quot;:false,&quot;multiDownloadPosition&quot;:&quot;above&quot;,&quot;multiDownloadText&quot;:&quot;Download Selected Documents&quot;}\" data-filters=\"false\" data-order=\"[]\"><thead><tr><th class=\"all\" data-name=\"cf_session_title\" data-orderable=\"true\" data-searchable=\"true\" data-priority=\"1\">Session Title<\/th><th data-name=\"cf_session\" data-orderable=\"true\" data-searchable=\"true\" data-priority=\"2\">Session<\/th><th data-name=\"link\" data-orderable=\"false\" data-searchable=\"false\" data-priority=\"3\">Link<\/th><\/tr><\/thead><tbody><tr id=\"post-row-4847\" class=\"post-row post-type-dlp_document dlp_document-4847 publish\"><td><p>How to be kind to others<\/p>\n<\/td><td>1<\/td><td><div class=\"dlp-table-document-link-wrap\"><a href=\"https:\/\/family.fit\/wp-content\/uploads\/2021\/03\/Growing-Together-Week-1-Kindness-finaltl_ed.pdf\" class=\"dlp-download-link dlp-download-button document-library-pro-button button btn\" data-download-id=\"4847\" >Download<\/a><\/div><\/td><\/tr><tr id=\"post-row-4887\" class=\"post-row post-type-dlp_document dlp_document-4887 publish\"><td><p>What gives us joy?<\/p>\n<\/td><td>2<\/td><td><div class=\"dlp-table-document-link-wrap\"><a href=\"https:\/\/family.fit\/wp-content\/uploads\/2021\/03\/Growing-Together-Week-2-Joy-finaltl_ed.pdf\" class=\"dlp-download-link dlp-download-button document-library-pro-button button btn\" data-download-id=\"4887\" >Download<\/a><\/div><\/td><\/tr><tr id=\"post-row-4938\" class=\"post-row post-type-dlp_document dlp_document-4938 publish\"><td><p>How do I know I am loved?<\/p>\n<\/td><td>3<\/td><td><div class=\"dlp-table-document-link-wrap\"><a href=\"https:\/\/family.fit\/wp-content\/uploads\/2021\/03\/Growing-Together-Week-3-Love-finaltl_ed.pdf\" class=\"dlp-download-link dlp-download-button document-library-pro-button button btn\" data-download-id=\"4938\" >Download<\/a><\/div><\/td><\/tr><tr id=\"post-row-4976\" class=\"post-row post-type-dlp_document dlp_document-4976 publish\"><td><p>How am I teachable?<\/p>\n<\/td><td>4<\/td><td><div class=\"dlp-table-document-link-wrap\"><a href=\"https:\/\/family.fit\/wp-content\/uploads\/2021\/03\/Growing-Together-Week-4-Teachable-finaltl_ed.pdf\" class=\"dlp-download-link dlp-download-button document-library-pro-button button btn\" data-download-id=\"4976\" >Download<\/a><\/div><\/td><\/tr><tr id=\"post-row-8234\" class=\"post-row post-type-dlp_document dlp_document-8234 publish\"><td><p>Does my life have purpose?<\/p>\n<\/td><td>5<\/td><td><div class=\"dlp-table-document-link-wrap\"><a href=\"https:\/\/family.fit\/wp-content\/uploads\/2021\/09\/Growing-Together-Week-05-Purpose-finaltl.pdf\" class=\"dlp-download-link dlp-download-button document-library-pro-button button btn\" data-download-id=\"8234\" >Download<\/a><\/div><\/td><\/tr><tr id=\"post-row-8236\" class=\"post-row post-type-dlp_document dlp_document-8236 publish\"><td><p>Do I have self-control?<\/p>\n<\/td><td>6<\/td><td><div class=\"dlp-table-document-link-wrap\"><a href=\"https:\/\/family.fit\/wp-content\/uploads\/2021\/10\/Growing-Together-Week-06-Self-control-finaltl.pdf\" class=\"dlp-download-link dlp-download-button document-library-pro-button button btn\" data-download-id=\"8236\" >Download<\/a><\/div><\/td><\/tr><\/tbody><\/table>\n\t\t\t\t\t\t\tGrowing Closer\n\t\t\t\t<h3>Growing Closer<\/h3>\n<table id=\"dlp_98a7109a734e9577_4\" class=\"posts-data-table\" width=\"100%\" data-config=\"{&quot;pageLength&quot;:25,&quot;pagingType&quot;:&quot;numbers&quot;,&quot;serverSide&quot;:false,&quot;autoWidth&quot;:true,&quot;clickFilter&quot;:&quot;&quot;,&quot;stickyHeader&quot;:false,&quot;scrollOffset&quot;:15,&quot;resetButton&quot;:false,&quot;numOrder&quot;:false,&quot;lengthMenu&quot;:[[10,25,50,100,-1],[10,25,50,100,&quot;All&quot;]],&quot;columnDefs&quot;:[{&quot;className&quot;:&quot;col-session_title&quot;,&quot;targets&quot;:0,&quot;type&quot;:&quot;html&quot;},{&quot;className&quot;:&quot;col-session&quot;,&quot;targets&quot;:1,&quot;type&quot;:&quot;html&quot;},{&quot;className&quot;:&quot;col-link&quot;,&quot;targets&quot;:2,&quot;type&quot;:&quot;html&quot;}],&quot;responsive&quot;:{&quot;details&quot;:{&quot;display&quot;:&quot;child_row&quot;}},&quot;language&quot;:{&quot;info&quot;:&quot;_TOTAL_ documents&quot;,&quot;infoEmpty&quot;:&quot;0 documents&quot;,&quot;emptyTable&quot;:&quot;No matching documents.&quot;,&quot;zeroRecords&quot;:&quot;No matching documents.&quot;,&quot;totalsSingle&quot;:&quot;document&quot;,&quot;totalsPlural&quot;:&quot;documents&quot;},&quot;dom&quot;:&quot;&lt;\\&quot;posts-table-wrapper bb-theme\\&quot;&lt;\\&quot;posts-table-above posts-table-controls\\&quot;&gt;t&lt;\\&quot;posts-table-below posts-table-controls\\&quot;p&gt;&gt;&quot;,&quot;multiDownloadButton&quot;:false,&quot;multiDownloadPosition&quot;:&quot;above&quot;,&quot;multiDownloadText&quot;:&quot;Download Selected Documents&quot;}\" data-filters=\"false\" data-order=\"[]\"><thead><tr><th class=\"all\" data-name=\"cf_session_title\" data-orderable=\"true\" data-searchable=\"true\" data-priority=\"1\">Session Title<\/th><th data-name=\"cf_session\" data-orderable=\"true\" data-searchable=\"true\" data-priority=\"2\">Session<\/th><th data-name=\"link\" data-orderable=\"false\" data-searchable=\"false\" data-priority=\"3\">Link<\/th><\/tr><\/thead><tbody><tr id=\"post-row-5318\" class=\"post-row post-type-dlp_document dlp_document-5318 publish\"><td><p>How can I serve others?<\/p>\n<\/td><td>1<\/td><td><div class=\"dlp-table-document-link-wrap\"><a href=\"https:\/\/family.fit\/wp-content\/uploads\/2020\/04\/familyfit-WEEK-1-FIL.pdf\" class=\"dlp-download-link dlp-download-button document-library-pro-button button btn\" data-download-id=\"5318\" >Download<\/a><\/div><\/td><\/tr><tr id=\"post-row-5366\" class=\"post-row post-type-dlp_document dlp_document-5366 publish\"><td><p>How can I develop courage?<\/p>\n<\/td><td>2<\/td><td><div class=\"dlp-table-document-link-wrap\"><a href=\"https:\/\/family.fit\/wp-content\/uploads\/2020\/04\/familyfit-WEEK-2-FIL.pdf\" class=\"dlp-download-link dlp-download-button document-library-pro-button button btn\" data-download-id=\"5366\" >Download<\/a><\/div><\/td><\/tr><tr id=\"post-row-5408\" class=\"post-row post-type-dlp_document dlp_document-5408 publish\"><td><p>What does hope look like?<\/p>\n<\/td><td>3<\/td><td><div class=\"dlp-table-document-link-wrap\"><a href=\"https:\/\/family.fit\/wp-content\/uploads\/2020\/05\/familyfit-WEEK-3-FIL.pdf\" class=\"dlp-download-link dlp-download-button document-library-pro-button button btn\" data-download-id=\"5408\" >Download<\/a><\/div><\/td><\/tr><\/tbody><\/table>\n\t<p>All the sessions are available to download as PDF documents. You will need a PDF reader in order to view them. If you do not already have one then you can download the Acrobat Reader via the button below, or simply search the web for &#8220;download pdf reader&#8221; for an alternative.<\/p>\n\t\t\t<a href=\"https:\/\/get.adobe.com\/uk\/reader\/\" target=\"_blank\" role=\"button\" rel=\"noopener\">\n\t\t\t\t\t\tDownload Acrobat Reader\n\t\t\t\t\t<\/a>\n\n","protected":false},"excerpt":{"rendered":"<p>Tagalog \/ Filipino Aprofundamento (COMPLETO) Aprofundamento (R\u00c1PIDO) Aprofundamento Juntos Aproxima\u00e7\u00e3o Aprofundamento (COMPLETO) Aprofundamento (sess\u00f5es COMPLETAS) Aprofundamento (R\u00c1PIDO) Aprofundamento (sess\u00f5es R\u00c1PIDAS) Aprofundamento Juntos Aproxima\u00e7\u00e3o Aproxima\u00e7\u00e3o Aproxima\u00e7\u00e3o Aproxima\u00e7\u00e3o Todas as sess\u00f5es est\u00e3o dispon\u00edveis para download como documentos PDF. Voc\u00ea precisar\u00e1 de um leitor de PDF para visualizar\u2026<\/p>","protected":false},"author":1,"featured_media":0,"parent":473,"menu_order":0,"comment_status":"closed","ping_status":"closed","template":"","meta":{"_acf_changed":false,"_seopress_robots_primary_cat":"","_seopress_titles_title":"","_seopress_titles_desc":"","_seopress_robots_index":"","footnotes":""},"ff_language":[],"class_list":["post-582","page","type-page","status-publish","hentry"],"acf":[],"_links":{"self":[{"href":"https:\/\/family.fit\/pt_br\/wp-json\/wp\/v2\/pages\/582","targetHints":{"allow":["GET"]}}],"collection":[{"href":"https:\/\/family.fit\/pt_br\/wp-json\/wp\/v2\/pages"}],"about":[{"href":"https:\/\/family.fit\/pt_br\/wp-json\/wp\/v2\/types\/page"}],"author":[{"embeddable":true,"href":"https:\/\/family.fit\/pt_br\/wp-json\/wp\/v2\/users\/1"}],"replies":[{"embeddable":true,"href":"https:\/\/family.fit\/pt_br\/wp-json\/wp\/v2\/comments?post=582"}],"version-history":[{"count":0,"href":"https:\/\/family.fit\/pt_br\/wp-json\/wp\/v2\/pages\/582\/revisions"}],"up":[{"embeddable":true,"href":"https:\/\/family.fit\/pt_br\/wp-json\/wp\/v2\/pages\/473"}],"wp:attachment":[{"href":"https:\/\/family.fit\/pt_br\/wp-json\/wp\/v2\/media?parent=582"}],"wp:term":[{"taxonomy":"ff_language","embeddable":true,"href":"https:\/\/family.fit\/pt_br\/wp-json\/wp\/v2\/ff_language?post=582"}],"curies":[{"name":"wp","href":"https:\/\/api.w.org\/{rel}","templated":true}]}}